{"id":26724,"date":"2023-06-13T09:08:41","date_gmt":"2023-06-13T08:08:41","guid":{"rendered":"https:\/\/telpark.cmspro.telpark.com\/empark-privacy-policy\/"},"modified":"2023-09-28T13:19:14","modified_gmt":"2023-09-28T12:19:14","slug":"empark-privacy-policy","status":"publish","type":"page","link":"https:\/\/www.telpark.com\/en\/legal-center\/empark-privacy-policy\/","title":{"rendered":"Empark - Privacy Policy"},"content":{"rendered":"<article class=\"tpk-page\">\n    <div class=\"row wrapper center-xs tpk-page__content\">\n        <div class=\"col-xs-12 col-sm-10 col-md-8 pt-4 pb-4\">\n            <p><strong>1.\u202fData Controller and Data Protection Officer<\/strong><\/p>\n<p>The Controller of the processing of your personal data is\u202fEmpark Aparcamientos y Servicios, S.A. (\u201cEmpark\u201d)\u202fwith trade register no. A78320736 and the following contact details:<\/p>\n<ul>\n<li>Postal address: C\/ Avenida del General Per\u00f3n n\u00ba 36, 1\u00aa Planta, 28020.<\/li>\n<li>Telephone: 91 54 68 900<\/li>\n<\/ul>\n<p>The Empark Group, which has designated a Data Protection Officer, before which you may raise any consultation regarding the processing of your personal data. The contact details of the Data Protection Officer are as follows:<\/p>\n<ul>\n<li>Postal address: C\/ Avenida del General Per\u00f3n n\u00ba 36, 1\u00aa Planta, 28020<\/li>\n<li>E-mail:\u202fdpo@telpark.com<\/li>\n<\/ul>\n<p>&nbsp;<\/p>\n<p><strong>2.\u202f\u202f\u202fPersonal data processing purposes<\/strong><\/p>\n<p><strong>a) <\/strong><em>Queries and information requests<\/em><\/p>\n<p>Your data may be processed for the management and satisfaction of the query or information request related to a service that you submit to us through the contact form found in\u202fhttps:\/\/empark.com\/es\/es\/contacto, or through our official e-mail:\u202fclientes@telpark.com. These processing activities find their legitimate basis on the consent you give to us when you send as your e-mail or contact us through the abovementioned form.<\/p>\n<p>Your personal data will be stored for as long as it is necessary for the management and satisfaction of your query or information request. Once this period has ended, data will be definitively cancelled.<\/p>\n<p><strong>b)<\/strong> <em>Application to job offers<\/em><\/p>\n<p>Your personal data may also be processed for the management of the hiring process you apply to, or for the search and offer of a job at Empark, in case you don\u2019t apply to a specific process, during a 1-year period. The legitimate bases for this processing activity is found in the performance of pre-contractual measures, as the purpose of this activity is a potential labour contract.<\/p>\n<p>Personal data will be stored for as long as it is necessary for the finalisation of a specific job application or for the search of a job offer during a 1-year period. Once these periods have ended, data will be definitively cancelled.<\/p>\n<p><strong>c)<\/strong> <em>Sending of commercial communication and job opportunity information<\/em><\/p>\n<p>If you have given as your consent, you may receive information on products or services offered by the Empark Group or third parties, related to the parking and electronic payment sectors, or information relating to job opportunities at the Empark Group. As such, the legitimate basis for these processing activities is the consent given by you.<\/p>\n<p>Your personal data will be processes until you withdraw your consent. At this moment, your data will be definitely cancel. Channels through which to withdraw consent are found in section 4 of this Policy.<\/p>\n<p><strong>d)<\/strong> <em>Processing activities of customer\u2019s personal data<\/em><\/p>\n<p>Customer\u2019s personal data will be processed to manage the performance of the contracted services.<\/p>\n<p>Additionally, Empark may process customer\u2019s personal data to comply with any legal obligations, including fiscal obligations and the local regulation that is applicable.<\/p>\n<p>Other processing activities may be carried out that do not respond to the necessity of executing a contract or complying with legal obligations. At any given moment, the customer may object to processes based on our legitimate interest or withdraw the consent given for them.<\/p>\n<p>As such, as long as the customer does not object to this process, the customer may receive, through e-mail communications, information related to products or services offered by Empark, similar to the contracted ones, which may be of the customer\u2019s interest.\u202f For the performance of this purpose, personal data may be analysed to develop a profile that will allow such commercial communications to be suited to the customer\u2019s preferences and necessities. In this analysis, customer\u2019s personal data related to demographic information and the type of contracted product, may be utilized.<\/p>\n<p>Additionally, as long as the customer has given his\/her consent, he\/she may receive, through any communication channels (including, amongst others, e-mail, SMS, and telephone calls), information on products or services offered by the Empark Group or third parties, related to the parking and electronic payment sectors. For the performance of this purpose, personal data may be analysed to develop a profile that will allow such commercial communications to be suited to the customer\u2019s preferences and necessities. In this analysis, customer\u2019s personal data related to demographic information and the type of contracted product, may be utilized. In any case, the customer will only receive this type of commercial communications for as long as he\/she doesn\u2019t withdraw the consent given for them.<\/p>\n<p>As long as the customer has given his\/her consent, his\/her personal data may be communicated to companies of the Empark Group and third parties related to the parking and electronic payment sectors, so that they can inform the customer on products or services offered by them.<\/p>\n<p>Customer\u2019s personal data will be stored for as long as it is necessary for the above-mentioned purposes. Once they it is not necessary, data will be blocked during the time necessary for the exercise or defence against administrative or judicial actions, and will only be unblocked and processed for such purposes. Once this period has ended, data will be definitively cancelled.<\/p>\n<p>&nbsp;<\/p>\n<p><strong>3.\u202fPersonal data recipients.<\/strong><\/p>\n<p>Your personal data may be communicated to Public Administrations, Authorities and Entities, including Courts and Tribunals, in compliance with the applicable legislation.<\/p>\n<p>Additionally, service providers hired by Empark that act as data processors, or companies of the Empark Group, may have access to your data for the performance of the abovementioned purposes.<\/p>\n<p>Moreover, if the customer has given his\/her consent by checking the box found below, the customer\u2019s data may be communicated to companies of the Empark Group or third parties related to the parking and electronic payment sectors to inform him\/her on products or services offered by them.<\/p>\n<p>The list of Empark Group companies may be consulted in the following address:\u202fhttps:\/\/empark.com\/es\/en\/list-of-empark-group-companies<\/p>\n<p>&nbsp;<\/p>\n<p><strong>4.\u202f\u202fData subject\u2019s rights in relation to personal data processing<\/strong><\/p>\n<p>Data subjects may exercise their rights to access, rectify, erase, restrict, and object to processing, and the right to data portability in the situations and to the extent established by the applicable legislation at any given moment.<\/p>\n<p>Data subjects may also withdraw their consent, if it has been given, and object to receiving commercial communications.<\/p>\n<p>Empark has established the following channels through which to exercise this rights:<\/p>\n<ul>\n<li>Post, attaching a copy of your national identification document, passport or any other identification document, and a petition in which your request is identified, addressed to Empark Aparcamientos y Servicios, S.A., Avenida del General Per\u00f3n, 36, planta 1\u00aa Departamento de Atenci\u00f3n al Cliente RGPD.<\/li>\n<li>E-mail sent to: dpo@telpark.com\u202fwith the following information: name and surname of the data subject, copy of his\/her national identification document, passport or any other identification document, and a petition in which the request is identified.<\/li>\n<\/ul>\n<p>Moreover, data subjects have the right to lodge a complaint before Spain\u2019s supervisory authority:\u202fAgencia Espa\u00f1ola de Protecci\u00f3n de Datos.<\/p>\n\n        <\/div>\n    <\/div>\n<\/article>","protected":false},"excerpt":{"rendered":"","protected":false},"author":13,"featured_media":0,"parent":29584,"menu_order":0,"comment_status":"closed","ping_status":"closed","template":"template-privacy.php","meta":{"footnotes":""},"yoast_head":"<!-- This site is optimized with the Yoast SEO plugin v20.12 - https:\/\/yoast.com\/wordpress\/plugins\/seo\/ -->\n<title>Empark - Privacy Policy | Telpark<\/title>\n<meta name=\"description\" content=\"Telpark Privacy Policy: Your privacy is our priority. Find out how we protect your personal data\" \/>\n<meta name=\"robots\" content=\"noindex, nofollow\" \/>\n<meta property=\"og:locale\" content=\"en_US\" \/>\n<meta property=\"og:type\" content=\"article\" \/>\n<meta property=\"og:title\" content=\"Empark - Privacy Policy | Telpark\" \/>\n<meta property=\"og:description\" content=\"Telpark Privacy Policy: Your privacy is our priority. Find out how we protect your personal data\" \/>\n<meta property=\"og:url\" content=\"https:\/\/www.telpark.com\/en\/legal-center\/empark-privacy-policy\/\" \/>\n<meta property=\"og:site_name\" content=\"Telpark\" \/>\n<meta property=\"article:modified_time\" content=\"2023-09-28T12:19:14+00:00\" \/>\n<meta name=\"twitter:card\" content=\"summary_large_image\" \/>\n<meta name=\"twitter:site\" content=\"@telpark_es\" \/>\n<script type=\"application\/ld+json\" class=\"yoast-schema-graph\">{\"@context\":\"https:\/\/schema.org\",\"@graph\":[{\"@type\":\"WebPage\",\"@id\":\"https:\/\/www.telpark.com\/en\/legal-center\/empark-privacy-policy\/\",\"url\":\"https:\/\/www.telpark.com\/en\/legal-center\/empark-privacy-policy\/\",\"name\":\"Empark - Privacy Policy | Telpark\",\"isPartOf\":{\"@id\":\"https:\/\/www.telpark.com\/en\/#website\"},\"datePublished\":\"2023-06-13T08:08:41+00:00\",\"dateModified\":\"2023-09-28T12:19:14+00:00\",\"description\":\"Telpark Privacy Policy: Your privacy is our priority. Find out how we protect your personal data\",\"breadcrumb\":{\"@id\":\"https:\/\/www.telpark.com\/en\/legal-center\/empark-privacy-policy\/#breadcrumb\"},\"inLanguage\":\"en-US\",\"potentialAction\":[{\"@type\":\"ReadAction\",\"target\":[\"https:\/\/www.telpark.com\/en\/legal-center\/empark-privacy-policy\/\"]}]},{\"@type\":\"BreadcrumbList\",\"@id\":\"https:\/\/www.telpark.com\/en\/legal-center\/empark-privacy-policy\/#breadcrumb\",\"itemListElement\":[{\"@type\":\"ListItem\",\"position\":1,\"name\":\"Home\",\"item\":\"https:\/\/www.telpark.com\/en\/\"},{\"@type\":\"ListItem\",\"position\":2,\"name\":\"Legal center\",\"item\":\"https:\/\/www.telpark.com\/en\/legal-center\/\"},{\"@type\":\"ListItem\",\"position\":3,\"name\":\"Empark - Privacy Policy\"}]},{\"@type\":\"WebSite\",\"@id\":\"https:\/\/www.telpark.com\/en\/#website\",\"url\":\"https:\/\/www.telpark.com\/en\/\",\"name\":\"Telpark\",\"description\":\"Reserva tu plaza en los mejores aparcamientos. Descarga la app y olv\u00eddate de cajeros o parqu\u00edmetros en m\u00e1s de 100 ciudades en Espa\u00f1a y Portugal\",\"publisher\":{\"@id\":\"https:\/\/www.telpark.com\/en\/#organization\"},\"potentialAction\":[{\"@type\":\"SearchAction\",\"target\":{\"@type\":\"EntryPoint\",\"urlTemplate\":\"https:\/\/www.telpark.com\/en\/?s={search_term_string}\"},\"query-input\":\"required name=search_term_string\"}],\"inLanguage\":\"en-US\"},{\"@type\":\"Organization\",\"@id\":\"https:\/\/www.telpark.com\/en\/#organization\",\"name\":\"Telpark\",\"url\":\"https:\/\/www.telpark.com\/en\/\",\"logo\":{\"@type\":\"ImageObject\",\"inLanguage\":\"en-US\",\"@id\":\"https:\/\/www.telpark.com\/en\/#\/schema\/logo\/image\/\",\"url\":\"https:\/\/www.telpark.com\/wp-content\/uploads\/2023\/09\/telpark-logo.svg\",\"contentUrl\":\"https:\/\/www.telpark.com\/wp-content\/uploads\/2023\/09\/telpark-logo.svg\",\"width\":128,\"height\":32,\"caption\":\"Telpark\"},\"image\":{\"@id\":\"https:\/\/www.telpark.com\/en\/#\/schema\/logo\/image\/\"},\"sameAs\":[\"https:\/\/twitter.com\/telpark_es\",\"https:\/\/www.instagram.com\/telpark_app\/\",\"https:\/\/www.youtube.com\/channel\/UCm8sjis_xlHU5VYQ6GslW-Q\"]}]}<\/script>\n<!-- \/ Yoast SEO plugin. -->","yoast_head_json":{"title":"Empark - Privacy Policy | Telpark","description":"Telpark Privacy Policy: Your privacy is our priority. Find out how we protect your personal data","robots":{"index":"noindex","follow":"nofollow"},"og_locale":"en_US","og_type":"article","og_title":"Empark - Privacy Policy | Telpark","og_description":"Telpark Privacy Policy: Your privacy is our priority. Find out how we protect your personal data","og_url":"https:\/\/www.telpark.com\/en\/legal-center\/empark-privacy-policy\/","og_site_name":"Telpark","article_modified_time":"2023-09-28T12:19:14+00:00","twitter_card":"summary_large_image","twitter_site":"@telpark_es","schema":{"@context":"https:\/\/schema.org","@graph":[{"@type":"WebPage","@id":"https:\/\/www.telpark.com\/en\/legal-center\/empark-privacy-policy\/","url":"https:\/\/www.telpark.com\/en\/legal-center\/empark-privacy-policy\/","name":"Empark - Privacy Policy | Telpark","isPartOf":{"@id":"https:\/\/www.telpark.com\/en\/#website"},"datePublished":"2023-06-13T08:08:41+00:00","dateModified":"2023-09-28T12:19:14+00:00","description":"Telpark Privacy Policy: Your privacy is our priority. Find out how we protect your personal data","breadcrumb":{"@id":"https:\/\/www.telpark.com\/en\/legal-center\/empark-privacy-policy\/#breadcrumb"},"inLanguage":"en-US","potentialAction":[{"@type":"ReadAction","target":["https:\/\/www.telpark.com\/en\/legal-center\/empark-privacy-policy\/"]}]},{"@type":"BreadcrumbList","@id":"https:\/\/www.telpark.com\/en\/legal-center\/empark-privacy-policy\/#breadcrumb","itemListElement":[{"@type":"ListItem","position":1,"name":"Home","item":"https:\/\/www.telpark.com\/en\/"},{"@type":"ListItem","position":2,"name":"Legal center","item":"https:\/\/www.telpark.com\/en\/legal-center\/"},{"@type":"ListItem","position":3,"name":"Empark - Privacy Policy"}]},{"@type":"WebSite","@id":"https:\/\/www.telpark.com\/en\/#website","url":"https:\/\/www.telpark.com\/en\/","name":"Telpark","description":"Reserva tu plaza en los mejores aparcamientos. Descarga la app y olv\u00eddate de cajeros o parqu\u00edmetros en m\u00e1s de 100 ciudades en Espa\u00f1a y Portugal","publisher":{"@id":"https:\/\/www.telpark.com\/en\/#organization"},"potentialAction":[{"@type":"SearchAction","target":{"@type":"EntryPoint","urlTemplate":"https:\/\/www.telpark.com\/en\/?s={search_term_string}"},"query-input":"required name=search_term_string"}],"inLanguage":"en-US"},{"@type":"Organization","@id":"https:\/\/www.telpark.com\/en\/#organization","name":"Telpark","url":"https:\/\/www.telpark.com\/en\/","logo":{"@type":"ImageObject","inLanguage":"en-US","@id":"https:\/\/www.telpark.com\/en\/#\/schema\/logo\/image\/","url":"https:\/\/www.telpark.com\/wp-content\/uploads\/2023\/09\/telpark-logo.svg","contentUrl":"https:\/\/www.telpark.com\/wp-content\/uploads\/2023\/09\/telpark-logo.svg","width":128,"height":32,"caption":"Telpark"},"image":{"@id":"https:\/\/www.telpark.com\/en\/#\/schema\/logo\/image\/"},"sameAs":["https:\/\/twitter.com\/telpark_es","https:\/\/www.instagram.com\/telpark_app\/","https:\/\/www.youtube.com\/channel\/UCm8sjis_xlHU5VYQ6GslW-Q"]}]}},"meta_box":[],"_links":{"self":[{"href":"https:\/\/www.telpark.com\/en\/wp-json\/wp\/v2\/pages\/26724"}],"collection":[{"href":"https:\/\/www.telpark.com\/en\/wp-json\/wp\/v2\/pages"}],"about":[{"href":"https:\/\/www.telpark.com\/en\/wp-json\/wp\/v2\/types\/page"}],"author":[{"embeddable":true,"href":"https:\/\/www.telpark.com\/en\/wp-json\/wp\/v2\/users\/13"}],"replies":[{"embeddable":true,"href":"https:\/\/www.telpark.com\/en\/wp-json\/wp\/v2\/comments?post=26724"}],"version-history":[{"count":3,"href":"https:\/\/www.telpark.com\/en\/wp-json\/wp\/v2\/pages\/26724\/revisions"}],"predecessor-version":[{"id":26775,"href":"https:\/\/www.telpark.com\/en\/wp-json\/wp\/v2\/pages\/26724\/revisions\/26775"}],"up":[{"embeddable":true,"href":"https:\/\/www.telpark.com\/en\/wp-json\/wp\/v2\/pages\/29584"}],"wp:attachment":[{"href":"https:\/\/www.telpark.com\/en\/wp-json\/wp\/v2\/media?parent=26724"}],"curies":[{"name":"wp","href":"https:\/\/api.w.org\/{rel}","templated":true}]}}