{"id":27436,"date":"2023-09-27T17:13:12","date_gmt":"2023-09-27T16:13:12","guid":{"rendered":"https:\/\/telpark.cmspro.telpark.com\/companies-privacy-policy\/"},"modified":"2023-10-26T14:26:27","modified_gmt":"2023-10-26T13:26:27","slug":"empark-companies-privacy-policy","status":"publish","type":"page","link":"https:\/\/www.telpark.com\/en\/legal-center\/empark-companies-privacy-policy\/","title":{"rendered":"Empark companies - Privacy Policy"},"content":{"rendered":"<article class=\"tpk-page\">\n    <div class=\"row wrapper center-xs tpk-page__content\">\n        <div class=\"col-xs-12 col-sm-10 col-md-8 pt-4 pb-4\">\n            <p><strong>1. Data controller and Data Protection Officer<\/strong><\/p>\n<p>The data controller for your personal data is the Company that owns the car park where the Product was procured (hereinafter \"the Company that owns the car park\"). You can view the name of the company, as well as its registration and contact details, on the Empark Group website (https:\/\/www.empark.com\/es\/es\/listado-de-sociedades-del-grupo-empark). The EMPARK Group has appointed a Data Protection Officer, with whom you may raise any matter relating to the processing of your personal data and whose contact details are as follows:<\/p>\n<p>Postal address: C\/ Avenida del General Per\u00f3n n\u00ba36, 1\u00aa Planta, 28020.<\/p>\n<p>Email:\u202fdpo@telpark.com<\/p>\n<p>&nbsp;<\/p>\n<p><strong>2. Purpose of the personal data processing<\/strong><\/p>\n<p>The customer's data will be processed for the purpose of managing the provision to the customer of the procured services.<\/p>\n<p>Furthermore, the Company that owns the car park may process your personal data to comply with any legal obligations in its remit, including tax obligations and, where applicable, applicable local regulations.<\/p>\n<p>It may also carry out other processing with your personal data that does not arise due to the need to execute a contract or fulfil a legal obligation. You may object to the processing at any time based on our legitimate interest or withdraw the consent granted.<\/p>\n<p>Thus, provided that you do not object by checking the box in the specific conditions, you may receive information by email about products or services \u2013 similar to those procured \u2013 offered by the Company that owns the car park that may interest you. To this end, your personal data may be analysed and used to create a profile that enables these commercial communications to be adapted as much as possible to suit your needs and preferences. In this analysis, your demographic data may be taken into account, as well as data referring to the type of product you have procured.<\/p>\n<p>Moreover, provided that you have checked the corresponding box, you may receive, through any communication channel (including, but not limited to, email, SMS and telephone calls), information on other products or services offered by the EMPARK Group or third parties, related to the parking and electronic payment sectors. To this end, your personal data may be analysed and used to create a profile that enables these commercial communications to be adapted as much as possible to suit your needs and preferences. In this analysis, your demographic data may be taken into account, as well as data referring to the type of product you have procured. In any case, you may only receive commercial communications of products and services not related to those you have procured until you withdraw the consent granted.<\/p>\n<p>If you have given your consent, your personal data may be transferred to EMPARK Group companies or to third parties related to the parking and electronic payment sectors, so that they can contact you to inform you about the products and services marketed by these companies.<\/p>\n<p>Personal data storage period: Customers' personal data will be stored as long as necessary for the abovementioned purposes. When they are not necessary for such purposes, the data will be blocked during the period necessary to be used in defence against administrative or judicial proceedings and may only be unblocked and processed again for this reason. After this period, the data will be definitively cancelled.<\/p>\n<p>&nbsp;<\/p>\n<p><strong>3. Recipients of personal data<\/strong><\/p>\n<p>Your personal data may be disclosed to Administrations, Authorities and Public Bodies, including Courts and Tribunals, when required by the applicable regulations.<\/p>\n<p>The service providers that the Company that owns the car park hires or may hire and which have the status of data processors, as well as companies in the EMPARK Group, may also have access to your personal data, for the sole purpose of managing the abovementioned purposes. The User is informed that all or some of their data may be shared with external collaborating companies, or with companies belonging to the EMPARK Group, for the sole purpose of providing the service contracted with the User. For example, it is sometimes necessary to share User data with the owners of the car parks that are members of the TELPARK application service in order to manage the reservations and use of the contracted parking spaces. This exchange of data will always be conducted in full compliance with applicable regulations and limited to that which is strictly necessary.<\/p>\n<p>Furthermore, and if you have expressly given your consent, your data may be transferred to EMPARK Group companies or to third parties related to the parking and electronic payment sectors, so that they can contact you to inform you about the products and services marketed by these companies.<\/p>\n<p>You can view the list of EMPARK Group companies at the following link:\u202fwww.empark.com.<\/p>\n<p>&nbsp;<\/p>\n<p><strong>4. Legitimate processing and disclosure of personal data<\/strong><\/p>\n<p>In the case of the abovementioned processing, the purpose of which is to manage the procured service or to fulfil a legal obligation, the legitimate basis will be the execution of a contract or the fulfilment of the applicable legal obligations. Therefore, refusal to provide the requested personal data, or the provision of inaccurate or incomplete data, could make us unable to properly provide the procured Services. Users are responsible for the truthfulness of the data provided, as well as for communicating any amendment of the data to the Company that owns the car park.<\/p>\n<p>The legal basis of processing carried out for the purpose of sending commercial communications to you regarding the products or services of the Company that owns the car park similar to those procured will be the Company that owns the car park's legitimate interest. For this reason, you may object to the processing at the time you provide the data by checking the box included in the specific conditions or at any time thereafter. You will find the information necessary to exercise your right of opposition in section 5 below, \u201cRights of the data subject in relation to the processing of their personal data\u201d.<\/p>\n<p>The legal basis of processing carried out for the purpose of sending commercial communications to you regarding other products or services offered by EMPARK Group or by third parties related to the parking and electronic payment sectors, will be the consent you may have granted. Therefore, as long as you do not withdraw your consent, you may continue to receive communications of this kind.<\/p>\n<p>The legal basis of the disclosure of your data to EMPARK Group companies and third parties related to the parking and electronic payment sectors, will be the consent you may have granted. Therefore, as long as you do not withdraw your consent, you may continue to receive communications of this kind.<\/p>\n<p>The use of the services offered by the Company that owns the car park will never be subject to you granting consent. In any case, you are reminded that if you have given your consent, you have the right to withdraw it at any time, and this will not have any consequences for the services or products you have procured or for which you are a beneficiary. You will find the information necessary to exercise your to withdraw your consent in section 5 below, \u201cRights of the data subject in relation to the processing of their personal data\u201d.<\/p>\n<p>If you have any doubts regarding the purposes of your personal data processing or its legitimacy, you may contact the Data Protection Officer. You will find the details and contact channels in section 1 above, \u201cData controller and Data Protection Officer\u201d.<\/p>\n<p>&nbsp;<\/p>\n<p><strong>5. Rights of the data subject in relation to the processing of their personal data<\/strong><\/p>\n<p>You may exercise your rights of access, rectification, cancellation, limitation of the processing and portability of data in the cases and within the scope laid down by the applicable regulations at any given time.<\/p>\n<p>You also have the right to withdraw your consent, if you have granted it, and to object to receiving commercial communications.<\/p>\n<p>To exercise these rights, you can contact Grupo EMPARK through one of the following channels: Postal mail, attaching a photocopy of your ID card, passport or any other identification document, and a note specifying the request to the company., Avenida del General Per\u00f3n, 36, planta 1a Departamento de Atenci\u00f3n al Cliente RGPD. Email dpo@telpak.com with the following information: full name the data subject, a photocopy of their National Identity Document, passport or any other identification document, and a note specifying the request.<\/p>\n<p>You are also informed of your right to file a claim with the Spanish Data Protection Agency.<\/p>\n\n        <\/div>\n    <\/div>\n<\/article>","protected":false},"excerpt":{"rendered":"","protected":false},"author":12,"featured_media":0,"parent":29584,"menu_order":0,"comment_status":"closed","ping_status":"closed","template":"template-privacy.php","meta":{"footnotes":""},"yoast_head":"<!-- This site is optimized with the Yoast SEO plugin v20.12 - https:\/\/yoast.com\/wordpress\/plugins\/seo\/ -->\n<title>Empark companies - Privacy Policy | Telpark<\/title>\n<meta name=\"robots\" content=\"index, follow, max-snippet:-1, max-image-preview:large, max-video-preview:-1\" \/>\n<link rel=\"canonical\" href=\"https:\/\/www.telpark.com\/en\/legal-center\/empark-companies-privacy-policy\/\" \/>\n<meta property=\"og:locale\" content=\"en_US\" \/>\n<meta property=\"og:type\" content=\"article\" \/>\n<meta property=\"og:title\" content=\"Empark companies - Privacy Policy | Telpark\" \/>\n<meta property=\"og:url\" content=\"https:\/\/www.telpark.com\/en\/legal-center\/empark-companies-privacy-policy\/\" \/>\n<meta property=\"og:site_name\" content=\"Telpark\" \/>\n<meta property=\"article:modified_time\" content=\"2023-10-26T13:26:27+00:00\" \/>\n<meta name=\"twitter:card\" content=\"summary_large_image\" \/>\n<meta name=\"twitter:site\" content=\"@telpark_es\" \/>\n<script type=\"application\/ld+json\" class=\"yoast-schema-graph\">{\"@context\":\"https:\/\/schema.org\",\"@graph\":[{\"@type\":\"WebPage\",\"@id\":\"https:\/\/www.telpark.com\/en\/legal-center\/empark-companies-privacy-policy\/\",\"url\":\"https:\/\/www.telpark.com\/en\/legal-center\/empark-companies-privacy-policy\/\",\"name\":\"Empark companies - Privacy Policy | Telpark\",\"isPartOf\":{\"@id\":\"https:\/\/www.telpark.com\/en\/#website\"},\"datePublished\":\"2023-09-27T16:13:12+00:00\",\"dateModified\":\"2023-10-26T13:26:27+00:00\",\"breadcrumb\":{\"@id\":\"https:\/\/www.telpark.com\/en\/legal-center\/empark-companies-privacy-policy\/#breadcrumb\"},\"inLanguage\":\"en-US\",\"potentialAction\":[{\"@type\":\"ReadAction\",\"target\":[\"https:\/\/www.telpark.com\/en\/legal-center\/empark-companies-privacy-policy\/\"]}]},{\"@type\":\"BreadcrumbList\",\"@id\":\"https:\/\/www.telpark.com\/en\/legal-center\/empark-companies-privacy-policy\/#breadcrumb\",\"itemListElement\":[{\"@type\":\"ListItem\",\"position\":1,\"name\":\"Home\",\"item\":\"https:\/\/www.telpark.com\/en\/\"},{\"@type\":\"ListItem\",\"position\":2,\"name\":\"Legal center\",\"item\":\"https:\/\/www.telpark.com\/en\/legal-center\/\"},{\"@type\":\"ListItem\",\"position\":3,\"name\":\"Empark companies - Privacy Policy\"}]},{\"@type\":\"WebSite\",\"@id\":\"https:\/\/www.telpark.com\/en\/#website\",\"url\":\"https:\/\/www.telpark.com\/en\/\",\"name\":\"Telpark\",\"description\":\"Reserva tu plaza en los mejores aparcamientos. Descarga la app y olv\u00eddate de cajeros o parqu\u00edmetros en m\u00e1s de 100 ciudades en Espa\u00f1a y Portugal\",\"publisher\":{\"@id\":\"https:\/\/www.telpark.com\/en\/#organization\"},\"potentialAction\":[{\"@type\":\"SearchAction\",\"target\":{\"@type\":\"EntryPoint\",\"urlTemplate\":\"https:\/\/www.telpark.com\/en\/?s={search_term_string}\"},\"query-input\":\"required name=search_term_string\"}],\"inLanguage\":\"en-US\"},{\"@type\":\"Organization\",\"@id\":\"https:\/\/www.telpark.com\/en\/#organization\",\"name\":\"Telpark\",\"url\":\"https:\/\/www.telpark.com\/en\/\",\"logo\":{\"@type\":\"ImageObject\",\"inLanguage\":\"en-US\",\"@id\":\"https:\/\/www.telpark.com\/en\/#\/schema\/logo\/image\/\",\"url\":\"https:\/\/www.telpark.com\/wp-content\/uploads\/2023\/09\/telpark-logo.svg\",\"contentUrl\":\"https:\/\/www.telpark.com\/wp-content\/uploads\/2023\/09\/telpark-logo.svg\",\"width\":128,\"height\":32,\"caption\":\"Telpark\"},\"image\":{\"@id\":\"https:\/\/www.telpark.com\/en\/#\/schema\/logo\/image\/\"},\"sameAs\":[\"https:\/\/twitter.com\/telpark_es\",\"https:\/\/www.instagram.com\/telpark_app\/\",\"https:\/\/www.youtube.com\/channel\/UCm8sjis_xlHU5VYQ6GslW-Q\"]}]}<\/script>\n<!-- \/ Yoast SEO plugin. -->","yoast_head_json":{"title":"Empark companies - Privacy Policy | Telpark","robots":{"index":"index","follow":"follow","max-snippet":"max-snippet:-1","max-image-preview":"max-image-preview:large","max-video-preview":"max-video-preview:-1"},"canonical":"https:\/\/www.telpark.com\/en\/legal-center\/empark-companies-privacy-policy\/","og_locale":"en_US","og_type":"article","og_title":"Empark companies - Privacy Policy | Telpark","og_url":"https:\/\/www.telpark.com\/en\/legal-center\/empark-companies-privacy-policy\/","og_site_name":"Telpark","article_modified_time":"2023-10-26T13:26:27+00:00","twitter_card":"summary_large_image","twitter_site":"@telpark_es","schema":{"@context":"https:\/\/schema.org","@graph":[{"@type":"WebPage","@id":"https:\/\/www.telpark.com\/en\/legal-center\/empark-companies-privacy-policy\/","url":"https:\/\/www.telpark.com\/en\/legal-center\/empark-companies-privacy-policy\/","name":"Empark companies - Privacy Policy | Telpark","isPartOf":{"@id":"https:\/\/www.telpark.com\/en\/#website"},"datePublished":"2023-09-27T16:13:12+00:00","dateModified":"2023-10-26T13:26:27+00:00","breadcrumb":{"@id":"https:\/\/www.telpark.com\/en\/legal-center\/empark-companies-privacy-policy\/#breadcrumb"},"inLanguage":"en-US","potentialAction":[{"@type":"ReadAction","target":["https:\/\/www.telpark.com\/en\/legal-center\/empark-companies-privacy-policy\/"]}]},{"@type":"BreadcrumbList","@id":"https:\/\/www.telpark.com\/en\/legal-center\/empark-companies-privacy-policy\/#breadcrumb","itemListElement":[{"@type":"ListItem","position":1,"name":"Home","item":"https:\/\/www.telpark.com\/en\/"},{"@type":"ListItem","position":2,"name":"Legal center","item":"https:\/\/www.telpark.com\/en\/legal-center\/"},{"@type":"ListItem","position":3,"name":"Empark companies - Privacy Policy"}]},{"@type":"WebSite","@id":"https:\/\/www.telpark.com\/en\/#website","url":"https:\/\/www.telpark.com\/en\/","name":"Telpark","description":"Reserva tu plaza en los mejores aparcamientos. Descarga la app y olv\u00eddate de cajeros o parqu\u00edmetros en m\u00e1s de 100 ciudades en Espa\u00f1a y Portugal","publisher":{"@id":"https:\/\/www.telpark.com\/en\/#organization"},"potentialAction":[{"@type":"SearchAction","target":{"@type":"EntryPoint","urlTemplate":"https:\/\/www.telpark.com\/en\/?s={search_term_string}"},"query-input":"required name=search_term_string"}],"inLanguage":"en-US"},{"@type":"Organization","@id":"https:\/\/www.telpark.com\/en\/#organization","name":"Telpark","url":"https:\/\/www.telpark.com\/en\/","logo":{"@type":"ImageObject","inLanguage":"en-US","@id":"https:\/\/www.telpark.com\/en\/#\/schema\/logo\/image\/","url":"https:\/\/www.telpark.com\/wp-content\/uploads\/2023\/09\/telpark-logo.svg","contentUrl":"https:\/\/www.telpark.com\/wp-content\/uploads\/2023\/09\/telpark-logo.svg","width":128,"height":32,"caption":"Telpark"},"image":{"@id":"https:\/\/www.telpark.com\/en\/#\/schema\/logo\/image\/"},"sameAs":["https:\/\/twitter.com\/telpark_es","https:\/\/www.instagram.com\/telpark_app\/","https:\/\/www.youtube.com\/channel\/UCm8sjis_xlHU5VYQ6GslW-Q"]}]}},"meta_box":[],"_links":{"self":[{"href":"https:\/\/www.telpark.com\/en\/wp-json\/wp\/v2\/pages\/27436"}],"collection":[{"href":"https:\/\/www.telpark.com\/en\/wp-json\/wp\/v2\/pages"}],"about":[{"href":"https:\/\/www.telpark.com\/en\/wp-json\/wp\/v2\/types\/page"}],"author":[{"embeddable":true,"href":"https:\/\/www.telpark.com\/en\/wp-json\/wp\/v2\/users\/12"}],"replies":[{"embeddable":true,"href":"https:\/\/www.telpark.com\/en\/wp-json\/wp\/v2\/comments?post=27436"}],"version-history":[{"count":3,"href":"https:\/\/www.telpark.com\/en\/wp-json\/wp\/v2\/pages\/27436\/revisions"}],"predecessor-version":[{"id":32946,"href":"https:\/\/www.telpark.com\/en\/wp-json\/wp\/v2\/pages\/27436\/revisions\/32946"}],"up":[{"embeddable":true,"href":"https:\/\/www.telpark.com\/en\/wp-json\/wp\/v2\/pages\/29584"}],"wp:attachment":[{"href":"https:\/\/www.telpark.com\/en\/wp-json\/wp\/v2\/media?parent=27436"}],"curies":[{"name":"wp","href":"https:\/\/api.w.org\/{rel}","templated":true}]}}