{"id":30413,"date":"2023-05-29T15:14:14","date_gmt":"2023-05-29T14:14:14","guid":{"rendered":"https:\/\/telpark.cmspro.telpark.com\/mobility-hub\/"},"modified":"2024-06-17T17:26:00","modified_gmt":"2024-06-17T16:26:00","slug":"telpark-mobility-hub","status":"publish","type":"page","link":"https:\/\/www.telpark.com\/en\/companies\/telpark-mobility-hub\/","title":{"rendered":"Mobility Hub"},"content":{"rendered":"\n<section class=\"tpk-hero tpk-hero--products                lower\"\n         style=\"\">\n                        <picture >\n\n                    <source srcset=\"https:\/\/www.telpark.com\/wp-content\/uploads\/2023\/10\/mobility-hub-480x640.webp\" media=\"((min-width: 0rem) and (max-width: 30rem))\">\n                             <source srcset=\"https:\/\/www.telpark.com\/wp-content\/uploads\/2023\/10\/mobility-hub-1024x500.webp\" media=\"(min-width: 30rem) and (max-width: 64rem)\" >\n                            <source srcset=\"https:\/\/www.telpark.com\/wp-content\/uploads\/2023\/10\/mobility-hub-1920x640.webp\" media=\"(min-width: 64rem)\" >\n        \n        \n                                                                                                        \n        <img decoding=\"async\" fetchpriority=\"high\" src=\"https:\/\/www.telpark.com\/wp-content\/uploads\/2023\/10\/mobility-hub-1920x640.webp\" alt=\"\"  width=\"1920\" height=\"640\"  loading=\"eager\">\n    <\/picture>\n\n    \n            <div class=\"tpk-breadcrumb wrapper row\">\n    <nav aria-label=\"Breadcrumb\">\n        <ul>\n                            <li>\n                                            <a href=\"https:\/\/www.telpark.com\/en\/companies\/\">Companies<\/a><span\n                            class=\"tpk-breadcrumb__separator\">><\/span>\n                                    <\/li>\n                            <li>\n                                            <span aria-current=\"page\">Mobility Hub<\/span>\n                                    <\/li>\n                    <\/ul>\n    <\/nav>\n<\/div>        <div class=\"tpk-hero__content wrapper row\">\n                    <div class=\"col-xs-12 col-sm-12 pr-h pl-h\">\n                                <header class=\"tpk-head  wrapper\">\n    <p class=\"tpk-head__caption\">telpark Mobility Hub<\/p>    <h1 class=\"tpk-head__title\">Nuestros aparcamientos como motores de la nueva movilidad<\/h1>    <\/header>\n            \n                    <\/div>\n    <\/div>\n            <div class=\"tpk-hero__cards row wrapper\">\n                                                                                        <div class=\"col-xs-12 col-sm-12 col-md-4 mb-1 pl-h pr-h\">\n                                                                    <\/div>\n                    <\/div>\n    <\/section>\n<div class=\"tpk-spinner__wrapper\">\n    <div class=\"tpk-spinner\"><\/div>\n<\/div>\n\n<section class=\"tpk-products center\">\n    <div class=\"wrapper pl-1 pr-1 pb-3\">\n                <header class=\"tpk-head  wrapper\">\n        <h2 class=\"tpk-head__title\">\u00bfQu\u00e9 es telpark Mobility Hub?<\/h2>    <p>Es el epicentro de una revoluci\u00f3n en la movilidad urbana. Nuestros espacios multifuncionales act\u00faan como puntos de encuentro estrat\u00e9gicos para una amplia variedad de empresas relacionadas con la movilidad. Desde el carsharing hasta el alquiler de patinetes y bicicletas, pasando por las empresas de reparto de \u00faltima milla.<\/p>\n<\/header>    <\/div>\n\n    <div class=\"wrapper tpk-products__cards grid  grid-3\">\n        <input type=\"hidden\" id=\"_wpnonce\" name=\"_wpnonce\" value=\"3467db32a0\" \/><input type=\"hidden\" name=\"_wp_http_referer\" value=\"\/en\/wp-json\/wp\/v2\/pages\/30413\" \/>\n                    <div class=\"tpk-card-product  \">\n\n\t<div class=\"tpk-card-product__head\">\n\t\t\t\t\t<span class=\"icon icon-scooter-electric icon--lg\"><\/span>\n\t\t\t\t\t<\/div>\n\t<div class=\"tpk-card-product__content\">\n\t\t<h3 class=\"tpk-card-product__content__title\">Patinetes<\/h3>\n\t\t\t<\/div>\n\t\t<\/div>\n                    <div class=\"tpk-card-product  \">\n\n\t<div class=\"tpk-card-product__head\">\n\t\t\t\t\t<span class=\"icon icon-bike icon--lg\"><\/span>\n\t\t\t\t\t<\/div>\n\t<div class=\"tpk-card-product__content\">\n\t\t<h3 class=\"tpk-card-product__content__title\">Bicicletas<\/h3>\n\t\t\t<\/div>\n\t\t<\/div>\n                    <div class=\"tpk-card-product  \">\n\n\t<div class=\"tpk-card-product__head\">\n\t\t\t\t\t<span class=\"icon icon-car-sharing icon--lg\"><\/span>\n\t\t\t\t\t<\/div>\n\t<div class=\"tpk-card-product__content\">\n\t\t<h3 class=\"tpk-card-product__content__title\">Carsharing<\/h3>\n\t\t\t<\/div>\n\t\t<\/div>\n                    <div class=\"tpk-card-product  \">\n\n\t<div class=\"tpk-card-product__head\">\n\t\t\t\t\t<span class=\"icon icon-truck icon--lg\"><\/span>\n\t\t\t\t\t<\/div>\n\t<div class=\"tpk-card-product__content\">\n\t\t<h3 class=\"tpk-card-product__content__title\">Log\u00edstica<\/h3>\n\t\t\t<\/div>\n\t\t<\/div>\n                    <div class=\"tpk-card-product  \">\n\n\t<div class=\"tpk-card-product__head\">\n\t\t\t\t\t<span class=\"icon icon-park icon--lg\"><\/span>\n\t\t\t\t\t<\/div>\n\t<div class=\"tpk-card-product__content\">\n\t\t<h3 class=\"tpk-card-product__content__title\">Aparcamientos<\/h3>\n\t\t\t<\/div>\n\t\t<\/div>\n                    <div class=\"tpk-card-product  \">\n\n\t<div class=\"tpk-card-product__head\">\n\t\t\t\t\t<span class=\"icon icon-charge-plug icon--lg\"><\/span>\n\t\t\t\t\t<\/div>\n\t<div class=\"tpk-card-product__content\">\n\t\t<h3 class=\"tpk-card-product__content__title\">Carga el\u00e9ctrica<\/h3>\n\t\t\t<\/div>\n\t\t<\/div>\n            <\/div>\n<\/section>\n\n\n<section class=\"tpk-banner-cta tpk-banner-cta--half   electric\"\n         style=\"                 \">\n    <div class=\"tpk-banner-cta--half__picture\">\n                                    <picture >\n\n                    <source srcset=\"https:\/\/www.telpark.com\/wp-content\/uploads\/2023\/10\/MObility-Hub__V4_-Ok-1-460x520.png\" media=\"((min-width: 0rem) and (max-width: 30rem))\">\n                             <source srcset=\"https:\/\/www.telpark.com\/wp-content\/uploads\/2023\/10\/MObility-Hub__V4_-Ok-1-520x520.png\" media=\"(min-width: 30rem) and (max-width: 64rem)\" >\n                            <source srcset=\"https:\/\/www.telpark.com\/wp-content\/uploads\/2023\/10\/MObility-Hub__V4_-Ok-1-834x814.png\" media=\"(min-width: 64rem)\" >\n        \n        \n                                                                                                        \n        <img decoding=\"async\" src=\"https:\/\/www.telpark.com\/wp-content\/uploads\/2023\/10\/MObility-Hub__V4_-Ok-1-834x814.png\" alt=\"\"  width=\"834\" height=\"814\"  loading=\"lazy\" >\n    <\/picture>\n\n            <\/div>\n\n    <div class=\"tpk-banner-cta__content row wrapper middle-xs\">\n        <div class=\"col-xs-12 col-md-6 tpk-banner-cta__content__text\">\n                        <header class=\"tpk-head  wrapper\">\n        <h2 class=\"tpk-head__title\">Telpark Mobility Hub como punto de encuentro<\/h2>    <p>Estos hubs son el nexo que une a todos los actores clave en el panorama de la movilidad moderna. Ya no es necesario desplazarse a diferentes ubicaciones para poder acceder a las opciones de transporte. Nuestros espacios integran todas estas soluciones en un solo lugar estrat\u00e9gicamente situados en el coraz\u00f3n de la ciudad.<\/p>\n<\/header>            <div class=\"tpk-banner-cta__buttons\">\n                            <\/div>\n        <\/div>\n    <\/div>\n<\/section>\n\n\n\n<section\n        class=\"tpk-banner-cta tpk-banner-cta--background center  corporate\"\n        style=\"background-color:#ff9902;\">\n    \n        \n    <div class=\"tpk-banner-cta__content row wrapper middle-xs \">\n        \n                    <div class=\"col-xs-12 col-md-6 tpk-banner-cta__content__text\">\n                \n                                            <header class=\"tpk-head  wrapper\">\n        <h2 class=\"tpk-head__title\">\u00bfQu\u00e9 tiene de innovador telpark Mobility Hub?<\/h2>    <p>Su capacidad para fomentar la sinerg\u00eda entre las diferentes opciones de transporte, ofreciendo al usuario los servicios que necesita en un solo lugar. Telpark Mobility Hub no solo mejora la accesibilidad a la movilidad urbana, sino que tambi\u00e9n contribuye a la creaci\u00f3n de comunidades m\u00e1s sostenibles al promover el uso compartido de recursos y reduciendo la congesti\u00f3n en las calles de la ciudad.<\/p>\n<\/header>                \n                                        <\/div>\n        <\/div>\n    \n    <\/section>\n\n<section class=\"tpk-form\">\n   <div class=\"wrapper pl-1 pr-1 row center-xs \">\n        <div class=\"col-xs-12 col-sm-10 col-md-8 col-no-gutter\">\n                        <header class=\"tpk-head  wrapper\">\n    <p class=\"tpk-head__caption\">Contact for companies<\/p>    <h2 class=\"tpk-head__title\">Tell us what you need and we will find the best solution for your company<\/h2>    <\/header>        <\/div>\n    <\/div>\n\n            \n<div class=\"wpcf7 no-js\" id=\"wpcf7-f38720-o1\" lang=\"en-US\" dir=\"ltr\">\n<div class=\"screen-reader-response\"><p role=\"status\" aria-live=\"polite\" aria-atomic=\"true\"><\/p> <ul><\/ul><\/div>\n<form action=\"\/en\/wp-json\/wp\/v2\/pages\/30413#wpcf7-f38720-o1\" method=\"post\" class=\"wpcf7-form init\" aria-label=\"Contact form\" novalidate=\"novalidate\" data-status=\"init\">\n<div style=\"display: none;\">\n<input type=\"hidden\" name=\"_wpcf7\" value=\"38720\" \/>\n<input type=\"hidden\" name=\"_wpcf7_version\" value=\"5.7.7\" \/>\n<input type=\"hidden\" name=\"_wpcf7_locale\" value=\"en_US\" \/>\n<input type=\"hidden\" name=\"_wpcf7_unit_tag\" value=\"wpcf7-f38720-o1\" \/>\n<input type=\"hidden\" name=\"_wpcf7_container_post\" value=\"0\" \/>\n<input type=\"hidden\" name=\"_wpcf7_posted_data_hash\" value=\"\" \/>\n<\/div>\n<div class=\"wrapper row pt-4 bottom-xs center-xs\">\n\t<div class=\"col-xs-12 col-sm-12 col-md-6\">\n\t\t<div class=\"tpk-input-group\">\n\t\t\t<div class=\"tpk-input__wrapper\">\n\t\t\t\t<div class=\"tpk-input tpk-input-text\">\n\t\t\t\t\t<p><span class=\"wpcf7-form-control-wrap\" data-name=\"name1\"><input size=\"40\" maxlength=\"40\" class=\"wpcf7-form-control wpcf7-text wpcf7-validates-as-required\" id=\"name1\" aria-required=\"true\" aria-invalid=\"false\" placeholder=\"Nombre y apellidos\" value=\"\" type=\"text\" name=\"name1\" \/><\/span><label for=\"name1\"> Nombre y apellidos*<\/label>\n\t\t\t\t\t<\/p>\n\t\t\t\t<\/div>\n\t\t\t<\/div>\n\t\t\t<p class=\"tpk-input-group__help\">\n\t\t\t<\/p>\n\t\t<\/div>\n\t\t<div class=\"tpk-input-group\">\n\t\t\t<div class=\"tpk-input__wrapper\">\n\t\t\t\t<div class=\"tpk-input tpk-input-text\">\n\t\t\t\t\t<p><span class=\"wpcf7-form-control-wrap\" data-name=\"cargo\"><input size=\"40\" maxlength=\"30\" class=\"wpcf7-form-control wpcf7-text wpcf7-validates-as-required\" id=\"cargo\" aria-required=\"true\" aria-invalid=\"false\" placeholder=\"Cargo\" value=\"\" type=\"text\" name=\"cargo\" \/><\/span><label for=\"cargo\"> Cargo de empresa *<\/label>\n\t\t\t\t\t<\/p>\n\t\t\t\t<\/div>\n\t\t\t<\/div>\n\t\t\t<p class=\"tpk-input-group__help\">\n\t\t\t<\/p>\n\t\t<\/div>\n\t\t<div class=\"tpk-input-group\">\n\t\t\t<div class=\"tpk-input__wrapper\">\n\t\t\t\t<div class=\"tpk-input tpk-input-email\">\n\t\t\t\t\t<p><span class=\"wpcf7-form-control-wrap\" data-name=\"email\"><input size=\"40\" maxlength=\"30\" class=\"wpcf7-form-control wpcf7-text wpcf7-email wpcf7-validates-as-required wpcf7-validates-as-email\" id=\"email\" aria-required=\"true\" aria-invalid=\"false\" placeholder=\"Email\" value=\"\" type=\"email\" name=\"email\" \/><\/span><label for=\"email\">Email de empresa *<\/label>\n\t\t\t\t\t<\/p>\n\t\t\t\t<\/div>\n\t\t\t<\/div>\n\t\t\t<p class=\"tpk-input-group__help\">\n\t\t\t<\/p>\n\t\t<\/div>\n\t\t<div class=\"tpk-input-group\">\n\t\t\t<div class=\"tpk-input__wrapper\">\n\t\t\t\t<div class=\"tpk-input tpk-input-text\">\n\t\t\t\t\t<p><span class=\"wpcf7-form-control-wrap\" data-name=\"subject\"><input size=\"40\" maxlength=\"40\" class=\"wpcf7-form-control wpcf7-text\" id=\"subject\" aria-invalid=\"false\" placeholder=\"Asunto\" value=\"\" type=\"text\" name=\"subject\" \/><\/span><label for=\"subject\">Asunto<\/label>\n\t\t\t\t\t<\/p>\n\t\t\t\t<\/div>\n\t\t\t<\/div>\n\t\t\t<p class=\"tpk-input-group__help\">\n\t\t\t<\/p>\n\t\t<\/div>\n\t\t<div class=\"tpk-input-group\">\n\t\t\t<div class=\"tpk-input__wrapper\">\n\t\t\t\t<div class=\"tpk-input tpk-input-dropdown\">\n\t\t\t\t\t<p><span class=\"wpcf7-form-control-wrap\" data-name=\"dropdown\"><select class=\"wpcf7-form-control wpcf7-select wide\" id=\"dropdown\" aria-invalid=\"false\" name=\"dropdown\"><option value=\"Selecciona tu sector empresarial\" selected=\"selected\">Selecciona tu sector empresarial<\/option><option value=\"Tecnolog\u00eda\">Tecnolog\u00eda<\/option><option value=\"Turismo\">Turismo<\/option><option value=\"Viajes\">Viajes<\/option><option value=\"Alquiler de coches\">Alquiler de coches<\/option><option value=\"Hosteler\u00eda\">Hosteler\u00eda<\/option><\/select><\/span>\n\t\t\t\t\t<\/p>\n\t\t\t\t<\/div>\n\t\t\t<\/div>\n\t\t\t<p class=\"tpk-input-group__help\">\n\t\t\t<\/p>\n\t\t<\/div>\n\t\t<div class=\"tpk-input-group\">\n\t\t\t<div class=\"tpk-input__wrapper\">\n\t\t\t\t<div class=\"tpk-input tpk-input-textarea\">\n\t\t\t\t\t<p><span class=\"wpcf7-form-control-wrap\" data-name=\"textarea\"><textarea cols=\"40\" rows=\"10\" class=\"wpcf7-form-control wpcf7-textarea\" id=\"textarea\" aria-invalid=\"false\" placeholder=\"Descripci\u00f3n\" name=\"textarea\"><\/textarea><\/span><label for=\"name\">Descripci\u00f3n<\/label>\n\t\t\t\t\t<\/p>\n\t\t\t\t<\/div>\n\t\t\t<\/div>\n\t\t\t<p class=\"tpk-input-group__help\">\n\t\t\t<\/p>\n\t\t<\/div>\n\t<\/div>\n\t<div class=\"col-xs-12 col-sm-12 col-md-6\">\n\t\t<div>\n\t\t\t<p>No se atenderan consultar no relacionadas con las empresas\n\t\t\t<\/p>\n\t\t<\/div>\n\t\t<div class=\"tpk-checkbox\">\n\t\t\t<p><span class=\"wpcf7-form-control-wrap\" data-name=\"checkboxNewslettera\"><span class=\"wpcf7-form-control wpcf7-acceptance optional\"><span class=\"wpcf7-list-item\"><label><input type=\"checkbox\" name=\"checkboxNewslettera\" value=\"1\" class=\"tpk-checkbox__input\" id=\"checkboxNewslettera\" aria-invalid=\"false\" \/><span class=\"wpcf7-list-item-label\">Consiento que mis datos personales sean utilizados para ponerse en contacto conmigo sobre productos o servicios del Grupo Empark o de terceros, relacionados con los sectores de aparcamiento y de pago electr\u00f3nico.<\/span><\/label><\/span><\/span><\/span>\n\t\t\t<\/p>\n\t\t<\/div>\n\t\t<div class=\"tpk-checkbox\">\n\t\t\t<p><span class=\"wpcf7-form-control-wrap\" data-name=\"checkboxNewslettera2\"><span class=\"wpcf7-form-control wpcf7-acceptance optional\"><span class=\"wpcf7-list-item\"><label><input type=\"checkbox\" name=\"checkboxNewslettera2\" value=\"1\" class=\"tpk-checkbox__input\" id=\"checkboxNewslettera2\" aria-invalid=\"false\" \/><span class=\"wpcf7-list-item-label\">Consiento que mis datos personales sean utilizados para el env\u00edo de comunicaciones sobre oportunidades profesionales sobre el Grupo Empark.<\/span><\/label><\/span><\/span><\/span>\n\t\t\t<\/p>\n\t\t<\/div>\n\t\t<div class=\"tpk-checkbox\">\n\t\t\t<p><span class=\"wpcf7-form-control-wrap\" data-name=\"checkboxNewslettera3\"><span class=\"wpcf7-form-control wpcf7-acceptance\"><span class=\"wpcf7-list-item\"><label><input type=\"checkbox\" name=\"checkboxNewslettera3\" value=\"1\" class=\"tpk-checkbox__input\" id=\"checkboxNewslettera3\" aria-invalid=\"false\" \/><span class=\"wpcf7-list-item-label\">He leido la Pol\u00edtica de privacidad (obligatorio para el env\u00edo)<\/span><\/label><\/span><\/span><\/span>\n\t\t\t<\/p>\n\t\t<\/div>\n\t<\/div>\n\t<div class=\"col-xs-12 pt-4 tpk-form__buttons\">\n\t\t<p><input class=\"wpcf7-form-control has-spinner wpcf7-submit tpk-button tpk-button--primary tpk-button--lg\" type=\"submit\" value=\"Enviar\" \/>\n\t\t<\/p>\n\t<\/div>\n<\/div><div class=\"wpcf7-response-output\" aria-hidden=\"true\"><\/div>\n<\/form>\n<\/div>\n\n    <\/section>","protected":false},"excerpt":{"rendered":"","protected":false},"author":15,"featured_media":11787,"parent":22289,"menu_order":0,"comment_status":"closed","ping_status":"closed","template":"","meta":{"footnotes":""},"yoast_head":"<!-- This site is optimized with the Yoast SEO plugin v20.12 - https:\/\/yoast.com\/wordpress\/plugins\/seo\/ -->\n<title>Sustainable Mobility Hub - Telpark<\/title>\n<meta name=\"description\" content=\"Join the largest sustainable mobility hub in Spain. The transformation of mobility in parking lots Enter and find out more!\" \/>\n<meta name=\"robots\" content=\"index, follow, max-snippet:-1, max-image-preview:large, max-video-preview:-1\" \/>\n<link rel=\"canonical\" href=\"https:\/\/www.telpark.com\/en\/companies\/telpark-mobility-hub\/\" \/>\n<meta property=\"og:locale\" content=\"en_US\" \/>\n<meta property=\"og:type\" content=\"article\" \/>\n<meta property=\"og:title\" content=\"Sustainable Mobility Hub - Telpark\" \/>\n<meta property=\"og:description\" content=\"Join the largest sustainable mobility hub in Spain. The transformation of mobility in parking lots Enter and find out more!\" \/>\n<meta property=\"og:url\" content=\"https:\/\/www.telpark.com\/en\/companies\/telpark-mobility-hub\/\" \/>\n<meta property=\"og:site_name\" content=\"Telpark\" \/>\n<meta property=\"article:modified_time\" content=\"2024-06-17T16:26:00+00:00\" \/>\n<meta property=\"og:image\" content=\"https:\/\/www.telpark.com\/wp-content\/uploads\/2023\/05\/Banner-Telpark-Mobility-hub.jpg\" \/>\n\t<meta property=\"og:image:width\" content=\"1930\" \/>\n\t<meta property=\"og:image:height\" content=\"653\" \/>\n\t<meta property=\"og:image:type\" content=\"image\/jpeg\" \/>\n<meta name=\"twitter:card\" content=\"summary_large_image\" \/>\n<meta name=\"twitter:site\" content=\"@telpark_es\" \/>\n<script type=\"application\/ld+json\" class=\"yoast-schema-graph\">{\"@context\":\"https:\/\/schema.org\",\"@graph\":[{\"@type\":\"WebPage\",\"@id\":\"https:\/\/www.telpark.com\/en\/companies\/telpark-mobility-hub\/\",\"url\":\"https:\/\/www.telpark.com\/en\/companies\/telpark-mobility-hub\/\",\"name\":\"Sustainable Mobility Hub - Telpark\",\"isPartOf\":{\"@id\":\"https:\/\/www.telpark.com\/en\/#website\"},\"datePublished\":\"2023-05-29T14:14:14+00:00\",\"dateModified\":\"2024-06-17T16:26:00+00:00\",\"description\":\"Join the largest sustainable mobility hub in Spain. The transformation of mobility in parking lots Enter and find out more!\",\"breadcrumb\":{\"@id\":\"https:\/\/www.telpark.com\/en\/companies\/telpark-mobility-hub\/#breadcrumb\"},\"inLanguage\":\"en-US\",\"potentialAction\":[{\"@type\":\"ReadAction\",\"target\":[\"https:\/\/www.telpark.com\/en\/companies\/telpark-mobility-hub\/\"]}]},{\"@type\":\"BreadcrumbList\",\"@id\":\"https:\/\/www.telpark.com\/en\/companies\/telpark-mobility-hub\/#breadcrumb\",\"itemListElement\":[{\"@type\":\"ListItem\",\"position\":1,\"name\":\"Home\",\"item\":\"https:\/\/www.telpark.com\/en\/\"},{\"@type\":\"ListItem\",\"position\":2,\"name\":\"Companies\",\"item\":\"https:\/\/www.telpark.com\/en\/companies\/\"},{\"@type\":\"ListItem\",\"position\":3,\"name\":\"Mobility Hub\"}]},{\"@type\":\"WebSite\",\"@id\":\"https:\/\/www.telpark.com\/en\/#website\",\"url\":\"https:\/\/www.telpark.com\/en\/\",\"name\":\"Telpark\",\"description\":\"Reserva tu plaza en los mejores aparcamientos. Descarga la app y olv\u00eddate de cajeros o parqu\u00edmetros en m\u00e1s de 100 ciudades en Espa\u00f1a y Portugal\",\"publisher\":{\"@id\":\"https:\/\/www.telpark.com\/en\/#organization\"},\"potentialAction\":[{\"@type\":\"SearchAction\",\"target\":{\"@type\":\"EntryPoint\",\"urlTemplate\":\"https:\/\/www.telpark.com\/en\/?s={search_term_string}\"},\"query-input\":\"required name=search_term_string\"}],\"inLanguage\":\"en-US\"},{\"@type\":\"Organization\",\"@id\":\"https:\/\/www.telpark.com\/en\/#organization\",\"name\":\"Telpark\",\"url\":\"https:\/\/www.telpark.com\/en\/\",\"logo\":{\"@type\":\"ImageObject\",\"inLanguage\":\"en-US\",\"@id\":\"https:\/\/www.telpark.com\/en\/#\/schema\/logo\/image\/\",\"url\":\"https:\/\/www.telpark.com\/wp-content\/uploads\/2023\/09\/telpark-logo.svg\",\"contentUrl\":\"https:\/\/www.telpark.com\/wp-content\/uploads\/2023\/09\/telpark-logo.svg\",\"width\":128,\"height\":32,\"caption\":\"Telpark\"},\"image\":{\"@id\":\"https:\/\/www.telpark.com\/en\/#\/schema\/logo\/image\/\"},\"sameAs\":[\"https:\/\/twitter.com\/telpark_es\",\"https:\/\/www.instagram.com\/telpark_app\/\",\"https:\/\/www.youtube.com\/channel\/UCm8sjis_xlHU5VYQ6GslW-Q\"]}]}<\/script>\n<!-- \/ Yoast SEO plugin. -->","yoast_head_json":{"title":"Sustainable Mobility Hub - Telpark","description":"Join the largest sustainable mobility hub in Spain. The transformation of mobility in parking lots Enter and find out more!","robots":{"index":"index","follow":"follow","max-snippet":"max-snippet:-1","max-image-preview":"max-image-preview:large","max-video-preview":"max-video-preview:-1"},"canonical":"https:\/\/www.telpark.com\/en\/companies\/telpark-mobility-hub\/","og_locale":"en_US","og_type":"article","og_title":"Sustainable Mobility Hub - Telpark","og_description":"Join the largest sustainable mobility hub in Spain. The transformation of mobility in parking lots Enter and find out more!","og_url":"https:\/\/www.telpark.com\/en\/companies\/telpark-mobility-hub\/","og_site_name":"Telpark","article_modified_time":"2024-06-17T16:26:00+00:00","og_image":[{"width":1930,"height":653,"url":"https:\/\/www.telpark.com\/wp-content\/uploads\/2023\/05\/Banner-Telpark-Mobility-hub.jpg","type":"image\/jpeg"}],"twitter_card":"summary_large_image","twitter_site":"@telpark_es","schema":{"@context":"https:\/\/schema.org","@graph":[{"@type":"WebPage","@id":"https:\/\/www.telpark.com\/en\/companies\/telpark-mobility-hub\/","url":"https:\/\/www.telpark.com\/en\/companies\/telpark-mobility-hub\/","name":"Sustainable Mobility Hub - Telpark","isPartOf":{"@id":"https:\/\/www.telpark.com\/en\/#website"},"datePublished":"2023-05-29T14:14:14+00:00","dateModified":"2024-06-17T16:26:00+00:00","description":"Join the largest sustainable mobility hub in Spain. The transformation of mobility in parking lots Enter and find out more!","breadcrumb":{"@id":"https:\/\/www.telpark.com\/en\/companies\/telpark-mobility-hub\/#breadcrumb"},"inLanguage":"en-US","potentialAction":[{"@type":"ReadAction","target":["https:\/\/www.telpark.com\/en\/companies\/telpark-mobility-hub\/"]}]},{"@type":"BreadcrumbList","@id":"https:\/\/www.telpark.com\/en\/companies\/telpark-mobility-hub\/#breadcrumb","itemListElement":[{"@type":"ListItem","position":1,"name":"Home","item":"https:\/\/www.telpark.com\/en\/"},{"@type":"ListItem","position":2,"name":"Companies","item":"https:\/\/www.telpark.com\/en\/companies\/"},{"@type":"ListItem","position":3,"name":"Mobility Hub"}]},{"@type":"WebSite","@id":"https:\/\/www.telpark.com\/en\/#website","url":"https:\/\/www.telpark.com\/en\/","name":"Telpark","description":"Reserva tu plaza en los mejores aparcamientos. Descarga la app y olv\u00eddate de cajeros o parqu\u00edmetros en m\u00e1s de 100 ciudades en Espa\u00f1a y Portugal","publisher":{"@id":"https:\/\/www.telpark.com\/en\/#organization"},"potentialAction":[{"@type":"SearchAction","target":{"@type":"EntryPoint","urlTemplate":"https:\/\/www.telpark.com\/en\/?s={search_term_string}"},"query-input":"required name=search_term_string"}],"inLanguage":"en-US"},{"@type":"Organization","@id":"https:\/\/www.telpark.com\/en\/#organization","name":"Telpark","url":"https:\/\/www.telpark.com\/en\/","logo":{"@type":"ImageObject","inLanguage":"en-US","@id":"https:\/\/www.telpark.com\/en\/#\/schema\/logo\/image\/","url":"https:\/\/www.telpark.com\/wp-content\/uploads\/2023\/09\/telpark-logo.svg","contentUrl":"https:\/\/www.telpark.com\/wp-content\/uploads\/2023\/09\/telpark-logo.svg","width":128,"height":32,"caption":"Telpark"},"image":{"@id":"https:\/\/www.telpark.com\/en\/#\/schema\/logo\/image\/"},"sameAs":["https:\/\/twitter.com\/telpark_es","https:\/\/www.instagram.com\/telpark_app\/","https:\/\/www.youtube.com\/channel\/UCm8sjis_xlHU5VYQ6GslW-Q"]}]}},"meta_box":[],"_links":{"self":[{"href":"https:\/\/www.telpark.com\/en\/wp-json\/wp\/v2\/pages\/30413"}],"collection":[{"href":"https:\/\/www.telpark.com\/en\/wp-json\/wp\/v2\/pages"}],"about":[{"href":"https:\/\/www.telpark.com\/en\/wp-json\/wp\/v2\/types\/page"}],"author":[{"embeddable":true,"href":"https:\/\/www.telpark.com\/en\/wp-json\/wp\/v2\/users\/15"}],"replies":[{"embeddable":true,"href":"https:\/\/www.telpark.com\/en\/wp-json\/wp\/v2\/comments?post=30413"}],"version-history":[{"count":3,"href":"https:\/\/www.telpark.com\/en\/wp-json\/wp\/v2\/pages\/30413\/revisions"}],"predecessor-version":[{"id":38746,"href":"https:\/\/www.telpark.com\/en\/wp-json\/wp\/v2\/pages\/30413\/revisions\/38746"}],"up":[{"embeddable":true,"href":"https:\/\/www.telpark.com\/en\/wp-json\/wp\/v2\/pages\/22289"}],"wp:featuredmedia":[{"embeddable":true,"href":"https:\/\/www.telpark.com\/en\/wp-json\/wp\/v2\/media\/11787"}],"wp:attachment":[{"href":"https:\/\/www.telpark.com\/en\/wp-json\/wp\/v2\/media?parent=30413"}],"curies":[{"name":"wp","href":"https:\/\/api.w.org\/{rel}","templated":true}]}}