{"id":32429,"date":"2023-05-29T08:52:55","date_gmt":"2023-05-29T07:52:55","guid":{"rendered":"https:\/\/telpark.cmspro.telpark.com\/companies\/publicidad-y-eventos\/"},"modified":"2024-06-17T17:28:09","modified_gmt":"2024-06-17T16:28:09","slug":"publicity-and-events","status":"publish","type":"page","link":"https:\/\/www.telpark.com\/en\/companies\/publicity-and-events\/","title":{"rendered":"Publicity and events"},"content":{"rendered":"\n<section class=\"tpk-hero tpk-hero--products                lower\"\n         style=\"\">\n                        <picture >\n\n                    <source srcset=\"https:\/\/www.telpark.com\/wp-content\/uploads\/2023\/05\/Portada-Bear-Market-publicidad-eventos-e1698075035982-480x640.jpg\" media=\"((min-width: 0rem) and (max-width: 30rem))\">\n                             <source srcset=\"https:\/\/www.telpark.com\/wp-content\/uploads\/2023\/05\/Portada-Bear-Market-publicidad-eventos-e1698075035982-1024x500.jpg\" media=\"(min-width: 30rem) and (max-width: 64rem)\" >\n                            <source srcset=\"https:\/\/www.telpark.com\/wp-content\/uploads\/2023\/05\/Portada-Bear-Market-publicidad-eventos-e1698075035982-1386x640.jpg\" media=\"(min-width: 64rem)\" >\n        \n        \n                                                                                                        \n        <img decoding=\"async\" fetchpriority=\"high\" src=\"https:\/\/www.telpark.com\/wp-content\/uploads\/2023\/05\/Portada-Bear-Market-publicidad-eventos-e1698075035982-1386x640.jpg\" alt=\"\"  width=\"1386\" height=\"640\"  loading=\"eager\">\n    <\/picture>\n\n    \n            <div class=\"tpk-breadcrumb wrapper row\">\n    <nav aria-label=\"Breadcrumb\">\n        <ul>\n                            <li>\n                                            <a href=\"https:\/\/www.telpark.com\/en\/companies\/\">Companies<\/a><span\n                            class=\"tpk-breadcrumb__separator\">><\/span>\n                                    <\/li>\n                            <li>\n                                            <span aria-current=\"page\">Publicity and events<\/span>\n                                    <\/li>\n                    <\/ul>\n    <\/nav>\n<\/div>        <div class=\"tpk-hero__content wrapper row\">\n                    <div class=\"col-xs-12 col-sm-12 pr-h pl-h\">\n                                <header class=\"tpk-head  wrapper\">\n    <p class=\"tpk-head__caption\">M\u00e1s all\u00e1 de un cartel publicitario<\/p>    <h1 class=\"tpk-head__title\">Publicidad y eventos<\/h1>    <\/header>\n            \n                    <\/div>\n    <\/div>\n            <div class=\"tpk-hero__cards row wrapper\">\n                                                                                        <div class=\"col-xs-12 col-sm-12 col-md-4 mb-1 pl-h pr-h\">\n                                                                    <\/div>\n                    <\/div>\n    <\/section>\n<div class=\"tpk-spinner__wrapper\">\n    <div class=\"tpk-spinner\"><\/div>\n<\/div>\n\n<section class=\"tpk-benefits \" >\n    <div class=\"wrapper row center-xs\">\n        <div class=\"col-xs-12 col-sm-10 col-md-8\">\n                <header class=\"tpk-head  wrapper\">\n        <h2 class=\"tpk-head__title\">Nuestros espacios son perfectos para crear una experiencia real e inmersiva a tu cliente objetivo<\/h2>    <p>&nbsp;<\/p>\n<p>\u00bfTe gustar\u00eda darle m\u00e1s visibilidad a tu negocio y llegar a miles de personas todos los d\u00edas? An\u00fanciate en nuestros aparcamientos y ampl\u00eda tu presencia para llegar a m\u00e1s p\u00fablico.<\/p>\n<\/header>        <\/div>\n    <\/div>\n    <div class=\"tpk-benefits__list row wrapper\">\n            <\/div>\n<\/section>\n\n\n<section class=\"tpk-banner-cta tpk-banner-cta--half   \"\n         style=\"                 \">\n    <div class=\"tpk-banner-cta--half__picture\">\n                                    <picture >\n\n                    <source srcset=\"https:\/\/www.telpark.com\/wp-content\/uploads\/2023\/05\/Indautxu-Presentacion-Ford-vehiculo-electrico-460x520.jpg\" media=\"((min-width: 0rem) and (max-width: 30rem))\">\n                             <source srcset=\"https:\/\/www.telpark.com\/wp-content\/uploads\/2023\/05\/Indautxu-Presentacion-Ford-vehiculo-electrico-520x520.jpg\" media=\"(min-width: 30rem) and (max-width: 64rem)\" >\n                            <source srcset=\"https:\/\/www.telpark.com\/wp-content\/uploads\/2023\/05\/Indautxu-Presentacion-Ford-vehiculo-electrico-960x814.jpg\" media=\"(min-width: 64rem)\" >\n        \n        \n                                                                                                        \n        <img decoding=\"async\" src=\"https:\/\/www.telpark.com\/wp-content\/uploads\/2023\/05\/Indautxu-Presentacion-Ford-vehiculo-electrico-960x814.jpg\" alt=\"\"  width=\"960\" height=\"814\"  loading=\"lazy\" >\n    <\/picture>\n\n            <\/div>\n\n    <div class=\"tpk-banner-cta__content row wrapper middle-xs\">\n        <div class=\"col-xs-12 col-md-6 tpk-banner-cta__content__text\">\n                        <header class=\"tpk-head  wrapper\">\n    <p class=\"tpk-head__caption\">Acciones publicitarias<\/p>    <h2 class=\"tpk-head__title\">Publicidad f\u00edsica en el parking<\/h2>    <p>&nbsp;<\/p>\n<p><span class=\"NormalTextRun SCXW205705360 BCX0\">\u00a1Haz tuyo cualquier elemento del parking para promocionarte a lo grande! Desde el suelo hasta las columnas, incluso nuestras pantallas digitales est\u00e1n disponibles para tu marca.<\/span><\/p>\n<p><span class=\"NormalTextRun SCXW205705360 BCX0\">Disfruta de opciones como lonas, carteler\u00eda, publicidad en tiques, barreras, ascensores, mupys, columnas y pantallas digitales en m\u00e1s de 80 aparcamientos.<br \/><\/span><\/p>\n<p><span class=\"NormalTextRun SCXW205705360 BCX0\">\u00a0<\/span><\/p>\n<\/header>            <div class=\"tpk-banner-cta__buttons\">\n                            <\/div>\n        <\/div>\n    <\/div>\n<\/section>\n\n\n<section class=\"tpk-banner-cta tpk-banner-cta--half  reverse   \"\n         style=\"                 \">\n    <div class=\"tpk-banner-cta--half__picture\">\n                                    <picture >\n\n                    <source srcset=\"https:\/\/www.telpark.com\/wp-content\/uploads\/2023\/03\/Parking-el-arenal-Javea-Alicante.jpg\" media=\"((min-width: 0rem) and (max-width: 30rem))\">\n                             <source srcset=\"https:\/\/www.telpark.com\/wp-content\/uploads\/2023\/03\/Parking-el-arenal-Javea-Alicante.jpg\" media=\"(min-width: 30rem) and (max-width: 64rem)\" >\n                            <source srcset=\"https:\/\/www.telpark.com\/wp-content\/uploads\/2023\/03\/Parking-el-arenal-Javea-Alicante.jpg\" media=\"(min-width: 64rem)\" >\n        \n        \n                                                                                                        \n        <img decoding=\"async\" src=\"https:\/\/www.telpark.com\/wp-content\/uploads\/2023\/03\/Parking-el-arenal-Javea-Alicante.jpg\" alt=\"\"  width=\"448\" height=\"324\"  loading=\"lazy\" >\n    <\/picture>\n\n            <\/div>\n\n    <div class=\"tpk-banner-cta__content row wrapper middle-xs\">\n        <div class=\"col-xs-12 col-md-6 tpk-banner-cta__content__text\">\n                        <header class=\"tpk-head  wrapper\">\n    <p class=\"tpk-head__caption\">Acciones publicitarias<\/p>    <h2 class=\"tpk-head__title\">Espacios y eventos personalizados<\/h2>    <p>\u00bfQuieres montar un evento en uno de nuestrosparkings? Est\u00e1s en el lugar indicado. Carreras de karts, presentaci\u00f3n de veh\u00edculos o cualquier evento que se te ocurra. Ponte en contacto con nosotros y cu\u00e9ntanos tu idea. Seguro encontramos la forma de hacerla real.<\/p>\n<\/header>            <div class=\"tpk-banner-cta__buttons\">\n                            <\/div>\n        <\/div>\n    <\/div>\n<\/section>\n\n<section class=\"tpk-form\">\n   <div class=\"wrapper pl-1 pr-1 row center-xs \">\n        <div class=\"col-xs-12 col-sm-10 col-md-8 col-no-gutter\">\n                        <header class=\"tpk-head  wrapper\">\n    <p class=\"tpk-head__caption\">Contact for companies<\/p>    <h2 class=\"tpk-head__title\">Tell us what you need and we will find the best solution for your company<\/h2>    <\/header>        <\/div>\n    <\/div>\n\n            \n<div class=\"wpcf7 no-js\" id=\"wpcf7-f38738-o1\" lang=\"en-US\" dir=\"ltr\">\n<div class=\"screen-reader-response\"><p role=\"status\" aria-live=\"polite\" aria-atomic=\"true\"><\/p> <ul><\/ul><\/div>\n<form action=\"\/en\/wp-json\/wp\/v2\/pages\/32429#wpcf7-f38738-o1\" method=\"post\" class=\"wpcf7-form init\" aria-label=\"Contact form\" novalidate=\"novalidate\" data-status=\"init\">\n<div style=\"display: none;\">\n<input type=\"hidden\" name=\"_wpcf7\" value=\"38738\" \/>\n<input type=\"hidden\" name=\"_wpcf7_version\" value=\"5.7.7\" \/>\n<input type=\"hidden\" name=\"_wpcf7_locale\" value=\"en_US\" \/>\n<input type=\"hidden\" name=\"_wpcf7_unit_tag\" value=\"wpcf7-f38738-o1\" \/>\n<input type=\"hidden\" name=\"_wpcf7_container_post\" value=\"0\" \/>\n<input type=\"hidden\" name=\"_wpcf7_posted_data_hash\" value=\"\" \/>\n<\/div>\n<div class=\"wrapper row pt-4 bottom-xs center-xs\">\n\t<div class=\"col-xs-12 col-sm-12 col-md-6\">\n\t\t<div class=\"tpk-input-group\">\n\t\t\t<div class=\"tpk-input__wrapper\">\n\t\t\t\t<div class=\"tpk-input tpk-input-text\">\n\t\t\t\t\t<p><span class=\"wpcf7-form-control-wrap\" data-name=\"name1\"><input size=\"40\" maxlength=\"40\" class=\"wpcf7-form-control wpcf7-text wpcf7-validates-as-required\" id=\"name1\" aria-required=\"true\" aria-invalid=\"false\" placeholder=\"Nombre y apellidos\" value=\"\" type=\"text\" name=\"name1\" \/><\/span><label for=\"name1\"> Nombre y apellidos*<\/label>\n\t\t\t\t\t<\/p>\n\t\t\t\t<\/div>\n\t\t\t<\/div>\n\t\t\t<p class=\"tpk-input-group__help\">\n\t\t\t<\/p>\n\t\t<\/div>\n\t\t<div class=\"tpk-input-group\">\n\t\t\t<div class=\"tpk-input__wrapper\">\n\t\t\t\t<div class=\"tpk-input tpk-input-text\">\n\t\t\t\t\t<p><span class=\"wpcf7-form-control-wrap\" data-name=\"cargo\"><input size=\"40\" maxlength=\"30\" class=\"wpcf7-form-control wpcf7-text wpcf7-validates-as-required\" id=\"cargo\" aria-required=\"true\" aria-invalid=\"false\" placeholder=\"Cargo\" value=\"\" type=\"text\" name=\"cargo\" \/><\/span><label for=\"cargo\"> Cargo de empresa *<\/label>\n\t\t\t\t\t<\/p>\n\t\t\t\t<\/div>\n\t\t\t<\/div>\n\t\t\t<p class=\"tpk-input-group__help\">\n\t\t\t<\/p>\n\t\t<\/div>\n\t\t<div class=\"tpk-input-group\">\n\t\t\t<div class=\"tpk-input__wrapper\">\n\t\t\t\t<div class=\"tpk-input tpk-input-email\">\n\t\t\t\t\t<p><span class=\"wpcf7-form-control-wrap\" data-name=\"email\"><input size=\"40\" maxlength=\"30\" class=\"wpcf7-form-control wpcf7-text wpcf7-email wpcf7-validates-as-required wpcf7-validates-as-email\" id=\"email\" aria-required=\"true\" aria-invalid=\"false\" placeholder=\"Email\" value=\"\" type=\"email\" name=\"email\" \/><\/span><label for=\"email\">Email de empresa *<\/label>\n\t\t\t\t\t<\/p>\n\t\t\t\t<\/div>\n\t\t\t<\/div>\n\t\t\t<p class=\"tpk-input-group__help\">\n\t\t\t<\/p>\n\t\t<\/div>\n\t\t<div class=\"tpk-input-group\">\n\t\t\t<div class=\"tpk-input__wrapper\">\n\t\t\t\t<div class=\"tpk-input tpk-input-text\">\n\t\t\t\t\t<p><span class=\"wpcf7-form-control-wrap\" data-name=\"subject\"><input size=\"40\" maxlength=\"40\" class=\"wpcf7-form-control wpcf7-text\" id=\"subject\" aria-invalid=\"false\" placeholder=\"Asunto\" value=\"\" type=\"text\" name=\"subject\" \/><\/span><label for=\"subject\">Asunto<\/label>\n\t\t\t\t\t<\/p>\n\t\t\t\t<\/div>\n\t\t\t<\/div>\n\t\t\t<p class=\"tpk-input-group__help\">\n\t\t\t<\/p>\n\t\t<\/div>\n\t\t<div class=\"tpk-input-group\">\n\t\t\t<div class=\"tpk-input__wrapper\">\n\t\t\t\t<div class=\"tpk-input tpk-input-dropdown\">\n\t\t\t\t\t<p><span class=\"wpcf7-form-control-wrap\" data-name=\"dropdown\"><select class=\"wpcf7-form-control wpcf7-select wide\" id=\"dropdown\" aria-invalid=\"false\" name=\"dropdown\"><option value=\"Selecciona tu sector empresarial\" selected=\"selected\">Selecciona tu sector empresarial<\/option><option value=\"Tecnolog\u00eda\">Tecnolog\u00eda<\/option><option value=\"Turismo\">Turismo<\/option><option value=\"Viajes\">Viajes<\/option><option value=\"Alquiler de coches\">Alquiler de coches<\/option><option value=\"Hosteler\u00eda\">Hosteler\u00eda<\/option><\/select><\/span>\n\t\t\t\t\t<\/p>\n\t\t\t\t<\/div>\n\t\t\t<\/div>\n\t\t\t<p class=\"tpk-input-group__help\">\n\t\t\t<\/p>\n\t\t<\/div>\n\t\t<div class=\"tpk-input-group\">\n\t\t\t<div class=\"tpk-input__wrapper\">\n\t\t\t\t<div class=\"tpk-input tpk-input-textarea\">\n\t\t\t\t\t<p><span class=\"wpcf7-form-control-wrap\" data-name=\"textarea\"><textarea cols=\"40\" rows=\"10\" class=\"wpcf7-form-control wpcf7-textarea\" id=\"textarea\" aria-invalid=\"false\" placeholder=\"Descripci\u00f3n\" name=\"textarea\"><\/textarea><\/span><label for=\"name\">Descripci\u00f3n<\/label>\n\t\t\t\t\t<\/p>\n\t\t\t\t<\/div>\n\t\t\t<\/div>\n\t\t\t<p class=\"tpk-input-group__help\">\n\t\t\t<\/p>\n\t\t<\/div>\n\t<\/div>\n\t<div class=\"col-xs-12 col-sm-12 col-md-6\">\n\t\t<div>\n\t\t\t<p>No se atenderan consultar no relacionadas con las empresas\n\t\t\t<\/p>\n\t\t<\/div>\n\t\t<div class=\"tpk-checkbox\">\n\t\t\t<p><span class=\"wpcf7-form-control-wrap\" data-name=\"checkboxNewslettera\"><span class=\"wpcf7-form-control wpcf7-acceptance optional\"><span class=\"wpcf7-list-item\"><label><input type=\"checkbox\" name=\"checkboxNewslettera\" value=\"1\" class=\"tpk-checkbox__input\" id=\"checkboxNewslettera\" aria-invalid=\"false\" \/><span class=\"wpcf7-list-item-label\">Consiento que mis datos personales sean utilizados para ponerse en contacto conmigo sobre productos o servicios del Grupo Empark o de terceros, relacionados con los sectores de aparcamiento y de pago electr\u00f3nico.<\/span><\/label><\/span><\/span><\/span>\n\t\t\t<\/p>\n\t\t<\/div>\n\t\t<div class=\"tpk-checkbox\">\n\t\t\t<p><span class=\"wpcf7-form-control-wrap\" data-name=\"checkboxNewslettera2\"><span class=\"wpcf7-form-control wpcf7-acceptance optional\"><span class=\"wpcf7-list-item\"><label><input type=\"checkbox\" name=\"checkboxNewslettera2\" value=\"1\" class=\"tpk-checkbox__input\" id=\"checkboxNewslettera2\" aria-invalid=\"false\" \/><span class=\"wpcf7-list-item-label\">Consiento que mis datos personales sean utilizados para el env\u00edo de comunicaciones sobre oportunidades profesionales sobre el Grupo Empark.<\/span><\/label><\/span><\/span><\/span>\n\t\t\t<\/p>\n\t\t<\/div>\n\t\t<div class=\"tpk-checkbox\">\n\t\t\t<p><span class=\"wpcf7-form-control-wrap\" data-name=\"checkboxNewslettera3\"><span class=\"wpcf7-form-control wpcf7-acceptance\"><span class=\"wpcf7-list-item\"><label><input type=\"checkbox\" name=\"checkboxNewslettera3\" value=\"1\" class=\"tpk-checkbox__input\" id=\"checkboxNewslettera3\" aria-invalid=\"false\" \/><span class=\"wpcf7-list-item-label\">He leido la Pol\u00edtica de privacidad (obligatorio para el env\u00edo)<\/span><\/label><\/span><\/span><\/span>\n\t\t\t<\/p>\n\t\t<\/div>\n\t<\/div>\n\t<div class=\"col-xs-12 pt-4 tpk-form__buttons\">\n\t\t<p><input class=\"wpcf7-form-control has-spinner wpcf7-submit tpk-button tpk-button--primary tpk-button--lg\" type=\"submit\" value=\"Enviar\" \/>\n\t\t<\/p>\n\t<\/div>\n<\/div><div class=\"wpcf7-response-output\" aria-hidden=\"true\"><\/div>\n<\/form>\n<\/div>\n\n    <\/section>","protected":false},"excerpt":{"rendered":"","protected":false},"author":12,"featured_media":11723,"parent":22289,"menu_order":0,"comment_status":"closed","ping_status":"closed","template":"","meta":{"footnotes":""},"yoast_head":"<!-- This site is optimized with the Yoast SEO plugin v20.12 - https:\/\/yoast.com\/wordpress\/plugins\/seo\/ -->\n<title>Publicidad en parkings para empresas | Telpark<\/title>\n<meta name=\"description\" content=\"Dale visibilidad a tu negocio y consigue ser visto por miles de personas cada d\u00eda. Pon publicidad en parkings Telpark en m\u00faltiples formatos.\" \/>\n<meta name=\"robots\" content=\"index, follow, max-snippet:-1, max-image-preview:large, max-video-preview:-1\" \/>\n<link rel=\"canonical\" href=\"https:\/\/www.telpark.com\/en\/companies\/publicity-and-events\/\" \/>\n<meta property=\"og:locale\" content=\"en_US\" \/>\n<meta property=\"og:type\" content=\"article\" \/>\n<meta property=\"og:title\" content=\"Publicidad en parkings para empresas | Telpark\" \/>\n<meta property=\"og:description\" content=\"Dale visibilidad a tu negocio y consigue ser visto por miles de personas cada d\u00eda. Pon publicidad en parkings Telpark en m\u00faltiples formatos.\" \/>\n<meta property=\"og:url\" content=\"https:\/\/www.telpark.com\/en\/companies\/publicity-and-events\/\" \/>\n<meta property=\"og:site_name\" content=\"Telpark\" \/>\n<meta property=\"article:modified_time\" content=\"2024-06-17T16:28:09+00:00\" \/>\n<meta property=\"og:image\" content=\"https:\/\/www.telpark.com\/wp-content\/uploads\/2023\/05\/Portada-Bear-Market-publicidad-eventos-e1698075035982.jpg\" \/>\n\t<meta property=\"og:image:width\" content=\"1930\" \/>\n\t<meta property=\"og:image:height\" content=\"653\" \/>\n\t<meta property=\"og:image:type\" content=\"image\/jpeg\" \/>\n<meta name=\"twitter:card\" content=\"summary_large_image\" \/>\n<meta name=\"twitter:site\" content=\"@telpark_es\" \/>\n<script type=\"application\/ld+json\" class=\"yoast-schema-graph\">{\"@context\":\"https:\/\/schema.org\",\"@graph\":[{\"@type\":\"WebPage\",\"@id\":\"https:\/\/www.telpark.com\/en\/companies\/publicity-and-events\/\",\"url\":\"https:\/\/www.telpark.com\/en\/companies\/publicity-and-events\/\",\"name\":\"Publicidad en parkings para empresas | Telpark\",\"isPartOf\":{\"@id\":\"https:\/\/www.telpark.com\/en\/#website\"},\"datePublished\":\"2023-05-29T07:52:55+00:00\",\"dateModified\":\"2024-06-17T16:28:09+00:00\",\"description\":\"Dale visibilidad a tu negocio y consigue ser visto por miles de personas cada d\u00eda. Pon publicidad en parkings Telpark en m\u00faltiples formatos.\",\"breadcrumb\":{\"@id\":\"https:\/\/www.telpark.com\/en\/companies\/publicity-and-events\/#breadcrumb\"},\"inLanguage\":\"en-US\",\"potentialAction\":[{\"@type\":\"ReadAction\",\"target\":[\"https:\/\/www.telpark.com\/en\/companies\/publicity-and-events\/\"]}]},{\"@type\":\"BreadcrumbList\",\"@id\":\"https:\/\/www.telpark.com\/en\/companies\/publicity-and-events\/#breadcrumb\",\"itemListElement\":[{\"@type\":\"ListItem\",\"position\":1,\"name\":\"Home\",\"item\":\"https:\/\/www.telpark.com\/en\/\"},{\"@type\":\"ListItem\",\"position\":2,\"name\":\"Companies\",\"item\":\"https:\/\/www.telpark.com\/en\/companies\/\"},{\"@type\":\"ListItem\",\"position\":3,\"name\":\"Publicity and events\"}]},{\"@type\":\"WebSite\",\"@id\":\"https:\/\/www.telpark.com\/en\/#website\",\"url\":\"https:\/\/www.telpark.com\/en\/\",\"name\":\"Telpark\",\"description\":\"Reserva tu plaza en los mejores aparcamientos. Descarga la app y olv\u00eddate de cajeros o parqu\u00edmetros en m\u00e1s de 100 ciudades en Espa\u00f1a y Portugal\",\"publisher\":{\"@id\":\"https:\/\/www.telpark.com\/en\/#organization\"},\"potentialAction\":[{\"@type\":\"SearchAction\",\"target\":{\"@type\":\"EntryPoint\",\"urlTemplate\":\"https:\/\/www.telpark.com\/en\/?s={search_term_string}\"},\"query-input\":\"required name=search_term_string\"}],\"inLanguage\":\"en-US\"},{\"@type\":\"Organization\",\"@id\":\"https:\/\/www.telpark.com\/en\/#organization\",\"name\":\"Telpark\",\"url\":\"https:\/\/www.telpark.com\/en\/\",\"logo\":{\"@type\":\"ImageObject\",\"inLanguage\":\"en-US\",\"@id\":\"https:\/\/www.telpark.com\/en\/#\/schema\/logo\/image\/\",\"url\":\"https:\/\/www.telpark.com\/wp-content\/uploads\/2023\/09\/telpark-logo.svg\",\"contentUrl\":\"https:\/\/www.telpark.com\/wp-content\/uploads\/2023\/09\/telpark-logo.svg\",\"width\":128,\"height\":32,\"caption\":\"Telpark\"},\"image\":{\"@id\":\"https:\/\/www.telpark.com\/en\/#\/schema\/logo\/image\/\"},\"sameAs\":[\"https:\/\/twitter.com\/telpark_es\",\"https:\/\/www.instagram.com\/telpark_app\/\",\"https:\/\/www.youtube.com\/channel\/UCm8sjis_xlHU5VYQ6GslW-Q\"]}]}<\/script>\n<!-- \/ Yoast SEO plugin. -->","yoast_head_json":{"title":"Publicidad en parkings para empresas | Telpark","description":"Dale visibilidad a tu negocio y consigue ser visto por miles de personas cada d\u00eda. Pon publicidad en parkings Telpark en m\u00faltiples formatos.","robots":{"index":"index","follow":"follow","max-snippet":"max-snippet:-1","max-image-preview":"max-image-preview:large","max-video-preview":"max-video-preview:-1"},"canonical":"https:\/\/www.telpark.com\/en\/companies\/publicity-and-events\/","og_locale":"en_US","og_type":"article","og_title":"Publicidad en parkings para empresas | Telpark","og_description":"Dale visibilidad a tu negocio y consigue ser visto por miles de personas cada d\u00eda. Pon publicidad en parkings Telpark en m\u00faltiples formatos.","og_url":"https:\/\/www.telpark.com\/en\/companies\/publicity-and-events\/","og_site_name":"Telpark","article_modified_time":"2024-06-17T16:28:09+00:00","og_image":[{"width":1930,"height":653,"url":"https:\/\/www.telpark.com\/wp-content\/uploads\/2023\/05\/Portada-Bear-Market-publicidad-eventos-e1698075035982.jpg","type":"image\/jpeg"}],"twitter_card":"summary_large_image","twitter_site":"@telpark_es","schema":{"@context":"https:\/\/schema.org","@graph":[{"@type":"WebPage","@id":"https:\/\/www.telpark.com\/en\/companies\/publicity-and-events\/","url":"https:\/\/www.telpark.com\/en\/companies\/publicity-and-events\/","name":"Publicidad en parkings para empresas | Telpark","isPartOf":{"@id":"https:\/\/www.telpark.com\/en\/#website"},"datePublished":"2023-05-29T07:52:55+00:00","dateModified":"2024-06-17T16:28:09+00:00","description":"Dale visibilidad a tu negocio y consigue ser visto por miles de personas cada d\u00eda. Pon publicidad en parkings Telpark en m\u00faltiples formatos.","breadcrumb":{"@id":"https:\/\/www.telpark.com\/en\/companies\/publicity-and-events\/#breadcrumb"},"inLanguage":"en-US","potentialAction":[{"@type":"ReadAction","target":["https:\/\/www.telpark.com\/en\/companies\/publicity-and-events\/"]}]},{"@type":"BreadcrumbList","@id":"https:\/\/www.telpark.com\/en\/companies\/publicity-and-events\/#breadcrumb","itemListElement":[{"@type":"ListItem","position":1,"name":"Home","item":"https:\/\/www.telpark.com\/en\/"},{"@type":"ListItem","position":2,"name":"Companies","item":"https:\/\/www.telpark.com\/en\/companies\/"},{"@type":"ListItem","position":3,"name":"Publicity and events"}]},{"@type":"WebSite","@id":"https:\/\/www.telpark.com\/en\/#website","url":"https:\/\/www.telpark.com\/en\/","name":"Telpark","description":"Reserva tu plaza en los mejores aparcamientos. Descarga la app y olv\u00eddate de cajeros o parqu\u00edmetros en m\u00e1s de 100 ciudades en Espa\u00f1a y Portugal","publisher":{"@id":"https:\/\/www.telpark.com\/en\/#organization"},"potentialAction":[{"@type":"SearchAction","target":{"@type":"EntryPoint","urlTemplate":"https:\/\/www.telpark.com\/en\/?s={search_term_string}"},"query-input":"required name=search_term_string"}],"inLanguage":"en-US"},{"@type":"Organization","@id":"https:\/\/www.telpark.com\/en\/#organization","name":"Telpark","url":"https:\/\/www.telpark.com\/en\/","logo":{"@type":"ImageObject","inLanguage":"en-US","@id":"https:\/\/www.telpark.com\/en\/#\/schema\/logo\/image\/","url":"https:\/\/www.telpark.com\/wp-content\/uploads\/2023\/09\/telpark-logo.svg","contentUrl":"https:\/\/www.telpark.com\/wp-content\/uploads\/2023\/09\/telpark-logo.svg","width":128,"height":32,"caption":"Telpark"},"image":{"@id":"https:\/\/www.telpark.com\/en\/#\/schema\/logo\/image\/"},"sameAs":["https:\/\/twitter.com\/telpark_es","https:\/\/www.instagram.com\/telpark_app\/","https:\/\/www.youtube.com\/channel\/UCm8sjis_xlHU5VYQ6GslW-Q"]}]}},"meta_box":[],"_links":{"self":[{"href":"https:\/\/www.telpark.com\/en\/wp-json\/wp\/v2\/pages\/32429"}],"collection":[{"href":"https:\/\/www.telpark.com\/en\/wp-json\/wp\/v2\/pages"}],"about":[{"href":"https:\/\/www.telpark.com\/en\/wp-json\/wp\/v2\/types\/page"}],"author":[{"embeddable":true,"href":"https:\/\/www.telpark.com\/en\/wp-json\/wp\/v2\/users\/12"}],"replies":[{"embeddable":true,"href":"https:\/\/www.telpark.com\/en\/wp-json\/wp\/v2\/comments?post=32429"}],"version-history":[{"count":3,"href":"https:\/\/www.telpark.com\/en\/wp-json\/wp\/v2\/pages\/32429\/revisions"}],"predecessor-version":[{"id":38749,"href":"https:\/\/www.telpark.com\/en\/wp-json\/wp\/v2\/pages\/32429\/revisions\/38749"}],"up":[{"embeddable":true,"href":"https:\/\/www.telpark.com\/en\/wp-json\/wp\/v2\/pages\/22289"}],"wp:featuredmedia":[{"embeddable":true,"href":"https:\/\/www.telpark.com\/en\/wp-json\/wp\/v2\/media\/11723"}],"wp:attachment":[{"href":"https:\/\/www.telpark.com\/en\/wp-json\/wp\/v2\/media?parent=32429"}],"curies":[{"name":"wp","href":"https:\/\/api.w.org\/{rel}","templated":true}]}}