{"id":4756,"date":"2023-02-16T10:02:14","date_gmt":"2023-02-16T09:02:14","guid":{"rendered":"https:\/\/telpark.cmspro.telpark.com\/faqs\/"},"modified":"2024-12-13T12:01:25","modified_gmt":"2024-12-13T11:01:25","slug":"faqs","status":"publish","type":"page","link":"https:\/\/www.telpark.com\/en\/faqs\/","title":{"rendered":"Help Categories"},"content":{"rendered":"<section id=\"tpk-faqs\"\n         class=\"tpk-faqs  \">\n                <div class=\"wrapper pl-1 pr-1\">\n                        <header class=\"tpk-head  wrapper\">\n        <h1 class=\"tpk-head__title\">Help Categories<\/h1>    <p>Find answers to frequently asked questions below. If you don't find what you're looking for, get in touch.<\/p>\n<\/header>        <\/div>\n        <div class=\"wrapper row\">\n                                        <div class=\"col-xs-12 col-sm-12 col-md-5 \">\n        <div class=\"tpk-faq\">\n            <a  href=\"https:\/\/www.telpark.com\/en\/faq\/about-telpark\/\"  class=\"tpk-faq__button\"\n               data-id=\"360\"  data-type=\"childs\"  >\n                                    <span class=\"icon icon-telpark icon--sm mr-1\"><\/span>\n                                About Telpark\n                <span class=\"icon icon-chevron-right icon--sm\"><\/span>\n            <\/a>\n        <\/div>\n    <\/div>\n    <div class=\"col-xs-12 col-sm-12 col-md-5 col-md-offset-2\">\n        <div class=\"tpk-faq\">\n            <a  href=\"https:\/\/www.telpark.com\/en\/faq\/electric-charge\/\"  class=\"tpk-faq__button\"\n               data-id=\"332\"  data-type=\"childs\"  >\n                                    <span class=\"icon icon-car-electric icon--sm mr-1\"><\/span>\n                                Electric charge\n                <span class=\"icon icon-chevron-right icon--sm\"><\/span>\n            <\/a>\n        <\/div>\n    <\/div>\n    <div class=\"col-xs-12 col-sm-12 col-md-5 \">\n        <div class=\"tpk-faq\">\n            <a  href=\"https:\/\/www.telpark.com\/en\/faq\/express-entry\/\"  class=\"tpk-faq__button\"\n               data-id=\"337\"  data-type=\"childs\"  >\n                                    <span class=\"icon icon-car-express icon--sm mr-1\"><\/span>\n                                Express Entry\n                <span class=\"icon icon-chevron-right icon--sm\"><\/span>\n            <\/a>\n        <\/div>\n    <\/div>\n    <div class=\"col-xs-12 col-sm-12 col-md-5 col-md-offset-2\">\n        <div class=\"tpk-faq\">\n            <a  href=\"https:\/\/www.telpark.com\/en\/faq\/how_to_spot_a_scam-en\/\"  class=\"tpk-faq__button\"\n               data-id=\"3754\"  data-type=\"faqs\" >\n                                    <span class=\"icon icon-alert icon--sm mr-1\"><\/span>\n                                How to spot a scam\n                <span class=\"icon icon-chevron-right icon--sm\"><\/span>\n            <\/a>\n        <\/div>\n    <\/div>\n    <div class=\"col-xs-12 col-sm-12 col-md-5 \">\n        <div class=\"tpk-faq\">\n            <a  href=\"https:\/\/www.telpark.com\/en\/faq\/multipass-en\/\"  class=\"tpk-faq__button\"\n               data-id=\"345\"  data-type=\"childs\"  >\n                                    <span class=\"icon icon-multipass icon--sm mr-1\"><\/span>\n                                Multipass\n                <span class=\"icon icon-chevron-right icon--sm\"><\/span>\n            <\/a>\n        <\/div>\n    <\/div>\n    <div class=\"col-xs-12 col-sm-12 col-md-5 col-md-offset-2\">\n        <div class=\"tpk-faq\">\n            <a  href=\"https:\/\/www.telpark.com\/en\/faq\/my-account\/\"  class=\"tpk-faq__button\"\n               data-id=\"340\"  data-type=\"childs\"  >\n                                    <span class=\"icon icon-personal-data icon--sm mr-1\"><\/span>\n                                My account\n                <span class=\"icon icon-chevron-right icon--sm\"><\/span>\n            <\/a>\n        <\/div>\n    <\/div>\n    <div class=\"col-xs-12 col-sm-12 col-md-5 \">\n        <div class=\"tpk-faq\">\n            <a  href=\"https:\/\/www.telpark.com\/en\/faq\/offenses\/\"  class=\"tpk-faq__button\"\n               data-id=\"334\"  data-type=\"childs\"  >\n                                    <span class=\"icon icon-offenses icon--sm mr-1\"><\/span>\n                                Offenses\n                <span class=\"icon icon-chevron-right icon--sm\"><\/span>\n            <\/a>\n        <\/div>\n    <\/div>\n    <div class=\"col-xs-12 col-sm-12 col-md-5 col-md-offset-2\">\n        <div class=\"tpk-faq\">\n            <a  href=\"https:\/\/www.telpark.com\/en\/faq\/parking-meter\/\"  class=\"tpk-faq__button\"\n               data-id=\"350\"  data-type=\"childs\"  >\n                                    <span class=\"icon icon-parkimeter icon--sm mr-1\"><\/span>\n                                Parking meter\n                <span class=\"icon icon-chevron-right icon--sm\"><\/span>\n            <\/a>\n        <\/div>\n    <\/div>\n    <div class=\"col-xs-12 col-sm-12 col-md-5 \">\n        <div class=\"tpk-faq\">\n            <a  href=\"https:\/\/www.telpark.com\/en\/faq\/payments-and-billing\/\"  class=\"tpk-faq__button\"\n               data-id=\"347\"  data-type=\"childs\"  >\n                                    <span class=\"icon icon-payments icon--sm mr-1\"><\/span>\n                                Payments and billing\n                <span class=\"icon icon-chevron-right icon--sm\"><\/span>\n            <\/a>\n        <\/div>\n    <\/div>\n    <div class=\"col-xs-12 col-sm-12 col-md-5 col-md-offset-2\">\n        <div class=\"tpk-faq\">\n            <a  href=\"https:\/\/www.telpark.com\/en\/faq\/prebooks\/\"  class=\"tpk-faq__button\"\n               data-id=\"355\"  data-type=\"childs\"  >\n                                    <span class=\"icon icon-reserva icon--sm mr-1\"><\/span>\n                                Prebooks\n                <span class=\"icon icon-chevron-right icon--sm\"><\/span>\n            <\/a>\n        <\/div>\n    <\/div>\n    <div class=\"col-xs-12 col-sm-12 col-md-5 \">\n        <div class=\"tpk-faq\">\n            <a  href=\"https:\/\/www.telpark.com\/en\/faq\/season-passes\/\"  class=\"tpk-faq__button\"\n               data-id=\"639\"  data-type=\"childs\"  >\n                                    <span class=\"icon icon-bono icon--sm mr-1\"><\/span>\n                                Season passes\n                <span class=\"icon icon-chevron-right icon--sm\"><\/span>\n            <\/a>\n        <\/div>\n    <\/div>\n    <div class=\"col-xs-12 col-sm-12 col-md-5 col-md-offset-2\">\n        <div class=\"tpk-faq\">\n            <a  href=\"https:\/\/www.telpark.com\/en\/faq\/technical-support\/\"  class=\"tpk-faq__button\"\n               data-id=\"640\"  data-type=\"faqs\" >\n                                    <span class=\"icon icon-chat icon--sm mr-1\"><\/span>\n                                Technical support\n                <span class=\"icon icon-chevron-right icon--sm\"><\/span>\n            <\/a>\n        <\/div>\n    <\/div>\n    <div class=\"col-xs-12 col-sm-12 col-md-5 \">\n        <div class=\"tpk-faq\">\n            <a  href=\"https:\/\/www.telpark.com\/en\/faq\/telpark-business-en\/\"  class=\"tpk-faq__button\"\n               data-id=\"3769\"  data-type=\"faqs\" >\n                                    <span class=\"icon icon-city icon--sm mr-1\"><\/span>\n                                telpark Business\n                <span class=\"icon icon-chevron-right icon--sm\"><\/span>\n            <\/a>\n        <\/div>\n    <\/div>\n                        <\/div>\n    <\/section>\n","protected":false},"excerpt":{"rendered":"","protected":false},"author":1,"featured_media":0,"parent":0,"menu_order":0,"comment_status":"closed","ping_status":"closed","template":"template-faqs.php","meta":{"footnotes":""},"yoast_head":"<!-- This site is optimized with the Yoast SEO plugin v20.12 - https:\/\/yoast.com\/wordpress\/plugins\/seo\/ -->\n<title>Help - FAQs | telpark<\/title>\n<meta name=\"description\" content=\"Find answers to your most frequently asked questions about telpark and its products on our FAQs page. Quick and helpful solutions.\" \/>\n<meta name=\"robots\" content=\"index, follow, max-snippet:-1, max-image-preview:large, max-video-preview:-1\" \/>\n<link rel=\"canonical\" href=\"https:\/\/www.telpark.com\/en\/faqs\/\" \/>\n<meta property=\"og:locale\" content=\"en_US\" \/>\n<meta property=\"og:type\" content=\"article\" \/>\n<meta property=\"og:title\" content=\"Help - FAQs | telpark\" \/>\n<meta property=\"og:description\" content=\"Find answers to your most frequently asked questions about telpark and its products on our FAQs page. Quick and helpful solutions.\" \/>\n<meta property=\"og:url\" content=\"https:\/\/www.telpark.com\/en\/faqs\/\" \/>\n<meta property=\"og:site_name\" content=\"Telpark\" \/>\n<meta property=\"article:modified_time\" content=\"2024-12-13T11:01:25+00:00\" \/>\n<meta name=\"twitter:card\" content=\"summary_large_image\" \/>\n<meta name=\"twitter:site\" content=\"@telpark_es\" \/>\n<script type=\"application\/ld+json\" class=\"yoast-schema-graph\">{\"@context\":\"https:\/\/schema.org\",\"@graph\":[{\"@type\":\"WebPage\",\"@id\":\"https:\/\/www.telpark.com\/en\/faqs\/\",\"url\":\"https:\/\/www.telpark.com\/en\/faqs\/\",\"name\":\"Help - FAQs | telpark\",\"isPartOf\":{\"@id\":\"https:\/\/www.telpark.com\/en\/#website\"},\"datePublished\":\"2023-02-16T09:02:14+00:00\",\"dateModified\":\"2024-12-13T11:01:25+00:00\",\"description\":\"Find answers to your most frequently asked questions about telpark and its products on our FAQs page. Quick and helpful solutions.\",\"breadcrumb\":{\"@id\":\"https:\/\/www.telpark.com\/en\/faqs\/#breadcrumb\"},\"inLanguage\":\"en-US\",\"potentialAction\":[{\"@type\":\"ReadAction\",\"target\":[\"https:\/\/www.telpark.com\/en\/faqs\/\"]}]},{\"@type\":\"BreadcrumbList\",\"@id\":\"https:\/\/www.telpark.com\/en\/faqs\/#breadcrumb\",\"itemListElement\":[{\"@type\":\"ListItem\",\"position\":1,\"name\":\"Home\",\"item\":\"https:\/\/www.telpark.com\/en\/\"},{\"@type\":\"ListItem\",\"position\":2,\"name\":\"Help Categories\"}]},{\"@type\":\"WebSite\",\"@id\":\"https:\/\/www.telpark.com\/en\/#website\",\"url\":\"https:\/\/www.telpark.com\/en\/\",\"name\":\"Telpark\",\"description\":\"Reserva tu plaza en los mejores aparcamientos. Descarga la app y olv\u00eddate de cajeros o parqu\u00edmetros en m\u00e1s de 100 ciudades en Espa\u00f1a y Portugal\",\"publisher\":{\"@id\":\"https:\/\/www.telpark.com\/en\/#organization\"},\"potentialAction\":[{\"@type\":\"SearchAction\",\"target\":{\"@type\":\"EntryPoint\",\"urlTemplate\":\"https:\/\/www.telpark.com\/en\/?s={search_term_string}\"},\"query-input\":\"required name=search_term_string\"}],\"inLanguage\":\"en-US\"},{\"@type\":\"Organization\",\"@id\":\"https:\/\/www.telpark.com\/en\/#organization\",\"name\":\"Telpark\",\"url\":\"https:\/\/www.telpark.com\/en\/\",\"logo\":{\"@type\":\"ImageObject\",\"inLanguage\":\"en-US\",\"@id\":\"https:\/\/www.telpark.com\/en\/#\/schema\/logo\/image\/\",\"url\":\"https:\/\/www.telpark.com\/wp-content\/uploads\/2023\/09\/telpark-logo.svg\",\"contentUrl\":\"https:\/\/www.telpark.com\/wp-content\/uploads\/2023\/09\/telpark-logo.svg\",\"width\":128,\"height\":32,\"caption\":\"Telpark\"},\"image\":{\"@id\":\"https:\/\/www.telpark.com\/en\/#\/schema\/logo\/image\/\"},\"sameAs\":[\"https:\/\/twitter.com\/telpark_es\",\"https:\/\/www.instagram.com\/telpark_app\/\",\"https:\/\/www.youtube.com\/channel\/UCm8sjis_xlHU5VYQ6GslW-Q\"]}]}<\/script>\n<!-- \/ Yoast SEO plugin. -->","yoast_head_json":{"title":"Help - FAQs | telpark","description":"Find answers to your most frequently asked questions about telpark and its products on our FAQs page. Quick and helpful solutions.","robots":{"index":"index","follow":"follow","max-snippet":"max-snippet:-1","max-image-preview":"max-image-preview:large","max-video-preview":"max-video-preview:-1"},"canonical":"https:\/\/www.telpark.com\/en\/faqs\/","og_locale":"en_US","og_type":"article","og_title":"Help - FAQs | telpark","og_description":"Find answers to your most frequently asked questions about telpark and its products on our FAQs page. Quick and helpful solutions.","og_url":"https:\/\/www.telpark.com\/en\/faqs\/","og_site_name":"Telpark","article_modified_time":"2024-12-13T11:01:25+00:00","twitter_card":"summary_large_image","twitter_site":"@telpark_es","schema":{"@context":"https:\/\/schema.org","@graph":[{"@type":"WebPage","@id":"https:\/\/www.telpark.com\/en\/faqs\/","url":"https:\/\/www.telpark.com\/en\/faqs\/","name":"Help - FAQs | telpark","isPartOf":{"@id":"https:\/\/www.telpark.com\/en\/#website"},"datePublished":"2023-02-16T09:02:14+00:00","dateModified":"2024-12-13T11:01:25+00:00","description":"Find answers to your most frequently asked questions about telpark and its products on our FAQs page. Quick and helpful solutions.","breadcrumb":{"@id":"https:\/\/www.telpark.com\/en\/faqs\/#breadcrumb"},"inLanguage":"en-US","potentialAction":[{"@type":"ReadAction","target":["https:\/\/www.telpark.com\/en\/faqs\/"]}]},{"@type":"BreadcrumbList","@id":"https:\/\/www.telpark.com\/en\/faqs\/#breadcrumb","itemListElement":[{"@type":"ListItem","position":1,"name":"Home","item":"https:\/\/www.telpark.com\/en\/"},{"@type":"ListItem","position":2,"name":"Help Categories"}]},{"@type":"WebSite","@id":"https:\/\/www.telpark.com\/en\/#website","url":"https:\/\/www.telpark.com\/en\/","name":"Telpark","description":"Reserva tu plaza en los mejores aparcamientos. Descarga la app y olv\u00eddate de cajeros o parqu\u00edmetros en m\u00e1s de 100 ciudades en Espa\u00f1a y Portugal","publisher":{"@id":"https:\/\/www.telpark.com\/en\/#organization"},"potentialAction":[{"@type":"SearchAction","target":{"@type":"EntryPoint","urlTemplate":"https:\/\/www.telpark.com\/en\/?s={search_term_string}"},"query-input":"required name=search_term_string"}],"inLanguage":"en-US"},{"@type":"Organization","@id":"https:\/\/www.telpark.com\/en\/#organization","name":"Telpark","url":"https:\/\/www.telpark.com\/en\/","logo":{"@type":"ImageObject","inLanguage":"en-US","@id":"https:\/\/www.telpark.com\/en\/#\/schema\/logo\/image\/","url":"https:\/\/www.telpark.com\/wp-content\/uploads\/2023\/09\/telpark-logo.svg","contentUrl":"https:\/\/www.telpark.com\/wp-content\/uploads\/2023\/09\/telpark-logo.svg","width":128,"height":32,"caption":"Telpark"},"image":{"@id":"https:\/\/www.telpark.com\/en\/#\/schema\/logo\/image\/"},"sameAs":["https:\/\/twitter.com\/telpark_es","https:\/\/www.instagram.com\/telpark_app\/","https:\/\/www.youtube.com\/channel\/UCm8sjis_xlHU5VYQ6GslW-Q"]}]}},"meta_box":[],"_links":{"self":[{"href":"https:\/\/www.telpark.com\/en\/wp-json\/wp\/v2\/pages\/4756"}],"collection":[{"href":"https:\/\/www.telpark.com\/en\/wp-json\/wp\/v2\/pages"}],"about":[{"href":"https:\/\/www.telpark.com\/en\/wp-json\/wp\/v2\/types\/page"}],"author":[{"embeddable":true,"href":"https:\/\/www.telpark.com\/en\/wp-json\/wp\/v2\/users\/1"}],"replies":[{"embeddable":true,"href":"https:\/\/www.telpark.com\/en\/wp-json\/wp\/v2\/comments?post=4756"}],"version-history":[{"count":3,"href":"https:\/\/www.telpark.com\/en\/wp-json\/wp\/v2\/pages\/4756\/revisions"}],"predecessor-version":[{"id":42817,"href":"https:\/\/www.telpark.com\/en\/wp-json\/wp\/v2\/pages\/4756\/revisions\/42817"}],"wp:attachment":[{"href":"https:\/\/www.telpark.com\/en\/wp-json\/wp\/v2\/media?parent=4756"}],"curies":[{"name":"wp","href":"https:\/\/api.w.org\/{rel}","templated":true}]}}