{"id":47600,"date":"2025-11-05T11:24:09","date_gmt":"2025-11-05T10:24:09","guid":{"rendered":"https:\/\/www.telpark.com\/ciudades-con-desaparcar-disponible\/"},"modified":"2025-11-05T17:27:20","modified_gmt":"2025-11-05T16:27:20","slug":"cities-with-the-un-parking-feature-available","status":"publish","type":"page","link":"https:\/\/www.telpark.com\/en\/cities-with-the-un-parking-feature-available\/","title":{"rendered":"Ciudades con desaparcar disponible"},"content":{"rendered":"\n<div class=\"wp-block-group is-layout-constrained wp-block-group-is-layout-constrained\"><div class=\"wp-block-group__inner-container\">\n<section class=\"tpk-hero tpk-hero--products                lower\"\n         style=\"background-color:#ff9903\">\n    \n        <div class=\"tpk-hero__content wrapper row\">\n                    <div class=\"col-xs-12 col-sm-12 pr-h pl-h\">\n                                <header class=\"tpk-head  wrapper\">\n    <p class=\"tpk-head__caption\">Parking meter<\/p>    <h1 class=\"tpk-head__title\">Cities with the un-parking feature available.<\/h1>    <\/header>\n            \n                    <\/div>\n    <\/div>\n            <div class=\"tpk-hero__cards row wrapper\">\n                                                                                        <div class=\"col-xs-12 col-sm-12 col-md-4 mb-1 pl-h pr-h\">\n                                                                    <\/div>\n                    <\/div>\n    <\/section>\n<div class=\"tpk-spinner__wrapper\">\n    <div class=\"tpk-spinner\"><\/div>\n<\/div>\n\n<article class=\"tpk-page\">\n    <div class=\"row wrapper center-xs tpk-page__content\">\n        <div class=\"col-xs-12 col-sm-10 col-md-8 pt-4 pb-4\">\n            <p>&nbsp;<\/p>\n<table>\n<thead>\n<tr>\n<th>Cities<\/th>\n<\/tr>\n<\/thead>\n<tbody>\n<tr>\n<td>Albacete<\/td>\n<\/tr>\n<tr>\n<td>Alc\u00e1zar de San Juan<\/td>\n<\/tr>\n<tr>\n<td>Barakaldo<\/td>\n<\/tr>\n<tr>\n<td>Baza<\/td>\n<\/tr>\n<tr>\n<td>Benalm\u00e1dena<\/td>\n<\/tr>\n<tr>\n<td>Burriana<\/td>\n<\/tr>\n<tr>\n<td>C\u00e1diz<\/td>\n<\/tr>\n<tr>\n<td>Cartagena<\/td>\n<\/tr>\n<tr>\n<td>Ciudad Real<\/td>\n<\/tr>\n<tr>\n<td>C\u00f3rdoba<\/td>\n<\/tr>\n<tr>\n<td>Covilh\u00e3<\/td>\n<\/tr>\n<tr>\n<td>Almer\u00eda<\/td>\n<\/tr>\n<tr>\n<td>Cudillero<\/td>\n<\/tr>\n<tr>\n<td>Don Benito<\/td>\n<\/tr>\n<tr>\n<td>Figueira da Foz<\/td>\n<\/tr>\n<tr>\n<td>Fuengirola<\/td>\n<\/tr>\n<tr>\n<td>Fund\u00e3o<\/td>\n<\/tr>\n<tr>\n<td>Gand\u00eda<\/td>\n<\/tr>\n<tr>\n<td>Gij\u00f3n<\/td>\n<\/tr>\n<tr>\n<td>Granada<\/td>\n<\/tr>\n<tr>\n<td>Guadalajara<\/td>\n<\/tr>\n<tr>\n<td>Le\u00f3n<\/td>\n<\/tr>\n<tr>\n<td>Lisboa<\/td>\n<\/tr>\n<tr>\n<td>Logro\u00f1o<\/td>\n<\/tr>\n<tr>\n<td>Madrid<\/td>\n<\/tr>\n<tr>\n<td>M\u00e1laga<\/td>\n<\/tr>\n<tr>\n<td>Manzanares<\/td>\n<\/tr>\n<tr>\n<td>Marinha Grande<\/td>\n<\/tr>\n<tr>\n<td>Mollerussa<\/td>\n<\/tr>\n<tr>\n<td>Oeiras<\/td>\n<\/tr>\n<tr>\n<td>Ontinyent<\/td>\n<\/tr>\n<tr>\n<td>Palencia<\/td>\n<\/tr>\n<tr>\n<td>Palma<\/td>\n<\/tr>\n<tr>\n<td>Pamplona \/ Iru\u00f1a<\/td>\n<\/tr>\n<tr>\n<td>Playa la Arena<\/td>\n<\/tr>\n<tr>\n<td>Portim\u00e3o<\/td>\n<\/tr>\n<tr>\n<td>Porto<\/td>\n<\/tr>\n<tr>\n<td>Punta Umbr\u00eda<\/td>\n<\/tr>\n<tr>\n<td>Somo - Loredo - Latas<\/td>\n<\/tr>\n<tr>\n<td>San Fernando<\/td>\n<\/tr>\n<tr>\n<td>Santander<\/td>\n<\/tr>\n<tr>\n<td>Sesimbra<\/td>\n<\/tr>\n<tr>\n<td>Sintra<\/td>\n<\/tr>\n<tr>\n<td>Aparcamiento la B\u00e1rcena Suances<\/td>\n<\/tr>\n<tr>\n<td>Sueca<\/td>\n<\/tr>\n<tr>\n<td>Tarragona<\/td>\n<\/tr>\n<tr>\n<td>Toledo<\/td>\n<\/tr>\n<tr>\n<td>Tomelloso<\/td>\n<\/tr>\n<tr>\n<td>Tr\u00f3ia<\/td>\n<\/tr>\n<tr>\n<td>Valencia<\/td>\n<\/tr>\n<tr>\n<td>Valladolid<\/td>\n<\/tr>\n<tr>\n<td>Vigo<\/td>\n<\/tr>\n<tr>\n<td>Vila do Conde<\/td>\n<\/tr>\n<tr>\n<td>Villanueva de la Serena<\/td>\n<\/tr>\n<tr>\n<td>Vitoria-Gasteiz<\/td>\n<\/tr>\n<tr>\n<td>Vila Nova de Gaia<\/td>\n<\/tr>\n<tr>\n<td>X\u00e0tiva<\/td>\n<\/tr>\n<tr>\n<td>Zafra<\/td>\n<\/tr>\n<\/tbody>\n<\/table>\n<p>&nbsp;<\/p>\n\n        <\/div>\n    <\/div>\n<\/article><\/div><\/div>\n","protected":false},"excerpt":{"rendered":"","protected":false},"author":1920,"featured_media":0,"parent":0,"menu_order":0,"comment_status":"closed","ping_status":"closed","template":"","meta":{"footnotes":""},"yoast_head":"<!-- This site is optimized with the Yoast SEO plugin v20.12 - https:\/\/yoast.com\/wordpress\/plugins\/seo\/ -->\n<title>Ciudades con desaparcar disponible | Telpark<\/title>\n<meta name=\"robots\" content=\"noindex, nofollow\" \/>\n<meta property=\"og:locale\" content=\"en_US\" \/>\n<meta property=\"og:type\" content=\"article\" \/>\n<meta property=\"og:title\" content=\"Ciudades con desaparcar disponible | Telpark\" \/>\n<meta property=\"og:url\" content=\"https:\/\/www.telpark.com\/en\/cities-with-the-un-parking-feature-available\/\" \/>\n<meta property=\"og:site_name\" content=\"Telpark\" \/>\n<meta property=\"article:modified_time\" content=\"2025-11-05T16:27:20+00:00\" \/>\n<meta name=\"twitter:card\" content=\"summary_large_image\" \/>\n<meta name=\"twitter:site\" content=\"@telpark_es\" \/>\n<script type=\"application\/ld+json\" class=\"yoast-schema-graph\">{\"@context\":\"https:\/\/schema.org\",\"@graph\":[{\"@type\":\"WebPage\",\"@id\":\"https:\/\/www.telpark.com\/en\/cities-with-the-un-parking-feature-available\/\",\"url\":\"https:\/\/www.telpark.com\/en\/cities-with-the-un-parking-feature-available\/\",\"name\":\"Ciudades con desaparcar disponible | Telpark\",\"isPartOf\":{\"@id\":\"https:\/\/www.telpark.com\/en\/#website\"},\"datePublished\":\"2025-11-05T10:24:09+00:00\",\"dateModified\":\"2025-11-05T16:27:20+00:00\",\"breadcrumb\":{\"@id\":\"https:\/\/www.telpark.com\/en\/cities-with-the-un-parking-feature-available\/#breadcrumb\"},\"inLanguage\":\"en-US\",\"potentialAction\":[{\"@type\":\"ReadAction\",\"target\":[\"https:\/\/www.telpark.com\/en\/cities-with-the-un-parking-feature-available\/\"]}]},{\"@type\":\"BreadcrumbList\",\"@id\":\"https:\/\/www.telpark.com\/en\/cities-with-the-un-parking-feature-available\/#breadcrumb\",\"itemListElement\":[{\"@type\":\"ListItem\",\"position\":1,\"name\":\"Home\",\"item\":\"https:\/\/www.telpark.com\/en\/\"},{\"@type\":\"ListItem\",\"position\":2,\"name\":\"Ciudades con desaparcar disponible\"}]},{\"@type\":\"WebSite\",\"@id\":\"https:\/\/www.telpark.com\/en\/#website\",\"url\":\"https:\/\/www.telpark.com\/en\/\",\"name\":\"Telpark\",\"description\":\"Reserva tu plaza en los mejores aparcamientos. Descarga la app y olv\u00eddate de cajeros o parqu\u00edmetros en m\u00e1s de 100 ciudades en Espa\u00f1a y Portugal\",\"publisher\":{\"@id\":\"https:\/\/www.telpark.com\/en\/#organization\"},\"potentialAction\":[{\"@type\":\"SearchAction\",\"target\":{\"@type\":\"EntryPoint\",\"urlTemplate\":\"https:\/\/www.telpark.com\/en\/?s={search_term_string}\"},\"query-input\":\"required name=search_term_string\"}],\"inLanguage\":\"en-US\"},{\"@type\":\"Organization\",\"@id\":\"https:\/\/www.telpark.com\/en\/#organization\",\"name\":\"Telpark\",\"url\":\"https:\/\/www.telpark.com\/en\/\",\"logo\":{\"@type\":\"ImageObject\",\"inLanguage\":\"en-US\",\"@id\":\"https:\/\/www.telpark.com\/en\/#\/schema\/logo\/image\/\",\"url\":\"https:\/\/www.telpark.com\/wp-content\/uploads\/2023\/09\/telpark-logo.svg\",\"contentUrl\":\"https:\/\/www.telpark.com\/wp-content\/uploads\/2023\/09\/telpark-logo.svg\",\"width\":128,\"height\":32,\"caption\":\"Telpark\"},\"image\":{\"@id\":\"https:\/\/www.telpark.com\/en\/#\/schema\/logo\/image\/\"},\"sameAs\":[\"https:\/\/twitter.com\/telpark_es\",\"https:\/\/www.instagram.com\/telpark_app\/\",\"https:\/\/www.youtube.com\/channel\/UCm8sjis_xlHU5VYQ6GslW-Q\"]}]}<\/script>\n<!-- \/ Yoast SEO plugin. -->","yoast_head_json":{"title":"Ciudades con desaparcar disponible | Telpark","robots":{"index":"noindex","follow":"nofollow"},"og_locale":"en_US","og_type":"article","og_title":"Ciudades con desaparcar disponible | Telpark","og_url":"https:\/\/www.telpark.com\/en\/cities-with-the-un-parking-feature-available\/","og_site_name":"Telpark","article_modified_time":"2025-11-05T16:27:20+00:00","twitter_card":"summary_large_image","twitter_site":"@telpark_es","schema":{"@context":"https:\/\/schema.org","@graph":[{"@type":"WebPage","@id":"https:\/\/www.telpark.com\/en\/cities-with-the-un-parking-feature-available\/","url":"https:\/\/www.telpark.com\/en\/cities-with-the-un-parking-feature-available\/","name":"Ciudades con desaparcar disponible | Telpark","isPartOf":{"@id":"https:\/\/www.telpark.com\/en\/#website"},"datePublished":"2025-11-05T10:24:09+00:00","dateModified":"2025-11-05T16:27:20+00:00","breadcrumb":{"@id":"https:\/\/www.telpark.com\/en\/cities-with-the-un-parking-feature-available\/#breadcrumb"},"inLanguage":"en-US","potentialAction":[{"@type":"ReadAction","target":["https:\/\/www.telpark.com\/en\/cities-with-the-un-parking-feature-available\/"]}]},{"@type":"BreadcrumbList","@id":"https:\/\/www.telpark.com\/en\/cities-with-the-un-parking-feature-available\/#breadcrumb","itemListElement":[{"@type":"ListItem","position":1,"name":"Home","item":"https:\/\/www.telpark.com\/en\/"},{"@type":"ListItem","position":2,"name":"Ciudades con desaparcar disponible"}]},{"@type":"WebSite","@id":"https:\/\/www.telpark.com\/en\/#website","url":"https:\/\/www.telpark.com\/en\/","name":"Telpark","description":"Reserva tu plaza en los mejores aparcamientos. Descarga la app y olv\u00eddate de cajeros o parqu\u00edmetros en m\u00e1s de 100 ciudades en Espa\u00f1a y Portugal","publisher":{"@id":"https:\/\/www.telpark.com\/en\/#organization"},"potentialAction":[{"@type":"SearchAction","target":{"@type":"EntryPoint","urlTemplate":"https:\/\/www.telpark.com\/en\/?s={search_term_string}"},"query-input":"required name=search_term_string"}],"inLanguage":"en-US"},{"@type":"Organization","@id":"https:\/\/www.telpark.com\/en\/#organization","name":"Telpark","url":"https:\/\/www.telpark.com\/en\/","logo":{"@type":"ImageObject","inLanguage":"en-US","@id":"https:\/\/www.telpark.com\/en\/#\/schema\/logo\/image\/","url":"https:\/\/www.telpark.com\/wp-content\/uploads\/2023\/09\/telpark-logo.svg","contentUrl":"https:\/\/www.telpark.com\/wp-content\/uploads\/2023\/09\/telpark-logo.svg","width":128,"height":32,"caption":"Telpark"},"image":{"@id":"https:\/\/www.telpark.com\/en\/#\/schema\/logo\/image\/"},"sameAs":["https:\/\/twitter.com\/telpark_es","https:\/\/www.instagram.com\/telpark_app\/","https:\/\/www.youtube.com\/channel\/UCm8sjis_xlHU5VYQ6GslW-Q"]}]}},"meta_box":[],"_links":{"self":[{"href":"https:\/\/www.telpark.com\/en\/wp-json\/wp\/v2\/pages\/47600"}],"collection":[{"href":"https:\/\/www.telpark.com\/en\/wp-json\/wp\/v2\/pages"}],"about":[{"href":"https:\/\/www.telpark.com\/en\/wp-json\/wp\/v2\/types\/page"}],"author":[{"embeddable":true,"href":"https:\/\/www.telpark.com\/en\/wp-json\/wp\/v2\/users\/1920"}],"replies":[{"embeddable":true,"href":"https:\/\/www.telpark.com\/en\/wp-json\/wp\/v2\/comments?post=47600"}],"version-history":[{"count":3,"href":"https:\/\/www.telpark.com\/en\/wp-json\/wp\/v2\/pages\/47600\/revisions"}],"predecessor-version":[{"id":47615,"href":"https:\/\/www.telpark.com\/en\/wp-json\/wp\/v2\/pages\/47600\/revisions\/47615"}],"wp:attachment":[{"href":"https:\/\/www.telpark.com\/en\/wp-json\/wp\/v2\/media?parent=47600"}],"curies":[{"name":"wp","href":"https:\/\/api.w.org\/{rel}","templated":true}]}}