{"id":50809,"date":"2026-02-26T09:41:42","date_gmt":"2026-02-26T08:41:42","guid":{"rendered":"https:\/\/www.telpark.com\/individuals\/promotions\/tyc-semana-santa-2026\/"},"modified":"2026-03-06T13:38:58","modified_gmt":"2026-03-06T12:38:58","slug":"tyc-semana-santa-2026","status":"publish","type":"page","link":"https:\/\/www.telpark.com\/en\/individuals\/promotions\/tyc-semana-santa-2026\/","title":{"rendered":"T&amp;C Easter Week 2026"},"content":{"rendered":"\n<div class=\"wp-block-group is-layout-constrained wp-block-group-is-layout-constrained\"><div class=\"wp-block-group__inner-container\">\n<section class=\"tpk-hero tpk-hero--products                lower\"\n         style=\"\">\n                        <picture >\n\n                    <source srcset=\"https:\/\/www.telpark.com\/wp-content\/uploads\/2026\/03\/Landing-semana-santa-v2-480x464.jpg\" media=\"((min-width: 0rem) and (max-width: 30rem))\">\n                             <source srcset=\"https:\/\/www.telpark.com\/wp-content\/uploads\/2026\/03\/Landing-semana-santa-v2-1024x464.jpg\" media=\"(min-width: 30rem) and (max-width: 64rem)\" >\n                            <source srcset=\"https:\/\/www.telpark.com\/wp-content\/uploads\/2026\/03\/Landing-semana-santa-v2.jpg\" media=\"(min-width: 64rem)\" >\n        \n        \n                                                                                                        \n        <img decoding=\"async\" fetchpriority=\"high\" src=\"https:\/\/www.telpark.com\/wp-content\/uploads\/2026\/03\/Landing-semana-santa-v2.jpg\" alt=\"\"  width=\"1901\" height=\"464\"  loading=\"eager\">\n    <\/picture>\n\n    \n            <div class=\"tpk-breadcrumb wrapper row\">\n    <nav aria-label=\"Breadcrumb\">\n        <ul>\n                            <li>\n                                            <span aria-current=\"page\">T&amp;C Easter Week 2026<\/span>\n                                    <\/li>\n                    <\/ul>\n    <\/nav>\n<\/div>        <div class=\"tpk-hero__content wrapper row\">\n                    <div class=\"col-xs-12 col-sm-12 pr-h pl-h\">\n                                <header class=\"tpk-head  wrapper\">\n    <p class=\"tpk-head__caption\">Telpark - Easter Week 2026<\/p>    <h1 class=\"tpk-head__title\">10% discount on bookings made at least 10 days in advance<\/h1>    <\/header>\n                                            <a  class=\"tpk-button tpk-button--primary tpk-button--lg \" href=\"https:\/\/go.telpark.com\/bookings?ecid=93874bdd01f93bf71a2ece53e4347e56&rt=true&aw=720&utm_source=bbdd_espa%C3%B1a&utm_medium=landing&utm_campaign=semana_santa_2026om\/en\"    >\n    <span>Book now<\/span>\n    <\/a>            \n                    <\/div>\n    <\/div>\n            <div class=\"tpk-hero__cards row wrapper\">\n                                                                                        <div class=\"col-xs-12 col-sm-12 col-md-4 mb-1 pl-h pr-h\">\n                                                                    <\/div>\n                    <\/div>\n    <\/section>\n<div class=\"tpk-spinner__wrapper\">\n    <div class=\"tpk-spinner\"><\/div>\n<\/div>\n\n<article class=\"tpk-page\">\n    <div class=\"row wrapper center-xs tpk-page__content\">\n        <div class=\"col-xs-12 col-sm-10 col-md-8 pt-4 pb-4\">\n            <blockquote>\n<h2>Do you want to park at an unbeatable price this Easter Week? Leaving your vehicle safe and secure in one of our car parks?<\/h2>\n<div class=\"ewa-rteLine\">Book your stay at least 10 days in advance and get a 10% discount. <strong>You can book from the website or by registering on the Telpark app.<\/p>\n<p><\/strong>The car parks included in this promotion are all Telpark car parks in <strong>Spain, Portugal and Andorra.<\/strong><\/div>\n<\/blockquote>\n\n        <\/div>\n    <\/div>\n<\/article>\n\n\n<h2 id=\"como-conseguirlo\"><\/h2>\n\n\n\n<section class=\"tpk-banner-app \">\n    <div class=\"row wrapper middle-xs\">\n        <div class=\"col-xs-12 col-sm-6 col-no-gutter tpk-banner-app__picture\">\n                                                <picture class=\"hide-xs show-sm\">\n\n                             <source srcset=\"https:\/\/www.telpark.com\/wp-content\/uploads\/2024\/08\/ReservaPromo50-compressor-1.webp\" media=\"(min-width: 30rem) and (max-width: 64rem)\" >\n                            <source srcset=\"https:\/\/www.telpark.com\/wp-content\/uploads\/2024\/08\/ReservaPromo50-compressor-1.webp\" media=\"(min-width: 64rem)\" >\n        \n        \n                                                                                                        \n        <img decoding=\"async\" src=\"https:\/\/www.telpark.com\/wp-content\/uploads\/2024\/08\/ReservaPromo50-compressor-1.webp\" alt=\"\"  width=\"680\" height=\"680\"  loading=\"lazy\" >\n    <\/picture>\n\n                                                            <picture class=\"hide-sm\">\n\n                    <source srcset=\"https:\/\/www.telpark.com\/wp-content\/uploads\/2024\/08\/ReservaPromo50-compressor-1.webp\" media=\"((min-width: 0rem) and (max-width: 30rem))\">\n                         \n        \n                                                                                                        \n        <img decoding=\"async\" src=\"https:\/\/www.telpark.com\/wp-content\/uploads\/2024\/08\/ReservaPromo50-compressor-1.webp\" alt=\"\"  width=\"916\" height=\"916\"  loading=\"lazy\" >\n    <\/picture>\n\n                    <\/div>\n        <div class=\"col-xs-12 col-sm-6 tpk-banner-app__content\">\n                        <header class=\"tpk-head  wrapper\">\n    <p class=\"tpk-head__caption\">Book with a 10% discount<\/p>    <h2 class=\"tpk-head__title\">How to use your discount on Bookings through the app?<\/h2>    <\/header>\n                            <ul class=\"tpk-banner-app__list\">\n                                            <li>\n                                                            <span class=\"icon icon-flecha-circulo-derecha icon--lg\">\n                                <\/span>\n                                                                                        <p>1. Access your <strong>Telpark account<\/strong> in the app.<\/p>\n                                                    <\/li>\n                                            <li>\n                                                            <span class=\"icon icon-flecha-circulo-derecha icon--lg\">\n                                <\/span>\n                                                                                        <p>2. Go to <strong>\"Book by day\"<\/strong>.\u00a0<\/p>\n                                                    <\/li>\n                                            <li>\n                                                            <span class=\"icon icon-flecha-circulo-derecha icon--lg\">\n                                <\/span>\n                                                                                        <p>3. Select any of the <strong>Telpark car parks available<\/strong> on the map.<\/p>\n                                                    <\/li>\n                                            <li>\n                                                            <span class=\"icon icon-flecha-circulo-derecha icon--lg\">\n                                <\/span>\n                                                                                        <p>4. <strong>Fill in the information<\/strong> and select the days you need to book.<\/p>\n                                                    <\/li>\n                                            <li>\n                                                            <span class=\"icon icon-flecha-circulo-derecha icon--lg\">\n                                <\/span>\n                                                                                        <p>5. Confirm payment. <strong>The discount is automatically applied!<\/strong><\/p>\n                                                    <\/li>\n                                            <li>\n                                                                                        <p>*If you prefer, you can book your spot directly on <a href=\"https:\/\/reserva.telpark.com\/en\">our website.<\/a>\u00a0<\/p>\n                                                    <\/li>\n                                    <\/ul>\n                        <div class=\"tpk-banner-app__buttons\">\n                                                                                                                                                <a href=\"https:\/\/apps.apple.com\/es\/app\/telpark\/id658204860\" class=\"tpk-button tpk-button--app dark\" target=\"_blank\">\n        <svg width=\"25\" height=\"30\" viewBox=\"0 0 25 30\" fill=\"none\" xmlns=\"http:\/\/www.w3.org\/2000\/svg\">\n            <path d=\"M23.643 10.227C23.469 10.362 20.397 12.093 20.397 15.942C20.397 20.394 24.306 21.969 24.423 22.008C24.405 22.104 23.802 24.165 22.362 26.265C21.078 28.113 19.737 29.958 17.697 29.958C15.657 29.958 15.132 28.773 12.777 28.773C10.482 28.773 9.666 29.997 7.8 29.997C5.934 29.997 4.632 28.287 3.135 26.187C1.401 23.721 0 19.89 0 16.254C0 10.422 3.792 7.329 7.524 7.329C9.507 7.329 11.16 8.631 12.405 8.631C13.59 8.631 15.438 7.251 17.694 7.251C18.549 7.251 21.621 7.329 23.643 10.227V10.227ZM16.623 4.782C17.556 3.675 18.216 2.139 18.216 0.603C18.216 0.39 18.198 0.174 18.159 0C16.641 0.057 14.835 1.011 13.746 2.274C12.891 3.246 12.093 4.782 12.093 6.339C12.093 6.573 12.132 6.807 12.15 6.882C12.246 6.9 12.402 6.921 12.558 6.921C13.92 6.921 15.633 6.009 16.623 4.782Z\" fill=\"white\"\/>\n        <\/svg>\n        <div>\n            <span>Available in<\/span>\n            Apple Store\n        <\/div>\n    <\/a>\n\n                                                                                                                            \n    <a href=\"https:\/\/play.google.com\/store\/apps\/details?id=com.delaware.empark&hl=es&referrer=%26utm_campaign%3Dnondigital%26utm_source%3Dnondigital%26utm_medium%3Dnondigital&pli=1\" class=\"tpk-button tpk-button--app dark\" target=\"_blank\">\n        <svg width=\"23\" height=\"26\" viewBox=\"0 0 23 26\" fill=\"none\" xmlns=\"http:\/\/www.w3.org\/2000\/svg\">\n            <path fill-rule=\"evenodd\" clip-rule=\"evenodd\" d=\"M0.862422 0.87988C0.581172 1.18175 0.419922 1.64675 0.419922 2.25113V23.7411C0.419922 24.3455 0.581172 24.8105 0.873047 25.1018L0.949297 25.1661L12.9905 13.1249V12.8543L0.938672 0.815505L0.862422 0.87988Z\" fill=\"url(#paint0_linear_9_9)\"\/>\n            <path fill-rule=\"evenodd\" clip-rule=\"evenodd\" d=\"M16.9962 17.1543L12.98 13.1368V12.8556L16.9975 8.83807L17.0843 8.89182L21.8362 11.5924C23.1968 12.3593 23.1968 13.6231 21.8362 14.4006L17.0843 17.1012L16.9962 17.1543Z\" fill=\"url(#paint1_linear_9_9)\"\/>\n            <path fill-rule=\"evenodd\" clip-rule=\"evenodd\" d=\"M17.083 17.1005L12.9799 12.9961L0.862371 25.1136C1.30487 25.5892 2.04987 25.643 2.88237 25.178L17.083 17.1005Z\" fill=\"url(#paint2_linear_9_9)\"\/>\n            <path fill-rule=\"evenodd\" clip-rule=\"evenodd\" d=\"M17.083 8.89304L2.88237 0.82616C2.05112 0.350535 1.30487 0.41491 0.862371 0.890535L12.9786 12.9962L17.083 8.89304Z\" fill=\"url(#paint3_linear_9_9)\"\/>\n            <defs>\n            <linearGradient id=\"paint0_linear_9_9\" x1=\"35.6607\" y1=\"-6.74995\" x2=\"-5.23028\" y2=\"12.2052\" gradientUnits=\"userSpaceOnUse\">\n            <stop stop-color=\"#047ED6\"\/>\n            <stop offset=\"1\" stop-color=\"#50E6FF\"\/>\n            <\/linearGradient>\n            <linearGradient id=\"paint1_linear_9_9\" x1=\"24.5643\" y1=\"12.9971\" x2=\"-6.03917\" y2=\"12.9971\" gradientUnits=\"userSpaceOnUse\">\n            <stop stop-color=\"#FFDA1C\"\/>\n            <stop offset=\"1\" stop-color=\"#FEB705\"\/>\n            <\/linearGradient>\n            <linearGradient id=\"paint2_linear_9_9\" x1=\"19.7657\" y1=\"4.95934\" x2=\"-15.0772\" y2=\"45.5368\" gradientUnits=\"userSpaceOnUse\">\n            <stop stop-color=\"#D9414F\"\/>\n            <stop offset=\"1\" stop-color=\"#8C193F\"\/>\n            <\/linearGradient>\n            <linearGradient id=\"paint3_linear_9_9\" x1=\"-2.18997\" y1=\"-6.27096\" x2=\"4.71665\" y2=\"5.36978\" gradientUnits=\"userSpaceOnUse\">\n            <stop stop-color=\"#33C481\"\/>\n            <stop offset=\"1\" stop-color=\"#61E3A7\"\/>\n            <\/linearGradient>\n            <\/defs>\n            <\/svg>\n        <div>\n            <span>Available in<\/span>\n            Google Play\n        <\/div>\n    <\/a>\n                                                                                                <\/div>\n        <\/div>\n    <\/div>\n<\/section>\n\n\n<section class=\"tpk-products \">\n    <div class=\"wrapper pl-1 pr-1 pb-3\">\n                <header class=\"tpk-head  wrapper\">\n    <p class=\"tpk-head__caption\">Easter Week 2026 Booking Offer<\/p>    <h2 class=\"tpk-head__title\">Check out the car parks associated with the campaign<\/h2>    <\/header>    <\/div>\n\n    <div class=\"wrapper tpk-products__cards  \">\n        <input type=\"hidden\" id=\"_wpnonce\" name=\"_wpnonce\" value=\"da840666be\" \/><input type=\"hidden\" name=\"_wp_http_referer\" value=\"\/en\/wp-json\/wp\/v2\/pages\/50809\" \/>\n                    <div class=\"tpk-card-product  \">\n\n\t<div class=\"tpk-card-product__head\">\n\t\t\t\t\t<span class=\"icon icon-documento icon--lg\"><\/span>\n\t\t\t\t\t<\/div>\n\t<div class=\"tpk-card-product__content\">\n\t\t<h4 class=\"tpk-card-product__content__title\">List of car parks<\/h4>\n\t\t\t\t\t<p>Car parks which are part of the offer<\/p>\n\n\t\t\t<\/div>\n\t\t\t\t\t\t\t\t\t\t\t\t\t\t\t\t\t\t\t\t<a  class=\"tpk-button tpk-button--primary tpk-button--md \" href=\"https:\/\/promotion.telpark.com\/listado-parkings-semana-santa-2026\"    target=\"_blank\" >\n    <span>See<\/span>\n            <span class=\"icon icon-arrow-right icon--sm\">\n        <\/span>\n    <\/a>\t\t\t\t\t\t\t\t\t\t\t<\/div>\n            <\/div>\n<\/section>\n\n\n\n<section\n        class=\"tpk-banner-cta tpk-banner-cta--default   negative\"\n        style=\"background-color:#0e8102;\">\n    \n        \n    <div class=\"tpk-banner-cta__content row wrapper middle-xs \">\n        \n                    <div class=\"col-xs-12 col-sm-6 tpk-banner-cta__content__picture\">\n                                                                        <picture >\n\n                    <source srcset=\"https:\/\/www.telpark.com\/wp-content\/uploads\/2026\/03\/img-europcar-landing-460x500.png\" media=\"((min-width: 0rem) and (max-width: 30rem))\">\n                             <source srcset=\"https:\/\/www.telpark.com\/wp-content\/uploads\/2026\/03\/img-europcar-landing-520x500.png\" media=\"(min-width: 30rem) and (max-width: 64rem)\" >\n                            <source srcset=\"https:\/\/www.telpark.com\/wp-content\/uploads\/2026\/03\/img-europcar-landing.png\" media=\"(min-width: 64rem)\" >\n        \n        \n                                                                                                        \n        <img decoding=\"async\" src=\"https:\/\/www.telpark.com\/wp-content\/uploads\/2026\/03\/img-europcar-landing.png\" alt=\"\"  width=\"682\" height=\"500\"  loading=\"lazy\" >\n    <\/picture>\n\n            <\/div>\n            <div class=\"col-xs-12 col-sm-6 tpk-banner-cta__content__text \">\n                \n                                            <header class=\"tpk-head  wrapper\">\n    <p class=\"tpk-head__caption\">And also...<\/p>    <h2 class=\"tpk-head__title\">10% discount on your car rental with Europcar<\/h2>    <div class=\"ewa-rteLine\">10% discount on your car rental with Europcar<\/div>\n<div class=\"ewa-rteLine\">As a Telpark customer, get a 10% discount on your vehicle rental with Europcar.<\/div>\n<\/header>                \n                                    <div class=\"tpk-banner-cta__buttons\">\n                                                                                <a  class=\"tpk-button tpk-button--ghost tpk-button--lg \" href=\"https:\/\/www.europcar.es\/es-es\/p\/europcar-partner\/telpark\"    target=\"_blank\" >\n    <span>Find out more<\/span>\n    <\/a>                                            <\/div>\n                                        <\/div>\n        <\/div>\n    \n    <\/section>\n\n<article class=\"tpk-page\">\n    <div class=\"row wrapper center-xs tpk-page__content\">\n        <div class=\"col-xs-12 col-sm-10 col-md-8 pt-4 pb-4\">\n            <p><!-- wp:paragraph --><\/p>\n<blockquote>\n<h2>Terms and Conditions<\/h2>\n<\/blockquote>\n<ul>\n<li><strong>What do you need to do to qualify for the promotion?<\/strong><br \/>Book at least 10 days in advance and enjoy a 10% discount. You can book from the website via reservas.telpark.com or by registering on the Telpark app.\n<p><\/li>\n<li><strong>Which car parks does the promotion apply to?<\/strong><br \/>Above, you can check the list of car parks included in the promotion.\u00a0\n<p><\/li>\n<li><strong>On which days does the promotion apply?<\/strong><br \/>The 10% discount will apply to parking between 27 March and 6 April 2026 when bookings are made at least 10 days in advance. The discount will not apply to bookings made on or after 28 March.\n<p><\/li>\n<li><strong>Which Telpark products are part of the promotion?<\/strong><br \/>This promotion applies to \"Booking\" products.\n<p><\/li>\n<li><strong>How many times can I use the promotion?<\/strong><br \/>As many times as you need to.\n<p><\/li>\n<li><strong>Does the 10% discount guarantee your parking space?<\/strong><br \/>Car park spaces are limited. Once the allocated number of spaces has been filled, no more bookings can be made.\n<p><\/li>\n<li><strong>How many days can I book parking for?<\/strong><br \/>Book from one day to one month with unlimited entry and exit.\n<\/li>\n<\/ul>\n<h1>Need help? We\u2019ve got you.<\/h1>\n<p>&nbsp;<\/p>\n<p>If you have any issue during the booking process or want to share feedback to help us improve, email us at: <a href=\"mailto:soporte@telpark.com\">soporte@telpark.com<\/a><\/p>\n<p><!-- \/wp:paragraph --><\/p>\n<p><!-- wp:paragraph --><\/p>\n<p><!-- \/wp:paragraph --><\/p>\n\n        <\/div>\n    <\/div>\n<\/article><\/div><\/div>\n","protected":false},"excerpt":{"rendered":"","protected":false},"author":2049,"featured_media":0,"parent":32649,"menu_order":0,"comment_status":"closed","ping_status":"closed","template":"","meta":{"footnotes":""},"yoast_head":"<!-- This site is optimized with the Yoast SEO plugin v20.12 - https:\/\/yoast.com\/wordpress\/plugins\/seo\/ -->\n<title>T&amp;C Easter Week 2026 | Telpark<\/title>\n<meta name=\"robots\" content=\"noindex, nofollow\" \/>\n<meta property=\"og:locale\" content=\"en_US\" \/>\n<meta property=\"og:type\" content=\"article\" \/>\n<meta property=\"og:title\" content=\"T&amp;C Easter Week 2026 | Telpark\" \/>\n<meta property=\"og:url\" content=\"https:\/\/www.telpark.com\/en\/individuals\/promotions\/tyc-semana-santa-2026\/\" \/>\n<meta property=\"og:site_name\" content=\"Telpark\" \/>\n<meta property=\"article:modified_time\" content=\"2026-03-06T12:38:58+00:00\" \/>\n<meta name=\"twitter:card\" content=\"summary_large_image\" \/>\n<meta name=\"twitter:site\" content=\"@telpark_es\" \/>\n<script type=\"application\/ld+json\" class=\"yoast-schema-graph\">{\"@context\":\"https:\/\/schema.org\",\"@graph\":[{\"@type\":\"WebPage\",\"@id\":\"https:\/\/www.telpark.com\/en\/individuals\/promotions\/tyc-semana-santa-2026\/\",\"url\":\"https:\/\/www.telpark.com\/en\/individuals\/promotions\/tyc-semana-santa-2026\/\",\"name\":\"T&amp;C Easter Week 2026 | Telpark\",\"isPartOf\":{\"@id\":\"https:\/\/www.telpark.com\/en\/#website\"},\"datePublished\":\"2026-02-26T08:41:42+00:00\",\"dateModified\":\"2026-03-06T12:38:58+00:00\",\"breadcrumb\":{\"@id\":\"https:\/\/www.telpark.com\/en\/individuals\/promotions\/tyc-semana-santa-2026\/#breadcrumb\"},\"inLanguage\":\"en-US\",\"potentialAction\":[{\"@type\":\"ReadAction\",\"target\":[\"https:\/\/www.telpark.com\/en\/individuals\/promotions\/tyc-semana-santa-2026\/\"]}]},{\"@type\":\"BreadcrumbList\",\"@id\":\"https:\/\/www.telpark.com\/en\/individuals\/promotions\/tyc-semana-santa-2026\/#breadcrumb\",\"itemListElement\":[{\"@type\":\"ListItem\",\"position\":1,\"name\":\"Home\",\"item\":\"https:\/\/www.telpark.com\/en\/\"},{\"@type\":\"ListItem\",\"position\":2,\"name\":\"Individuals\",\"item\":\"https:\/\/www.telpark.com\/en\/\"},{\"@type\":\"ListItem\",\"position\":3,\"name\":\"Promotions\",\"item\":\"https:\/\/www.telpark.com\/en\/individuals\/promotions\/\"},{\"@type\":\"ListItem\",\"position\":4,\"name\":\"T&amp;C Easter Week 2026\"}]},{\"@type\":\"WebSite\",\"@id\":\"https:\/\/www.telpark.com\/en\/#website\",\"url\":\"https:\/\/www.telpark.com\/en\/\",\"name\":\"Telpark\",\"description\":\"Reserva tu plaza en los mejores aparcamientos. Descarga la app y olv\u00eddate de cajeros o parqu\u00edmetros en m\u00e1s de 100 ciudades en Espa\u00f1a y Portugal\",\"publisher\":{\"@id\":\"https:\/\/www.telpark.com\/en\/#organization\"},\"potentialAction\":[{\"@type\":\"SearchAction\",\"target\":{\"@type\":\"EntryPoint\",\"urlTemplate\":\"https:\/\/www.telpark.com\/en\/?s={search_term_string}\"},\"query-input\":\"required name=search_term_string\"}],\"inLanguage\":\"en-US\"},{\"@type\":\"Organization\",\"@id\":\"https:\/\/www.telpark.com\/en\/#organization\",\"name\":\"Telpark\",\"url\":\"https:\/\/www.telpark.com\/en\/\",\"logo\":{\"@type\":\"ImageObject\",\"inLanguage\":\"en-US\",\"@id\":\"https:\/\/www.telpark.com\/en\/#\/schema\/logo\/image\/\",\"url\":\"https:\/\/www.telpark.com\/wp-content\/uploads\/2023\/09\/telpark-logo.svg\",\"contentUrl\":\"https:\/\/www.telpark.com\/wp-content\/uploads\/2023\/09\/telpark-logo.svg\",\"width\":128,\"height\":32,\"caption\":\"Telpark\"},\"image\":{\"@id\":\"https:\/\/www.telpark.com\/en\/#\/schema\/logo\/image\/\"},\"sameAs\":[\"https:\/\/twitter.com\/telpark_es\",\"https:\/\/www.instagram.com\/telpark_app\/\",\"https:\/\/www.youtube.com\/channel\/UCm8sjis_xlHU5VYQ6GslW-Q\"]}]}<\/script>\n<!-- \/ Yoast SEO plugin. -->","yoast_head_json":{"title":"T&amp;C Easter Week 2026 | Telpark","robots":{"index":"noindex","follow":"nofollow"},"og_locale":"en_US","og_type":"article","og_title":"T&amp;C Easter Week 2026 | Telpark","og_url":"https:\/\/www.telpark.com\/en\/individuals\/promotions\/tyc-semana-santa-2026\/","og_site_name":"Telpark","article_modified_time":"2026-03-06T12:38:58+00:00","twitter_card":"summary_large_image","twitter_site":"@telpark_es","schema":{"@context":"https:\/\/schema.org","@graph":[{"@type":"WebPage","@id":"https:\/\/www.telpark.com\/en\/individuals\/promotions\/tyc-semana-santa-2026\/","url":"https:\/\/www.telpark.com\/en\/individuals\/promotions\/tyc-semana-santa-2026\/","name":"T&amp;C Easter Week 2026 | Telpark","isPartOf":{"@id":"https:\/\/www.telpark.com\/en\/#website"},"datePublished":"2026-02-26T08:41:42+00:00","dateModified":"2026-03-06T12:38:58+00:00","breadcrumb":{"@id":"https:\/\/www.telpark.com\/en\/individuals\/promotions\/tyc-semana-santa-2026\/#breadcrumb"},"inLanguage":"en-US","potentialAction":[{"@type":"ReadAction","target":["https:\/\/www.telpark.com\/en\/individuals\/promotions\/tyc-semana-santa-2026\/"]}]},{"@type":"BreadcrumbList","@id":"https:\/\/www.telpark.com\/en\/individuals\/promotions\/tyc-semana-santa-2026\/#breadcrumb","itemListElement":[{"@type":"ListItem","position":1,"name":"Home","item":"https:\/\/www.telpark.com\/en\/"},{"@type":"ListItem","position":2,"name":"Individuals","item":"https:\/\/www.telpark.com\/en\/"},{"@type":"ListItem","position":3,"name":"Promotions","item":"https:\/\/www.telpark.com\/en\/individuals\/promotions\/"},{"@type":"ListItem","position":4,"name":"T&amp;C Easter Week 2026"}]},{"@type":"WebSite","@id":"https:\/\/www.telpark.com\/en\/#website","url":"https:\/\/www.telpark.com\/en\/","name":"Telpark","description":"Reserva tu plaza en los mejores aparcamientos. Descarga la app y olv\u00eddate de cajeros o parqu\u00edmetros en m\u00e1s de 100 ciudades en Espa\u00f1a y Portugal","publisher":{"@id":"https:\/\/www.telpark.com\/en\/#organization"},"potentialAction":[{"@type":"SearchAction","target":{"@type":"EntryPoint","urlTemplate":"https:\/\/www.telpark.com\/en\/?s={search_term_string}"},"query-input":"required name=search_term_string"}],"inLanguage":"en-US"},{"@type":"Organization","@id":"https:\/\/www.telpark.com\/en\/#organization","name":"Telpark","url":"https:\/\/www.telpark.com\/en\/","logo":{"@type":"ImageObject","inLanguage":"en-US","@id":"https:\/\/www.telpark.com\/en\/#\/schema\/logo\/image\/","url":"https:\/\/www.telpark.com\/wp-content\/uploads\/2023\/09\/telpark-logo.svg","contentUrl":"https:\/\/www.telpark.com\/wp-content\/uploads\/2023\/09\/telpark-logo.svg","width":128,"height":32,"caption":"Telpark"},"image":{"@id":"https:\/\/www.telpark.com\/en\/#\/schema\/logo\/image\/"},"sameAs":["https:\/\/twitter.com\/telpark_es","https:\/\/www.instagram.com\/telpark_app\/","https:\/\/www.youtube.com\/channel\/UCm8sjis_xlHU5VYQ6GslW-Q"]}]}},"meta_box":[],"_links":{"self":[{"href":"https:\/\/www.telpark.com\/en\/wp-json\/wp\/v2\/pages\/50809"}],"collection":[{"href":"https:\/\/www.telpark.com\/en\/wp-json\/wp\/v2\/pages"}],"about":[{"href":"https:\/\/www.telpark.com\/en\/wp-json\/wp\/v2\/types\/page"}],"author":[{"embeddable":true,"href":"https:\/\/www.telpark.com\/en\/wp-json\/wp\/v2\/users\/2049"}],"replies":[{"embeddable":true,"href":"https:\/\/www.telpark.com\/en\/wp-json\/wp\/v2\/comments?post=50809"}],"version-history":[{"count":3,"href":"https:\/\/www.telpark.com\/en\/wp-json\/wp\/v2\/pages\/50809\/revisions"}],"predecessor-version":[{"id":51032,"href":"https:\/\/www.telpark.com\/en\/wp-json\/wp\/v2\/pages\/50809\/revisions\/51032"}],"up":[{"embeddable":true,"href":"https:\/\/www.telpark.com\/en\/wp-json\/wp\/v2\/pages\/32649"}],"wp:attachment":[{"href":"https:\/\/www.telpark.com\/en\/wp-json\/wp\/v2\/media?parent=50809"}],"curies":[{"name":"wp","href":"https:\/\/api.w.org\/{rel}","templated":true}]}}