{"id":11817,"date":"2023-05-30T08:04:46","date_gmt":"2023-05-30T07:04:46","guid":{"rendered":"https:\/\/telpark.cmspro.telpark.com\/?page_id=11817"},"modified":"2025-02-21T08:53:16","modified_gmt":"2025-02-21T07:53:16","slug":"formulario-contacto","status":"publish","type":"page","link":"https:\/\/www.telpark.com\/es\/empresas\/formulario-contacto\/","title":{"rendered":"Contacto para empresas"},"content":{"rendered":"<section class=\"tpk-form\">\n   <div class=\"wrapper pl-1 pr-1 row center-xs  t-center \">\n        <div class=\"col-xs-12 col-sm-10 col-md-8 col-no-gutter\">\n                        <header class=\"tpk-head  wrapper\">\n    <p class=\"tpk-head__caption\">\u00bfHablamos?<\/p>    <h2 class=\"tpk-head__title\">Si deseas ponerte en contacto con nosotros completa el siguiente formulario<\/h2>    <\/header>        <\/div>\n    <\/div>\n\n            \n<div class=\"wpcf7 no-js\" id=\"wpcf7-f5-o1\" lang=\"en-US\" dir=\"ltr\">\n<div class=\"screen-reader-response\"><p role=\"status\" aria-live=\"polite\" aria-atomic=\"true\"><\/p> <ul><\/ul><\/div>\n<form action=\"\/es\/wp-json\/wp\/v2\/pages\/11817#wpcf7-f5-o1\" method=\"post\" class=\"wpcf7-form init\" aria-label=\"Contact form\" novalidate=\"novalidate\" data-status=\"init\">\n<div style=\"display: none;\">\n<input type=\"hidden\" name=\"_wpcf7\" value=\"5\" \/>\n<input type=\"hidden\" name=\"_wpcf7_version\" value=\"5.7.7\" \/>\n<input type=\"hidden\" name=\"_wpcf7_locale\" value=\"en_US\" \/>\n<input type=\"hidden\" name=\"_wpcf7_unit_tag\" value=\"wpcf7-f5-o1\" \/>\n<input type=\"hidden\" name=\"_wpcf7_container_post\" value=\"0\" \/>\n<input type=\"hidden\" name=\"_wpcf7_posted_data_hash\" value=\"\" \/>\n<\/div>\n<div class=\"wrapper row pt-4 bottom-xs center-xs\">\n\t<div class=\"col-xs-12 col-sm-12 col-md-6\">\n\t\t<div class=\"tpk-input-group\">\n\t\t\t<div class=\"tpk-input__wrapper\">\n\t\t\t\t<div class=\"tpk-input tpk-input-text\">\n\t\t\t\t\t<p><span class=\"wpcf7-form-control-wrap\" data-name=\"name1\"><input size=\"40\" maxlength=\"40\" class=\"wpcf7-form-control wpcf7-text wpcf7-validates-as-required\" id=\"name1\" aria-required=\"true\" aria-invalid=\"false\" placeholder=\"Nombre y apellidos\" value=\"\" type=\"text\" name=\"name1\" \/><\/span><label for=\"name1\"> Nombre y apellidos*<\/label>\n\t\t\t\t\t<\/p>\n\t\t\t\t<\/div>\n\t\t\t<\/div>\n\t\t\t<p class=\"tpk-input-group__help\">\n\t\t\t<\/p>\n\t\t<\/div>\n\t\t<div class=\"tpk-input-group\">\n\t\t\t<div class=\"tpk-input__wrapper\">\n\t\t\t\t<div class=\"tpk-input tpk-input-text\">\n\t\t\t\t\t<p><span class=\"wpcf7-form-control-wrap\" data-name=\"cargo\"><input size=\"40\" maxlength=\"30\" class=\"wpcf7-form-control wpcf7-text wpcf7-validates-as-required\" id=\"cargo\" aria-required=\"true\" aria-invalid=\"false\" placeholder=\"Cargo\" value=\"\" type=\"text\" name=\"cargo\" \/><\/span><label for=\"cargo\"> Cargo de empresa *<\/label>\n\t\t\t\t\t<\/p>\n\t\t\t\t<\/div>\n\t\t\t<\/div>\n\t\t\t<p class=\"tpk-input-group__help\">\n\t\t\t<\/p>\n\t\t<\/div>\n\t\t<div class=\"tpk-input-group\">\n\t\t\t<div class=\"tpk-input__wrapper\">\n\t\t\t\t<div class=\"tpk-input tpk-input-email\">\n\t\t\t\t\t<p><span class=\"wpcf7-form-control-wrap\" data-name=\"email\"><input size=\"40\" maxlength=\"30\" class=\"wpcf7-form-control wpcf7-text wpcf7-email wpcf7-validates-as-required wpcf7-validates-as-email\" id=\"email\" aria-required=\"true\" aria-invalid=\"false\" placeholder=\"Email\" value=\"\" type=\"email\" name=\"email\" \/><\/span><label for=\"email\">Email de empresa *<\/label>\n\t\t\t\t\t<\/p>\n\t\t\t\t<\/div>\n\t\t\t<\/div>\n\t\t\t<p class=\"tpk-input-group__help\">\n\t\t\t<\/p>\n\t\t<\/div>\n\t\t<div class=\"tpk-input-group\">\n\t\t\t<div class=\"tpk-input__wrapper\">\n\t\t\t\t<div class=\"tpk-input tpk-input-text\">\n\t\t\t\t\t<p><span class=\"wpcf7-form-control-wrap\" data-name=\"subject\"><input size=\"40\" maxlength=\"40\" class=\"wpcf7-form-control wpcf7-text\" id=\"subject\" aria-invalid=\"false\" placeholder=\"Asunto\" value=\"\" type=\"text\" name=\"subject\" \/><\/span><label for=\"subject\">Asunto<\/label>\n\t\t\t\t\t<\/p>\n\t\t\t\t<\/div>\n\t\t\t<\/div>\n\t\t\t<p class=\"tpk-input-group__help\">\n\t\t\t<\/p>\n\t\t<\/div>\n\t\t<div class=\"tpk-input-group\">\n\t\t\t<div class=\"tpk-input__wrapper\">\n\t\t\t\t<div class=\"tpk-input tpk-input-dropdown\">\n\t\t\t\t\t<p><span class=\"wpcf7-form-control-wrap\" data-name=\"dropdown\"><select class=\"wpcf7-form-control wpcf7-select wide\" id=\"dropdown\" aria-invalid=\"false\" name=\"dropdown\"><option value=\"Selecciona tu sector empresarial\" selected=\"selected\">Selecciona tu sector empresarial<\/option><option value=\"Tecnolog\u00eda\">Tecnolog\u00eda<\/option><option value=\"Turismo\">Turismo<\/option><option value=\"Viajes\">Viajes<\/option><option value=\"Alquiler de coches\">Alquiler de coches<\/option><option value=\"Hosteler\u00eda\">Hosteler\u00eda<\/option><\/select><\/span>\n\t\t\t\t\t<\/p>\n\t\t\t\t<\/div>\n\t\t\t<\/div>\n\t\t\t<p class=\"tpk-input-group__help\">\n\t\t\t<\/p>\n\t\t<\/div>\n\t\t<div class=\"tpk-input-group\">\n\t\t\t<div class=\"tpk-input__wrapper\">\n\t\t\t\t<div class=\"tpk-input tpk-input-textarea\">\n\t\t\t\t\t<p><span class=\"wpcf7-form-control-wrap\" data-name=\"textarea\"><textarea cols=\"40\" rows=\"10\" class=\"wpcf7-form-control wpcf7-textarea\" id=\"textarea\" aria-invalid=\"false\" placeholder=\"Descripci\u00f3n\" name=\"textarea\"><\/textarea><\/span><label for=\"name\">Descripci\u00f3n<\/label>\n\t\t\t\t\t<\/p>\n\t\t\t\t<\/div>\n\t\t\t<\/div>\n\t\t\t<p class=\"tpk-input-group__help\">\n\t\t\t<\/p>\n\t\t<\/div>\n\t<\/div>\n\t<div class=\"col-xs-12 col-sm-12 col-md-6\">\n\t\t<div>\n\t\t\t<p>No se atenderan consultar no relacionadas con las empresas\n\t\t\t<\/p>\n\t\t<\/div>\n\t\t<div class=\"tpk-checkbox\">\n\t\t\t<p><span class=\"wpcf7-form-control-wrap\" data-name=\"checkboxNewslettera\"><span class=\"wpcf7-form-control wpcf7-acceptance optional\"><span class=\"wpcf7-list-item\"><label><input type=\"checkbox\" name=\"checkboxNewslettera\" value=\"1\" class=\"tpk-checkbox__input\" id=\"checkboxNewslettera\" aria-invalid=\"false\" \/><span class=\"wpcf7-list-item-label\">Consiento que mis datos personales sean utilizados para ponerse en contacto conmigo sobre productos o servicios del Grupo Empark o de terceros, relacionados con los sectores de aparcamiento y de pago electr\u00f3nico.<\/span><\/label><\/span><\/span><\/span>\n\t\t\t<\/p>\n\t\t<\/div>\n\t\t<div class=\"tpk-checkbox\">\n\t\t\t<p><span class=\"wpcf7-form-control-wrap\" data-name=\"checkboxNewslettera2\"><span class=\"wpcf7-form-control wpcf7-acceptance optional\"><span class=\"wpcf7-list-item\"><label><input type=\"checkbox\" name=\"checkboxNewslettera2\" value=\"1\" class=\"tpk-checkbox__input\" id=\"checkboxNewslettera2\" aria-invalid=\"false\" \/><span class=\"wpcf7-list-item-label\">Consiento que mis datos personales sean utilizados para el env\u00edo de comunicaciones sobre oportunidades profesionales sobre el Grupo Empark.<\/span><\/label><\/span><\/span><\/span>\n\t\t\t<\/p>\n\t\t<\/div>\n\t\t<div class=\"tpk-checkbox\">\n\t\t\t<p><span class=\"wpcf7-form-control-wrap\" data-name=\"checkboxNewslettera3\"><span class=\"wpcf7-form-control wpcf7-acceptance\"><span class=\"wpcf7-list-item\"><label><input type=\"checkbox\" name=\"checkboxNewslettera3\" value=\"1\" class=\"tpk-checkbox__input\" id=\"checkboxNewslettera3\" aria-invalid=\"false\" \/><span class=\"wpcf7-list-item-label\">He leido la Pol\u00edtica de privacidad (obligatorio para el env\u00edo)<\/span><\/label><\/span><\/span><\/span>\n\t\t\t<\/p>\n\t\t<\/div>\n\t<\/div>\n\t<div class=\"col-xs-12 pt-4 tpk-form__buttons\">\n\t\t<p><input class=\"wpcf7-form-control has-spinner wpcf7-submit tpk-button tpk-button--primary tpk-button--lg\" type=\"submit\" value=\"Enviar\" \/>\n\t\t<\/p>\n\t<\/div>\n<\/div><div class=\"wpcf7-response-output\" aria-hidden=\"true\"><\/div>\n<\/form>\n<\/div>\n\n    <\/section>","protected":false},"excerpt":{"rendered":"","protected":false},"author":15,"featured_media":0,"parent":23,"menu_order":0,"comment_status":"closed","ping_status":"closed","template":"","meta":{"footnotes":""},"yoast_head":"<!-- This site is optimized with the Yoast SEO plugin v20.12 - https:\/\/yoast.com\/wordpress\/plugins\/seo\/ -->\n<title>Contacto para empresas | Telpark<\/title>\n<meta name=\"robots\" content=\"noindex, nofollow\" \/>\n<meta property=\"og:locale\" content=\"es_ES\" \/>\n<meta property=\"og:type\" content=\"article\" \/>\n<meta property=\"og:title\" content=\"Contacto para empresas | Telpark\" \/>\n<meta property=\"og:url\" content=\"https:\/\/www.telpark.com\/es\/empresas\/formulario-contacto\/\" \/>\n<meta property=\"og:site_name\" content=\"Telpark\" \/>\n<meta property=\"article:modified_time\" content=\"2025-02-21T07:53:16+00:00\" \/>\n<meta name=\"twitter:card\" content=\"summary_large_image\" \/>\n<meta name=\"twitter:site\" content=\"@telpark_es\" \/>\n<script type=\"application\/ld+json\" class=\"yoast-schema-graph\">{\"@context\":\"https:\/\/schema.org\",\"@graph\":[{\"@type\":\"WebPage\",\"@id\":\"https:\/\/www.telpark.com\/es\/empresas\/formulario-contacto\/\",\"url\":\"https:\/\/www.telpark.com\/es\/empresas\/formulario-contacto\/\",\"name\":\"Contacto para empresas | Telpark\",\"isPartOf\":{\"@id\":\"https:\/\/www.telpark.com\/es\/#website\"},\"datePublished\":\"2023-05-30T07:04:46+00:00\",\"dateModified\":\"2025-02-21T07:53:16+00:00\",\"breadcrumb\":{\"@id\":\"https:\/\/www.telpark.com\/es\/empresas\/formulario-contacto\/#breadcrumb\"},\"inLanguage\":\"es-ES\",\"potentialAction\":[{\"@type\":\"ReadAction\",\"target\":[\"https:\/\/www.telpark.com\/es\/empresas\/formulario-contacto\/\"]}]},{\"@type\":\"BreadcrumbList\",\"@id\":\"https:\/\/www.telpark.com\/es\/empresas\/formulario-contacto\/#breadcrumb\",\"itemListElement\":[{\"@type\":\"ListItem\",\"position\":1,\"name\":\"Home\",\"item\":\"https:\/\/www.telpark.com\/es\/\"},{\"@type\":\"ListItem\",\"position\":2,\"name\":\"Empresas\",\"item\":\"https:\/\/www.telpark.com\/es\/empresas\/\"},{\"@type\":\"ListItem\",\"position\":3,\"name\":\"Contacto para empresas\"}]},{\"@type\":\"WebSite\",\"@id\":\"https:\/\/www.telpark.com\/es\/#website\",\"url\":\"https:\/\/www.telpark.com\/es\/\",\"name\":\"Telpark\",\"description\":\"Reserva tu plaza en los mejores aparcamientos. Descarga la app y olv\u00eddate de cajeros o parqu\u00edmetros en m\u00e1s de 100 ciudades en Espa\u00f1a y Portugal\",\"publisher\":{\"@id\":\"https:\/\/www.telpark.com\/es\/#organization\"},\"potentialAction\":[{\"@type\":\"SearchAction\",\"target\":{\"@type\":\"EntryPoint\",\"urlTemplate\":\"https:\/\/www.telpark.com\/es\/?s={search_term_string}\"},\"query-input\":\"required name=search_term_string\"}],\"inLanguage\":\"es-ES\"},{\"@type\":\"Organization\",\"@id\":\"https:\/\/www.telpark.com\/es\/#organization\",\"name\":\"Telpark\",\"url\":\"https:\/\/www.telpark.com\/es\/\",\"logo\":{\"@type\":\"ImageObject\",\"inLanguage\":\"es-ES\",\"@id\":\"https:\/\/www.telpark.com\/es\/#\/schema\/logo\/image\/\",\"url\":\"https:\/\/www.telpark.com\/wp-content\/uploads\/2023\/09\/telpark-logo.svg\",\"contentUrl\":\"https:\/\/www.telpark.com\/wp-content\/uploads\/2023\/09\/telpark-logo.svg\",\"width\":128,\"height\":32,\"caption\":\"Telpark\"},\"image\":{\"@id\":\"https:\/\/www.telpark.com\/es\/#\/schema\/logo\/image\/\"},\"sameAs\":[\"https:\/\/twitter.com\/telpark_es\",\"https:\/\/www.instagram.com\/telpark_app\/\",\"https:\/\/www.youtube.com\/channel\/UCm8sjis_xlHU5VYQ6GslW-Q\"]}]}<\/script>\n<!-- \/ Yoast SEO plugin. -->","yoast_head_json":{"title":"Contacto para empresas | Telpark","robots":{"index":"noindex","follow":"nofollow"},"og_locale":"es_ES","og_type":"article","og_title":"Contacto para empresas | Telpark","og_url":"https:\/\/www.telpark.com\/es\/empresas\/formulario-contacto\/","og_site_name":"Telpark","article_modified_time":"2025-02-21T07:53:16+00:00","twitter_card":"summary_large_image","twitter_site":"@telpark_es","schema":{"@context":"https:\/\/schema.org","@graph":[{"@type":"WebPage","@id":"https:\/\/www.telpark.com\/es\/empresas\/formulario-contacto\/","url":"https:\/\/www.telpark.com\/es\/empresas\/formulario-contacto\/","name":"Contacto para empresas | Telpark","isPartOf":{"@id":"https:\/\/www.telpark.com\/es\/#website"},"datePublished":"2023-05-30T07:04:46+00:00","dateModified":"2025-02-21T07:53:16+00:00","breadcrumb":{"@id":"https:\/\/www.telpark.com\/es\/empresas\/formulario-contacto\/#breadcrumb"},"inLanguage":"es-ES","potentialAction":[{"@type":"ReadAction","target":["https:\/\/www.telpark.com\/es\/empresas\/formulario-contacto\/"]}]},{"@type":"BreadcrumbList","@id":"https:\/\/www.telpark.com\/es\/empresas\/formulario-contacto\/#breadcrumb","itemListElement":[{"@type":"ListItem","position":1,"name":"Home","item":"https:\/\/www.telpark.com\/es\/"},{"@type":"ListItem","position":2,"name":"Empresas","item":"https:\/\/www.telpark.com\/es\/empresas\/"},{"@type":"ListItem","position":3,"name":"Contacto para empresas"}]},{"@type":"WebSite","@id":"https:\/\/www.telpark.com\/es\/#website","url":"https:\/\/www.telpark.com\/es\/","name":"Telpark","description":"Reserva tu plaza en los mejores aparcamientos. Descarga la app y olv\u00eddate de cajeros o parqu\u00edmetros en m\u00e1s de 100 ciudades en Espa\u00f1a y Portugal","publisher":{"@id":"https:\/\/www.telpark.com\/es\/#organization"},"potentialAction":[{"@type":"SearchAction","target":{"@type":"EntryPoint","urlTemplate":"https:\/\/www.telpark.com\/es\/?s={search_term_string}"},"query-input":"required name=search_term_string"}],"inLanguage":"es-ES"},{"@type":"Organization","@id":"https:\/\/www.telpark.com\/es\/#organization","name":"Telpark","url":"https:\/\/www.telpark.com\/es\/","logo":{"@type":"ImageObject","inLanguage":"es-ES","@id":"https:\/\/www.telpark.com\/es\/#\/schema\/logo\/image\/","url":"https:\/\/www.telpark.com\/wp-content\/uploads\/2023\/09\/telpark-logo.svg","contentUrl":"https:\/\/www.telpark.com\/wp-content\/uploads\/2023\/09\/telpark-logo.svg","width":128,"height":32,"caption":"Telpark"},"image":{"@id":"https:\/\/www.telpark.com\/es\/#\/schema\/logo\/image\/"},"sameAs":["https:\/\/twitter.com\/telpark_es","https:\/\/www.instagram.com\/telpark_app\/","https:\/\/www.youtube.com\/channel\/UCm8sjis_xlHU5VYQ6GslW-Q"]}]}},"meta_box":[],"_links":{"self":[{"href":"https:\/\/www.telpark.com\/es\/wp-json\/wp\/v2\/pages\/11817"}],"collection":[{"href":"https:\/\/www.telpark.com\/es\/wp-json\/wp\/v2\/pages"}],"about":[{"href":"https:\/\/www.telpark.com\/es\/wp-json\/wp\/v2\/types\/page"}],"author":[{"embeddable":true,"href":"https:\/\/www.telpark.com\/es\/wp-json\/wp\/v2\/users\/15"}],"replies":[{"embeddable":true,"href":"https:\/\/www.telpark.com\/es\/wp-json\/wp\/v2\/comments?post=11817"}],"version-history":[{"count":3,"href":"https:\/\/www.telpark.com\/es\/wp-json\/wp\/v2\/pages\/11817\/revisions"}],"predecessor-version":[{"id":43515,"href":"https:\/\/www.telpark.com\/es\/wp-json\/wp\/v2\/pages\/11817\/revisions\/43515"}],"up":[{"embeddable":true,"href":"https:\/\/www.telpark.com\/es\/wp-json\/wp\/v2\/pages\/23"}],"wp:attachment":[{"href":"https:\/\/www.telpark.com\/es\/wp-json\/wp\/v2\/media?parent=11817"}],"curies":[{"name":"wp","href":"https:\/\/api.w.org\/{rel}","templated":true}]}}