{"id":12134,"date":"2023-06-13T09:09:10","date_gmt":"2023-06-13T08:09:10","guid":{"rendered":"https:\/\/telpark.cmspro.telpark.com\/?page_id=12134"},"modified":"2023-11-24T11:37:38","modified_gmt":"2023-11-24T10:37:38","slug":"empark-aviso-legal","status":"publish","type":"page","link":"https:\/\/www.telpark.com\/es\/centro-legal\/empark-aviso-legal\/","title":{"rendered":"Empark - Aviso Legal"},"content":{"rendered":"<article class=\"tpk-page\">\n    <div class=\"row wrapper center-xs tpk-page__content\">\n        <div class=\"col-xs-12 col-sm-10 col-md-8 pt-4 pb-4\">\n            <p><b><span data-contrast=\"auto\">Informaci\u00f3n Legal:<\/span><\/b><span data-ccp-props=\"{&quot;201341983&quot;:0,&quot;335551550&quot;:6,&quot;335551620&quot;:6,&quot;335559739&quot;:0,&quot;335559740&quot;:240}\"><br \/><\/span><\/p>\n<p><span data-contrast=\"auto\">Empark Aparcamientos y Servicios, S.A.U., con CIF A-78320736, y direcci\u00f3n en Madrid, Avenida del General Per\u00f3n, 36, 28020.<\/span><span data-ccp-props=\"{&quot;201341983&quot;:0,&quot;335551550&quot;:6,&quot;335551620&quot;:6,&quot;335559739&quot;:0,&quot;335559740&quot;:240}\">\u00a0<\/span><\/p>\n<p><span data-contrast=\"auto\">Inscrita en el Registro Mercantil de Madrid, Tomo: 14090, Folio: 86, Secci\u00f3n: 8. Hoja: M-53866. En adelante \u201cEmpark\u201d.<\/span><span data-ccp-props=\"{&quot;201341983&quot;:0,&quot;335551550&quot;:6,&quot;335551620&quot;:6,&quot;335559739&quot;:0,&quot;335559740&quot;:240}\">\u00a0<\/span><\/p>\n<p><span data-ccp-props=\"{&quot;201341983&quot;:0,&quot;335551550&quot;:6,&quot;335551620&quot;:6,&quot;335559739&quot;:0,&quot;335559740&quot;:240}\">\u00a0<\/span><\/p>\n<p><b><span data-contrast=\"auto\">Objeto:<\/span><\/b><\/p>\n<p><span data-contrast=\"auto\">El presente Aviso Legal recoge las condiciones de uso que regulan el acceso a este sitio web de Empark, en adelante \u201cSitio Web\u201d y el uso de los contenidos y de los servicios puestos a disposici\u00f3n de los Usuarios que acceden a la web de Empark.<\/span><span data-ccp-props=\"{&quot;134233117&quot;:false,&quot;134233118&quot;:true,&quot;201341983&quot;:0,&quot;335551550&quot;:6,&quot;335551620&quot;:6,&quot;335559738&quot;:0,&quot;335559740&quot;:240}\">\u00a0<\/span><\/p>\n<p><span data-contrast=\"auto\">La utilizaci\u00f3n del Sitio Web por los Usuarios implica la aceptaci\u00f3n plena y sin reservas de todas las condiciones incluidas en el Aviso Legal que est\u00e9 vigente en cada acceso al mismo. Este Aviso Legal podr\u00e1 ser modificado en cualquier momento por Empark, por lo que el usuario debe leerlo atentamente en cada una de las ocasiones en que se proponga utilizar cualquiera de los contenidos y servicios ofrecidos en el Sitio Web, ya que \u00e9ste puede haber sufrido modificaciones.<\/span><span data-ccp-props=\"{&quot;134233118&quot;:true,&quot;201341983&quot;:0,&quot;335551550&quot;:6,&quot;335551620&quot;:6,&quot;335559739&quot;:160,&quot;335559740&quot;:240}\">\u00a0<\/span><\/p>\n<p><span data-contrast=\"auto\">La inclusi\u00f3n en el Sitio Web de informaci\u00f3n relativa a productos o servicios ofrecidos por Empark tiene exclusivamente fines informativos y publicitarios, salvo que sea establecida expresamente otra finalidad.<\/span><span data-ccp-props=\"{&quot;201341983&quot;:0,&quot;335551550&quot;:6,&quot;335551620&quot;:6,&quot;335559739&quot;:0,&quot;335559740&quot;:240}\">\u00a0<\/span><\/p>\n<p><span data-ccp-props=\"{&quot;201341983&quot;:0,&quot;335551550&quot;:6,&quot;335551620&quot;:6,&quot;335559739&quot;:0,&quot;335559740&quot;:240}\">\u00a0<\/span><\/p>\n<p><b><span data-contrast=\"auto\">Uso:<\/span><\/b><\/p>\n<p><span data-contrast=\"auto\">Los Usuarios se comprometen a utilizar los servicios ofrecidos por Empark y contenidos del Sitio Web de conformidad con lo establecido en la Ley y en el presente Aviso Legal, respondiendo frente a Empark o frente a terceros, de los da\u00f1os y perjuicios que pudieran causar como consecuencia del incumplimiento de dichas obligaciones, y de las actuaciones llevadas a cabo que sean de car\u00e1cter il\u00edcito, negligente, fraudulento, o que contravengan la buena fe, quedando por tanto prohibido el uso del Sitio Web con fines il\u00edcitos, lesivos de los derechos, bienes, los intereses o la reputaci\u00f3n de Empark o de terceros, o que de cualquier otra forma da\u00f1en, o inutilicen las redes, servidores y dem\u00e1s equipos o productos y aplicaciones inform\u00e1ticas de Empark o de un tercero<\/span><span data-ccp-props=\"{&quot;201341983&quot;:0,&quot;335551550&quot;:6,&quot;335551620&quot;:6,&quot;335559739&quot;:0,&quot;335559740&quot;:240}\">\u00a0<\/span><\/p>\n<p><span data-contrast=\"auto\">El acceso al Sitio Web por parte de los Usuarios tiene car\u00e1cter libre y gratuito, y no implica, en s\u00ed mismo, el establecimiento de ning\u00fan tipo de v\u00ednculo o relaci\u00f3n comercial entre Empark y el Usuario. No obstante, la utilizaci\u00f3n, prestaci\u00f3n y\/o contrataci\u00f3n de productos o servicios que, en su caso, puedan ser ofrecidos por Empark puede estar sujeta a la previa observancia de requisitos formales tales como la cumplimentaci\u00f3n del correspondiente formulario, abono de gastos y\/o la previa aceptaci\u00f3n de las condiciones particulares que resulten de aplicaci\u00f3n a los mismos.<\/span><span data-ccp-props=\"{&quot;201341983&quot;:0,&quot;335551550&quot;:6,&quot;335551620&quot;:6,&quot;335559739&quot;:0,&quot;335559740&quot;:240}\">\u00a0<\/span><\/p>\n<p><span data-contrast=\"auto\">Si para la utilizaci\u00f3n, prestaci\u00f3n y\/o contrataci\u00f3n de alg\u00fan producto o servicio ofrecido a trav\u00e9s del Sitio Web, el Usuario debiera proceder a su registro, \u00e9ste ser\u00e1 responsable de aportar informaci\u00f3n veraz y l\u00edcita, garantizando la autenticidad de todos aquellos datos que introduzca a la hora de cumplimentar los formularios correspondientes respetando, en su caso, la \u201cPol\u00edtica de Privacidad\u201d que se recoge en el Sitio Web o en el formulario correspondiente.<\/span><span data-ccp-props=\"{&quot;201341983&quot;:0,&quot;335551550&quot;:6,&quot;335551620&quot;:6,&quot;335559739&quot;:0,&quot;335559740&quot;:240}\">\u00a0<\/span><\/p>\n<p><span data-ccp-props=\"{&quot;201341983&quot;:0,&quot;335551550&quot;:6,&quot;335551620&quot;:6,&quot;335559739&quot;:0,&quot;335559740&quot;:240}\">\u00a0<\/span><\/p>\n<p><b><span data-contrast=\"auto\">Fuerza Mayor:<\/span><\/b><\/p>\n<p><span data-contrast=\"auto\">Empark <\/span><span data-contrast=\"auto\">no ser\u00e1 responsable de los retrasos o fallos que se produjeran en el acceso, funcionamiento y operatividad del Sitio Web, as\u00ed como tampoco ser\u00e1 responsables de las interrupciones, suspensiones o el mal funcionamiento del mismo, cuando tuvieren su origen en aver\u00edas producidas por cat\u00e1strofes naturales como terremotos, inundaciones, rayos o incendios, vulneraci\u00f3n a los sistemas de seguridad de informaci\u00f3n o incidentes de ciberseguridad, situaciones de fuerza mayor, situaciones de urgencia extrema tales como guerras, operaciones militares, disturbios civiles, huelgas, cierres patronales o cualquier otra situaci\u00f3n de fuerza mayor o caso fortuito.<\/span><span data-ccp-props=\"{&quot;201341983&quot;:0,&quot;335551550&quot;:6,&quot;335551620&quot;:6,&quot;335559739&quot;:0,&quot;335559740&quot;:240}\">\u00a0<\/span><\/p>\n<p><span data-ccp-props=\"{&quot;201341983&quot;:0,&quot;335551550&quot;:6,&quot;335551620&quot;:6,&quot;335559739&quot;:0,&quot;335559740&quot;:240}\">\u00a0<\/span><\/p>\n<p><b><span data-contrast=\"auto\">Derechos de propiedad intelectual, industrial e imagen:<\/span><\/b><\/p>\n<p><span data-contrast=\"auto\">Empark es titular o ha obtenido la correspondiente licencia sobre los derechos de explotaci\u00f3n en materia de propiedad intelectual, industrial y de imagen sobre los contenidos disponibles en el Sitio Web, entre otros a t\u00edtulo meramente enunciativo y no exhaustivo, los textos, dise\u00f1os gr\u00e1ficos, dibujos, c\u00f3digos, software, fotograf\u00edas, v\u00eddeos, sonidos, bases de datos, \u00edndices, im\u00e1genes, marcas, logotipos, expresiones e informaciones y, en general, cualquier otra creaci\u00f3n protegida por las normas nacionales y tratados internacionales sobre propiedad intelectual e industrial. En el caso de que alguno de los contenidos disponibles en el Sitio Web no sea titularidad de Empark, su inclusi\u00f3n se ha realizado previa autorizaci\u00f3n del leg\u00edtimo titular y\/o de conformidad con la normativa vigente.<\/span><span data-ccp-props=\"{&quot;201341983&quot;:0,&quot;335551550&quot;:6,&quot;335551620&quot;:6,&quot;335559739&quot;:0,&quot;335559740&quot;:240}\">\u00a0<\/span><span data-ccp-props=\"{&quot;201341983&quot;:0,&quot;335551550&quot;:6,&quot;335551620&quot;:6,&quot;335559739&quot;:0,&quot;335559740&quot;:240}\">\u00a0<\/span><\/p>\n<p><span data-contrast=\"auto\">Quedan reservados todos los derechos de propiedad intelectual e industrial sobre los Contenidos y, en particular, queda prohibido modificar, copiar, reproducir, comunicar p\u00fablicamente, transformar o distribuir de cualquier forma la totalidad o parte de los contenidos incluidos en el Sitio Web, para prop\u00f3sitos p\u00fablicos o comerciales, si no se cuenta con la autorizaci\u00f3n previa, expresa y por escrito de Empark o, en su caso, del titular de los derechos a que corresponda.<\/span><span data-ccp-props=\"{&quot;201341983&quot;:0,&quot;335551550&quot;:6,&quot;335551620&quot;:6,&quot;335559739&quot;:0,&quot;335559740&quot;:240}\">\u00a0<\/span><\/p>\n<p><span data-ccp-props=\"{&quot;201341983&quot;:0,&quot;335551550&quot;:6,&quot;335551620&quot;:6,&quot;335559739&quot;:0,&quot;335559740&quot;:240}\">\u00a0<\/span><\/p>\n<p><b><span data-contrast=\"auto\">Cookies:<\/span><\/b><\/p>\n<p><span data-contrast=\"auto\">El Sitio web utiliza cookies propias y de terceros para facilitar la navegaci\u00f3n a trav\u00e9s de su p\u00e1gina web y obtener una mayor eficacia y personalizaci\u00f3n de los servicios ofrecidos a los Usuario. Para obtener m\u00e1s informaci\u00f3n sobre su uso, consulte el apartado \u201cPol\u00edtica de Cookies\u201d del Sitio Web.<\/span><span data-ccp-props=\"{&quot;201341983&quot;:0,&quot;335551550&quot;:6,&quot;335551620&quot;:6,&quot;335559739&quot;:0,&quot;335559740&quot;:240}\">\u00a0<\/span><\/p>\n<p><span data-ccp-props=\"{&quot;201341983&quot;:0,&quot;335551550&quot;:6,&quot;335551620&quot;:6,&quot;335559739&quot;:0,&quot;335559740&quot;:240}\">\u00a0<\/span><\/p>\n<p><b><span data-contrast=\"auto\">Seguridad:<\/span><\/b><\/p>\n<p><span data-contrast=\"auto\">El Usuario es el \u00fanico responsable de la custodia, uso diligente y mantenimiento de la confidencialidad de las contrase\u00f1as, claves de acceso o sistemas de cifrado o encriptaci\u00f3n de los equipos adquiridos y\/o instalados.<\/span><span data-ccp-props=\"{&quot;201341983&quot;:0,&quot;335551550&quot;:6,&quot;335551620&quot;:6,&quot;335559739&quot;:0,&quot;335559740&quot;:240}\">\u00a0<\/span><\/p>\n<p><span data-contrast=\"auto\">El Usuario acepta asumir la responsabilidad que proceda por todas las actividades realizadas desde su cuenta y\/o utilizando su contrase\u00f1a.<\/span><span data-ccp-props=\"{&quot;201341983&quot;:0,&quot;335551550&quot;:6,&quot;335551620&quot;:6,&quot;335559739&quot;:0,&quot;335559740&quot;:240}\">\u00a0<\/span><\/p>\n<p><span data-ccp-props=\"{&quot;201341983&quot;:0,&quot;335551550&quot;:6,&quot;335551620&quot;:6,&quot;335559739&quot;:0,&quot;335559740&quot;:240}\">\u00a0<\/span><\/p>\n<p><b><span data-contrast=\"auto\">Miscel\u00e1nea:<\/span><\/b><\/p>\n<p><span data-contrast=\"auto\">Si alguna cl\u00e1usula del Aviso Legal fuera declarada inv\u00e1lida, nula o por cualquier causa ineficaz, dicha condici\u00f3n se entender\u00e1 excluida, sin que la validez ni la exigibilidad del resto de condiciones se vean afectadas por ello.<\/span><span data-ccp-props=\"{&quot;201341983&quot;:0,&quot;335551550&quot;:6,&quot;335551620&quot;:6,&quot;335559739&quot;:0,&quot;335559740&quot;:240}\">\u00a0<\/span><span data-ccp-props=\"{&quot;201341983&quot;:0,&quot;335551550&quot;:6,&quot;335551620&quot;:6,&quot;335559739&quot;:0,&quot;335559740&quot;:240}\">\u00a0<\/span><\/p>\n<p><span data-contrast=\"auto\">En caso de existir discrepancia entre lo establecido en este Aviso Legal y las condiciones particulares que, en su caso, puedan ser establecidas respecto de los productos o servicios ofrecidos en el Sitio Web prevalecer\u00e1 lo dispuesto en las condiciones particulares.<\/span><span data-ccp-props=\"{&quot;201341983&quot;:0,&quot;335551550&quot;:6,&quot;335551620&quot;:6,&quot;335559739&quot;:0,&quot;335559740&quot;:240}\">\u00a0<\/span><span data-ccp-props=\"{&quot;201341983&quot;:0,&quot;335551550&quot;:6,&quot;335551620&quot;:6,&quot;335559739&quot;:0,&quot;335559740&quot;:240}\">\u00a0<\/span><\/p>\n<p><span data-contrast=\"auto\">En caso de incumplimiento por parte de los Usuarios de las presentes Condiciones sin que Empark ejercitase inmediatamente las acciones y\/o derechos que tuviese a su alcance, no implica que Empark renuncie a hacer uso de los mismos en cualquier otro momento en el futuro.<\/span><span data-ccp-props=\"{&quot;201341983&quot;:0,&quot;335551550&quot;:6,&quot;335551620&quot;:6,&quot;335559739&quot;:0,&quot;335559740&quot;:240}\">\u00a0<\/span><\/p>\n<p><span data-ccp-props=\"{&quot;201341983&quot;:0,&quot;335551550&quot;:6,&quot;335551620&quot;:6,&quot;335559739&quot;:0,&quot;335559740&quot;:240}\">\u00a0<\/span><\/p>\n<p><b><span data-contrast=\"auto\">Legislaci\u00f3n aplicable y jurisdicci\u00f3n:<\/span><\/b><\/p>\n<p><span data-contrast=\"auto\">El Aviso Legal de este Sitio Web se regir\u00e1 por la legislaci\u00f3n espa\u00f1ola.<\/span><span data-ccp-props=\"{&quot;134233117&quot;:false,&quot;134233118&quot;:true,&quot;201341983&quot;:0,&quot;335559738&quot;:0,&quot;335559740&quot;:240}\">\u00a0<\/span><\/p>\n<p><span data-contrast=\"auto\">Empark y los Usuarios, renuncian expresamente al fuero propio que pudiera corresponderles, y se someten formalmente a los Juzgados y Tribunales de Madrid, para cualquier controversia que pudiera surgir con motivo de la interpretaci\u00f3n o el cumplimiento del Aviso Legal por el que se rige este Sitio Web.<\/span><span data-ccp-props=\"{&quot;134233117&quot;:false,&quot;134233118&quot;:true,&quot;201341983&quot;:0,&quot;335551550&quot;:6,&quot;335551620&quot;:6,&quot;335559738&quot;:0,&quot;335559740&quot;:240}\">\u00a0<\/span><\/p>\n\n        <\/div>\n    <\/div>\n<\/article>","protected":false},"excerpt":{"rendered":"","protected":false},"author":13,"featured_media":0,"parent":28967,"menu_order":0,"comment_status":"closed","ping_status":"closed","template":"template-privacy.php","meta":{"footnotes":""},"yoast_head":"<!-- This site is optimized with the Yoast SEO plugin v20.12 - https:\/\/yoast.com\/wordpress\/plugins\/seo\/ -->\n<title>Empark - Aviso Legal | Telpark<\/title>\n<meta name=\"description\" content=\"Descubre c\u00f3mo utilizamos las cookies para mejorar tu experiencia online. Tu privacidad es importante para nosotros\" \/>\n<meta name=\"robots\" content=\"noindex, nofollow\" \/>\n<meta property=\"og:locale\" content=\"es_ES\" \/>\n<meta property=\"og:type\" content=\"article\" \/>\n<meta property=\"og:title\" content=\"Empark - Aviso Legal | Telpark\" \/>\n<meta property=\"og:description\" content=\"Descubre c\u00f3mo utilizamos las cookies para mejorar tu experiencia online. Tu privacidad es importante para nosotros\" \/>\n<meta property=\"og:url\" content=\"https:\/\/www.telpark.com\/es\/centro-legal\/empark-aviso-legal\/\" \/>\n<meta property=\"og:site_name\" content=\"Telpark\" \/>\n<meta property=\"article:modified_time\" content=\"2023-11-24T10:37:38+00:00\" \/>\n<meta name=\"twitter:card\" content=\"summary_large_image\" \/>\n<meta name=\"twitter:site\" content=\"@telpark_es\" \/>\n<script type=\"application\/ld+json\" class=\"yoast-schema-graph\">{\"@context\":\"https:\/\/schema.org\",\"@graph\":[{\"@type\":\"WebPage\",\"@id\":\"https:\/\/www.telpark.com\/es\/centro-legal\/empark-aviso-legal\/\",\"url\":\"https:\/\/www.telpark.com\/es\/centro-legal\/empark-aviso-legal\/\",\"name\":\"Empark - Aviso Legal | Telpark\",\"isPartOf\":{\"@id\":\"https:\/\/www.telpark.com\/es\/#website\"},\"datePublished\":\"2023-06-13T08:09:10+00:00\",\"dateModified\":\"2023-11-24T10:37:38+00:00\",\"description\":\"Descubre c\u00f3mo utilizamos las cookies para mejorar tu experiencia online. Tu privacidad es importante para nosotros\",\"breadcrumb\":{\"@id\":\"https:\/\/www.telpark.com\/es\/centro-legal\/empark-aviso-legal\/#breadcrumb\"},\"inLanguage\":\"es-ES\",\"potentialAction\":[{\"@type\":\"ReadAction\",\"target\":[\"https:\/\/www.telpark.com\/es\/centro-legal\/empark-aviso-legal\/\"]}]},{\"@type\":\"BreadcrumbList\",\"@id\":\"https:\/\/www.telpark.com\/es\/centro-legal\/empark-aviso-legal\/#breadcrumb\",\"itemListElement\":[{\"@type\":\"ListItem\",\"position\":1,\"name\":\"Home\",\"item\":\"https:\/\/www.telpark.com\/es\/\"},{\"@type\":\"ListItem\",\"position\":2,\"name\":\"Centro-legal\",\"item\":\"https:\/\/www.telpark.com\/es\/centro-legal\/\"},{\"@type\":\"ListItem\",\"position\":3,\"name\":\"Empark - Aviso Legal\"}]},{\"@type\":\"WebSite\",\"@id\":\"https:\/\/www.telpark.com\/es\/#website\",\"url\":\"https:\/\/www.telpark.com\/es\/\",\"name\":\"Telpark\",\"description\":\"Reserva tu plaza en los mejores aparcamientos. Descarga la app y olv\u00eddate de cajeros o parqu\u00edmetros en m\u00e1s de 100 ciudades en Espa\u00f1a y Portugal\",\"publisher\":{\"@id\":\"https:\/\/www.telpark.com\/es\/#organization\"},\"potentialAction\":[{\"@type\":\"SearchAction\",\"target\":{\"@type\":\"EntryPoint\",\"urlTemplate\":\"https:\/\/www.telpark.com\/es\/?s={search_term_string}\"},\"query-input\":\"required name=search_term_string\"}],\"inLanguage\":\"es-ES\"},{\"@type\":\"Organization\",\"@id\":\"https:\/\/www.telpark.com\/es\/#organization\",\"name\":\"Telpark\",\"url\":\"https:\/\/www.telpark.com\/es\/\",\"logo\":{\"@type\":\"ImageObject\",\"inLanguage\":\"es-ES\",\"@id\":\"https:\/\/www.telpark.com\/es\/#\/schema\/logo\/image\/\",\"url\":\"https:\/\/www.telpark.com\/wp-content\/uploads\/2023\/09\/telpark-logo.svg\",\"contentUrl\":\"https:\/\/www.telpark.com\/wp-content\/uploads\/2023\/09\/telpark-logo.svg\",\"width\":128,\"height\":32,\"caption\":\"Telpark\"},\"image\":{\"@id\":\"https:\/\/www.telpark.com\/es\/#\/schema\/logo\/image\/\"},\"sameAs\":[\"https:\/\/twitter.com\/telpark_es\",\"https:\/\/www.instagram.com\/telpark_app\/\",\"https:\/\/www.youtube.com\/channel\/UCm8sjis_xlHU5VYQ6GslW-Q\"]}]}<\/script>\n<!-- \/ Yoast SEO plugin. -->","yoast_head_json":{"title":"Empark - Aviso Legal | Telpark","description":"Descubre c\u00f3mo utilizamos las cookies para mejorar tu experiencia online. Tu privacidad es importante para nosotros","robots":{"index":"noindex","follow":"nofollow"},"og_locale":"es_ES","og_type":"article","og_title":"Empark - Aviso Legal | Telpark","og_description":"Descubre c\u00f3mo utilizamos las cookies para mejorar tu experiencia online. Tu privacidad es importante para nosotros","og_url":"https:\/\/www.telpark.com\/es\/centro-legal\/empark-aviso-legal\/","og_site_name":"Telpark","article_modified_time":"2023-11-24T10:37:38+00:00","twitter_card":"summary_large_image","twitter_site":"@telpark_es","schema":{"@context":"https:\/\/schema.org","@graph":[{"@type":"WebPage","@id":"https:\/\/www.telpark.com\/es\/centro-legal\/empark-aviso-legal\/","url":"https:\/\/www.telpark.com\/es\/centro-legal\/empark-aviso-legal\/","name":"Empark - Aviso Legal | Telpark","isPartOf":{"@id":"https:\/\/www.telpark.com\/es\/#website"},"datePublished":"2023-06-13T08:09:10+00:00","dateModified":"2023-11-24T10:37:38+00:00","description":"Descubre c\u00f3mo utilizamos las cookies para mejorar tu experiencia online. Tu privacidad es importante para nosotros","breadcrumb":{"@id":"https:\/\/www.telpark.com\/es\/centro-legal\/empark-aviso-legal\/#breadcrumb"},"inLanguage":"es-ES","potentialAction":[{"@type":"ReadAction","target":["https:\/\/www.telpark.com\/es\/centro-legal\/empark-aviso-legal\/"]}]},{"@type":"BreadcrumbList","@id":"https:\/\/www.telpark.com\/es\/centro-legal\/empark-aviso-legal\/#breadcrumb","itemListElement":[{"@type":"ListItem","position":1,"name":"Home","item":"https:\/\/www.telpark.com\/es\/"},{"@type":"ListItem","position":2,"name":"Centro-legal","item":"https:\/\/www.telpark.com\/es\/centro-legal\/"},{"@type":"ListItem","position":3,"name":"Empark - Aviso Legal"}]},{"@type":"WebSite","@id":"https:\/\/www.telpark.com\/es\/#website","url":"https:\/\/www.telpark.com\/es\/","name":"Telpark","description":"Reserva tu plaza en los mejores aparcamientos. Descarga la app y olv\u00eddate de cajeros o parqu\u00edmetros en m\u00e1s de 100 ciudades en Espa\u00f1a y Portugal","publisher":{"@id":"https:\/\/www.telpark.com\/es\/#organization"},"potentialAction":[{"@type":"SearchAction","target":{"@type":"EntryPoint","urlTemplate":"https:\/\/www.telpark.com\/es\/?s={search_term_string}"},"query-input":"required name=search_term_string"}],"inLanguage":"es-ES"},{"@type":"Organization","@id":"https:\/\/www.telpark.com\/es\/#organization","name":"Telpark","url":"https:\/\/www.telpark.com\/es\/","logo":{"@type":"ImageObject","inLanguage":"es-ES","@id":"https:\/\/www.telpark.com\/es\/#\/schema\/logo\/image\/","url":"https:\/\/www.telpark.com\/wp-content\/uploads\/2023\/09\/telpark-logo.svg","contentUrl":"https:\/\/www.telpark.com\/wp-content\/uploads\/2023\/09\/telpark-logo.svg","width":128,"height":32,"caption":"Telpark"},"image":{"@id":"https:\/\/www.telpark.com\/es\/#\/schema\/logo\/image\/"},"sameAs":["https:\/\/twitter.com\/telpark_es","https:\/\/www.instagram.com\/telpark_app\/","https:\/\/www.youtube.com\/channel\/UCm8sjis_xlHU5VYQ6GslW-Q"]}]}},"meta_box":[],"_links":{"self":[{"href":"https:\/\/www.telpark.com\/es\/wp-json\/wp\/v2\/pages\/12134"}],"collection":[{"href":"https:\/\/www.telpark.com\/es\/wp-json\/wp\/v2\/pages"}],"about":[{"href":"https:\/\/www.telpark.com\/es\/wp-json\/wp\/v2\/types\/page"}],"author":[{"embeddable":true,"href":"https:\/\/www.telpark.com\/es\/wp-json\/wp\/v2\/users\/13"}],"replies":[{"embeddable":true,"href":"https:\/\/www.telpark.com\/es\/wp-json\/wp\/v2\/comments?post=12134"}],"version-history":[{"count":3,"href":"https:\/\/www.telpark.com\/es\/wp-json\/wp\/v2\/pages\/12134\/revisions"}],"predecessor-version":[{"id":35454,"href":"https:\/\/www.telpark.com\/es\/wp-json\/wp\/v2\/pages\/12134\/revisions\/35454"}],"up":[{"embeddable":true,"href":"https:\/\/www.telpark.com\/es\/wp-json\/wp\/v2\/pages\/28967"}],"wp:attachment":[{"href":"https:\/\/www.telpark.com\/es\/wp-json\/wp\/v2\/media?parent=12134"}],"curies":[{"name":"wp","href":"https:\/\/api.w.org\/{rel}","templated":true}]}}