{"id":25,"date":"2023-02-16T10:08:27","date_gmt":"2023-02-16T09:08:27","guid":{"rendered":"https:\/\/telpark.cmspro.telpark.com\/?page_id=25"},"modified":"2024-12-13T11:52:11","modified_gmt":"2024-12-13T10:52:11","slug":"productos-parking","status":"publish","type":"page","link":"https:\/\/www.telpark.com\/es\/productos-parking\/","title":{"rendered":"Productos Parking"},"content":{"rendered":"\n<section class=\"tpk-hero tpk-hero--products                lower\"\n         style=\"\">\n                        <picture >\n\n                    <source srcset=\"https:\/\/www.telpark.com\/wp-content\/uploads\/2023\/09\/Productos-480x640.jpg\" media=\"((min-width: 0rem) and (max-width: 30rem))\">\n                             <source srcset=\"https:\/\/www.telpark.com\/wp-content\/uploads\/2023\/09\/Productos-1024x500.jpg\" media=\"(min-width: 30rem) and (max-width: 64rem)\" >\n                            <source srcset=\"https:\/\/www.telpark.com\/wp-content\/uploads\/2023\/09\/Productos-1920x640.jpg\" media=\"(min-width: 64rem)\" >\n        \n        \n                                                                                                        \n        <img decoding=\"async\" fetchpriority=\"high\" src=\"https:\/\/www.telpark.com\/wp-content\/uploads\/2023\/09\/Productos-1920x640.jpg\" alt=\"Productos telpark. todo con la App\"  width=\"1920\" height=\"640\"  loading=\"eager\">\n    <\/picture>\n\n    \n        <div class=\"tpk-hero__content wrapper row\">\n                    <div class=\"col-xs-12 col-sm-12 pr-h pl-h\">\n                                <header class=\"tpk-head  wrapper\">\n    <p class=\"tpk-head__caption\">Nuestros productos<\/p>    <h2 class=\"tpk-head__title\">Mu\u00e9vete y aparca como quieras<\/h2>    <\/header>\n            \n                    <\/div>\n    <\/div>\n            <div class=\"tpk-hero__cards row wrapper\">\n                                                                                        <div class=\"col-xs-12 col-sm-12 col-md-4 mb-1 pl-h pr-h\">\n                                                                    <\/div>\n                    <\/div>\n    <\/section>\n<div class=\"tpk-spinner__wrapper\">\n    <div class=\"tpk-spinner\"><\/div>\n<\/div>\n\n<section class=\"tpk-products center\">\n    <div class=\"wrapper pl-1 pr-1 pb-3\">\n                <header class=\"tpk-head  wrapper\">\n        <h1 class=\"tpk-head__title\">Descubre nuestros productos para parkings<\/h1>    <p><span class=\"EOP SCXW107649437 BCX8\" data-ccp-props=\"{&quot;201341983&quot;:0,&quot;335559739&quot;:160,&quot;335559740&quot;:259}\">Elige el que mejor se adapta a ti, ya sea para ir al cine, una semana de vacaciones o quieras tener tu parking reservado para ir a la oficina.\u00a0<\/span><\/p>\n<\/header>    <\/div>\n\n    <div class=\"wrapper tpk-products__cards grid  grid-3\">\n        <input type=\"hidden\" id=\"_wpnonce\" name=\"_wpnonce\" value=\"58864684f8\" \/><input type=\"hidden\" name=\"_wp_http_referer\" value=\"\/es\/wp-json\/wp\/v2\/pages\/25\" \/>\n                    <div class=\"tpk-card-product  tpk-card-product--price\">\n\n\t<div class=\"tpk-card-product__head\">\n\t\t\t\t\t<span class=\"icon icon-reserva icon--lg\"><\/span>\n\t\t\t\t\t<\/div>\n\t<div class=\"tpk-card-product__content\">\n\t\t<h3 class=\"tpk-card-product__content__title\">Reservar parking <\/h3>\n\t\t\t\t\t<p>Reserva desde 1 d\u00eda hasta 1 mes, con plaza garantizada para entrar y salir cuando quieras.\u00a0<\/p>\n\n\t\t\t<\/div>\n\t\t\t\t\t\t\t\t\t\t\t\t\t\t\t\t\t\t\t\t<a  class=\"tpk-button tpk-button--primary tpk-button--lg \" href=\"https:\/\/reserva.telpark.com\/es\"    target=\"_blank\" >\n    <span>Reservar<\/span>\n            <span class=\"icon icon-chevron-right icon--sm\">\n        <\/span>\n    <\/a>\t\t\t\t\t\t\t\t\t\t\t<\/div>\n                    <div class=\"tpk-card-product  tpk-card-product--price\">\n\n\t<div class=\"tpk-card-product__head\">\n\t\t\t\t\t<span class=\"icon icon-car-express icon--lg\"><\/span>\n\t\t\t\t\t<\/div>\n\t<div class=\"tpk-card-product__content\">\n\t\t<h3 class=\"tpk-card-product__content__title\">Entrada Express<\/h3>\n\t\t\t\t\t<p><span data-contrast=\"auto\">Olv\u00eddate del ticket, entra y sal del parking con la App. Disfruta de nuestras promociones exclusivas.\u00a0<\/span><\/p>\n\n\t\t\t<\/div>\n\t\t\t\t\t\t\t\t\t\t\t\t\t\t\t\t\t\t\t\t<a  class=\"tpk-button tpk-button--primary tpk-button--lg \" href=\"entrada-express\/\"    >\n    <span>M\u00e1s informaci\u00f3n<\/span>\n            <span class=\"icon icon-chevron-right icon--sm\">\n        <\/span>\n    <\/a>\t\t\t\t\t\t\t\t\t\t\t<\/div>\n                    <div class=\"tpk-card-product  tpk-card-product--price\">\n\n\t<div class=\"tpk-card-product__head\">\n\t\t\t\t\t<span class=\"icon icon-multipass icon--lg\"><\/span>\n\t\t\t\t\t<\/div>\n\t<div class=\"tpk-card-product__content\">\n\t\t<h3 class=\"tpk-card-product__content__title\">Multipass<\/h3>\n\t\t\t\t\t<p>Con packs de 5, 10 y 20 pases para utilizar cuando quieras. Y lo mejor... pagando menos.<\/p>\n\n\t\t\t<\/div>\n\t\t\t\t\t\t\t\t\t\t\t\t\t\t\t\t\t\t\t\t<a  class=\"tpk-button tpk-button--primary tpk-button--lg \" href=\"multipass\/\"    >\n    <span>M\u00e1s informaci\u00f3n<\/span>\n            <span class=\"icon icon-chevron-right icon--sm\">\n        <\/span>\n    <\/a>\t\t\t\t\t\t\t\t\t\t\t<\/div>\n                    <div class=\"tpk-card-product  tpk-card-product--price\">\n\n\t<div class=\"tpk-card-product__head\">\n\t\t\t\t\t<span class=\"icon icon-bono icon--lg\"><\/span>\n\t\t\t\t\t<\/div>\n\t<div class=\"tpk-card-product__content\">\n\t\t<h3 class=\"tpk-card-product__content__title\">Abonos<\/h3>\n\t\t\t\t\t<p>Si\u00e9ntete como en casa con nuestros abonos mensuales y anuales.<\/p>\n\n\t\t\t<\/div>\n\t\t\t\t\t\t\t\t\t\t\t\t\t\t\t\t\t\t\t\t<a  class=\"tpk-button tpk-button--primary tpk-button--lg \" href=\"abonos\/\"    >\n    <span>M\u00e1s Informaci\u00f3n<\/span>\n            <span class=\"icon icon-chevron-right icon--sm\">\n        <\/span>\n    <\/a>\t\t\t\t\t\t\t\t\t\t\t<\/div>\n                    <div class=\"tpk-card-product  tpk-card-product--price\">\n\n\t<div class=\"tpk-card-product__head\">\n\t\t\t\t\t<span class=\"icon icon-solidarity icon--lg\"><\/span>\n\t\t\t\t\t<\/div>\n\t<div class=\"tpk-card-product__content\">\n\t\t<h3 class=\"tpk-card-product__content__title\">Abonos solidarios <\/h3>\n\t\t\t\t\t<p>Plaza reservada para ti y el 50% de lo recaudado ir\u00e1 a la Asociaci\u00f3n Son \u00c1ngeles.<\/p>\n\n\t\t\t<\/div>\n\t\t\t\t\t\t\t\t\t\t\t\t\t\t\t\t\t\t\t\t<a  class=\"tpk-button tpk-button--primary tpk-button--lg \" href=\"abono-solidario\/\"    >\n    <span>M\u00e1s informaci\u00f3n<\/span>\n            <span class=\"icon icon-chevron-right icon--sm\">\n        <\/span>\n    <\/a>\t\t\t\t\t\t\t\t\t\t\t<\/div>\n                    <div class=\"tpk-card-product  tpk-card-product--price\">\n\n\t<div class=\"tpk-card-product__head\">\n\t\t\t\t\t<span class=\"icon icon-car-electric icon--lg\"><\/span>\n\t\t\t\t\t<\/div>\n\t<div class=\"tpk-card-product__content\">\n\t\t<h3 class=\"tpk-card-product__content__title\">Carga el\u00e9ctrica<\/h3>\n\t\t\t\t\t<p>Carga el coche en nuestros parkings y p\u00e1sate a un mundo m\u00e1s limpio<\/p>\n\n\t\t\t<\/div>\n\t\t\t\t\t\t\t\t\t\t\t\t\t\t\t\t\t\t\t\t<a  class=\"tpk-button tpk-button--primary tpk-button--lg \" href=\"\/es\/carga-electrica\/\"    >\n    <span>M\u00e1s informaci\u00f3n<\/span>\n            <span class=\"icon icon-chevron-right icon--sm\">\n        <\/span>\n    <\/a>\t\t\t\t\t\t\t\t\t\t\t<\/div>\n            <\/div>\n<\/section>","protected":false},"excerpt":{"rendered":"","protected":false},"author":1,"featured_media":0,"parent":0,"menu_order":4,"comment_status":"closed","ping_status":"closed","template":"","meta":{"footnotes":""},"yoast_head":"<!-- This site is optimized with the Yoast SEO plugin v20.12 - https:\/\/yoast.com\/wordpress\/plugins\/seo\/ -->\n<title>Nuestros productos para parkings | telpark<\/title>\n<meta name=\"description\" content=\"Selecciona el producto que mejor se adapte a ti: Reservar parking, comprar abonos y pases flexibles, cargar un veh\u00edculo el\u00e9ctrico, \u00a1y mucho m\u00e1s!\" \/>\n<meta name=\"robots\" content=\"index, follow, max-snippet:-1, max-image-preview:large, max-video-preview:-1\" \/>\n<link rel=\"canonical\" href=\"https:\/\/www.telpark.com\/es\/productos-parking\/\" \/>\n<meta property=\"og:locale\" content=\"es_ES\" \/>\n<meta property=\"og:type\" content=\"article\" \/>\n<meta property=\"og:title\" content=\"Nuestros productos para parkings | telpark\" \/>\n<meta property=\"og:description\" content=\"Selecciona el producto que mejor se adapte a ti: Reservar parking, comprar abonos y pases flexibles, cargar un veh\u00edculo el\u00e9ctrico, \u00a1y mucho m\u00e1s!\" \/>\n<meta property=\"og:url\" content=\"https:\/\/www.telpark.com\/es\/productos-parking\/\" \/>\n<meta property=\"og:site_name\" content=\"Telpark\" \/>\n<meta property=\"article:modified_time\" content=\"2024-12-13T10:52:11+00:00\" \/>\n<meta name=\"twitter:card\" content=\"summary_large_image\" \/>\n<meta name=\"twitter:site\" content=\"@telpark_es\" \/>\n<script type=\"application\/ld+json\" class=\"yoast-schema-graph\">{\"@context\":\"https:\/\/schema.org\",\"@graph\":[{\"@type\":\"WebPage\",\"@id\":\"https:\/\/www.telpark.com\/es\/productos-parking\/\",\"url\":\"https:\/\/www.telpark.com\/es\/productos-parking\/\",\"name\":\"Nuestros productos para parkings | telpark\",\"isPartOf\":{\"@id\":\"https:\/\/www.telpark.com\/es\/#website\"},\"datePublished\":\"2023-02-16T09:08:27+00:00\",\"dateModified\":\"2024-12-13T10:52:11+00:00\",\"description\":\"Selecciona el producto que mejor se adapte a ti: Reservar parking, comprar abonos y pases flexibles, cargar un veh\u00edculo el\u00e9ctrico, \u00a1y mucho m\u00e1s!\",\"breadcrumb\":{\"@id\":\"https:\/\/www.telpark.com\/es\/productos-parking\/#breadcrumb\"},\"inLanguage\":\"es-ES\",\"potentialAction\":[{\"@type\":\"ReadAction\",\"target\":[\"https:\/\/www.telpark.com\/es\/productos-parking\/\"]}]},{\"@type\":\"BreadcrumbList\",\"@id\":\"https:\/\/www.telpark.com\/es\/productos-parking\/#breadcrumb\",\"itemListElement\":[{\"@type\":\"ListItem\",\"position\":1,\"name\":\"Home\",\"item\":\"https:\/\/www.telpark.com\/es\/\"},{\"@type\":\"ListItem\",\"position\":2,\"name\":\"Productos Parking\"}]},{\"@type\":\"WebSite\",\"@id\":\"https:\/\/www.telpark.com\/es\/#website\",\"url\":\"https:\/\/www.telpark.com\/es\/\",\"name\":\"Telpark\",\"description\":\"Reserva tu plaza en los mejores aparcamientos. Descarga la app y olv\u00eddate de cajeros o parqu\u00edmetros en m\u00e1s de 100 ciudades en Espa\u00f1a y Portugal\",\"publisher\":{\"@id\":\"https:\/\/www.telpark.com\/es\/#organization\"},\"potentialAction\":[{\"@type\":\"SearchAction\",\"target\":{\"@type\":\"EntryPoint\",\"urlTemplate\":\"https:\/\/www.telpark.com\/es\/?s={search_term_string}\"},\"query-input\":\"required name=search_term_string\"}],\"inLanguage\":\"es-ES\"},{\"@type\":\"Organization\",\"@id\":\"https:\/\/www.telpark.com\/es\/#organization\",\"name\":\"Telpark\",\"url\":\"https:\/\/www.telpark.com\/es\/\",\"logo\":{\"@type\":\"ImageObject\",\"inLanguage\":\"es-ES\",\"@id\":\"https:\/\/www.telpark.com\/es\/#\/schema\/logo\/image\/\",\"url\":\"https:\/\/www.telpark.com\/wp-content\/uploads\/2023\/09\/telpark-logo.svg\",\"contentUrl\":\"https:\/\/www.telpark.com\/wp-content\/uploads\/2023\/09\/telpark-logo.svg\",\"width\":128,\"height\":32,\"caption\":\"Telpark\"},\"image\":{\"@id\":\"https:\/\/www.telpark.com\/es\/#\/schema\/logo\/image\/\"},\"sameAs\":[\"https:\/\/twitter.com\/telpark_es\",\"https:\/\/www.instagram.com\/telpark_app\/\",\"https:\/\/www.youtube.com\/channel\/UCm8sjis_xlHU5VYQ6GslW-Q\"]}]}<\/script>\n<!-- \/ Yoast SEO plugin. -->","yoast_head_json":{"title":"Nuestros productos para parkings | telpark","description":"Selecciona el producto que mejor se adapte a ti: Reservar parking, comprar abonos y pases flexibles, cargar un veh\u00edculo el\u00e9ctrico, \u00a1y mucho m\u00e1s!","robots":{"index":"index","follow":"follow","max-snippet":"max-snippet:-1","max-image-preview":"max-image-preview:large","max-video-preview":"max-video-preview:-1"},"canonical":"https:\/\/www.telpark.com\/es\/productos-parking\/","og_locale":"es_ES","og_type":"article","og_title":"Nuestros productos para parkings | telpark","og_description":"Selecciona el producto que mejor se adapte a ti: Reservar parking, comprar abonos y pases flexibles, cargar un veh\u00edculo el\u00e9ctrico, \u00a1y mucho m\u00e1s!","og_url":"https:\/\/www.telpark.com\/es\/productos-parking\/","og_site_name":"Telpark","article_modified_time":"2024-12-13T10:52:11+00:00","twitter_card":"summary_large_image","twitter_site":"@telpark_es","schema":{"@context":"https:\/\/schema.org","@graph":[{"@type":"WebPage","@id":"https:\/\/www.telpark.com\/es\/productos-parking\/","url":"https:\/\/www.telpark.com\/es\/productos-parking\/","name":"Nuestros productos para parkings | telpark","isPartOf":{"@id":"https:\/\/www.telpark.com\/es\/#website"},"datePublished":"2023-02-16T09:08:27+00:00","dateModified":"2024-12-13T10:52:11+00:00","description":"Selecciona el producto que mejor se adapte a ti: Reservar parking, comprar abonos y pases flexibles, cargar un veh\u00edculo el\u00e9ctrico, \u00a1y mucho m\u00e1s!","breadcrumb":{"@id":"https:\/\/www.telpark.com\/es\/productos-parking\/#breadcrumb"},"inLanguage":"es-ES","potentialAction":[{"@type":"ReadAction","target":["https:\/\/www.telpark.com\/es\/productos-parking\/"]}]},{"@type":"BreadcrumbList","@id":"https:\/\/www.telpark.com\/es\/productos-parking\/#breadcrumb","itemListElement":[{"@type":"ListItem","position":1,"name":"Home","item":"https:\/\/www.telpark.com\/es\/"},{"@type":"ListItem","position":2,"name":"Productos Parking"}]},{"@type":"WebSite","@id":"https:\/\/www.telpark.com\/es\/#website","url":"https:\/\/www.telpark.com\/es\/","name":"Telpark","description":"Reserva tu plaza en los mejores aparcamientos. Descarga la app y olv\u00eddate de cajeros o parqu\u00edmetros en m\u00e1s de 100 ciudades en Espa\u00f1a y Portugal","publisher":{"@id":"https:\/\/www.telpark.com\/es\/#organization"},"potentialAction":[{"@type":"SearchAction","target":{"@type":"EntryPoint","urlTemplate":"https:\/\/www.telpark.com\/es\/?s={search_term_string}"},"query-input":"required name=search_term_string"}],"inLanguage":"es-ES"},{"@type":"Organization","@id":"https:\/\/www.telpark.com\/es\/#organization","name":"Telpark","url":"https:\/\/www.telpark.com\/es\/","logo":{"@type":"ImageObject","inLanguage":"es-ES","@id":"https:\/\/www.telpark.com\/es\/#\/schema\/logo\/image\/","url":"https:\/\/www.telpark.com\/wp-content\/uploads\/2023\/09\/telpark-logo.svg","contentUrl":"https:\/\/www.telpark.com\/wp-content\/uploads\/2023\/09\/telpark-logo.svg","width":128,"height":32,"caption":"Telpark"},"image":{"@id":"https:\/\/www.telpark.com\/es\/#\/schema\/logo\/image\/"},"sameAs":["https:\/\/twitter.com\/telpark_es","https:\/\/www.instagram.com\/telpark_app\/","https:\/\/www.youtube.com\/channel\/UCm8sjis_xlHU5VYQ6GslW-Q"]}]}},"meta_box":[],"_links":{"self":[{"href":"https:\/\/www.telpark.com\/es\/wp-json\/wp\/v2\/pages\/25"}],"collection":[{"href":"https:\/\/www.telpark.com\/es\/wp-json\/wp\/v2\/pages"}],"about":[{"href":"https:\/\/www.telpark.com\/es\/wp-json\/wp\/v2\/types\/page"}],"author":[{"embeddable":true,"href":"https:\/\/www.telpark.com\/es\/wp-json\/wp\/v2\/users\/1"}],"replies":[{"embeddable":true,"href":"https:\/\/www.telpark.com\/es\/wp-json\/wp\/v2\/comments?post=25"}],"version-history":[{"count":3,"href":"https:\/\/www.telpark.com\/es\/wp-json\/wp\/v2\/pages\/25\/revisions"}],"predecessor-version":[{"id":42804,"href":"https:\/\/www.telpark.com\/es\/wp-json\/wp\/v2\/pages\/25\/revisions\/42804"}],"wp:attachment":[{"href":"https:\/\/www.telpark.com\/es\/wp-json\/wp\/v2\/media?parent=25"}],"curies":[{"name":"wp","href":"https:\/\/api.w.org\/{rel}","templated":true}]}}