{"id":25869,"date":"2023-09-27T17:13:12","date_gmt":"2023-09-27T16:13:12","guid":{"rendered":"https:\/\/telpark.cmspro.telpark.com\/?page_id=25869"},"modified":"2023-10-26T14:18:25","modified_gmt":"2023-10-26T13:18:25","slug":"sociedades-empark-politica-de-privacidad","status":"publish","type":"page","link":"https:\/\/www.telpark.com\/es\/centro-legal\/sociedades-empark-politica-de-privacidad\/","title":{"rendered":"Sociedades Empark - Pol\u00edtica de privacidad"},"content":{"rendered":"<article class=\"tpk-page\">\n    <div class=\"row wrapper center-xs tpk-page__content\">\n        <div class=\"col-xs-12 col-sm-10 col-md-8 pt-4 pb-4\">\n            <ol>\n<li><b><\/b> <b><span data-contrast=\"auto\">Responsable del tratamiento de datos personales y Delegado de Protecci\u00f3n de Datos<\/span><\/b><\/li>\n<\/ol>\n<p><span data-contrast=\"auto\">El responsable del tratamiento de sus datos personales es la Sociedad titular del aparcamiento en el que ha contratado el Producto (en adelante, \u201cla Sociedad titular del aparcamiento\u201d). Puede consultar el nombre de la Sociedad, as\u00ed como el resto de sus datos registrales y de contacto en la p\u00e1gina web de Grupo Empark (<\/span><a href=\"https:\/\/www.empark.com\/es\/es\/listado-de-sociedades-del-grupo-empark\"><span data-contrast=\"none\">https:\/\/www.empark.com\/es\/es\/listado-de-sociedades-del-grupo-empark<\/span><\/a><span data-contrast=\"auto\">). El Grupo EMPARK ha nombrado un delegado de Protecci\u00f3n de Datos, ante el cual podr\u00e1 poner de manifiesto cualquier cuesti\u00f3n relativa al tratamiento de sus datos personales y cuyos datos de contacto son los siguientes:<\/span><span data-ccp-props=\"{&quot;201341983&quot;:0,&quot;335551550&quot;:6,&quot;335551620&quot;:6,&quot;335559685&quot;:284,&quot;335559740&quot;:259}\">\u00a0<\/span><\/p>\n<p><span data-contrast=\"auto\">Direcci\u00f3n postal: C\/ Avenida del General Per\u00f3n n\u00ba36, 1\u00aa Planta, 28020.<\/span><span data-ccp-props=\"{&quot;201341983&quot;:0,&quot;335551550&quot;:6,&quot;335551620&quot;:6,&quot;335559685&quot;:284,&quot;335559740&quot;:259}\">\u00a0<\/span><\/p>\n<p><span data-contrast=\"auto\">Correo electr\u00f3nico: <\/span><a href=\"mailto:dpo@telpark.com\"><span data-contrast=\"none\">dpo@telpark.com<\/span><\/a><span data-ccp-props=\"{&quot;201341983&quot;:0,&quot;335551550&quot;:6,&quot;335551620&quot;:6,&quot;335559685&quot;:284,&quot;335559740&quot;:259}\">\u00a0<\/span><\/p>\n<ol start=\"2\">\n<li><b><\/b> <b><span data-contrast=\"auto\">Finalidad del tratamiento de datos personales<\/span><\/b><\/li>\n<\/ol>\n<p><span data-contrast=\"auto\">Los datos del cliente ser\u00e1n tratados con la finalidad de gestionar la prestaci\u00f3n al mismo de los servicios contratados.<\/span><span data-ccp-props=\"{&quot;201341983&quot;:0,&quot;335551550&quot;:6,&quot;335551620&quot;:6,&quot;335559685&quot;:284,&quot;335559740&quot;:259}\">\u00a0<\/span><\/p>\n<p><span data-contrast=\"auto\">Adicionalmente, la Sociedad titular del aparcamiento podr\u00e1 tratar sus datos personales para dar cumplimiento a cualquier obligaci\u00f3n legal que le incumba, incluyendo obligaciones tributarias y, en su caso, la normativa local que resulte de aplicaci\u00f3n.<\/span><span data-ccp-props=\"{&quot;201341983&quot;:0,&quot;335551550&quot;:6,&quot;335551620&quot;:6,&quot;335559685&quot;:284,&quot;335559740&quot;:259}\">\u00a0<\/span><\/p>\n<p><span data-contrast=\"auto\">Tambi\u00e9n se podr\u00e1n realizar otros tratamientos de sus datos personales que no responden a la necesidad de ejecutar un contrato o cumplir con una obligaci\u00f3n legal. En cualquier momento, podr\u00e1 oponerse a los tratamientos basados en nuestro inter\u00e9s leg\u00edtimo o retirar el consentimiento prestado.<\/span><span data-ccp-props=\"{&quot;201341983&quot;:0,&quot;335551550&quot;:6,&quot;335551620&quot;:6,&quot;335559685&quot;:284,&quot;335559740&quot;:259}\">\u00a0<\/span><\/p>\n<p><span data-contrast=\"auto\">As\u00ed, siempre y cuando usted no se oponga marcando la casilla que se encuentra en el formulario de contrataci\u00f3n del producto en cuesti\u00f3n, podr\u00e1 recibir por correo electr\u00f3nico informaci\u00f3n sobre productos o servicios similares a los contratados ofrecidos por la Sociedad titular del aparcamiento que puedan ser de su inter\u00e9s. Para ello, se podr\u00e1n analizar sus datos personales a fin de elaborar un perfil con los mismos que permita que dichas comunicaciones comerciales se ajusten todo lo posible a sus necesidades y preferencias. En este an\u00e1lisis, se podr\u00e1n tener en cuenta sus datos demogr\u00e1ficos, as\u00ed como los referentes al tipo de producto contratado.<\/span><span data-ccp-props=\"{&quot;201341983&quot;:0,&quot;335551550&quot;:6,&quot;335551620&quot;:6,&quot;335559685&quot;:284,&quot;335559740&quot;:259}\">\u00a0<\/span><\/p>\n<p><span data-contrast=\"auto\">Adicionalmente, siempre que haya marcado la casilla correspondiente, podr\u00e1 recibir, por cualquier canal de comunicaci\u00f3n (incluidos, entre otros, el correo electr\u00f3nico, el SMS y las llamadas telef\u00f3nicas), informaci\u00f3n sobre otros productos o servicios ofrecidos por el Grupo EMPARK o por terceros, relacionada con los sectores de aparcamiento y de pago electr\u00f3nico. Para ello, se podr\u00e1n analizar sus datos personales a fin de elaborar un perfil con los mismos que permita que dichas comunicaciones comerciales se ajusten todo lo posible a sus necesidades y preferencias. En este an\u00e1lisis se podr\u00e1n tener en cuenta sus datos demogr\u00e1ficos, as\u00ed como los referentes al tipo de producto contratado. En todo caso, usted s\u00f3lo podr\u00e1 recibir comunicaciones comerciales de productos y servicios no relacionados con los contratados en tanto no retire el consentimiento prestado.<\/span><span data-ccp-props=\"{&quot;201341983&quot;:0,&quot;335551550&quot;:6,&quot;335551620&quot;:6,&quot;335559685&quot;:284,&quot;335559740&quot;:259}\">\u00a0<\/span><\/p>\n<p><span data-contrast=\"auto\">En caso de que usted haya prestado su consentimiento, sus datos personales podr\u00e1n ser cedidos a empresas del Grupo EMPARK o a terceras empresas relacionadas con los sectores de aparcamiento y de pago electr\u00f3nico, con la finalidad de que puedan ponerse en contacto con usted para informarle sobre productos y servicios que estas empresas comercializan.<\/span><span data-ccp-props=\"{&quot;201341983&quot;:0,&quot;335551550&quot;:6,&quot;335551620&quot;:6,&quot;335559685&quot;:284,&quot;335559740&quot;:259}\">\u00a0<\/span><\/p>\n<p><span data-contrast=\"auto\">Plazo de conservaci\u00f3n de los datos personales: Los datos personales de los clientes ser\u00e1n conservados mientras sean necesarios para las finalidades anteriormente descritas. En el momento en que no sean necesarios para dichas finalidades, los datos ser\u00e1n bloqueados durante el periodo en el que puedan ser necesarios para el ejercicio o la defensa frente a acciones administrativas o judiciales y solo podr\u00e1n ser desbloqueados y tratados de nuevo por este motivo. Superado este periodo, los datos ser\u00e1n definitivamente cancelados.<\/span><span data-ccp-props=\"{&quot;201341983&quot;:0,&quot;335551550&quot;:6,&quot;335551620&quot;:6,&quot;335559685&quot;:284,&quot;335559740&quot;:259}\">\u00a0<\/span><\/p>\n<ol start=\"3\">\n<li><b><\/b> <b><span data-contrast=\"auto\">Destinatarios de los datos personales<\/span><\/b><\/li>\n<\/ol>\n<p><span data-contrast=\"auto\">Sus datos personales podr\u00e1n ser cedidos a Administraciones, Autoridades y Organismos P\u00fablicos, incluidos Juzgados y Tribunales, cuando as\u00ed lo exija la normativa aplicable.<\/span><span data-ccp-props=\"{&quot;201341983&quot;:0,&quot;335551550&quot;:6,&quot;335551620&quot;:6,&quot;335559685&quot;:284,&quot;335559740&quot;:259}\">\u00a0<\/span><\/p>\n<p><span data-contrast=\"auto\">Tambi\u00e9n podr\u00e1n tener acceso a sus datos personales los proveedores de servicios que la Sociedad titular del aparcamiento contrate o pueda contratar, y que tengan la condici\u00f3n de encargado de tratamiento, as\u00ed como empresas del Grupo EMPARK, con el \u00fanico prop\u00f3sito de gestionar las finalidades anteriormente descritas.\u00a0<\/span> <span data-contrast=\"auto\">Para la emisi\u00f3n de la correspondiente factura, as\u00ed como el cobro de los servicios y bienes contratados podr\u00e1n tener accesos a sus datos personales determinadas Administraciones p\u00fablicas, as\u00ed como otros prestadores de servicios o proveedores de bienes contratados con el Grupo EMPARK. El acceso a esos datos ser\u00e1 \u00fanica y exclusivamente con ese prop\u00f3sito. El Usuario queda informado de que todos o alguno de sus datos pueden ser compartidos con empresas colaboradoras externas, o con empresas integrantes del Grupo EMPARK, a los solos y \u00fanicos efectos de prestaci\u00f3n del servicio contratado con el Usuario, tal y como, por ejemplo, en ocasiones es necesario compartir datos del Usuario con los propietarios de los aparcamientos adheridos al servicio de aplicaci\u00f3n TELPARK para gestionar las reservas y uso de las plazas contratadas. Dicho intercambio de datos ser\u00e1 siempre en pleno cumplimiento de la normativa aplicable al respecto y limitado a lo estrictamente necesario<\/span><span data-ccp-props=\"{&quot;201341983&quot;:0,&quot;335551550&quot;:6,&quot;335551620&quot;:6,&quot;335559685&quot;:284,&quot;335559740&quot;:259}\">\u00a0<\/span><\/p>\n<p><span data-contrast=\"auto\">Adicionalmente, y en caso de que usted haya prestado espec\u00edficamente su consentimiento, sus datos podr\u00e1n ser cedidos a empresas del Grupo EMPARK o a terceras empresas relacionadas con los sectores de aparcamiento y de pago electr\u00f3nico, con la finalidad de que puedan ponerse en contacto con usted para informarle sobre productos y servicios que estas empresas comercializan.\u00a0<\/span><span data-ccp-props=\"{&quot;201341983&quot;:0,&quot;335551550&quot;:6,&quot;335551620&quot;:6,&quot;335559685&quot;:284,&quot;335559740&quot;:259}\">\u00a0<\/span><\/p>\n<p><span data-contrast=\"auto\">Puede consultar el listado de empresas del Grupo EMPARK en el siguiente enlace: <\/span><a href=\"http:\/\/www.empark.com\/\"><span data-contrast=\"none\">www.empark.com<\/span><\/a><span data-contrast=\"auto\">.<\/span><span data-ccp-props=\"{&quot;201341983&quot;:0,&quot;335551550&quot;:6,&quot;335551620&quot;:6,&quot;335559685&quot;:284,&quot;335559740&quot;:259}\">\u00a0<\/span><\/p>\n<ol start=\"4\">\n<li><b><\/b> <b><span data-contrast=\"auto\">Legitimaci\u00f3n para el tratamiento y cesi\u00f3n de datos personales<\/span><\/b><\/li>\n<\/ol>\n<p><span data-contrast=\"auto\">En el caso de los tratamientos indicados anteriormente cuya finalidad es la gesti\u00f3n del servicio contratado o el cumplimiento de una obligaci\u00f3n legal, las bases legitimadoras ser\u00e1n la ejecuci\u00f3n de un contrato o el cumplimiento de las obligaciones legales que resulten de aplicaci\u00f3n. Por lo tanto, la negativa a suministrar los datos personales solicitados, o la entrega de datos inexactos o incompletos, podr\u00eda ocasionar la imposibilidad de prestarle los Servicios contratados de forma adecuada. Los usuarios se hacen responsables de la veracidad de los datos facilitados, as\u00ed como de comunicar a la Sociedad titular del aparcamiento cualquier modificaci\u00f3n de los mismos.<\/span><span data-ccp-props=\"{&quot;201341983&quot;:0,&quot;335551550&quot;:6,&quot;335551620&quot;:6,&quot;335559685&quot;:284,&quot;335559740&quot;:259}\">\u00a0<\/span><\/p>\n<p><span data-contrast=\"auto\">Los tratamientos que se realizan con la finalidad de remitirle comunicaciones comerciales sobre productos o servicios de la Sociedad titular del aparcamiento similares a los contratados tendr\u00e1n como base legal el inter\u00e9s leg\u00edtimo de la Sociedad titular del aparcamiento. Por este motivo, usted podr\u00e1 oponerse a los mismos en el momento de facilitar los datos marcando la casilla recogida en las condiciones particulares o en cualquier momento posterior. Encontrar\u00e1 la informaci\u00f3n necesaria para ejercer su derecho de oposici\u00f3n en el apartado 5 siguiente, \u201cDerechos del interesado en relaci\u00f3n con el tratamiento de sus datos personales\u201d.<\/span><span data-ccp-props=\"{&quot;201341983&quot;:0,&quot;335551550&quot;:6,&quot;335551620&quot;:6,&quot;335559685&quot;:284,&quot;335559740&quot;:259}\">\u00a0<\/span><\/p>\n<p><span data-contrast=\"auto\">Los tratamientos que se realizan con la finalidad de remitirle comunicaciones comerciales sobre otros productos o servicios ofrecidos por el Grupo EMPARK o terceros, relacionados con los sectores de aparcamiento y de pago electr\u00f3nico, tendr\u00e1n como base legal el consentimiento que usted pueda haber prestado. Por ello, en tanto no retire el consentimiento, es posible que contin\u00fae recibiendo comunicaciones de este tipo.<\/span><span data-ccp-props=\"{&quot;201341983&quot;:0,&quot;335551550&quot;:6,&quot;335551620&quot;:6,&quot;335559685&quot;:284,&quot;335559740&quot;:259}\">\u00a0<\/span><\/p>\n<p><span data-contrast=\"auto\">La cesi\u00f3n de sus datos a empresas del Grupo EMPARK y a terceras empresas relacionadas con los sectores de aparcamiento y de pago electr\u00f3nico, tendr\u00e1 como base legal el consentimiento que usted pueda haber prestado. Por ello, en tanto no retire el consentimiento, es posible que contin\u00fae recibiendo comunicaciones de este tipo.<\/span><span data-ccp-props=\"{&quot;201341983&quot;:0,&quot;335551550&quot;:6,&quot;335551620&quot;:6,&quot;335559685&quot;:284,&quot;335559740&quot;:259}\">\u00a0<\/span><\/p>\n<p><span data-contrast=\"auto\">El uso de los servicios ofrecidos por la Sociedad titular del aparcamiento nunca quedar\u00e1 supeditado a que usted preste el consentimiento solicitado. En todo caso, le recordamos que si prest\u00f3 su consentimiento tiene derecho a retirarlo en cualquier momento sin que ello tenga ninguna consecuencia en los servicios o productos que haya contratado o de los que sea beneficiario. Encontrar\u00e1 la informaci\u00f3n necesaria para ejercer su derecho a retirar el consentimiento en el apartado 5 siguiente, \u201cDerechos del interesado en relaci\u00f3n con el tratamiento de sus datos personales\u201d.<\/span><span data-ccp-props=\"{&quot;201341983&quot;:0,&quot;335551550&quot;:6,&quot;335551620&quot;:6,&quot;335559685&quot;:284,&quot;335559740&quot;:259}\">\u00a0<\/span><\/p>\n<p><span data-contrast=\"auto\">Si tiene cualquier duda en relaci\u00f3n con las finalidades del tratamiento de sus datos personales o sobre su legitimidad, puede contactar con el Delegado de Protecci\u00f3n de Datos. Encontrar\u00e1 los datos y canales de contacto en el apartado 1 anterior, \u201cResponsable del tratamiento de datos personales y Delegado de Protecci\u00f3n de Datos\u201d.<\/span><span data-ccp-props=\"{&quot;201341983&quot;:0,&quot;335551550&quot;:6,&quot;335551620&quot;:6,&quot;335559685&quot;:284,&quot;335559740&quot;:259}\">\u00a0<\/span><\/p>\n<ol start=\"5\">\n<li><b><span data-contrast=\"auto\"> Derechos del interesado en relaci\u00f3n con el tratamiento de sus datos personales\u00a0<\/span><\/b><\/li>\n<\/ol>\n<p><span data-contrast=\"auto\">Usted podr\u00e1 ejercer sus derechos de acceso, rectificaci\u00f3n, cancelaci\u00f3n, limitaci\u00f3n del tratamiento y portabilidad de los datos en los casos y con el alcance que establezca la normativa aplicable en cada momento. Tambi\u00e9n tiene derecho a retirar el consentimiento, si lo hubiera prestado, y a oponerse a recibir comunicaciones comerciales. Para ejercer estos derechos podr\u00e1 dirigirse al Grupo EMPARK por alguno de los siguientes canales:<\/span><span data-ccp-props=\"{&quot;201341983&quot;:0,&quot;335551550&quot;:6,&quot;335551620&quot;:6,&quot;335559685&quot;:284,&quot;335559740&quot;:259}\">\u00a0<\/span><\/p>\n<p><span data-ccp-props=\"{&quot;201341983&quot;:0,&quot;335551550&quot;:6,&quot;335551620&quot;:6,&quot;335559685&quot;:284,&quot;335559740&quot;:259}\">\u00a0<\/span><\/p>\n<p><span data-contrast=\"auto\">- Correo postal, adjuntando fotocopia de su D.N.I., pasaporte o cualquier otro documento identificativo, y petici\u00f3n en que se concrete la solicitud., Avenida del General Per\u00f3n, 36, planta 1\u00aa, Departamento de Atenci\u00f3n al Cliente RGPD.<\/span><span data-ccp-props=\"{&quot;201341983&quot;:0,&quot;335551550&quot;:6,&quot;335551620&quot;:6,&quot;335559685&quot;:284,&quot;335559740&quot;:259}\">\u00a0<\/span><\/p>\n<p><span data-contrast=\"auto\">- Correo electr\u00f3nico a la direcci\u00f3n: <\/span><a href=\"mailto:dpo@telpark.com\"><span data-contrast=\"none\">dpo@telpark.com<\/span><\/a><span data-contrast=\"auto\">, con la siguiente informaci\u00f3n: nombre y apellidos del interesado, fotocopia del Documento Nacional de Identidad, pasaporte o cualquier otro documento identificativo, y petici\u00f3n en que se concrete la solicitud.<\/span><span data-ccp-props=\"{&quot;201341983&quot;:0,&quot;335551550&quot;:6,&quot;335551620&quot;:6,&quot;335559685&quot;:284,&quot;335559740&quot;:259}\">\u00a0<\/span><\/p>\n<p><span data-contrast=\"auto\">Se le informa, asimismo, de su derecho a presentar una reclamaci\u00f3n ante el organismo competente de protecci\u00f3n de datos.<\/span><span data-ccp-props=\"{&quot;201341983&quot;:0,&quot;335551550&quot;:6,&quot;335551620&quot;:6,&quot;335559685&quot;:284,&quot;335559740&quot;:259}\">\u00a0<\/span><\/p>\n<p><span data-ccp-props=\"{&quot;201341983&quot;:0,&quot;335551550&quot;:6,&quot;335551620&quot;:6,&quot;335559740&quot;:259}\">\u00a0<\/span><\/p>\n\n        <\/div>\n    <\/div>\n<\/article>","protected":false},"excerpt":{"rendered":"","protected":false},"author":12,"featured_media":0,"parent":28967,"menu_order":0,"comment_status":"closed","ping_status":"closed","template":"template-privacy.php","meta":{"footnotes":""},"yoast_head":"<!-- This site is optimized with the Yoast SEO plugin v20.12 - https:\/\/yoast.com\/wordpress\/plugins\/seo\/ -->\n<title>Sociedades Empark - Pol\u00edtica de privacidad | Telpark<\/title>\n<meta name=\"robots\" content=\"index, follow, max-snippet:-1, max-image-preview:large, max-video-preview:-1\" \/>\n<link rel=\"canonical\" href=\"https:\/\/www.telpark.com\/es\/centro-legal\/sociedades-empark-politica-de-privacidad\/\" \/>\n<meta property=\"og:locale\" content=\"es_ES\" \/>\n<meta property=\"og:type\" content=\"article\" \/>\n<meta property=\"og:title\" content=\"Sociedades Empark - Pol\u00edtica de privacidad | Telpark\" \/>\n<meta property=\"og:url\" content=\"https:\/\/www.telpark.com\/es\/centro-legal\/sociedades-empark-politica-de-privacidad\/\" \/>\n<meta property=\"og:site_name\" content=\"Telpark\" \/>\n<meta property=\"article:modified_time\" content=\"2023-10-26T13:18:25+00:00\" \/>\n<meta name=\"twitter:card\" content=\"summary_large_image\" \/>\n<meta name=\"twitter:site\" content=\"@telpark_es\" \/>\n<script type=\"application\/ld+json\" class=\"yoast-schema-graph\">{\"@context\":\"https:\/\/schema.org\",\"@graph\":[{\"@type\":\"WebPage\",\"@id\":\"https:\/\/www.telpark.com\/es\/centro-legal\/sociedades-empark-politica-de-privacidad\/\",\"url\":\"https:\/\/www.telpark.com\/es\/centro-legal\/sociedades-empark-politica-de-privacidad\/\",\"name\":\"Sociedades Empark - Pol\u00edtica de privacidad | Telpark\",\"isPartOf\":{\"@id\":\"https:\/\/www.telpark.com\/es\/#website\"},\"datePublished\":\"2023-09-27T16:13:12+00:00\",\"dateModified\":\"2023-10-26T13:18:25+00:00\",\"breadcrumb\":{\"@id\":\"https:\/\/www.telpark.com\/es\/centro-legal\/sociedades-empark-politica-de-privacidad\/#breadcrumb\"},\"inLanguage\":\"es-ES\",\"potentialAction\":[{\"@type\":\"ReadAction\",\"target\":[\"https:\/\/www.telpark.com\/es\/centro-legal\/sociedades-empark-politica-de-privacidad\/\"]}]},{\"@type\":\"BreadcrumbList\",\"@id\":\"https:\/\/www.telpark.com\/es\/centro-legal\/sociedades-empark-politica-de-privacidad\/#breadcrumb\",\"itemListElement\":[{\"@type\":\"ListItem\",\"position\":1,\"name\":\"Home\",\"item\":\"https:\/\/www.telpark.com\/es\/\"},{\"@type\":\"ListItem\",\"position\":2,\"name\":\"Centro-legal\",\"item\":\"https:\/\/www.telpark.com\/es\/centro-legal\/\"},{\"@type\":\"ListItem\",\"position\":3,\"name\":\"Sociedades Empark - Pol\u00edtica de privacidad\"}]},{\"@type\":\"WebSite\",\"@id\":\"https:\/\/www.telpark.com\/es\/#website\",\"url\":\"https:\/\/www.telpark.com\/es\/\",\"name\":\"Telpark\",\"description\":\"Reserva tu plaza en los mejores aparcamientos. Descarga la app y olv\u00eddate de cajeros o parqu\u00edmetros en m\u00e1s de 100 ciudades en Espa\u00f1a y Portugal\",\"publisher\":{\"@id\":\"https:\/\/www.telpark.com\/es\/#organization\"},\"potentialAction\":[{\"@type\":\"SearchAction\",\"target\":{\"@type\":\"EntryPoint\",\"urlTemplate\":\"https:\/\/www.telpark.com\/es\/?s={search_term_string}\"},\"query-input\":\"required name=search_term_string\"}],\"inLanguage\":\"es-ES\"},{\"@type\":\"Organization\",\"@id\":\"https:\/\/www.telpark.com\/es\/#organization\",\"name\":\"Telpark\",\"url\":\"https:\/\/www.telpark.com\/es\/\",\"logo\":{\"@type\":\"ImageObject\",\"inLanguage\":\"es-ES\",\"@id\":\"https:\/\/www.telpark.com\/es\/#\/schema\/logo\/image\/\",\"url\":\"https:\/\/www.telpark.com\/wp-content\/uploads\/2023\/09\/telpark-logo.svg\",\"contentUrl\":\"https:\/\/www.telpark.com\/wp-content\/uploads\/2023\/09\/telpark-logo.svg\",\"width\":128,\"height\":32,\"caption\":\"Telpark\"},\"image\":{\"@id\":\"https:\/\/www.telpark.com\/es\/#\/schema\/logo\/image\/\"},\"sameAs\":[\"https:\/\/twitter.com\/telpark_es\",\"https:\/\/www.instagram.com\/telpark_app\/\",\"https:\/\/www.youtube.com\/channel\/UCm8sjis_xlHU5VYQ6GslW-Q\"]}]}<\/script>\n<!-- \/ Yoast SEO plugin. -->","yoast_head_json":{"title":"Sociedades Empark - Pol\u00edtica de privacidad | Telpark","robots":{"index":"index","follow":"follow","max-snippet":"max-snippet:-1","max-image-preview":"max-image-preview:large","max-video-preview":"max-video-preview:-1"},"canonical":"https:\/\/www.telpark.com\/es\/centro-legal\/sociedades-empark-politica-de-privacidad\/","og_locale":"es_ES","og_type":"article","og_title":"Sociedades Empark - Pol\u00edtica de privacidad | Telpark","og_url":"https:\/\/www.telpark.com\/es\/centro-legal\/sociedades-empark-politica-de-privacidad\/","og_site_name":"Telpark","article_modified_time":"2023-10-26T13:18:25+00:00","twitter_card":"summary_large_image","twitter_site":"@telpark_es","schema":{"@context":"https:\/\/schema.org","@graph":[{"@type":"WebPage","@id":"https:\/\/www.telpark.com\/es\/centro-legal\/sociedades-empark-politica-de-privacidad\/","url":"https:\/\/www.telpark.com\/es\/centro-legal\/sociedades-empark-politica-de-privacidad\/","name":"Sociedades Empark - Pol\u00edtica de privacidad | Telpark","isPartOf":{"@id":"https:\/\/www.telpark.com\/es\/#website"},"datePublished":"2023-09-27T16:13:12+00:00","dateModified":"2023-10-26T13:18:25+00:00","breadcrumb":{"@id":"https:\/\/www.telpark.com\/es\/centro-legal\/sociedades-empark-politica-de-privacidad\/#breadcrumb"},"inLanguage":"es-ES","potentialAction":[{"@type":"ReadAction","target":["https:\/\/www.telpark.com\/es\/centro-legal\/sociedades-empark-politica-de-privacidad\/"]}]},{"@type":"BreadcrumbList","@id":"https:\/\/www.telpark.com\/es\/centro-legal\/sociedades-empark-politica-de-privacidad\/#breadcrumb","itemListElement":[{"@type":"ListItem","position":1,"name":"Home","item":"https:\/\/www.telpark.com\/es\/"},{"@type":"ListItem","position":2,"name":"Centro-legal","item":"https:\/\/www.telpark.com\/es\/centro-legal\/"},{"@type":"ListItem","position":3,"name":"Sociedades Empark - Pol\u00edtica de privacidad"}]},{"@type":"WebSite","@id":"https:\/\/www.telpark.com\/es\/#website","url":"https:\/\/www.telpark.com\/es\/","name":"Telpark","description":"Reserva tu plaza en los mejores aparcamientos. Descarga la app y olv\u00eddate de cajeros o parqu\u00edmetros en m\u00e1s de 100 ciudades en Espa\u00f1a y Portugal","publisher":{"@id":"https:\/\/www.telpark.com\/es\/#organization"},"potentialAction":[{"@type":"SearchAction","target":{"@type":"EntryPoint","urlTemplate":"https:\/\/www.telpark.com\/es\/?s={search_term_string}"},"query-input":"required name=search_term_string"}],"inLanguage":"es-ES"},{"@type":"Organization","@id":"https:\/\/www.telpark.com\/es\/#organization","name":"Telpark","url":"https:\/\/www.telpark.com\/es\/","logo":{"@type":"ImageObject","inLanguage":"es-ES","@id":"https:\/\/www.telpark.com\/es\/#\/schema\/logo\/image\/","url":"https:\/\/www.telpark.com\/wp-content\/uploads\/2023\/09\/telpark-logo.svg","contentUrl":"https:\/\/www.telpark.com\/wp-content\/uploads\/2023\/09\/telpark-logo.svg","width":128,"height":32,"caption":"Telpark"},"image":{"@id":"https:\/\/www.telpark.com\/es\/#\/schema\/logo\/image\/"},"sameAs":["https:\/\/twitter.com\/telpark_es","https:\/\/www.instagram.com\/telpark_app\/","https:\/\/www.youtube.com\/channel\/UCm8sjis_xlHU5VYQ6GslW-Q"]}]}},"meta_box":[],"_links":{"self":[{"href":"https:\/\/www.telpark.com\/es\/wp-json\/wp\/v2\/pages\/25869"}],"collection":[{"href":"https:\/\/www.telpark.com\/es\/wp-json\/wp\/v2\/pages"}],"about":[{"href":"https:\/\/www.telpark.com\/es\/wp-json\/wp\/v2\/types\/page"}],"author":[{"embeddable":true,"href":"https:\/\/www.telpark.com\/es\/wp-json\/wp\/v2\/users\/12"}],"replies":[{"embeddable":true,"href":"https:\/\/www.telpark.com\/es\/wp-json\/wp\/v2\/comments?post=25869"}],"version-history":[{"count":3,"href":"https:\/\/www.telpark.com\/es\/wp-json\/wp\/v2\/pages\/25869\/revisions"}],"predecessor-version":[{"id":32933,"href":"https:\/\/www.telpark.com\/es\/wp-json\/wp\/v2\/pages\/25869\/revisions\/32933"}],"up":[{"embeddable":true,"href":"https:\/\/www.telpark.com\/es\/wp-json\/wp\/v2\/pages\/28967"}],"wp:attachment":[{"href":"https:\/\/www.telpark.com\/es\/wp-json\/wp\/v2\/media?parent=25869"}],"curies":[{"name":"wp","href":"https:\/\/api.w.org\/{rel}","templated":true}]}}