{"id":41667,"date":"2024-10-28T12:32:24","date_gmt":"2024-10-28T11:32:24","guid":{"rendered":"https:\/\/www.telpark.com\/?page_id=41667"},"modified":"2024-10-28T12:41:49","modified_gmt":"2024-10-28T11:41:49","slug":"medeva-efimob","status":"publish","type":"page","link":"https:\/\/www.telpark.com\/es\/medeva-efimob\/","title":{"rendered":"MEDEVA \/ Efimob"},"content":{"rendered":"<article class=\"tpk-page\">\n    <div class=\"row wrapper center-xs tpk-page__content\">\n        <div class=\"col-xs-12 col-sm-10 col-md-8 pt-4 pb-4\">\n            <h2>MEDEVA: Marketplace para la Estandarizaci\u00f3n, Digitalizaci\u00f3n y Electrificaci\u00f3n de Veh\u00edculos de Alquiler.<\/h2>\n<h3>Expediente: MIP-20211036<\/h3>\n<h4>Objetivos:<\/h4>\n<ul>\n<li>Dotar de herramientas que faciliten \u00e1mbitos de la intermodalidad, especialmente los relacionados con el alquiler de veh\u00edculos de flota gestionando la demanda.<\/li>\n<li>Digitalizar e integrar la informaci\u00f3n del alquiler de veh\u00edculos con el conjunto de actores que participan en las plataformas de MaaS(Mobility as a Service).<\/li>\n<li>Generar infraestructuras de recarga inteligentes en el \u00e1mbito del veh\u00edculo el\u00e9ctrico para garantizar su sostenibilidad.<\/li>\n<li>Usar las tecnolog\u00edas de comunicaciones basadas en 5G y soporte de edge computing para dar soporte al conjunto de servicios y plataformas necesarias.<\/li>\n<li>Enriquecer la experiencia del usuario obteniendo informaci\u00f3n de sus viajes y experiencias asociadas y as\u00ed optimizar la oferta tur\u00edstica.<\/li>\n<\/ul>\n<h4>Integrantes del consorcio:<\/h4>\n<ul>\n<li><a href=\"https:\/\/optaresolutions.com\/\">Optare Solutions, S.L.<\/a><\/li>\n<li><a href=\"https:\/\/www.eccocar.com\/\">Eccocar, S.L.<\/a><\/li>\n<li>EFIMOB Efficient Solutions, S.L.<\/li>\n<\/ul>\n<p><img decoding=\"async\" loading=\"lazy\" class=\"wp-image-41671 aligncenter\" src=\"https:\/\/www.telpark.com\/wp-content\/uploads\/2024\/10\/logos_integrantes_ayuda.png\" alt=\"\" width=\"593\" height=\"38\" \/><\/p>\n<p>Subvencionado por el <a href=\"https:\/\/www.cdti.es\/\">CDTI<\/a><\/p>\n<p><img decoding=\"async\" loading=\"lazy\" class=\"wp-image-41677 aligncenter\" src=\"https:\/\/www.telpark.com\/wp-content\/uploads\/2024\/10\/logos_subvencion.png\" alt=\"\" width=\"602\" height=\"57\" \/><\/p>\n\n        <\/div>\n    <\/div>\n<\/article>","protected":false},"excerpt":{"rendered":"","protected":false},"author":13,"featured_media":0,"parent":0,"menu_order":0,"comment_status":"closed","ping_status":"closed","template":"","meta":{"footnotes":""},"yoast_head":"<!-- This site is optimized with the Yoast SEO plugin v20.12 - https:\/\/yoast.com\/wordpress\/plugins\/seo\/ -->\n<title>MEDEVA \/ Efimob | Telpark<\/title>\n<meta name=\"robots\" content=\"index, follow, max-snippet:-1, max-image-preview:large, max-video-preview:-1\" \/>\n<link rel=\"canonical\" href=\"https:\/\/www.telpark.com\/es\/medeva-efimob\/\" \/>\n<meta property=\"og:locale\" content=\"es_ES\" \/>\n<meta property=\"og:type\" content=\"article\" \/>\n<meta property=\"og:title\" content=\"MEDEVA \/ Efimob | Telpark\" \/>\n<meta property=\"og:url\" content=\"https:\/\/www.telpark.com\/es\/medeva-efimob\/\" \/>\n<meta property=\"og:site_name\" content=\"Telpark\" \/>\n<meta property=\"article:modified_time\" content=\"2024-10-28T11:41:49+00:00\" \/>\n<meta name=\"twitter:card\" content=\"summary_large_image\" \/>\n<meta name=\"twitter:site\" content=\"@telpark_es\" \/>\n<script type=\"application\/ld+json\" class=\"yoast-schema-graph\">{\"@context\":\"https:\/\/schema.org\",\"@graph\":[{\"@type\":\"WebPage\",\"@id\":\"https:\/\/www.telpark.com\/es\/medeva-efimob\/\",\"url\":\"https:\/\/www.telpark.com\/es\/medeva-efimob\/\",\"name\":\"MEDEVA \/ Efimob | Telpark\",\"isPartOf\":{\"@id\":\"https:\/\/www.telpark.com\/es\/#website\"},\"datePublished\":\"2024-10-28T11:32:24+00:00\",\"dateModified\":\"2024-10-28T11:41:49+00:00\",\"breadcrumb\":{\"@id\":\"https:\/\/www.telpark.com\/es\/medeva-efimob\/#breadcrumb\"},\"inLanguage\":\"es-ES\",\"potentialAction\":[{\"@type\":\"ReadAction\",\"target\":[\"https:\/\/www.telpark.com\/es\/medeva-efimob\/\"]}]},{\"@type\":\"BreadcrumbList\",\"@id\":\"https:\/\/www.telpark.com\/es\/medeva-efimob\/#breadcrumb\",\"itemListElement\":[{\"@type\":\"ListItem\",\"position\":1,\"name\":\"Home\",\"item\":\"https:\/\/www.telpark.com\/es\/\"},{\"@type\":\"ListItem\",\"position\":2,\"name\":\"MEDEVA \/ Efimob\"}]},{\"@type\":\"WebSite\",\"@id\":\"https:\/\/www.telpark.com\/es\/#website\",\"url\":\"https:\/\/www.telpark.com\/es\/\",\"name\":\"Telpark\",\"description\":\"Reserva tu plaza en los mejores aparcamientos. Descarga la app y olv\u00eddate de cajeros o parqu\u00edmetros en m\u00e1s de 100 ciudades en Espa\u00f1a y Portugal\",\"publisher\":{\"@id\":\"https:\/\/www.telpark.com\/es\/#organization\"},\"potentialAction\":[{\"@type\":\"SearchAction\",\"target\":{\"@type\":\"EntryPoint\",\"urlTemplate\":\"https:\/\/www.telpark.com\/es\/?s={search_term_string}\"},\"query-input\":\"required name=search_term_string\"}],\"inLanguage\":\"es-ES\"},{\"@type\":\"Organization\",\"@id\":\"https:\/\/www.telpark.com\/es\/#organization\",\"name\":\"Telpark\",\"url\":\"https:\/\/www.telpark.com\/es\/\",\"logo\":{\"@type\":\"ImageObject\",\"inLanguage\":\"es-ES\",\"@id\":\"https:\/\/www.telpark.com\/es\/#\/schema\/logo\/image\/\",\"url\":\"https:\/\/www.telpark.com\/wp-content\/uploads\/2023\/09\/telpark-logo.svg\",\"contentUrl\":\"https:\/\/www.telpark.com\/wp-content\/uploads\/2023\/09\/telpark-logo.svg\",\"width\":128,\"height\":32,\"caption\":\"Telpark\"},\"image\":{\"@id\":\"https:\/\/www.telpark.com\/es\/#\/schema\/logo\/image\/\"},\"sameAs\":[\"https:\/\/twitter.com\/telpark_es\",\"https:\/\/www.instagram.com\/telpark_app\/\",\"https:\/\/www.youtube.com\/channel\/UCm8sjis_xlHU5VYQ6GslW-Q\"]}]}<\/script>\n<!-- \/ Yoast SEO plugin. -->","yoast_head_json":{"title":"MEDEVA \/ Efimob | Telpark","robots":{"index":"index","follow":"follow","max-snippet":"max-snippet:-1","max-image-preview":"max-image-preview:large","max-video-preview":"max-video-preview:-1"},"canonical":"https:\/\/www.telpark.com\/es\/medeva-efimob\/","og_locale":"es_ES","og_type":"article","og_title":"MEDEVA \/ Efimob | Telpark","og_url":"https:\/\/www.telpark.com\/es\/medeva-efimob\/","og_site_name":"Telpark","article_modified_time":"2024-10-28T11:41:49+00:00","twitter_card":"summary_large_image","twitter_site":"@telpark_es","schema":{"@context":"https:\/\/schema.org","@graph":[{"@type":"WebPage","@id":"https:\/\/www.telpark.com\/es\/medeva-efimob\/","url":"https:\/\/www.telpark.com\/es\/medeva-efimob\/","name":"MEDEVA \/ Efimob | Telpark","isPartOf":{"@id":"https:\/\/www.telpark.com\/es\/#website"},"datePublished":"2024-10-28T11:32:24+00:00","dateModified":"2024-10-28T11:41:49+00:00","breadcrumb":{"@id":"https:\/\/www.telpark.com\/es\/medeva-efimob\/#breadcrumb"},"inLanguage":"es-ES","potentialAction":[{"@type":"ReadAction","target":["https:\/\/www.telpark.com\/es\/medeva-efimob\/"]}]},{"@type":"BreadcrumbList","@id":"https:\/\/www.telpark.com\/es\/medeva-efimob\/#breadcrumb","itemListElement":[{"@type":"ListItem","position":1,"name":"Home","item":"https:\/\/www.telpark.com\/es\/"},{"@type":"ListItem","position":2,"name":"MEDEVA \/ Efimob"}]},{"@type":"WebSite","@id":"https:\/\/www.telpark.com\/es\/#website","url":"https:\/\/www.telpark.com\/es\/","name":"Telpark","description":"Reserva tu plaza en los mejores aparcamientos. Descarga la app y olv\u00eddate de cajeros o parqu\u00edmetros en m\u00e1s de 100 ciudades en Espa\u00f1a y Portugal","publisher":{"@id":"https:\/\/www.telpark.com\/es\/#organization"},"potentialAction":[{"@type":"SearchAction","target":{"@type":"EntryPoint","urlTemplate":"https:\/\/www.telpark.com\/es\/?s={search_term_string}"},"query-input":"required name=search_term_string"}],"inLanguage":"es-ES"},{"@type":"Organization","@id":"https:\/\/www.telpark.com\/es\/#organization","name":"Telpark","url":"https:\/\/www.telpark.com\/es\/","logo":{"@type":"ImageObject","inLanguage":"es-ES","@id":"https:\/\/www.telpark.com\/es\/#\/schema\/logo\/image\/","url":"https:\/\/www.telpark.com\/wp-content\/uploads\/2023\/09\/telpark-logo.svg","contentUrl":"https:\/\/www.telpark.com\/wp-content\/uploads\/2023\/09\/telpark-logo.svg","width":128,"height":32,"caption":"Telpark"},"image":{"@id":"https:\/\/www.telpark.com\/es\/#\/schema\/logo\/image\/"},"sameAs":["https:\/\/twitter.com\/telpark_es","https:\/\/www.instagram.com\/telpark_app\/","https:\/\/www.youtube.com\/channel\/UCm8sjis_xlHU5VYQ6GslW-Q"]}]}},"meta_box":[],"_links":{"self":[{"href":"https:\/\/www.telpark.com\/es\/wp-json\/wp\/v2\/pages\/41667"}],"collection":[{"href":"https:\/\/www.telpark.com\/es\/wp-json\/wp\/v2\/pages"}],"about":[{"href":"https:\/\/www.telpark.com\/es\/wp-json\/wp\/v2\/types\/page"}],"author":[{"embeddable":true,"href":"https:\/\/www.telpark.com\/es\/wp-json\/wp\/v2\/users\/13"}],"replies":[{"embeddable":true,"href":"https:\/\/www.telpark.com\/es\/wp-json\/wp\/v2\/comments?post=41667"}],"version-history":[{"count":3,"href":"https:\/\/www.telpark.com\/es\/wp-json\/wp\/v2\/pages\/41667\/revisions"}],"predecessor-version":[{"id":41685,"href":"https:\/\/www.telpark.com\/es\/wp-json\/wp\/v2\/pages\/41667\/revisions\/41685"}],"wp:attachment":[{"href":"https:\/\/www.telpark.com\/es\/wp-json\/wp\/v2\/media?parent=41667"}],"curies":[{"name":"wp","href":"https:\/\/api.w.org\/{rel}","templated":true}]}}