{"id":41721,"date":"2024-10-29T08:40:51","date_gmt":"2024-10-29T07:40:51","guid":{"rendered":"https:\/\/www.telpark.com\/?page_id=41721"},"modified":"2024-10-29T08:58:11","modified_gmt":"2024-10-29T07:58:11","slug":"normativa-cargadores-electricos","status":"publish","type":"page","link":"https:\/\/www.telpark.com\/es\/normativa-cargadores-electricos\/","title":{"rendered":"Normativa cargadores el\u00e9ctricos"},"content":{"rendered":"\n<section class=\"tpk-hero tpk-hero--products            electric    lower\"\n         style=\"\">\n                        <picture >\n\n                    <source srcset=\"https:\/\/www.telpark.com\/wp-content\/uploads\/2023\/03\/2023-06-21-TELPARK-268_-480x640.jpg\" media=\"((min-width: 0rem) and (max-width: 30rem))\">\n                             <source srcset=\"https:\/\/www.telpark.com\/wp-content\/uploads\/2023\/03\/2023-06-21-TELPARK-268_-1024x500.jpg\" media=\"(min-width: 30rem) and (max-width: 64rem)\" >\n                            <source srcset=\"https:\/\/www.telpark.com\/wp-content\/uploads\/2023\/03\/2023-06-21-TELPARK-268_-1920x640.jpg\" media=\"(min-width: 64rem)\" >\n        \n        \n                                                                                                        \n        <img decoding=\"async\" fetchpriority=\"high\" src=\"https:\/\/www.telpark.com\/wp-content\/uploads\/2023\/03\/2023-06-21-TELPARK-268_-1920x640.jpg\" alt=\"\"  width=\"1920\" height=\"640\"  loading=\"eager\">\n    <\/picture>\n\n    \n        <div class=\"tpk-hero__content wrapper row\">\n                    <div class=\"col-xs-12 col-sm-12 pr-h pl-h\">\n                                <header class=\"tpk-head  wrapper\">\n    <p class=\"tpk-head__caption\">Nueva normativa<\/p>    <h1 class=\"tpk-head__title\">Cargadores el\u00e9ctricos en parkings<\/h1>    <\/header>\n            \n                    <\/div>\n    <\/div>\n            <div class=\"tpk-hero__cards row wrapper\">\n                                                                            <\/div>\n                                                                            <\/div>\n                                                                            <\/div>\n                                                                            <\/div>\n                                                                            <\/div>\n                                                                            <\/div>\n                    <\/div>\n    <\/section>\n<div class=\"tpk-spinner__wrapper\">\n    <div class=\"tpk-spinner\"><\/div>\n<\/div>\n\n<article class=\"tpk-page\">\n    <div class=\"row wrapper center-xs tpk-page__content\">\n        <div class=\"col-xs-12 col-sm-10 col-md-8 pt-4 pb-4\">\n            <h2>Es obligatorio instalar un cargador por cada 40 plazas de aparcamiento en 2022<\/h2>\n<blockquote>\n<p>Un aparcamiento de empresa o de un edificio no residencial de m\u00e1s de 20 plazas tiene que instalar de forma obligatoria 1 estaci\u00f3n de recarga por cada 40 plazas o fracci\u00f3n. Si supera las 1000 plazas, a los porcentajes anteriores se le a\u00f1adir\u00e1 una estaci\u00f3n de recarga m\u00e1s por cada 100 plazas o fracci\u00f3n.<\/p>\n<p>Un aparcamiento en los edificios de la Administraci\u00f3n General del Estado tiene que instalar un punto de recarga el\u00e9ctrica por cada 20 plazas de aparcamiento o fracci\u00f3n. Si supera las 500 plazas, deber\u00e1 a\u00f1adir un punto por cada 100 plazas adicionales.<\/p>\n<\/blockquote>\n<h2>\u00bfQu\u00e9 dice la normativa?<\/h2>\n<blockquote>\n<p>El nuevo Real Decreto-ley 29\/2021 establece la cantidad m\u00ednima de cargadores el\u00e9ctricos con los que deber\u00e1n contar los parkings, as\u00ed como la fecha l\u00edmite para la instalaci\u00f3n de estas dotaciones.<\/p>\n<p>Antes de que empiece el a\u00f1o 2023, todos los aparcamientos para los que se aplique la norma han de responder a los requerimientos.<\/p>\n<p>Por ejemplo, el parking de un centro comercial con 844 plazas deber\u00eda instalar 22 puntos de recarga. El parking de un Ministerio con 350 plazas de aparcamiento deber\u00eda instalar 18 puntos de recarga.<\/p>\n<\/blockquote>\n\n        <\/div>\n    <\/div>\n<\/article>\n\n<section class=\"tpk-products \">\n    <div class=\"wrapper pl-1 pr-1 pb-3\">\n                <header class=\"tpk-head  wrapper\">\n        <h2 class=\"tpk-head__title\">Documento descargable<\/h2>    <\/header>    <\/div>\n\n    <div class=\"wrapper tpk-products__cards  \">\n        <input type=\"hidden\" id=\"_wpnonce\" name=\"_wpnonce\" value=\"080224134a\" \/><input type=\"hidden\" name=\"_wp_http_referer\" value=\"\/es\/wp-json\/wp\/v2\/pages\/41721\" \/>\n                    <div class=\"tpk-card-product  \">\n\n\t<div class=\"tpk-card-product__head\">\n\t\t\t\t\t<span class=\"icon icon-documento icon--lg\"><\/span>\n\t\t\t\t\t<\/div>\n\t<div class=\"tpk-card-product__content\">\n\t\t<h3 class=\"tpk-card-product__content__title\">Nueva normativa Cargadores El\u00e9ctricos<\/h3>\n\t\t\t<\/div>\n\t\t\t\t\t\t\t\t\t\t\t\t\t\t<a  class=\"tpk-button tpk-button--primary tpk-button--lg \" href=\"https:\/\/www.telpark.com\/wp-content\/uploads\/2024\/10\/BOE-A-2021-21096.pdf\"     download >\n    <span>Descargar<\/span>\n            <span class=\"icon icon-download icon--sm\">\n        <\/span>\n    <\/a>\t\t\t\t\t\t\t<\/div>\n            <\/div>\n<\/section>\n\n<section class=\"tpk-form\">\n   <div class=\"wrapper pl-1 pr-1 row center-xs \">\n        <div class=\"col-xs-12 col-sm-10 col-md-8 col-no-gutter\">\n                        <header class=\"tpk-head  wrapper\">\n    <p class=\"tpk-head__caption\">\u00bfNecesitas instalar cargadores el\u00e9ctricos?<\/p>    <h2 class=\"tpk-head__title\">Ind\u00edcanos tus datos y nos pondremos en contacto contigo<\/h2>    <\/header>        <\/div>\n    <\/div>\n\n            \n<div class=\"wpcf7 no-js\" id=\"wpcf7-f38737-o1\" lang=\"en-US\" dir=\"ltr\">\n<div class=\"screen-reader-response\"><p role=\"status\" aria-live=\"polite\" aria-atomic=\"true\"><\/p> <ul><\/ul><\/div>\n<form action=\"\/es\/wp-json\/wp\/v2\/pages\/41721#wpcf7-f38737-o1\" method=\"post\" class=\"wpcf7-form init\" aria-label=\"Contact form\" novalidate=\"novalidate\" data-status=\"init\">\n<div style=\"display: none;\">\n<input type=\"hidden\" name=\"_wpcf7\" value=\"38737\" \/>\n<input type=\"hidden\" name=\"_wpcf7_version\" value=\"5.7.7\" \/>\n<input type=\"hidden\" name=\"_wpcf7_locale\" value=\"en_US\" \/>\n<input type=\"hidden\" name=\"_wpcf7_unit_tag\" value=\"wpcf7-f38737-o1\" \/>\n<input type=\"hidden\" name=\"_wpcf7_container_post\" value=\"0\" \/>\n<input type=\"hidden\" name=\"_wpcf7_posted_data_hash\" value=\"\" \/>\n<\/div>\n<div class=\"wrapper row pt-4 bottom-xs center-xs\">\n\t<div class=\"col-xs-12 col-sm-12 col-md-6\">\n\t\t<div class=\"tpk-input-group\">\n\t\t\t<div class=\"tpk-input__wrapper\">\n\t\t\t\t<div class=\"tpk-input tpk-input-text\">\n\t\t\t\t\t<p><span class=\"wpcf7-form-control-wrap\" data-name=\"name1\"><input size=\"40\" maxlength=\"40\" class=\"wpcf7-form-control wpcf7-text wpcf7-validates-as-required\" id=\"name1\" aria-required=\"true\" aria-invalid=\"false\" placeholder=\"Nombre y apellidos\" value=\"\" type=\"text\" name=\"name1\" \/><\/span><label for=\"name1\"> Nombre y apellidos*<\/label>\n\t\t\t\t\t<\/p>\n\t\t\t\t<\/div>\n\t\t\t<\/div>\n\t\t\t<p class=\"tpk-input-group__help\">\n\t\t\t<\/p>\n\t\t<\/div>\n\t\t<div class=\"tpk-input-group\">\n\t\t\t<div class=\"tpk-input__wrapper\">\n\t\t\t\t<div class=\"tpk-input tpk-input-text\">\n\t\t\t\t\t<p><span class=\"wpcf7-form-control-wrap\" data-name=\"cargo\"><input size=\"40\" maxlength=\"30\" class=\"wpcf7-form-control wpcf7-text wpcf7-validates-as-required\" id=\"cargo\" aria-required=\"true\" aria-invalid=\"false\" placeholder=\"Cargo\" value=\"\" type=\"text\" name=\"cargo\" \/><\/span><label for=\"cargo\"> Cargo de empresa *<\/label>\n\t\t\t\t\t<\/p>\n\t\t\t\t<\/div>\n\t\t\t<\/div>\n\t\t\t<p class=\"tpk-input-group__help\">\n\t\t\t<\/p>\n\t\t<\/div>\n\t\t<div class=\"tpk-input-group\">\n\t\t\t<div class=\"tpk-input__wrapper\">\n\t\t\t\t<div class=\"tpk-input tpk-input-email\">\n\t\t\t\t\t<p><span class=\"wpcf7-form-control-wrap\" data-name=\"email\"><input size=\"40\" maxlength=\"30\" class=\"wpcf7-form-control wpcf7-text wpcf7-email wpcf7-validates-as-required wpcf7-validates-as-email\" id=\"email\" aria-required=\"true\" aria-invalid=\"false\" placeholder=\"Email\" value=\"\" type=\"email\" name=\"email\" \/><\/span><label for=\"email\">Email de empresa *<\/label>\n\t\t\t\t\t<\/p>\n\t\t\t\t<\/div>\n\t\t\t<\/div>\n\t\t\t<p class=\"tpk-input-group__help\">\n\t\t\t<\/p>\n\t\t<\/div>\n\t\t<div class=\"tpk-input-group\">\n\t\t\t<div class=\"tpk-input__wrapper\">\n\t\t\t\t<div class=\"tpk-input tpk-input-text\">\n\t\t\t\t\t<p><span class=\"wpcf7-form-control-wrap\" data-name=\"subject\"><input size=\"40\" maxlength=\"40\" class=\"wpcf7-form-control wpcf7-text\" id=\"subject\" aria-invalid=\"false\" placeholder=\"Asunto\" value=\"\" type=\"text\" name=\"subject\" \/><\/span><label for=\"subject\">Asunto<\/label>\n\t\t\t\t\t<\/p>\n\t\t\t\t<\/div>\n\t\t\t<\/div>\n\t\t\t<p class=\"tpk-input-group__help\">\n\t\t\t<\/p>\n\t\t<\/div>\n\t\t<div class=\"tpk-input-group\">\n\t\t\t<div class=\"tpk-input__wrapper\">\n\t\t\t\t<div class=\"tpk-input tpk-input-dropdown\">\n\t\t\t\t\t<p><span class=\"wpcf7-form-control-wrap\" data-name=\"dropdown\"><select class=\"wpcf7-form-control wpcf7-select wide\" id=\"dropdown\" aria-invalid=\"false\" name=\"dropdown\"><option value=\"Selecciona tu sector empresarial\" selected=\"selected\">Selecciona tu sector empresarial<\/option><option value=\"Tecnolog\u00eda\">Tecnolog\u00eda<\/option><option value=\"Turismo\">Turismo<\/option><option value=\"Viajes\">Viajes<\/option><option value=\"Alquiler de coches\">Alquiler de coches<\/option><option value=\"Hosteler\u00eda\">Hosteler\u00eda<\/option><\/select><\/span>\n\t\t\t\t\t<\/p>\n\t\t\t\t<\/div>\n\t\t\t<\/div>\n\t\t\t<p class=\"tpk-input-group__help\">\n\t\t\t<\/p>\n\t\t<\/div>\n\t\t<div class=\"tpk-input-group\">\n\t\t\t<div class=\"tpk-input__wrapper\">\n\t\t\t\t<div class=\"tpk-input tpk-input-textarea\">\n\t\t\t\t\t<p><span class=\"wpcf7-form-control-wrap\" data-name=\"textarea\"><textarea cols=\"40\" rows=\"10\" class=\"wpcf7-form-control wpcf7-textarea\" id=\"textarea\" aria-invalid=\"false\" placeholder=\"Descripci\u00f3n\" name=\"textarea\"><\/textarea><\/span><label for=\"name\">Descripci\u00f3n<\/label>\n\t\t\t\t\t<\/p>\n\t\t\t\t<\/div>\n\t\t\t<\/div>\n\t\t\t<p class=\"tpk-input-group__help\">\n\t\t\t<\/p>\n\t\t<\/div>\n\t<\/div>\n\t<div class=\"col-xs-12 col-sm-12 col-md-6\">\n\t\t<div>\n\t\t\t<p>No se atenderan consultar no relacionadas con las empresas\n\t\t\t<\/p>\n\t\t<\/div>\n\t\t<div class=\"tpk-checkbox\">\n\t\t\t<p><span class=\"wpcf7-form-control-wrap\" data-name=\"checkboxNewslettera\"><span class=\"wpcf7-form-control wpcf7-acceptance optional\"><span class=\"wpcf7-list-item\"><label><input type=\"checkbox\" name=\"checkboxNewslettera\" value=\"1\" class=\"tpk-checkbox__input\" id=\"checkboxNewslettera\" aria-invalid=\"false\" \/><span class=\"wpcf7-list-item-label\">Consiento que mis datos personales sean utilizados para ponerse en contacto conmigo sobre productos o servicios del Grupo Empark o de terceros, relacionados con los sectores de aparcamiento y de pago electr\u00f3nico.<\/span><\/label><\/span><\/span><\/span>\n\t\t\t<\/p>\n\t\t<\/div>\n\t\t<div class=\"tpk-checkbox\">\n\t\t\t<p><span class=\"wpcf7-form-control-wrap\" data-name=\"checkboxNewslettera2\"><span class=\"wpcf7-form-control wpcf7-acceptance optional\"><span class=\"wpcf7-list-item\"><label><input type=\"checkbox\" name=\"checkboxNewslettera2\" value=\"1\" class=\"tpk-checkbox__input\" id=\"checkboxNewslettera2\" aria-invalid=\"false\" \/><span class=\"wpcf7-list-item-label\">Consiento que mis datos personales sean utilizados para el env\u00edo de comunicaciones sobre oportunidades profesionales sobre el Grupo Empark.<\/span><\/label><\/span><\/span><\/span>\n\t\t\t<\/p>\n\t\t<\/div>\n\t\t<div class=\"tpk-checkbox\">\n\t\t\t<p><span class=\"wpcf7-form-control-wrap\" data-name=\"checkboxNewslettera3\"><span class=\"wpcf7-form-control wpcf7-acceptance\"><span class=\"wpcf7-list-item\"><label><input type=\"checkbox\" name=\"checkboxNewslettera3\" value=\"1\" class=\"tpk-checkbox__input\" id=\"checkboxNewslettera3\" aria-invalid=\"false\" \/><span class=\"wpcf7-list-item-label\">He leido la Pol\u00edtica de privacidad (obligatorio para el env\u00edo)<\/span><\/label><\/span><\/span><\/span>\n\t\t\t<\/p>\n\t\t<\/div>\n\t<\/div>\n\t<div class=\"col-xs-12 pt-4 tpk-form__buttons\">\n\t\t<p><input class=\"wpcf7-form-control has-spinner wpcf7-submit tpk-button tpk-button--primary tpk-button--lg\" type=\"submit\" value=\"Enviar\" \/>\n\t\t<\/p>\n\t<\/div>\n<\/div><div class=\"wpcf7-response-output\" aria-hidden=\"true\"><\/div>\n<\/form>\n<\/div>\n\n    <\/section>","protected":false},"excerpt":{"rendered":"","protected":false},"author":13,"featured_media":0,"parent":0,"menu_order":0,"comment_status":"closed","ping_status":"closed","template":"","meta":{"footnotes":""},"yoast_head":"<!-- This site is optimized with the Yoast SEO plugin v20.12 - https:\/\/yoast.com\/wordpress\/plugins\/seo\/ -->\n<title>Normativa cargadores el\u00e9ctricos | Telpark<\/title>\n<meta name=\"robots\" content=\"index, follow, max-snippet:-1, max-image-preview:large, max-video-preview:-1\" \/>\n<link rel=\"canonical\" href=\"https:\/\/www.telpark.com\/es\/normativa-cargadores-electricos\/\" \/>\n<meta property=\"og:locale\" content=\"es_ES\" \/>\n<meta property=\"og:type\" content=\"article\" \/>\n<meta property=\"og:title\" content=\"Normativa cargadores el\u00e9ctricos | Telpark\" \/>\n<meta property=\"og:url\" content=\"https:\/\/www.telpark.com\/es\/normativa-cargadores-electricos\/\" \/>\n<meta property=\"og:site_name\" content=\"Telpark\" \/>\n<meta property=\"article:modified_time\" content=\"2024-10-29T07:58:11+00:00\" \/>\n<meta name=\"twitter:card\" content=\"summary_large_image\" \/>\n<meta name=\"twitter:site\" content=\"@telpark_es\" \/>\n<script type=\"application\/ld+json\" class=\"yoast-schema-graph\">{\"@context\":\"https:\/\/schema.org\",\"@graph\":[{\"@type\":\"WebPage\",\"@id\":\"https:\/\/www.telpark.com\/es\/normativa-cargadores-electricos\/\",\"url\":\"https:\/\/www.telpark.com\/es\/normativa-cargadores-electricos\/\",\"name\":\"Normativa cargadores el\u00e9ctricos | Telpark\",\"isPartOf\":{\"@id\":\"https:\/\/www.telpark.com\/es\/#website\"},\"datePublished\":\"2024-10-29T07:40:51+00:00\",\"dateModified\":\"2024-10-29T07:58:11+00:00\",\"breadcrumb\":{\"@id\":\"https:\/\/www.telpark.com\/es\/normativa-cargadores-electricos\/#breadcrumb\"},\"inLanguage\":\"es-ES\",\"potentialAction\":[{\"@type\":\"ReadAction\",\"target\":[\"https:\/\/www.telpark.com\/es\/normativa-cargadores-electricos\/\"]}]},{\"@type\":\"BreadcrumbList\",\"@id\":\"https:\/\/www.telpark.com\/es\/normativa-cargadores-electricos\/#breadcrumb\",\"itemListElement\":[{\"@type\":\"ListItem\",\"position\":1,\"name\":\"Home\",\"item\":\"https:\/\/www.telpark.com\/es\/\"},{\"@type\":\"ListItem\",\"position\":2,\"name\":\"Normativa cargadores el\u00e9ctricos\"}]},{\"@type\":\"WebSite\",\"@id\":\"https:\/\/www.telpark.com\/es\/#website\",\"url\":\"https:\/\/www.telpark.com\/es\/\",\"name\":\"Telpark\",\"description\":\"Reserva tu plaza en los mejores aparcamientos. Descarga la app y olv\u00eddate de cajeros o parqu\u00edmetros en m\u00e1s de 100 ciudades en Espa\u00f1a y Portugal\",\"publisher\":{\"@id\":\"https:\/\/www.telpark.com\/es\/#organization\"},\"potentialAction\":[{\"@type\":\"SearchAction\",\"target\":{\"@type\":\"EntryPoint\",\"urlTemplate\":\"https:\/\/www.telpark.com\/es\/?s={search_term_string}\"},\"query-input\":\"required name=search_term_string\"}],\"inLanguage\":\"es-ES\"},{\"@type\":\"Organization\",\"@id\":\"https:\/\/www.telpark.com\/es\/#organization\",\"name\":\"Telpark\",\"url\":\"https:\/\/www.telpark.com\/es\/\",\"logo\":{\"@type\":\"ImageObject\",\"inLanguage\":\"es-ES\",\"@id\":\"https:\/\/www.telpark.com\/es\/#\/schema\/logo\/image\/\",\"url\":\"https:\/\/www.telpark.com\/wp-content\/uploads\/2023\/09\/telpark-logo.svg\",\"contentUrl\":\"https:\/\/www.telpark.com\/wp-content\/uploads\/2023\/09\/telpark-logo.svg\",\"width\":128,\"height\":32,\"caption\":\"Telpark\"},\"image\":{\"@id\":\"https:\/\/www.telpark.com\/es\/#\/schema\/logo\/image\/\"},\"sameAs\":[\"https:\/\/twitter.com\/telpark_es\",\"https:\/\/www.instagram.com\/telpark_app\/\",\"https:\/\/www.youtube.com\/channel\/UCm8sjis_xlHU5VYQ6GslW-Q\"]}]}<\/script>\n<!-- \/ Yoast SEO plugin. -->","yoast_head_json":{"title":"Normativa cargadores el\u00e9ctricos | Telpark","robots":{"index":"index","follow":"follow","max-snippet":"max-snippet:-1","max-image-preview":"max-image-preview:large","max-video-preview":"max-video-preview:-1"},"canonical":"https:\/\/www.telpark.com\/es\/normativa-cargadores-electricos\/","og_locale":"es_ES","og_type":"article","og_title":"Normativa cargadores el\u00e9ctricos | Telpark","og_url":"https:\/\/www.telpark.com\/es\/normativa-cargadores-electricos\/","og_site_name":"Telpark","article_modified_time":"2024-10-29T07:58:11+00:00","twitter_card":"summary_large_image","twitter_site":"@telpark_es","schema":{"@context":"https:\/\/schema.org","@graph":[{"@type":"WebPage","@id":"https:\/\/www.telpark.com\/es\/normativa-cargadores-electricos\/","url":"https:\/\/www.telpark.com\/es\/normativa-cargadores-electricos\/","name":"Normativa cargadores el\u00e9ctricos | Telpark","isPartOf":{"@id":"https:\/\/www.telpark.com\/es\/#website"},"datePublished":"2024-10-29T07:40:51+00:00","dateModified":"2024-10-29T07:58:11+00:00","breadcrumb":{"@id":"https:\/\/www.telpark.com\/es\/normativa-cargadores-electricos\/#breadcrumb"},"inLanguage":"es-ES","potentialAction":[{"@type":"ReadAction","target":["https:\/\/www.telpark.com\/es\/normativa-cargadores-electricos\/"]}]},{"@type":"BreadcrumbList","@id":"https:\/\/www.telpark.com\/es\/normativa-cargadores-electricos\/#breadcrumb","itemListElement":[{"@type":"ListItem","position":1,"name":"Home","item":"https:\/\/www.telpark.com\/es\/"},{"@type":"ListItem","position":2,"name":"Normativa cargadores el\u00e9ctricos"}]},{"@type":"WebSite","@id":"https:\/\/www.telpark.com\/es\/#website","url":"https:\/\/www.telpark.com\/es\/","name":"Telpark","description":"Reserva tu plaza en los mejores aparcamientos. Descarga la app y olv\u00eddate de cajeros o parqu\u00edmetros en m\u00e1s de 100 ciudades en Espa\u00f1a y Portugal","publisher":{"@id":"https:\/\/www.telpark.com\/es\/#organization"},"potentialAction":[{"@type":"SearchAction","target":{"@type":"EntryPoint","urlTemplate":"https:\/\/www.telpark.com\/es\/?s={search_term_string}"},"query-input":"required name=search_term_string"}],"inLanguage":"es-ES"},{"@type":"Organization","@id":"https:\/\/www.telpark.com\/es\/#organization","name":"Telpark","url":"https:\/\/www.telpark.com\/es\/","logo":{"@type":"ImageObject","inLanguage":"es-ES","@id":"https:\/\/www.telpark.com\/es\/#\/schema\/logo\/image\/","url":"https:\/\/www.telpark.com\/wp-content\/uploads\/2023\/09\/telpark-logo.svg","contentUrl":"https:\/\/www.telpark.com\/wp-content\/uploads\/2023\/09\/telpark-logo.svg","width":128,"height":32,"caption":"Telpark"},"image":{"@id":"https:\/\/www.telpark.com\/es\/#\/schema\/logo\/image\/"},"sameAs":["https:\/\/twitter.com\/telpark_es","https:\/\/www.instagram.com\/telpark_app\/","https:\/\/www.youtube.com\/channel\/UCm8sjis_xlHU5VYQ6GslW-Q"]}]}},"meta_box":[],"_links":{"self":[{"href":"https:\/\/www.telpark.com\/es\/wp-json\/wp\/v2\/pages\/41721"}],"collection":[{"href":"https:\/\/www.telpark.com\/es\/wp-json\/wp\/v2\/pages"}],"about":[{"href":"https:\/\/www.telpark.com\/es\/wp-json\/wp\/v2\/types\/page"}],"author":[{"embeddable":true,"href":"https:\/\/www.telpark.com\/es\/wp-json\/wp\/v2\/users\/13"}],"replies":[{"embeddable":true,"href":"https:\/\/www.telpark.com\/es\/wp-json\/wp\/v2\/comments?post=41721"}],"version-history":[{"count":3,"href":"https:\/\/www.telpark.com\/es\/wp-json\/wp\/v2\/pages\/41721\/revisions"}],"predecessor-version":[{"id":41804,"href":"https:\/\/www.telpark.com\/es\/wp-json\/wp\/v2\/pages\/41721\/revisions\/41804"}],"wp:attachment":[{"href":"https:\/\/www.telpark.com\/es\/wp-json\/wp\/v2\/media?parent=41721"}],"curies":[{"name":"wp","href":"https:\/\/api.w.org\/{rel}","templated":true}]}}