{"id":41752,"date":"2024-10-29T09:09:52","date_gmt":"2024-10-29T08:09:52","guid":{"rendered":"https:\/\/www.telpark.com\/?page_id=41752"},"modified":"2024-10-29T09:39:16","modified_gmt":"2024-10-29T08:39:16","slug":"tipos-cargadores-electricos","status":"publish","type":"page","link":"https:\/\/www.telpark.com\/es\/tipos-cargadores-electricos\/","title":{"rendered":"Tipos cargadores el\u00e9ctricos"},"content":{"rendered":"\n<section class=\"tpk-hero tpk-hero--products                lower\"\n         style=\"\">\n                        <picture >\n\n                    <source srcset=\"https:\/\/www.telpark.com\/wp-content\/uploads\/2023\/10\/carga-rapida_baja-2-scaled-1-480x640.webp\" media=\"((min-width: 0rem) and (max-width: 30rem))\">\n                             <source srcset=\"https:\/\/www.telpark.com\/wp-content\/uploads\/2023\/10\/carga-rapida_baja-2-scaled-1-1024x500.webp\" media=\"(min-width: 30rem) and (max-width: 64rem)\" >\n                            <source srcset=\"https:\/\/www.telpark.com\/wp-content\/uploads\/2023\/10\/carga-rapida_baja-2-scaled-1-1920x640.webp\" media=\"(min-width: 64rem)\" >\n        \n        \n                                                                                                        \n        <img decoding=\"async\" fetchpriority=\"high\" src=\"https:\/\/www.telpark.com\/wp-content\/uploads\/2023\/10\/carga-rapida_baja-2-scaled-1-1920x640.webp\" alt=\"\"  width=\"1920\" height=\"640\"  loading=\"eager\">\n    <\/picture>\n\n    \n        <div class=\"tpk-hero__content wrapper row\">\n                    <div class=\"col-xs-12 col-sm-12 pr-h pl-h\">\n                                <header class=\"tpk-head  wrapper\">\n        <h1 class=\"tpk-head__title\">Tipos de cargadores el\u00e9ctricos<\/h1>    <\/header>\n            \n                    <\/div>\n    <\/div>\n            <div class=\"tpk-hero__cards row wrapper\">\n                                                                                        <div class=\"col-xs-6 col-sm-6 col-md-4 mb-1 pl-h pr-h\">\n                                                                    <\/div>\n                                                                                        <div class=\"col-xs-12 col-sm-12 col-md-4 mb-1 pl-h pr-h\">\n                                                                    <\/div>\n                    <\/div>\n    <\/section>\n<div class=\"tpk-spinner__wrapper\">\n    <div class=\"tpk-spinner\"><\/div>\n<\/div>\n\n<article class=\"tpk-page\">\n    <div class=\"row wrapper center-xs tpk-page__content\">\n        <div class=\"col-xs-12 col-sm-10 col-md-8 pt-4 pb-4\">\n            <blockquote>\n<h2>EFIMOB EVE Mini Basic<\/h2>\n<\/blockquote>\n<p><img decoding=\"async\" loading=\"lazy\" class=\" wp-image-41753 alignnone\" src=\"https:\/\/www.telpark.com\/wp-content\/uploads\/2024\/10\/eve-mini-basic.jpg\" alt=\"\" width=\"270\" height=\"270\" srcset=\"https:\/\/www.telpark.com\/wp-content\/uploads\/2024\/10\/eve-mini-basic.jpg 318w, https:\/\/www.telpark.com\/wp-content\/uploads\/2024\/10\/eve-mini-basic-220x220.jpg 220w\" sizes=\"(max-width: 270px) 100vw, 270px\" \/><\/p>\n<ul>\n<li><strong>Potencia hasta 7,4 kW. Con indicador de estado LED RGB y medidor de energ\u00eda integrado.<\/strong><\/li>\n<li><strong>Comunicaciones Ethernet\/LAN y cable Socket T2<\/strong><\/li>\n<li><strong>Carga semir\u00e1pida<\/strong><\/li>\n<\/ul>\n<p>&nbsp;<\/p>\n<blockquote>\n<h2>EVE Mini Basic Plus<\/h2>\n<\/blockquote>\n<p><img decoding=\"async\" loading=\"lazy\" class=\"alignnone  wp-image-41767\" src=\"https:\/\/www.telpark.com\/wp-content\/uploads\/2024\/10\/eve-mini-basic-plus.jpg\" alt=\"\" width=\"292\" height=\"292\" srcset=\"https:\/\/www.telpark.com\/wp-content\/uploads\/2024\/10\/eve-mini-basic-plus.jpg 409w, https:\/\/www.telpark.com\/wp-content\/uploads\/2024\/10\/eve-mini-basic-plus-220x220.jpg 220w\" sizes=\"(max-width: 292px) 100vw, 292px\" \/><\/p>\n<ul>\n<li><strong>Potencia hasta 22 kW. Con display a color, lector RFID, y medidor de energ\u00eda integrado<\/strong><\/li>\n<li><strong>Comunicaciones Ethernet\/LAN y Socket T2. Montaje en pared o poste.<\/strong><\/li>\n<li><strong>Carga semir\u00e1pida<\/strong><\/li>\n<\/ul>\n<blockquote>\n<h2>EVE Dual<\/h2>\n<\/blockquote>\n<p><img decoding=\"async\" loading=\"lazy\" class=\"alignnone  wp-image-41773\" src=\"https:\/\/www.telpark.com\/wp-content\/uploads\/2024\/10\/EVE-Dual.jpg\" alt=\"\" width=\"307\" height=\"307\" srcset=\"https:\/\/www.telpark.com\/wp-content\/uploads\/2024\/10\/EVE-Dual.jpg 500w, https:\/\/www.telpark.com\/wp-content\/uploads\/2024\/10\/EVE-Dual-220x220.jpg 220w\" sizes=\"(max-width: 307px) 100vw, 307px\" \/><\/p>\n<ul>\n<li><strong>Potencia hasta 22 kW. Con indicador LED, lector RFID, y medidor de energ\u00eda integrado opcional.<\/strong><\/li>\n<li><strong>Red m\u00f3vil 2G\/3G, comunicaciones Ethernet\/LAN y cable Socket T2. Montaje en pared o poste.<\/strong><\/li>\n<li><strong>Carga semir\u00e1pida<\/strong><\/li>\n<\/ul>\n<p>&nbsp;<\/p>\n<blockquote>\n<h2>EFIMOB Pro<\/h2>\n<\/blockquote>\n<p><img decoding=\"async\" loading=\"lazy\" class=\"alignnone size-full wp-image-41779\" src=\"https:\/\/www.telpark.com\/wp-content\/uploads\/2024\/10\/EFIMOB-Pro.jpg\" alt=\"\" width=\"310\" height=\"310\" srcset=\"https:\/\/www.telpark.com\/wp-content\/uploads\/2024\/10\/EFIMOB-Pro.jpg 310w, https:\/\/www.telpark.com\/wp-content\/uploads\/2024\/10\/EFIMOB-Pro-220x220.jpg 220w\" sizes=\"(max-width: 310px) 100vw, 310px\" \/><\/p>\n<ul>\n<li><strong>Potencia: 22 Kw por toma. Con indicador LED RGB lector RFID, y medidor de energ\u00eda integrado.<\/strong><\/li>\n<li><strong>Red m\u00f3vil 2G\/3G, comunicaciones Ethernet\/LAN y cable Socket T2. Montaje en pared y suelo.<\/strong><\/li>\n<li><strong>Carga r\u00e1pida<\/strong><\/li>\n<\/ul>\n<blockquote>\n<h2>EFIMOB QC Ultraslim<\/h2>\n<\/blockquote>\n<p><img decoding=\"async\" loading=\"lazy\" class=\"alignnone  wp-image-41785\" src=\"https:\/\/www.telpark.com\/wp-content\/uploads\/2024\/10\/EFIMOB-QC-Ultraslim.jpg\" alt=\"\" width=\"303\" height=\"303\" srcset=\"https:\/\/www.telpark.com\/wp-content\/uploads\/2024\/10\/EFIMOB-QC-Ultraslim.jpg 328w, https:\/\/www.telpark.com\/wp-content\/uploads\/2024\/10\/EFIMOB-QC-Ultraslim-220x220.jpg 220w\" sizes=\"(max-width: 303px) 100vw, 303px\" \/><\/p>\n<ul>\n<li><strong>Potencia: hasta 50kW. Potencia: 22 Kw por toma. Con indicador LED RGB, lector RFID, y medidor de energ\u00eda integrado. refrigeraci\u00f3n l\u00edquida, carga en DC y medidor de energ\u00eda integrado.<\/strong><\/li>\n<li><strong>Red m\u00f3vil 3G\/4G y comunicaciones Ethernet\/LAN. Montaje en suelo.<\/strong><\/li>\n<li><strong>Carga r\u00e1pida<\/strong><\/li>\n<\/ul>\n<p>&nbsp;<\/p>\n<blockquote>\n<h2>EFIMOB QC 150S<\/h2>\n<\/blockquote>\n<p><img decoding=\"async\" loading=\"lazy\" class=\"alignnone  wp-image-41791\" src=\"https:\/\/www.telpark.com\/wp-content\/uploads\/2024\/10\/EFIMOB-QC-150S.jpg\" alt=\"\" width=\"287\" height=\"287\" srcset=\"https:\/\/www.telpark.com\/wp-content\/uploads\/2024\/10\/EFIMOB-QC-150S.jpg 242w, https:\/\/www.telpark.com\/wp-content\/uploads\/2024\/10\/EFIMOB-QC-150S-220x220.jpg 220w\" sizes=\"(max-width: 287px) 100vw, 287px\" \/><\/p>\n<ul>\n<li><strong>Potencia: 75 \u2013 150 kW. Con cable refrigerado opcional, carga en DC y medidor de energ\u00eda integrado.<\/strong><\/li>\n<li><strong>Redes 3G\/4G\/Ethernet. Indicador de estado integrado en pantalla. Dise\u00f1o escalable y carga simult\u00e1nea. Montaje en suelo.<\/strong><\/li>\n<li><strong>Carga ultrar\u00e1pida<\/strong><\/li>\n<\/ul>\n<p>&nbsp;<\/p>\n<blockquote>\n<h2>EFIMOB QC 300S<\/h2>\n<\/blockquote>\n<p><img decoding=\"async\" loading=\"lazy\" class=\"alignnone  wp-image-41797\" src=\"https:\/\/www.telpark.com\/wp-content\/uploads\/2024\/10\/EFIMOB-QC-300S.jpg\" alt=\"\" width=\"295\" height=\"295\" srcset=\"https:\/\/www.telpark.com\/wp-content\/uploads\/2024\/10\/EFIMOB-QC-300S.jpg 330w, https:\/\/www.telpark.com\/wp-content\/uploads\/2024\/10\/EFIMOB-QC-300S-220x220.jpg 220w\" sizes=\"(max-width: 295px) 100vw, 295px\" \/><\/p>\n<ul>\n<li><strong>Potencia: 75 \u2013 300 kW, con m\u00f3dulos de 75kW escalables. Cable refrigerado opcional, carga en DC y medidor de energ\u00eda integrado.<\/strong><\/li>\n<li><strong>Redes 3G\/4G\/Ethernet. Indicador de estado integrado en pantalla. Dise\u00f1o escalable y carga simult\u00e1nea. Montaje en suelo.<\/strong><\/li>\n<li><strong>Carga ultrar\u00e1pida<\/strong><\/li>\n<\/ul>\n\n        <\/div>\n    <\/div>\n<\/article>\n\n<section class=\"tpk-form\">\n   <div class=\"wrapper pl-1 pr-1 row center-xs \">\n        <div class=\"col-xs-12 col-sm-10 col-md-8 col-no-gutter\">\n                        <header class=\"tpk-head  wrapper\">\n    <p class=\"tpk-head__caption\">\u00bfNecesitas instalar cargadores el\u00e9ctricos?<\/p>    <h2 class=\"tpk-head__title\">Ind\u00edcanos tus datos y nos pondremos en contacto contigo<\/h2>    <\/header>        <\/div>\n    <\/div>\n\n            \n<div class=\"wpcf7 no-js\" id=\"wpcf7-f38737-o1\" lang=\"en-US\" dir=\"ltr\">\n<div class=\"screen-reader-response\"><p role=\"status\" aria-live=\"polite\" aria-atomic=\"true\"><\/p> <ul><\/ul><\/div>\n<form action=\"\/es\/wp-json\/wp\/v2\/pages\/41752#wpcf7-f38737-o1\" method=\"post\" class=\"wpcf7-form init\" aria-label=\"Contact form\" novalidate=\"novalidate\" data-status=\"init\">\n<div style=\"display: none;\">\n<input type=\"hidden\" name=\"_wpcf7\" value=\"38737\" \/>\n<input type=\"hidden\" name=\"_wpcf7_version\" value=\"5.7.7\" \/>\n<input type=\"hidden\" name=\"_wpcf7_locale\" value=\"en_US\" \/>\n<input type=\"hidden\" name=\"_wpcf7_unit_tag\" value=\"wpcf7-f38737-o1\" \/>\n<input type=\"hidden\" name=\"_wpcf7_container_post\" value=\"0\" \/>\n<input type=\"hidden\" name=\"_wpcf7_posted_data_hash\" value=\"\" \/>\n<\/div>\n<div class=\"wrapper row pt-4 bottom-xs center-xs\">\n\t<div class=\"col-xs-12 col-sm-12 col-md-6\">\n\t\t<div class=\"tpk-input-group\">\n\t\t\t<div class=\"tpk-input__wrapper\">\n\t\t\t\t<div class=\"tpk-input tpk-input-text\">\n\t\t\t\t\t<p><span class=\"wpcf7-form-control-wrap\" data-name=\"name1\"><input size=\"40\" maxlength=\"40\" class=\"wpcf7-form-control wpcf7-text wpcf7-validates-as-required\" id=\"name1\" aria-required=\"true\" aria-invalid=\"false\" placeholder=\"Nombre y apellidos\" value=\"\" type=\"text\" name=\"name1\" \/><\/span><label for=\"name1\"> Nombre y apellidos*<\/label>\n\t\t\t\t\t<\/p>\n\t\t\t\t<\/div>\n\t\t\t<\/div>\n\t\t\t<p class=\"tpk-input-group__help\">\n\t\t\t<\/p>\n\t\t<\/div>\n\t\t<div class=\"tpk-input-group\">\n\t\t\t<div class=\"tpk-input__wrapper\">\n\t\t\t\t<div class=\"tpk-input tpk-input-text\">\n\t\t\t\t\t<p><span class=\"wpcf7-form-control-wrap\" data-name=\"cargo\"><input size=\"40\" maxlength=\"30\" class=\"wpcf7-form-control wpcf7-text wpcf7-validates-as-required\" id=\"cargo\" aria-required=\"true\" aria-invalid=\"false\" placeholder=\"Cargo\" value=\"\" type=\"text\" name=\"cargo\" \/><\/span><label for=\"cargo\"> Cargo de empresa *<\/label>\n\t\t\t\t\t<\/p>\n\t\t\t\t<\/div>\n\t\t\t<\/div>\n\t\t\t<p class=\"tpk-input-group__help\">\n\t\t\t<\/p>\n\t\t<\/div>\n\t\t<div class=\"tpk-input-group\">\n\t\t\t<div class=\"tpk-input__wrapper\">\n\t\t\t\t<div class=\"tpk-input tpk-input-email\">\n\t\t\t\t\t<p><span class=\"wpcf7-form-control-wrap\" data-name=\"email\"><input size=\"40\" maxlength=\"30\" class=\"wpcf7-form-control wpcf7-text wpcf7-email wpcf7-validates-as-required wpcf7-validates-as-email\" id=\"email\" aria-required=\"true\" aria-invalid=\"false\" placeholder=\"Email\" value=\"\" type=\"email\" name=\"email\" \/><\/span><label for=\"email\">Email de empresa *<\/label>\n\t\t\t\t\t<\/p>\n\t\t\t\t<\/div>\n\t\t\t<\/div>\n\t\t\t<p class=\"tpk-input-group__help\">\n\t\t\t<\/p>\n\t\t<\/div>\n\t\t<div class=\"tpk-input-group\">\n\t\t\t<div class=\"tpk-input__wrapper\">\n\t\t\t\t<div class=\"tpk-input tpk-input-text\">\n\t\t\t\t\t<p><span class=\"wpcf7-form-control-wrap\" data-name=\"subject\"><input size=\"40\" maxlength=\"40\" class=\"wpcf7-form-control wpcf7-text\" id=\"subject\" aria-invalid=\"false\" placeholder=\"Asunto\" value=\"\" type=\"text\" name=\"subject\" \/><\/span><label for=\"subject\">Asunto<\/label>\n\t\t\t\t\t<\/p>\n\t\t\t\t<\/div>\n\t\t\t<\/div>\n\t\t\t<p class=\"tpk-input-group__help\">\n\t\t\t<\/p>\n\t\t<\/div>\n\t\t<div class=\"tpk-input-group\">\n\t\t\t<div class=\"tpk-input__wrapper\">\n\t\t\t\t<div class=\"tpk-input tpk-input-dropdown\">\n\t\t\t\t\t<p><span class=\"wpcf7-form-control-wrap\" data-name=\"dropdown\"><select class=\"wpcf7-form-control wpcf7-select wide\" id=\"dropdown\" aria-invalid=\"false\" name=\"dropdown\"><option value=\"Selecciona tu sector empresarial\" selected=\"selected\">Selecciona tu sector empresarial<\/option><option value=\"Tecnolog\u00eda\">Tecnolog\u00eda<\/option><option value=\"Turismo\">Turismo<\/option><option value=\"Viajes\">Viajes<\/option><option value=\"Alquiler de coches\">Alquiler de coches<\/option><option value=\"Hosteler\u00eda\">Hosteler\u00eda<\/option><\/select><\/span>\n\t\t\t\t\t<\/p>\n\t\t\t\t<\/div>\n\t\t\t<\/div>\n\t\t\t<p class=\"tpk-input-group__help\">\n\t\t\t<\/p>\n\t\t<\/div>\n\t\t<div class=\"tpk-input-group\">\n\t\t\t<div class=\"tpk-input__wrapper\">\n\t\t\t\t<div class=\"tpk-input tpk-input-textarea\">\n\t\t\t\t\t<p><span class=\"wpcf7-form-control-wrap\" data-name=\"textarea\"><textarea cols=\"40\" rows=\"10\" class=\"wpcf7-form-control wpcf7-textarea\" id=\"textarea\" aria-invalid=\"false\" placeholder=\"Descripci\u00f3n\" name=\"textarea\"><\/textarea><\/span><label for=\"name\">Descripci\u00f3n<\/label>\n\t\t\t\t\t<\/p>\n\t\t\t\t<\/div>\n\t\t\t<\/div>\n\t\t\t<p class=\"tpk-input-group__help\">\n\t\t\t<\/p>\n\t\t<\/div>\n\t<\/div>\n\t<div class=\"col-xs-12 col-sm-12 col-md-6\">\n\t\t<div>\n\t\t\t<p>No se atenderan consultar no relacionadas con las empresas\n\t\t\t<\/p>\n\t\t<\/div>\n\t\t<div class=\"tpk-checkbox\">\n\t\t\t<p><span class=\"wpcf7-form-control-wrap\" data-name=\"checkboxNewslettera\"><span class=\"wpcf7-form-control wpcf7-acceptance optional\"><span class=\"wpcf7-list-item\"><label><input type=\"checkbox\" name=\"checkboxNewslettera\" value=\"1\" class=\"tpk-checkbox__input\" id=\"checkboxNewslettera\" aria-invalid=\"false\" \/><span class=\"wpcf7-list-item-label\">Consiento que mis datos personales sean utilizados para ponerse en contacto conmigo sobre productos o servicios del Grupo Empark o de terceros, relacionados con los sectores de aparcamiento y de pago electr\u00f3nico.<\/span><\/label><\/span><\/span><\/span>\n\t\t\t<\/p>\n\t\t<\/div>\n\t\t<div class=\"tpk-checkbox\">\n\t\t\t<p><span class=\"wpcf7-form-control-wrap\" data-name=\"checkboxNewslettera2\"><span class=\"wpcf7-form-control wpcf7-acceptance optional\"><span class=\"wpcf7-list-item\"><label><input type=\"checkbox\" name=\"checkboxNewslettera2\" value=\"1\" class=\"tpk-checkbox__input\" id=\"checkboxNewslettera2\" aria-invalid=\"false\" \/><span class=\"wpcf7-list-item-label\">Consiento que mis datos personales sean utilizados para el env\u00edo de comunicaciones sobre oportunidades profesionales sobre el Grupo Empark.<\/span><\/label><\/span><\/span><\/span>\n\t\t\t<\/p>\n\t\t<\/div>\n\t\t<div class=\"tpk-checkbox\">\n\t\t\t<p><span class=\"wpcf7-form-control-wrap\" data-name=\"checkboxNewslettera3\"><span class=\"wpcf7-form-control wpcf7-acceptance\"><span class=\"wpcf7-list-item\"><label><input type=\"checkbox\" name=\"checkboxNewslettera3\" value=\"1\" class=\"tpk-checkbox__input\" id=\"checkboxNewslettera3\" aria-invalid=\"false\" \/><span class=\"wpcf7-list-item-label\">He leido la Pol\u00edtica de privacidad (obligatorio para el env\u00edo)<\/span><\/label><\/span><\/span><\/span>\n\t\t\t<\/p>\n\t\t<\/div>\n\t<\/div>\n\t<div class=\"col-xs-12 pt-4 tpk-form__buttons\">\n\t\t<p><input class=\"wpcf7-form-control has-spinner wpcf7-submit tpk-button tpk-button--primary tpk-button--lg\" type=\"submit\" value=\"Enviar\" \/>\n\t\t<\/p>\n\t<\/div>\n<\/div><div class=\"wpcf7-response-output\" aria-hidden=\"true\"><\/div>\n<\/form>\n<\/div>\n\n    <\/section>","protected":false},"excerpt":{"rendered":"","protected":false},"author":13,"featured_media":0,"parent":0,"menu_order":0,"comment_status":"closed","ping_status":"closed","template":"","meta":{"footnotes":""},"yoast_head":"<!-- This site is optimized with the Yoast SEO plugin v20.12 - https:\/\/yoast.com\/wordpress\/plugins\/seo\/ -->\n<title>Tipos cargadores el\u00e9ctricos | Telpark<\/title>\n<meta name=\"robots\" content=\"index, follow, max-snippet:-1, max-image-preview:large, max-video-preview:-1\" \/>\n<link rel=\"canonical\" href=\"https:\/\/www.telpark.com\/es\/tipos-cargadores-electricos\/\" \/>\n<meta property=\"og:locale\" content=\"es_ES\" \/>\n<meta property=\"og:type\" content=\"article\" \/>\n<meta property=\"og:title\" content=\"Tipos cargadores el\u00e9ctricos | Telpark\" \/>\n<meta property=\"og:url\" content=\"https:\/\/www.telpark.com\/es\/tipos-cargadores-electricos\/\" \/>\n<meta property=\"og:site_name\" content=\"Telpark\" \/>\n<meta property=\"article:modified_time\" content=\"2024-10-29T08:39:16+00:00\" \/>\n<meta name=\"twitter:card\" content=\"summary_large_image\" \/>\n<meta name=\"twitter:site\" content=\"@telpark_es\" \/>\n<script type=\"application\/ld+json\" class=\"yoast-schema-graph\">{\"@context\":\"https:\/\/schema.org\",\"@graph\":[{\"@type\":\"WebPage\",\"@id\":\"https:\/\/www.telpark.com\/es\/tipos-cargadores-electricos\/\",\"url\":\"https:\/\/www.telpark.com\/es\/tipos-cargadores-electricos\/\",\"name\":\"Tipos cargadores el\u00e9ctricos | Telpark\",\"isPartOf\":{\"@id\":\"https:\/\/www.telpark.com\/es\/#website\"},\"datePublished\":\"2024-10-29T08:09:52+00:00\",\"dateModified\":\"2024-10-29T08:39:16+00:00\",\"breadcrumb\":{\"@id\":\"https:\/\/www.telpark.com\/es\/tipos-cargadores-electricos\/#breadcrumb\"},\"inLanguage\":\"es-ES\",\"potentialAction\":[{\"@type\":\"ReadAction\",\"target\":[\"https:\/\/www.telpark.com\/es\/tipos-cargadores-electricos\/\"]}]},{\"@type\":\"BreadcrumbList\",\"@id\":\"https:\/\/www.telpark.com\/es\/tipos-cargadores-electricos\/#breadcrumb\",\"itemListElement\":[{\"@type\":\"ListItem\",\"position\":1,\"name\":\"Home\",\"item\":\"https:\/\/www.telpark.com\/es\/\"},{\"@type\":\"ListItem\",\"position\":2,\"name\":\"Tipos cargadores el\u00e9ctricos\"}]},{\"@type\":\"WebSite\",\"@id\":\"https:\/\/www.telpark.com\/es\/#website\",\"url\":\"https:\/\/www.telpark.com\/es\/\",\"name\":\"Telpark\",\"description\":\"Reserva tu plaza en los mejores aparcamientos. Descarga la app y olv\u00eddate de cajeros o parqu\u00edmetros en m\u00e1s de 100 ciudades en Espa\u00f1a y Portugal\",\"publisher\":{\"@id\":\"https:\/\/www.telpark.com\/es\/#organization\"},\"potentialAction\":[{\"@type\":\"SearchAction\",\"target\":{\"@type\":\"EntryPoint\",\"urlTemplate\":\"https:\/\/www.telpark.com\/es\/?s={search_term_string}\"},\"query-input\":\"required name=search_term_string\"}],\"inLanguage\":\"es-ES\"},{\"@type\":\"Organization\",\"@id\":\"https:\/\/www.telpark.com\/es\/#organization\",\"name\":\"Telpark\",\"url\":\"https:\/\/www.telpark.com\/es\/\",\"logo\":{\"@type\":\"ImageObject\",\"inLanguage\":\"es-ES\",\"@id\":\"https:\/\/www.telpark.com\/es\/#\/schema\/logo\/image\/\",\"url\":\"https:\/\/www.telpark.com\/wp-content\/uploads\/2023\/09\/telpark-logo.svg\",\"contentUrl\":\"https:\/\/www.telpark.com\/wp-content\/uploads\/2023\/09\/telpark-logo.svg\",\"width\":128,\"height\":32,\"caption\":\"Telpark\"},\"image\":{\"@id\":\"https:\/\/www.telpark.com\/es\/#\/schema\/logo\/image\/\"},\"sameAs\":[\"https:\/\/twitter.com\/telpark_es\",\"https:\/\/www.instagram.com\/telpark_app\/\",\"https:\/\/www.youtube.com\/channel\/UCm8sjis_xlHU5VYQ6GslW-Q\"]}]}<\/script>\n<!-- \/ Yoast SEO plugin. -->","yoast_head_json":{"title":"Tipos cargadores el\u00e9ctricos | Telpark","robots":{"index":"index","follow":"follow","max-snippet":"max-snippet:-1","max-image-preview":"max-image-preview:large","max-video-preview":"max-video-preview:-1"},"canonical":"https:\/\/www.telpark.com\/es\/tipos-cargadores-electricos\/","og_locale":"es_ES","og_type":"article","og_title":"Tipos cargadores el\u00e9ctricos | Telpark","og_url":"https:\/\/www.telpark.com\/es\/tipos-cargadores-electricos\/","og_site_name":"Telpark","article_modified_time":"2024-10-29T08:39:16+00:00","twitter_card":"summary_large_image","twitter_site":"@telpark_es","schema":{"@context":"https:\/\/schema.org","@graph":[{"@type":"WebPage","@id":"https:\/\/www.telpark.com\/es\/tipos-cargadores-electricos\/","url":"https:\/\/www.telpark.com\/es\/tipos-cargadores-electricos\/","name":"Tipos cargadores el\u00e9ctricos | Telpark","isPartOf":{"@id":"https:\/\/www.telpark.com\/es\/#website"},"datePublished":"2024-10-29T08:09:52+00:00","dateModified":"2024-10-29T08:39:16+00:00","breadcrumb":{"@id":"https:\/\/www.telpark.com\/es\/tipos-cargadores-electricos\/#breadcrumb"},"inLanguage":"es-ES","potentialAction":[{"@type":"ReadAction","target":["https:\/\/www.telpark.com\/es\/tipos-cargadores-electricos\/"]}]},{"@type":"BreadcrumbList","@id":"https:\/\/www.telpark.com\/es\/tipos-cargadores-electricos\/#breadcrumb","itemListElement":[{"@type":"ListItem","position":1,"name":"Home","item":"https:\/\/www.telpark.com\/es\/"},{"@type":"ListItem","position":2,"name":"Tipos cargadores el\u00e9ctricos"}]},{"@type":"WebSite","@id":"https:\/\/www.telpark.com\/es\/#website","url":"https:\/\/www.telpark.com\/es\/","name":"Telpark","description":"Reserva tu plaza en los mejores aparcamientos. Descarga la app y olv\u00eddate de cajeros o parqu\u00edmetros en m\u00e1s de 100 ciudades en Espa\u00f1a y Portugal","publisher":{"@id":"https:\/\/www.telpark.com\/es\/#organization"},"potentialAction":[{"@type":"SearchAction","target":{"@type":"EntryPoint","urlTemplate":"https:\/\/www.telpark.com\/es\/?s={search_term_string}"},"query-input":"required name=search_term_string"}],"inLanguage":"es-ES"},{"@type":"Organization","@id":"https:\/\/www.telpark.com\/es\/#organization","name":"Telpark","url":"https:\/\/www.telpark.com\/es\/","logo":{"@type":"ImageObject","inLanguage":"es-ES","@id":"https:\/\/www.telpark.com\/es\/#\/schema\/logo\/image\/","url":"https:\/\/www.telpark.com\/wp-content\/uploads\/2023\/09\/telpark-logo.svg","contentUrl":"https:\/\/www.telpark.com\/wp-content\/uploads\/2023\/09\/telpark-logo.svg","width":128,"height":32,"caption":"Telpark"},"image":{"@id":"https:\/\/www.telpark.com\/es\/#\/schema\/logo\/image\/"},"sameAs":["https:\/\/twitter.com\/telpark_es","https:\/\/www.instagram.com\/telpark_app\/","https:\/\/www.youtube.com\/channel\/UCm8sjis_xlHU5VYQ6GslW-Q"]}]}},"meta_box":[],"_links":{"self":[{"href":"https:\/\/www.telpark.com\/es\/wp-json\/wp\/v2\/pages\/41752"}],"collection":[{"href":"https:\/\/www.telpark.com\/es\/wp-json\/wp\/v2\/pages"}],"about":[{"href":"https:\/\/www.telpark.com\/es\/wp-json\/wp\/v2\/types\/page"}],"author":[{"embeddable":true,"href":"https:\/\/www.telpark.com\/es\/wp-json\/wp\/v2\/users\/13"}],"replies":[{"embeddable":true,"href":"https:\/\/www.telpark.com\/es\/wp-json\/wp\/v2\/comments?post=41752"}],"version-history":[{"count":2,"href":"https:\/\/www.telpark.com\/es\/wp-json\/wp\/v2\/pages\/41752\/revisions"}],"predecessor-version":[{"id":41806,"href":"https:\/\/www.telpark.com\/es\/wp-json\/wp\/v2\/pages\/41752\/revisions\/41806"}],"wp:attachment":[{"href":"https:\/\/www.telpark.com\/es\/wp-json\/wp\/v2\/media?parent=41752"}],"curies":[{"name":"wp","href":"https:\/\/api.w.org\/{rel}","templated":true}]}}