{"id":45317,"date":"2025-07-28T13:06:43","date_gmt":"2025-07-28T12:06:43","guid":{"rendered":"https:\/\/www.telpark.com\/?page_id=45317"},"modified":"2025-07-29T13:06:25","modified_gmt":"2025-07-29T12:06:25","slug":"terminos-y-condiciones-migracion-de-abonos","status":"publish","type":"page","link":"https:\/\/www.telpark.com\/es\/centro-legal\/terminos-y-condiciones-migracion-de-abonos\/","title":{"rendered":"T\u00e9rminos y condiciones - Migraci\u00f3n de abonos"},"content":{"rendered":"<article class=\"tpk-page\">\n    <div class=\"row wrapper center-xs tpk-page__content\">\n        <div class=\"col-xs-12 col-sm-10 col-md-8 pt-4 pb-4\">\n            <ul>\n<li>Tu abono actual ser\u00e1 dado de baja por la sociedad que lo gestiona actualmente.<\/li>\n<li>Se activar\u00e1 un nuevo abono digital gestionado por Maksu Espa\u00f1a S.L.U., sociedad del grupo Empark responsable de los servicios contratados desde la app.<\/li>\n<li>Las condiciones del nuevo abono (incluyendo el precio) pueden diferir del anterior, comenzando a aplicar los <em><a href=\"https:\/\/www.telpark.com\/es\/centro-legal\/sociedades-empark-terminos-y-condiciones\/\">T&amp;C de abonos digitales del Grupo Empark<\/a><\/em>, que encontrar\u00e1s en la app.<\/li>\n<li>Los datos relacionados con tu abono pasar\u00e1n a integrarse en tu cuenta de usuario de la app Telpark, gestionada por Maksu Espa\u00f1a S.L.U., conforme a su <em><a href=\"https:\/\/www.telpark.com\/es\/centro-legal\/maksu-politica-de-privacidad\/\">Pol\u00edtica de privacidad<\/a><\/em>, que deber\u00e1s aceptar previamente.<\/li>\n<li>Tu perfil de usuario como abonado ser\u00e1 fusionado con tu cuenta actual de la app, unificando la gesti\u00f3n y acceso a todos los servicios en un \u00fanico perfil digital. Esta acci\u00f3n es irreversible.<\/li>\n<\/ul>\n\n        <\/div>\n    <\/div>\n<\/article>","protected":false},"excerpt":{"rendered":"","protected":false},"author":1692,"featured_media":0,"parent":28967,"menu_order":0,"comment_status":"closed","ping_status":"closed","template":"template-privacy.php","meta":{"footnotes":""},"yoast_head":"<!-- This site is optimized with the Yoast SEO plugin v20.12 - https:\/\/yoast.com\/wordpress\/plugins\/seo\/ -->\n<title>T\u00e9rminos y condiciones - Migraci\u00f3n de abonos | Telpark<\/title>\n<meta name=\"robots\" content=\"index, follow, max-snippet:-1, max-image-preview:large, max-video-preview:-1\" \/>\n<link rel=\"canonical\" href=\"https:\/\/www.telpark.com\/es\/centro-legal\/terminos-y-condiciones-migracion-de-abonos\/\" \/>\n<meta property=\"og:locale\" content=\"es_ES\" \/>\n<meta property=\"og:type\" content=\"article\" \/>\n<meta property=\"og:title\" content=\"T\u00e9rminos y condiciones - Migraci\u00f3n de abonos | Telpark\" \/>\n<meta property=\"og:url\" content=\"https:\/\/www.telpark.com\/es\/centro-legal\/terminos-y-condiciones-migracion-de-abonos\/\" \/>\n<meta property=\"og:site_name\" content=\"Telpark\" \/>\n<meta property=\"article:modified_time\" content=\"2025-07-29T12:06:25+00:00\" \/>\n<meta name=\"twitter:card\" content=\"summary_large_image\" \/>\n<meta name=\"twitter:site\" content=\"@telpark_es\" \/>\n<script type=\"application\/ld+json\" class=\"yoast-schema-graph\">{\"@context\":\"https:\/\/schema.org\",\"@graph\":[{\"@type\":\"WebPage\",\"@id\":\"https:\/\/www.telpark.com\/es\/centro-legal\/terminos-y-condiciones-migracion-de-abonos\/\",\"url\":\"https:\/\/www.telpark.com\/es\/centro-legal\/terminos-y-condiciones-migracion-de-abonos\/\",\"name\":\"T\u00e9rminos y condiciones - Migraci\u00f3n de abonos | Telpark\",\"isPartOf\":{\"@id\":\"https:\/\/www.telpark.com\/es\/#website\"},\"datePublished\":\"2025-07-28T12:06:43+00:00\",\"dateModified\":\"2025-07-29T12:06:25+00:00\",\"breadcrumb\":{\"@id\":\"https:\/\/www.telpark.com\/es\/centro-legal\/terminos-y-condiciones-migracion-de-abonos\/#breadcrumb\"},\"inLanguage\":\"es-ES\",\"potentialAction\":[{\"@type\":\"ReadAction\",\"target\":[\"https:\/\/www.telpark.com\/es\/centro-legal\/terminos-y-condiciones-migracion-de-abonos\/\"]}]},{\"@type\":\"BreadcrumbList\",\"@id\":\"https:\/\/www.telpark.com\/es\/centro-legal\/terminos-y-condiciones-migracion-de-abonos\/#breadcrumb\",\"itemListElement\":[{\"@type\":\"ListItem\",\"position\":1,\"name\":\"Home\",\"item\":\"https:\/\/www.telpark.com\/es\/\"},{\"@type\":\"ListItem\",\"position\":2,\"name\":\"Centro-legal\",\"item\":\"https:\/\/www.telpark.com\/es\/centro-legal\/\"},{\"@type\":\"ListItem\",\"position\":3,\"name\":\"T\u00e9rminos y condiciones - Migraci\u00f3n de abonos\"}]},{\"@type\":\"WebSite\",\"@id\":\"https:\/\/www.telpark.com\/es\/#website\",\"url\":\"https:\/\/www.telpark.com\/es\/\",\"name\":\"Telpark\",\"description\":\"Reserva tu plaza en los mejores aparcamientos. Descarga la app y olv\u00eddate de cajeros o parqu\u00edmetros en m\u00e1s de 100 ciudades en Espa\u00f1a y Portugal\",\"publisher\":{\"@id\":\"https:\/\/www.telpark.com\/es\/#organization\"},\"potentialAction\":[{\"@type\":\"SearchAction\",\"target\":{\"@type\":\"EntryPoint\",\"urlTemplate\":\"https:\/\/www.telpark.com\/es\/?s={search_term_string}\"},\"query-input\":\"required name=search_term_string\"}],\"inLanguage\":\"es-ES\"},{\"@type\":\"Organization\",\"@id\":\"https:\/\/www.telpark.com\/es\/#organization\",\"name\":\"Telpark\",\"url\":\"https:\/\/www.telpark.com\/es\/\",\"logo\":{\"@type\":\"ImageObject\",\"inLanguage\":\"es-ES\",\"@id\":\"https:\/\/www.telpark.com\/es\/#\/schema\/logo\/image\/\",\"url\":\"https:\/\/www.telpark.com\/wp-content\/uploads\/2023\/09\/telpark-logo.svg\",\"contentUrl\":\"https:\/\/www.telpark.com\/wp-content\/uploads\/2023\/09\/telpark-logo.svg\",\"width\":128,\"height\":32,\"caption\":\"Telpark\"},\"image\":{\"@id\":\"https:\/\/www.telpark.com\/es\/#\/schema\/logo\/image\/\"},\"sameAs\":[\"https:\/\/twitter.com\/telpark_es\",\"https:\/\/www.instagram.com\/telpark_app\/\",\"https:\/\/www.youtube.com\/channel\/UCm8sjis_xlHU5VYQ6GslW-Q\"]}]}<\/script>\n<!-- \/ Yoast SEO plugin. -->","yoast_head_json":{"title":"T\u00e9rminos y condiciones - Migraci\u00f3n de abonos | Telpark","robots":{"index":"index","follow":"follow","max-snippet":"max-snippet:-1","max-image-preview":"max-image-preview:large","max-video-preview":"max-video-preview:-1"},"canonical":"https:\/\/www.telpark.com\/es\/centro-legal\/terminos-y-condiciones-migracion-de-abonos\/","og_locale":"es_ES","og_type":"article","og_title":"T\u00e9rminos y condiciones - Migraci\u00f3n de abonos | Telpark","og_url":"https:\/\/www.telpark.com\/es\/centro-legal\/terminos-y-condiciones-migracion-de-abonos\/","og_site_name":"Telpark","article_modified_time":"2025-07-29T12:06:25+00:00","twitter_card":"summary_large_image","twitter_site":"@telpark_es","schema":{"@context":"https:\/\/schema.org","@graph":[{"@type":"WebPage","@id":"https:\/\/www.telpark.com\/es\/centro-legal\/terminos-y-condiciones-migracion-de-abonos\/","url":"https:\/\/www.telpark.com\/es\/centro-legal\/terminos-y-condiciones-migracion-de-abonos\/","name":"T\u00e9rminos y condiciones - Migraci\u00f3n de abonos | Telpark","isPartOf":{"@id":"https:\/\/www.telpark.com\/es\/#website"},"datePublished":"2025-07-28T12:06:43+00:00","dateModified":"2025-07-29T12:06:25+00:00","breadcrumb":{"@id":"https:\/\/www.telpark.com\/es\/centro-legal\/terminos-y-condiciones-migracion-de-abonos\/#breadcrumb"},"inLanguage":"es-ES","potentialAction":[{"@type":"ReadAction","target":["https:\/\/www.telpark.com\/es\/centro-legal\/terminos-y-condiciones-migracion-de-abonos\/"]}]},{"@type":"BreadcrumbList","@id":"https:\/\/www.telpark.com\/es\/centro-legal\/terminos-y-condiciones-migracion-de-abonos\/#breadcrumb","itemListElement":[{"@type":"ListItem","position":1,"name":"Home","item":"https:\/\/www.telpark.com\/es\/"},{"@type":"ListItem","position":2,"name":"Centro-legal","item":"https:\/\/www.telpark.com\/es\/centro-legal\/"},{"@type":"ListItem","position":3,"name":"T\u00e9rminos y condiciones - Migraci\u00f3n de abonos"}]},{"@type":"WebSite","@id":"https:\/\/www.telpark.com\/es\/#website","url":"https:\/\/www.telpark.com\/es\/","name":"Telpark","description":"Reserva tu plaza en los mejores aparcamientos. Descarga la app y olv\u00eddate de cajeros o parqu\u00edmetros en m\u00e1s de 100 ciudades en Espa\u00f1a y Portugal","publisher":{"@id":"https:\/\/www.telpark.com\/es\/#organization"},"potentialAction":[{"@type":"SearchAction","target":{"@type":"EntryPoint","urlTemplate":"https:\/\/www.telpark.com\/es\/?s={search_term_string}"},"query-input":"required name=search_term_string"}],"inLanguage":"es-ES"},{"@type":"Organization","@id":"https:\/\/www.telpark.com\/es\/#organization","name":"Telpark","url":"https:\/\/www.telpark.com\/es\/","logo":{"@type":"ImageObject","inLanguage":"es-ES","@id":"https:\/\/www.telpark.com\/es\/#\/schema\/logo\/image\/","url":"https:\/\/www.telpark.com\/wp-content\/uploads\/2023\/09\/telpark-logo.svg","contentUrl":"https:\/\/www.telpark.com\/wp-content\/uploads\/2023\/09\/telpark-logo.svg","width":128,"height":32,"caption":"Telpark"},"image":{"@id":"https:\/\/www.telpark.com\/es\/#\/schema\/logo\/image\/"},"sameAs":["https:\/\/twitter.com\/telpark_es","https:\/\/www.instagram.com\/telpark_app\/","https:\/\/www.youtube.com\/channel\/UCm8sjis_xlHU5VYQ6GslW-Q"]}]}},"meta_box":[],"_links":{"self":[{"href":"https:\/\/www.telpark.com\/es\/wp-json\/wp\/v2\/pages\/45317"}],"collection":[{"href":"https:\/\/www.telpark.com\/es\/wp-json\/wp\/v2\/pages"}],"about":[{"href":"https:\/\/www.telpark.com\/es\/wp-json\/wp\/v2\/types\/page"}],"author":[{"embeddable":true,"href":"https:\/\/www.telpark.com\/es\/wp-json\/wp\/v2\/users\/1692"}],"replies":[{"embeddable":true,"href":"https:\/\/www.telpark.com\/es\/wp-json\/wp\/v2\/comments?post=45317"}],"version-history":[{"count":3,"href":"https:\/\/www.telpark.com\/es\/wp-json\/wp\/v2\/pages\/45317\/revisions"}],"predecessor-version":[{"id":45327,"href":"https:\/\/www.telpark.com\/es\/wp-json\/wp\/v2\/pages\/45317\/revisions\/45327"}],"up":[{"embeddable":true,"href":"https:\/\/www.telpark.com\/es\/wp-json\/wp\/v2\/pages\/28967"}],"wp:attachment":[{"href":"https:\/\/www.telpark.com\/es\/wp-json\/wp\/v2\/media?parent=45317"}],"curies":[{"name":"wp","href":"https:\/\/api.w.org\/{rel}","templated":true}]}}