{"id":46049,"date":"2025-08-26T07:54:59","date_gmt":"2025-08-26T06:54:59","guid":{"rendered":"https:\/\/www.telpark.com\/?page_id=46049"},"modified":"2025-10-08T16:19:37","modified_gmt":"2025-10-08T15:19:37","slug":"listado-parkings-web-summit","status":"publish","type":"page","link":"https:\/\/www.telpark.com\/es\/particulares\/promociones\/web-summit\/listado-parkings-web-summit\/","title":{"rendered":"Listado parkings Web Summit"},"content":{"rendered":"\n<section class=\"tpk-hero tpk-hero--products                lower\"\n         style=\"background-color:#ff9903\">\n    \n            <div class=\"tpk-breadcrumb wrapper row\">\n    <nav aria-label=\"Breadcrumb\">\n        <ul>\n                            <li>\n                                            <span aria-current=\"page\">Listado parkings Web Summit<\/span>\n                                    <\/li>\n                    <\/ul>\n    <\/nav>\n<\/div>        <div class=\"tpk-hero__content wrapper row\">\n                    <div class=\"col-xs-12 col-sm-12 pr-h pl-h\">\n                                <header class=\"tpk-head  wrapper\">\n    <p class=\"tpk-head__caption\">Del 10 al 13 de Noviembre 2025<\/p>    <h1 class=\"tpk-head__title\">Parkings incluidos campa\u00f1a Web Summit<\/h1>    <\/header>\n            \n                    <\/div>\n    <\/div>\n            <div class=\"tpk-hero__cards row wrapper\">\n                                                                                        <div class=\"col-xs-12 col-sm-12 col-md-4 mb-1 pl-h pr-h\">\n                                                                    <\/div>\n                    <\/div>\n    <\/section>\n<div class=\"tpk-spinner__wrapper\">\n    <div class=\"tpk-spinner\"><\/div>\n<\/div>\n\n<article class=\"tpk-page\">\n    <div class=\"row wrapper center-xs tpk-page__content\">\n        <div class=\"col-xs-12 col-sm-10 col-md-8 pt-4 pb-4\">\n            <p>&nbsp;<\/p>\n<table>\n<thead>\n<tr>\n<th dir=\"ltr\">Ciudad<\/th>\n<th dir=\"ltr\">Aparcamiento<\/th>\n<th dir=\"ltr\">Precio \/ d\u00eda<\/th>\n<\/tr>\n<\/thead>\n<tbody>\n<tr>\n<td dir=\"ltr\">Lisboa<\/td>\n<td dir=\"ltr\"><a href=\"https:\/\/reserva.telpark.com\/en\/parking\/LISBOA_ALVALADE_XXI_PARKING\">Alvalade XXI<\/a><\/td>\n<td dir=\"auto\">6,90\u20ac<\/td>\n<\/tr>\n<tr>\n<td dir=\"ltr\">Lisboa<\/td>\n<td dir=\"ltr\"><a href=\"https:\/\/reserva.telpark.com\/en\/parking\/LISBOA_CAMPO_GRANDE_VIADUTO_PARKING\"><span data-teams=\"true\">Campo Grande Viaduto<\/span><\/a><\/td>\n<td dir=\"auto\">6,90\u20ac<\/td>\n<\/tr>\n<tr>\n<td dir=\"ltr\">Lisboa<\/td>\n<td dir=\"ltr\"><a href=\"https:\/\/reserva.telpark.com\/en\/parking\/LISBOA_CAMPO_GRANDE_CHURRASQUEIRA_PARKING\"><span data-teams=\"true\">Campo Grande Churrasqueira<\/span><\/a><\/td>\n<td dir=\"auto\">6,90\u20ac<\/td>\n<\/tr>\n<tr>\n<td dir=\"ltr\">Lisboa<\/td>\n<td dir=\"ltr\"><a href=\"https:\/\/reserva.telpark.com\/en\/parking\/LISBOA_SETE_RIOS_PARKING\">Sete Rios<\/a><\/td>\n<td dir=\"auto\">6,90\u20ac<\/td>\n<\/tr>\n<tr>\n<td dir=\"ltr\">Lisboa<\/td>\n<td dir=\"ltr\"><a href=\"https:\/\/reserva.telpark.com\/en\/parking\/LISBOA_AV_DE_ROMA_PARKING\">Avenida de Roma<\/a><\/td>\n<td dir=\"auto\">6,90\u20ac<\/td>\n<\/tr>\n<tr>\n<td dir=\"ltr\">Lisboa<\/td>\n<td dir=\"ltr\"><a href=\"https:\/\/reserva.telpark.com\/en\/parking\/LISBOA_PRACA_DE_LONDRES_PARKING\">Pra\u00e7a de Londres<\/a><\/td>\n<td dir=\"auto\">6,90\u20ac<\/td>\n<\/tr>\n<tr>\n<td dir=\"ltr\">Lisboa<\/td>\n<td dir=\"ltr\"><a href=\"https:\/\/reserva.telpark.com\/en\/parking\/LISBOA_ALAMEDA_D_AFONSO\">Alameda<\/a><\/td>\n<td dir=\"auto\">6,90\u20ac<\/td>\n<\/tr>\n<tr>\n<td dir=\"ltr\">Lisboa<\/td>\n<td dir=\"ltr\"><a href=\"https:\/\/reserva.telpark.com\/en\/parking\/LISBOA_ALVES_REDOL_PARKING\">Alves Redol<\/a><\/td>\n<td dir=\"auto\">6,90\u20ac<\/td>\n<\/tr>\n<tr>\n<td dir=\"ltr\">Lisboa<\/td>\n<td dir=\"ltr\"><a href=\"https:\/\/reserva.telpark.com\/en\/parking\/LISBOA_ARCO_CEGO_PARKING\">Arco do Cego<\/a><\/td>\n<td dir=\"auto\">6,90\u20ac<\/td>\n<\/tr>\n<tr>\n<td dir=\"ltr\">Lisboa<\/td>\n<td dir=\"ltr\"><a href=\"https:\/\/reserva.telpark.com\/en\/parking\/LISBOA_VALBOM_PARKING\">Conde Valbom<\/a><\/td>\n<td dir=\"auto\">6,90\u20ac<\/td>\n<\/tr>\n<tr>\n<td dir=\"ltr\">Lisboa<\/td>\n<td dir=\"ltr\"><a href=\"https:\/\/reserva.telpark.com\/en\/parking\/LISBOA_BERNA_PARKING\">Berna<\/a><\/td>\n<td dir=\"auto\">6,90\u20ac<\/td>\n<\/tr>\n<tr>\n<td dir=\"ltr\">Lisboa<\/td>\n<td dir=\"ltr\"><a href=\"https:\/\/reserva.telpark.com\/en\/parking\/LISBOA_SALDANHA_PARKING\">Saldanha<\/a><\/td>\n<td dir=\"auto\">6,90\u20ac<\/td>\n<\/tr>\n<tr>\n<td dir=\"ltr\">Lisboa<\/td>\n<td dir=\"ltr\"><a href=\"https:\/\/reserva.telpark.com\/en\/parking\/LISBOA_SALDANHA_RESIDENCE_PARKING\">Saldanha Residence<\/a><\/td>\n<td dir=\"auto\">6,90\u20ac<\/td>\n<\/tr>\n<tr>\n<td dir=\"ltr\">Lisboa<\/td>\n<td dir=\"ltr\"><a href=\"https:\/\/reserva.telpark.com\/en\/parking\/LISBOA_MARIA_CRISTINA_PARKING\">Maria Cristina<\/a><\/td>\n<td dir=\"auto\">6,90\u20ac<\/td>\n<\/tr>\n<tr>\n<td dir=\"ltr\">Lisboa<\/td>\n<td dir=\"ltr\"><a href=\"https:\/\/reserva.telpark.com\/en\/parking\/LISBOA_MARQUES_DE_POMBAL_PARKING\"><span data-teams=\"true\">Marqu\u00eas Pombal<\/span><\/a><\/td>\n<td dir=\"auto\">6,90\u20ac<\/td>\n<\/tr>\n<tr>\n<td dir=\"ltr\">Lisboa<\/td>\n<td dir=\"ltr\"><a href=\"https:\/\/reserva.telpark.com\/en\/parking\/LISBOA_ALEXANDRE_HERCULANO_PARKING\">Alexandre Herculano<\/a><\/td>\n<td dir=\"auto\">6,90\u20ac<\/td>\n<\/tr>\n<\/tbody>\n<\/table>\n\n        <\/div>\n    <\/div>\n<\/article>\n\n\n\n<section\n        class=\"tpk-banner-cta tpk-banner-cta--background center  \"\n        style=\" --bg-picture: url('https:\/\/www.telpark.com\/wp-content\/uploads\/2023\/03\/733d81fb1315498743a0a514632b7ad3.png'); --bg-size: cover; --bg-position: center center;\">\n    \n        \n    <div class=\"tpk-banner-cta__content row wrapper middle-xs \">\n        \n                    <div class=\"col-xs-12 col-md-6 tpk-banner-cta__content__text\">\n                \n                                            <header class=\"tpk-head  wrapper\">\n    <p class=\"tpk-head__caption\">No te quedes sin tu plaza<\/p>    <h2 class=\"tpk-head__title\">Reserva ya por 6,90\u20ac\/d\u00eda<\/h2>    <p>Consulta los parkings incluidos en la campa\u00f1a, y reserva tu plaza por 6,90\u20ac\/d\u00eda del 10 al 13 de noviembre<\/p>\n<\/header>                \n                                    <div class=\"tpk-banner-cta__buttons\">\n                                                                                <a  class=\"tpk-button tpk-button--primary tpk-button--lg \" href=\"https:\/\/reserva.telpark.com\/es\"    target=\"_blank\" >\n    <span>Reservar parking<\/span>\n    <\/a>                                            <\/div>\n                                        <\/div>\n        <\/div>\n    \n    <\/section>","protected":false},"excerpt":{"rendered":"","protected":false},"author":13,"featured_media":0,"parent":45995,"menu_order":0,"comment_status":"closed","ping_status":"closed","template":"","meta":{"footnotes":""},"yoast_head":"<!-- This site is optimized with the Yoast SEO plugin v20.12 - https:\/\/yoast.com\/wordpress\/plugins\/seo\/ -->\n<title>Listado parkings Web Summit | Telpark<\/title>\n<meta name=\"robots\" content=\"index, nofollow, max-snippet:-1, max-image-preview:large, max-video-preview:-1\" \/>\n<link rel=\"canonical\" href=\"https:\/\/www.telpark.com\/es\/particulares\/promociones\/web-summit\/listado-parkings-web-summit\/\" \/>\n<meta property=\"og:locale\" content=\"es_ES\" \/>\n<meta property=\"og:type\" content=\"article\" \/>\n<meta property=\"og:title\" content=\"Listado parkings Web Summit | Telpark\" \/>\n<meta property=\"og:url\" content=\"https:\/\/www.telpark.com\/es\/particulares\/promociones\/web-summit\/listado-parkings-web-summit\/\" \/>\n<meta property=\"og:site_name\" content=\"Telpark\" \/>\n<meta property=\"article:modified_time\" content=\"2025-10-08T15:19:37+00:00\" \/>\n<meta name=\"twitter:card\" content=\"summary_large_image\" \/>\n<meta name=\"twitter:site\" content=\"@telpark_es\" \/>\n<script type=\"application\/ld+json\" class=\"yoast-schema-graph\">{\"@context\":\"https:\/\/schema.org\",\"@graph\":[{\"@type\":\"WebPage\",\"@id\":\"https:\/\/www.telpark.com\/es\/particulares\/promociones\/web-summit\/listado-parkings-web-summit\/\",\"url\":\"https:\/\/www.telpark.com\/es\/particulares\/promociones\/web-summit\/listado-parkings-web-summit\/\",\"name\":\"Listado parkings Web Summit | Telpark\",\"isPartOf\":{\"@id\":\"https:\/\/www.telpark.com\/es\/#website\"},\"datePublished\":\"2025-08-26T06:54:59+00:00\",\"dateModified\":\"2025-10-08T15:19:37+00:00\",\"breadcrumb\":{\"@id\":\"https:\/\/www.telpark.com\/es\/particulares\/promociones\/web-summit\/listado-parkings-web-summit\/#breadcrumb\"},\"inLanguage\":\"es-ES\",\"potentialAction\":[{\"@type\":\"ReadAction\",\"target\":[\"https:\/\/www.telpark.com\/es\/particulares\/promociones\/web-summit\/listado-parkings-web-summit\/\"]}]},{\"@type\":\"BreadcrumbList\",\"@id\":\"https:\/\/www.telpark.com\/es\/particulares\/promociones\/web-summit\/listado-parkings-web-summit\/#breadcrumb\",\"itemListElement\":[{\"@type\":\"ListItem\",\"position\":1,\"name\":\"Home\",\"item\":\"https:\/\/www.telpark.com\/es\/\"},{\"@type\":\"ListItem\",\"position\":2,\"name\":\"Particulares\",\"item\":\"https:\/\/www.telpark.com\/es\/\"},{\"@type\":\"ListItem\",\"position\":3,\"name\":\"Promociones\",\"item\":\"https:\/\/www.telpark.com\/es\/particulares\/promociones\/\"},{\"@type\":\"ListItem\",\"position\":4,\"name\":\"Web Summit\",\"item\":\"https:\/\/www.telpark.com\/es\/particulares\/promociones\/web-summit\/\"},{\"@type\":\"ListItem\",\"position\":5,\"name\":\"Listado parkings Web Summit\"}]},{\"@type\":\"WebSite\",\"@id\":\"https:\/\/www.telpark.com\/es\/#website\",\"url\":\"https:\/\/www.telpark.com\/es\/\",\"name\":\"Telpark\",\"description\":\"Reserva tu plaza en los mejores aparcamientos. Descarga la app y olv\u00eddate de cajeros o parqu\u00edmetros en m\u00e1s de 100 ciudades en Espa\u00f1a y Portugal\",\"publisher\":{\"@id\":\"https:\/\/www.telpark.com\/es\/#organization\"},\"potentialAction\":[{\"@type\":\"SearchAction\",\"target\":{\"@type\":\"EntryPoint\",\"urlTemplate\":\"https:\/\/www.telpark.com\/es\/?s={search_term_string}\"},\"query-input\":\"required name=search_term_string\"}],\"inLanguage\":\"es-ES\"},{\"@type\":\"Organization\",\"@id\":\"https:\/\/www.telpark.com\/es\/#organization\",\"name\":\"Telpark\",\"url\":\"https:\/\/www.telpark.com\/es\/\",\"logo\":{\"@type\":\"ImageObject\",\"inLanguage\":\"es-ES\",\"@id\":\"https:\/\/www.telpark.com\/es\/#\/schema\/logo\/image\/\",\"url\":\"https:\/\/www.telpark.com\/wp-content\/uploads\/2023\/09\/telpark-logo.svg\",\"contentUrl\":\"https:\/\/www.telpark.com\/wp-content\/uploads\/2023\/09\/telpark-logo.svg\",\"width\":128,\"height\":32,\"caption\":\"Telpark\"},\"image\":{\"@id\":\"https:\/\/www.telpark.com\/es\/#\/schema\/logo\/image\/\"},\"sameAs\":[\"https:\/\/twitter.com\/telpark_es\",\"https:\/\/www.instagram.com\/telpark_app\/\",\"https:\/\/www.youtube.com\/channel\/UCm8sjis_xlHU5VYQ6GslW-Q\"]}]}<\/script>\n<!-- \/ Yoast SEO plugin. -->","yoast_head_json":{"title":"Listado parkings Web Summit | Telpark","robots":{"index":"index","follow":"nofollow","max-snippet":"max-snippet:-1","max-image-preview":"max-image-preview:large","max-video-preview":"max-video-preview:-1"},"canonical":"https:\/\/www.telpark.com\/es\/particulares\/promociones\/web-summit\/listado-parkings-web-summit\/","og_locale":"es_ES","og_type":"article","og_title":"Listado parkings Web Summit | Telpark","og_url":"https:\/\/www.telpark.com\/es\/particulares\/promociones\/web-summit\/listado-parkings-web-summit\/","og_site_name":"Telpark","article_modified_time":"2025-10-08T15:19:37+00:00","twitter_card":"summary_large_image","twitter_site":"@telpark_es","schema":{"@context":"https:\/\/schema.org","@graph":[{"@type":"WebPage","@id":"https:\/\/www.telpark.com\/es\/particulares\/promociones\/web-summit\/listado-parkings-web-summit\/","url":"https:\/\/www.telpark.com\/es\/particulares\/promociones\/web-summit\/listado-parkings-web-summit\/","name":"Listado parkings Web Summit | Telpark","isPartOf":{"@id":"https:\/\/www.telpark.com\/es\/#website"},"datePublished":"2025-08-26T06:54:59+00:00","dateModified":"2025-10-08T15:19:37+00:00","breadcrumb":{"@id":"https:\/\/www.telpark.com\/es\/particulares\/promociones\/web-summit\/listado-parkings-web-summit\/#breadcrumb"},"inLanguage":"es-ES","potentialAction":[{"@type":"ReadAction","target":["https:\/\/www.telpark.com\/es\/particulares\/promociones\/web-summit\/listado-parkings-web-summit\/"]}]},{"@type":"BreadcrumbList","@id":"https:\/\/www.telpark.com\/es\/particulares\/promociones\/web-summit\/listado-parkings-web-summit\/#breadcrumb","itemListElement":[{"@type":"ListItem","position":1,"name":"Home","item":"https:\/\/www.telpark.com\/es\/"},{"@type":"ListItem","position":2,"name":"Particulares","item":"https:\/\/www.telpark.com\/es\/"},{"@type":"ListItem","position":3,"name":"Promociones","item":"https:\/\/www.telpark.com\/es\/particulares\/promociones\/"},{"@type":"ListItem","position":4,"name":"Web Summit","item":"https:\/\/www.telpark.com\/es\/particulares\/promociones\/web-summit\/"},{"@type":"ListItem","position":5,"name":"Listado parkings Web Summit"}]},{"@type":"WebSite","@id":"https:\/\/www.telpark.com\/es\/#website","url":"https:\/\/www.telpark.com\/es\/","name":"Telpark","description":"Reserva tu plaza en los mejores aparcamientos. Descarga la app y olv\u00eddate de cajeros o parqu\u00edmetros en m\u00e1s de 100 ciudades en Espa\u00f1a y Portugal","publisher":{"@id":"https:\/\/www.telpark.com\/es\/#organization"},"potentialAction":[{"@type":"SearchAction","target":{"@type":"EntryPoint","urlTemplate":"https:\/\/www.telpark.com\/es\/?s={search_term_string}"},"query-input":"required name=search_term_string"}],"inLanguage":"es-ES"},{"@type":"Organization","@id":"https:\/\/www.telpark.com\/es\/#organization","name":"Telpark","url":"https:\/\/www.telpark.com\/es\/","logo":{"@type":"ImageObject","inLanguage":"es-ES","@id":"https:\/\/www.telpark.com\/es\/#\/schema\/logo\/image\/","url":"https:\/\/www.telpark.com\/wp-content\/uploads\/2023\/09\/telpark-logo.svg","contentUrl":"https:\/\/www.telpark.com\/wp-content\/uploads\/2023\/09\/telpark-logo.svg","width":128,"height":32,"caption":"Telpark"},"image":{"@id":"https:\/\/www.telpark.com\/es\/#\/schema\/logo\/image\/"},"sameAs":["https:\/\/twitter.com\/telpark_es","https:\/\/www.instagram.com\/telpark_app\/","https:\/\/www.youtube.com\/channel\/UCm8sjis_xlHU5VYQ6GslW-Q"]}]}},"meta_box":[],"_links":{"self":[{"href":"https:\/\/www.telpark.com\/es\/wp-json\/wp\/v2\/pages\/46049"}],"collection":[{"href":"https:\/\/www.telpark.com\/es\/wp-json\/wp\/v2\/pages"}],"about":[{"href":"https:\/\/www.telpark.com\/es\/wp-json\/wp\/v2\/types\/page"}],"author":[{"embeddable":true,"href":"https:\/\/www.telpark.com\/es\/wp-json\/wp\/v2\/users\/13"}],"replies":[{"embeddable":true,"href":"https:\/\/www.telpark.com\/es\/wp-json\/wp\/v2\/comments?post=46049"}],"version-history":[{"count":3,"href":"https:\/\/www.telpark.com\/es\/wp-json\/wp\/v2\/pages\/46049\/revisions"}],"predecessor-version":[{"id":47086,"href":"https:\/\/www.telpark.com\/es\/wp-json\/wp\/v2\/pages\/46049\/revisions\/47086"}],"up":[{"embeddable":true,"href":"https:\/\/www.telpark.com\/es\/wp-json\/wp\/v2\/pages\/45995"}],"wp:attachment":[{"href":"https:\/\/www.telpark.com\/es\/wp-json\/wp\/v2\/media?parent=46049"}],"curies":[{"name":"wp","href":"https:\/\/api.w.org\/{rel}","templated":true}]}}