{"id":48621,"date":"2025-12-17T09:52:00","date_gmt":"2025-12-17T08:52:00","guid":{"rendered":"https:\/\/www.telpark.com\/?page_id=48621"},"modified":"2026-01-07T09:22:43","modified_gmt":"2026-01-07T08:22:43","slug":"rebajas-multipass-esp-banner-enero-2026","status":"publish","type":"page","link":"https:\/\/www.telpark.com\/es\/particulares\/promociones\/rebajas-multipass-esp-banner-enero-2026\/","title":{"rendered":"Rebajas Multipass ESP BANNER Enero 2026"},"content":{"rendered":"\n<div class=\"wp-block-group is-layout-constrained wp-block-group-is-layout-constrained\"><div class=\"wp-block-group__inner-container\">\n<section class=\"tpk-hero tpk-hero--products                lower\"\n         style=\"background-color:#ff9903\">\n    \n            <div class=\"tpk-breadcrumb wrapper row\">\n    <nav aria-label=\"Breadcrumb\">\n        <ul>\n                            <li>\n                                            <span aria-current=\"page\">Rebajas Multipass ESP BANNER Enero 2026<\/span>\n                                    <\/li>\n                    <\/ul>\n    <\/nav>\n<\/div>        <div class=\"tpk-hero__content wrapper row\">\n                    <div class=\"col-xs-12 col-sm-12 pr-h pl-h\">\n                                <header class=\"tpk-head  wrapper\">\n    <p class=\"tpk-head__caption\">Enero 2026<\/p>    <h1 class=\"tpk-head__title\">Campa\u00f1a Rebajas Multipass<\/h1>    <h4>Y de regalo 30% de descuento en Carga El\u00e9ctrica<\/h4>\n<\/header>\n                                            <a  class=\"tpk-button tpk-button--secondary tpk-button--lg \" href=\"telpark:\/\/multipass\"    >\n    <span>Consigue tu Multipass<\/span>\n    <\/a>            \n                    <\/div>\n    <\/div>\n            <div class=\"tpk-hero__cards row wrapper\">\n                                                                                        <div class=\"col-xs-12 col-sm-12 col-md-4 mb-1 pl-h pr-h\">\n                                                                    <\/div>\n                    <\/div>\n    <\/section>\n<div class=\"tpk-spinner__wrapper\">\n    <div class=\"tpk-spinner\"><\/div>\n<\/div>\n\n<section class=\"tpk-products center\">\n    <div class=\"wrapper pl-1 pr-1 pb-3\">\n                <header class=\"tpk-head  wrapper\">\n    <p class=\"tpk-head__caption\">Descubre Multipass y sus ventajas<\/p>    <h2 class=\"tpk-head__title\">Nuestro producto m\u00e1s flexible para aparcar en el parking<\/h2>    <p><span class=\"ui-provider ec blt bha ckl ckm ckn cko ckp ckq ckr cks ckt cku ckv ckw ckx cky ckz cla clb clc cld cle clf clg clh cli clj clk cll clm cln clo clp clq\" dir=\"ltr\">\u00bfTienes que ir alg\u00fan d\u00eda de la semana a la ofi? \u00bfNecesitas aparcar de vez en cuando en el mismo parking? Multipass es el producto perfecto para comprar pases en tu aparcamiento favorito y al mejor precio. T\u00fa eliges cu\u00e1ndo usarlo y sin necesidad de reservar plaza.<\/span><\/p>\n<\/header>    <\/div>\n\n    <div class=\"wrapper tpk-products__cards grid  grid-2\">\n        <input type=\"hidden\" id=\"_wpnonce\" name=\"_wpnonce\" value=\"969cae993e\" \/><input type=\"hidden\" name=\"_wp_http_referer\" value=\"\/es\/wp-json\/wp\/v2\/pages\/48621\" \/>\n                    <div class=\"tpk-card-product shadow \">\n\n\t<div class=\"tpk-card-product__head\">\n\t\t\t\t\t<span class=\"icon icon-park icon--lg\"><\/span>\n\t\t\t\t\t<\/div>\n\t<div class=\"tpk-card-product__content\">\n\t\t<h3 class=\"tpk-card-product__content__title\">Escoge tu parking favorito<\/h3>\n\t\t\t\t\t<p>Compra Multipass para poder aparcar los d\u00edas que necesitas al mejor precio.\u00a0<\/p>\n\n\t\t\t<\/div>\n\t\t<\/div>\n                    <div class=\"tpk-card-product shadow \">\n\n\t<div class=\"tpk-card-product__head\">\n\t\t\t\t\t<span class=\"icon icon-multipass icon--lg\"><\/span>\n\t\t\t\t\t<\/div>\n\t<div class=\"tpk-card-product__content\">\n\t\t<h3 class=\"tpk-card-product__content__title\">Elige la opci\u00f3n que mejor se adapte a ti<\/h3>\n\t\t\t\t\t<p>Escoge entre el n\u00famero de pases que necesites de 5, 10 o 20. Y recarga las veces que quieras.<\/p>\n\n\t\t\t<\/div>\n\t\t<\/div>\n                    <div class=\"tpk-card-product shadow \">\n\n\t<div class=\"tpk-card-product__head\">\n\t\t\t\t\t<span class=\"icon icon-clock icon--lg\"><\/span>\n\t\t\t\t\t<\/div>\n\t<div class=\"tpk-card-product__content\">\n\t\t<h3 class=\"tpk-card-product__content__title\">Aparca durante 12h<\/h3>\n\t\t\t\t\t<p>Deja tu coche hasta 12h en el parking. Nosotros lo cuidamos por ti mientras t\u00fa te encargas de hacer todo lo que necesitas.\u00a0<\/p>\n\n\t\t\t<\/div>\n\t\t<\/div>\n                    <div class=\"tpk-card-product shadow \">\n\n\t<div class=\"tpk-card-product__head\">\n\t\t\t\t\t<span class=\"icon icon-comprobante icon--lg\"><\/span>\n\t\t\t\t\t<\/div>\n\t<div class=\"tpk-card-product__content\">\n\t\t<h3 class=\"tpk-card-product__content__title\">Tranqui, tienes tiempo para usar todos tus pases<\/h3>\n\t\t\t\t\t<p>Comprando Multipass tienes un a\u00f1o para poder hacer uso de todos los pases.\u00a0<\/p>\n\n\t\t\t<\/div>\n\t\t<\/div>\n            <\/div>\n<\/section>\n\n\n<h2 id=\"como-conseguirlo\"><\/h2>\n\n\n\n<section class=\"tpk-banner-app \">\n    <div class=\"row wrapper middle-xs\">\n        <div class=\"col-xs-12 col-sm-6 col-no-gutter tpk-banner-app__picture\">\n                                                <picture class=\"hide-xs show-sm\">\n\n                             <source srcset=\"https:\/\/www.telpark.com\/wp-content\/uploads\/2023\/09\/Gif_multipass-es.webp\" media=\"(min-width: 30rem) and (max-width: 64rem)\" >\n                            <source srcset=\"https:\/\/www.telpark.com\/wp-content\/uploads\/2023\/09\/Gif_multipass-es.webp\" media=\"(min-width: 64rem)\" >\n        \n        \n                                                                                                        \n        <img decoding=\"async\" src=\"https:\/\/www.telpark.com\/wp-content\/uploads\/2023\/09\/Gif_multipass-es.webp\" alt=\"\"  width=\"454\" height=\"430\"  loading=\"lazy\" >\n    <\/picture>\n\n                                <\/div>\n        <div class=\"col-xs-12 col-sm-6 tpk-banner-app__content\">\n                        <header class=\"tpk-head  wrapper\">\n    <p class=\"tpk-head__caption\">Aparca con Multipass<\/p>    <h2 class=\"tpk-head__title\">\u00bfC\u00f3mo conseguirlo?<\/h2>    <\/header>\n                            <ul class=\"tpk-banner-app__list\">\n                                            <li>\n                                                            <span class=\"icon icon-flecha-circulo-derecha icon--lg\">\n                                <\/span>\n                                                                                        <p><strong>1.<\/strong> Selecciona <strong>\"Multipass<\/strong>\" desde la p\u00e1gina de inicio en la App.<\/p>\n                                                    <\/li>\n                                            <li>\n                                                            <span class=\"icon icon-flecha-circulo-derecha icon--lg\">\n                                <\/span>\n                                                                                        <p><strong>2.<\/strong> Localiza el aparcamiento.<\/p>\n                                                    <\/li>\n                                            <li>\n                                                            <span class=\"icon icon-flecha-circulo-derecha icon--lg\">\n                                <\/span>\n                                                                                        <p><strong>3. <\/strong><span class=\"ui-provider eo byo brg byp byq byr bys byt byu byv byw byx byy byz bza bzb bzc bzd bze bzf bzg bzh bzi bzj bzk bzl bzm bzn bzo bzp bzq bzr bzs bzt bzu\" dir=\"ltr\">Elige el n\u00famero de pases que necesites entre <strong>5, 10 o 20.<\/strong><\/span><\/p>\n                                                    <\/li>\n                                            <li>\n                                                            <span class=\"icon icon-flecha-circulo-derecha icon--lg\">\n                                <\/span>\n                                                                                        <p><strong>4.<\/strong>\u00a0<span class=\"ui-provider eo byo brg byp byq byr bys byt byu byv byw byx byy byz bza bzb bzc bzd bze bzf bzg bzh bzi bzj bzk bzl bzm bzn bzo bzp bzq bzr bzs bzt bzu\" dir=\"ltr\"><strong>Confirma tu pago<\/strong> y disfruta tu Multipass.<\/span><\/p>\n                                                    <\/li>\n                                    <\/ul>\n                        <div class=\"tpk-banner-app__buttons\">\n                                                                                                                                                                                                        <\/div>\n        <\/div>\n    <\/div>\n<\/section>\n\n\n<section class=\"tpk-products \">\n    <div class=\"wrapper pl-1 pr-1 pb-3\">\n                <header class=\"tpk-head  wrapper\">\n        <h2 class=\"tpk-head__title\">Consulta los parkings y precios asociados a la campa\u00f1a Rebajas Multipass<\/h2>    <\/header>    <\/div>\n\n    <div class=\"wrapper tpk-products__cards  \">\n        <input type=\"hidden\" id=\"_wpnonce\" name=\"_wpnonce\" value=\"969cae993e\" \/><input type=\"hidden\" name=\"_wp_http_referer\" value=\"\/es\/wp-json\/wp\/v2\/pages\/48621\" \/>\n                    <div class=\"tpk-card-product  \">\n\n\t<div class=\"tpk-card-product__head\">\n\t\t\t\t\t<span class=\"icon icon-documento icon--lg\"><\/span>\n\t\t\t\t\t<\/div>\n\t<div class=\"tpk-card-product__content\">\n\t\t<h4 class=\"tpk-card-product__content__title\">Parkings \/ Precio Multipass<\/h4>\n\t\t\t\t\t<p>Listado de parkings<\/p>\n\n\t\t\t<\/div>\n\t\t\t\t\t\t\t\t\t\t\t\t\t\t\t\t\t\t\t\t<a  class=\"tpk-button tpk-button--primary tpk-button--lg \" href=\"https:\/\/www.telpark.com\/es\/listado-parkings-rebajas-multipass-enero-2026\/\"    target=\"_blank\" >\n    <span>Ver<\/span>\n            <span class=\"icon icon-arrow-right icon--sm\">\n        <\/span>\n    <\/a>\t\t\t\t\t\t\t\t\t\t\t<\/div>\n                    <div class=\"tpk-card-product  \">\n\n\t<div class=\"tpk-card-product__head\">\n\t\t\t\t\t<span class=\"icon icon-documento icon--lg\"><\/span>\n\t\t\t\t\t<\/div>\n\t<div class=\"tpk-card-product__content\">\n\t\t<h4 class=\"tpk-card-product__content__title\">Parking 30% descuento Carga El\u00e9ctrica<\/h4>\n\t\t\t\t\t<p>Listado parkings<\/p>\n\n\t\t\t<\/div>\n\t\t\t\t\t\t\t\t\t\t\t\t\t\t\t\t\t\t\t\t<a  class=\"tpk-button tpk-button--primary tpk-button--lg \" href=\"https:\/\/promotion.telpark.com\/listado-parkings-30-descuento-ev\"    target=\"_blank\" >\n    <span>Ver<\/span>\n            <span class=\"icon icon-arrow-right icon--sm\">\n        <\/span>\n    <\/a>\t\t\t\t\t\t\t\t\t\t\t<\/div>\n            <\/div>\n<\/section>\n\n<article class=\"tpk-page\">\n    <div class=\"row wrapper center-xs tpk-page__content\">\n        <div class=\"col-xs-12 col-sm-10 col-md-8 pt-4 pb-4\">\n            <h2>T\u00e9rminos y Condiciones<\/h2>\n<p><!-- wp:paragraph --><\/p>\n<p><!-- \/wp:paragraph --><\/p>\n<p><!-- wp:paragraph --><\/p>\n<blockquote>\n<p>Precios y promoci\u00f3n vigente del <strong>07 al 31 de enero 2026 <\/strong>inclusives en el producto Multipass o hasta\u202f<strong>finalizar unidades<\/strong>\u202fsujetas a promoci\u00f3n.<\/p>\n<p>Los precios comparados son los equivalentes al paquete de 20 pases.<\/p>\n<p>Con la compra de tu Multipass, tend\u00e1s <strong>adicionalmente un 30% de descuento en la Carga El\u00e9ctrica<\/strong>. Hasta el 30 de junio, para todas las recargas iniciadas desde la app telpark en cualquier aparcamiento de Espa\u00f1a.\u00a0<\/p>\n<p><span data-teams=\"true\">El 30% de descuento en Carga El\u00e9ctrica lo tendr\u00e1s disponible en la app en un plazo de 24 a 48 horas desde la compra del Multipass.<\/span><\/p>\n<\/blockquote>\n<p>&nbsp;<\/p>\n<p>Si durante el proceso de compra te\u202f<strong>surge cualquier problema<\/strong>\u202fo hay algo relevante que nos pueda servir de aprendizaje o mejora de nuestro servicio, por favor, escr\u00edbenos a \u202f<a href=\"mailto:soporte@telpark.com\" target=\"_blank\" rel=\"noreferrer noopener\"><strong>soporte@telpark.com<\/strong><\/a>.\u00a0<\/p>\n<p>&nbsp;<\/p>\n<h3>Preguntas frecuentes<\/h3>\n<ul>\n<li><strong>\u00bfUn parking puede dejar de estar en promoci\u00f3n entre las fechas del 07 al 31 de enero 2026?<\/strong><br \/>En Espa\u00f1a y Portugal la promoci\u00f3n est\u00e1 sujeta a un stock limitado de 5.000 pases en cada pa\u00eds, a distribuir entre todos los aparcamientos.\n<p><\/li>\n<li><strong>\u00bfCu\u00e1ntos pases de Multipass puedo comprar por usuario?<\/strong><br \/>El usuario tiene limitada la compra de pases de Multipass a 40 como m\u00e1ximo por usuario y aparcamiento.\n<p><\/li>\n<li><strong>\u00bfDurante cu\u00e1nto tiempo puedes estacionar en un parking con Multipass?<\/strong><br \/>Los pases de Multipass tienen una duraci\u00f3n de hasta 12 horas por pase\n<p><\/li>\n<li><strong>\u00bfQu\u00e9 validez tiene mi Multipass?<\/strong><br \/>Los pases de Multipass adquiridos, tendr\u00e1n una validez de 12 meses desde el momento de la compra. Cada pase de Multipass es una estancia \u00fanica de duraci\u00f3n m\u00e1xima hasta 12 horas, con 1 entrada y 1 salida.\n<p><\/li>\n<li><strong>\u00bfEn qu\u00e9 parkings aplican las Rebajas de Multipass?<\/strong><br \/>Puedes consultar arriba el listado de parkings asociados a la promoci\u00f3n de Rebajas Multipass Enero 2026.\n<p><\/li>\n<li><strong>\u00bfC\u00f3mo puedo disfrutar del 30\u202f% de descuento en Carga El\u00e9ctrica?<\/strong><br \/>Al comprar tu Multipass, en un plazo de 24 a 48 horas ver\u00e1s un banner de carga el\u00e9ctrica en la app. En ese momento se activar\u00e1 autom\u00e1ticamente el descuento.\n<p><\/li>\n<li><strong>\u00bfHasta cu\u00e1ndo estar\u00e1 disponible el descuento en Carga El\u00e9ctrica?<\/strong><br \/>Hasta el 30 de junio de 2026.\n<p><\/li>\n<li><strong>\u00bfQu\u00e9 ocurre con el descuento en Carga El\u00e9ctrica si agoto todos mis pases Multipass?<\/strong><br \/>La promoci\u00f3n de carga el\u00e9ctrica seguir\u00e1 activa hasta el 30 de junio de 2026 aunque hayas agotado tus pases.\n<p><\/li>\n<li><strong>\u00bfD\u00f3nde puedo cargar mi veh\u00edculo el\u00e9ctrico con descuento?<\/strong><br \/>En todos los aparcamientos de telpark en Espa\u00f1a que cuenten con puntos de carga. Recuerda que debes iniciar la carga desde la app de telpark.\n<p><\/li>\n<li><strong>\u00bfEl descuento es v\u00e1lido para carga r\u00e1pida?<\/strong><br \/>S\u00ed, puedes usar tanto nuestros cargadores r\u00e1pidos como semi r\u00e1pidos y seguir disfrutando de la promoci\u00f3n.\n<p><\/li>\n<li><strong>\u00bfC\u00f3mo se aplica el descuento a la hora de realizar la carga?<\/strong><br \/>Una vez cargado el veh\u00edculo, se aplicar\u00e1 el descuento autom\u00e1ticamente sobre el importe total. Podr\u00e1s ver en el justificante de pago el desglose con el descuento aplicado.<\/li>\n<\/ul>\n<p><!-- \/wp:paragraph --><\/p>\n<p><!-- wp:paragraph --><\/p>\n<p><!-- \/wp:paragraph --><\/p>\n\n        <\/div>\n    <\/div>\n<\/article>\n\n\n<section class=\"tpk-banner-app  electric \">\n    <div class=\"row wrapper middle-xs\">\n        <div class=\"col-xs-12 col-sm-6 col-no-gutter tpk-banner-app__picture\">\n                                                <picture class=\"hide-xs show-sm\">\n\n                             <source srcset=\"https:\/\/www.telpark.com\/wp-content\/uploads\/2024\/07\/es-electrico-1-488x504.png\" media=\"(min-width: 30rem) and (max-width: 64rem)\" >\n                            <source srcset=\"https:\/\/www.telpark.com\/wp-content\/uploads\/2024\/07\/es-electrico-1.png\" media=\"(min-width: 64rem)\" >\n        \n        \n                                                                                                        \n        <img decoding=\"async\" src=\"https:\/\/www.telpark.com\/wp-content\/uploads\/2024\/07\/es-electrico-1.png\" alt=\"\"  width=\"505\" height=\"504\"  loading=\"lazy\" >\n    <\/picture>\n\n                                <\/div>\n        <div class=\"col-xs-12 col-sm-6 tpk-banner-app__content\">\n                        <header class=\"tpk-head  wrapper\">\n    <p class=\"tpk-head__caption\">30% de descuento en tu Carga El\u00e9ctrica<\/p>    <h2 class=\"tpk-head__title\">\u00bfC\u00f3mo cargar con la app?<\/h2>    <\/header>\n                            <ul class=\"tpk-banner-app__list\">\n                                            <li>\n                                                            <span class=\"icon icon-flecha-circulo-derecha icon--lg\">\n                                <\/span>\n                                                                                        <p><strong>1. <\/strong>Conecta tu veh\u00edculo al cargador el\u00e9ctrico.<\/p>\n                                                    <\/li>\n                                            <li>\n                                                            <span class=\"icon icon-flecha-circulo-derecha icon--lg\">\n                                <\/span>\n                                                                                        <p><strong>2. <\/strong>Selecciona <strong>\"Veh\u00edculo el\u00e9ctrico\"<\/strong> en la app telpark y pulsa el bot\u00f3n de <strong>\"Iniciar carga\"<\/strong> que ver\u00e1s sobre el mapa.<\/p>\n                                                    <\/li>\n                                            <li>\n                                                            <span class=\"icon icon-flecha-circulo-derecha icon--lg\">\n                                <\/span>\n                                                                                        <p><strong>3. <\/strong>Introduce los 4 d\u00edgitos del n\u00famero de cargador donde indica <strong>\"Punto de recarga\"<\/strong> y dale a iniciar.\u00a0<\/p>\n                                                    <\/li>\n                                            <li>\n                                                            <span class=\"icon icon-flecha-circulo-derecha icon--lg\">\n                                <\/span>\n                                                                                        <p><strong>4. <\/strong>Pulsa <strong>\"Parar\"<\/strong> para terminar la carga. El <strong>30% de descuento se aplicar\u00e1 autom\u00e1ticamente<\/strong> en la factura.\u00a0<\/p>\n                                                    <\/li>\n                                    <\/ul>\n                        <div class=\"tpk-banner-app__buttons\">\n                                                                                                                                                                                                        <\/div>\n        <\/div>\n    <\/div>\n<\/section>\n<\/div><\/div>\n","protected":false},"excerpt":{"rendered":"","protected":false},"author":13,"featured_media":0,"parent":7217,"menu_order":0,"comment_status":"closed","ping_status":"closed","template":"","meta":{"footnotes":""},"yoast_head":"<!-- This site is optimized with the Yoast SEO plugin v20.12 - https:\/\/yoast.com\/wordpress\/plugins\/seo\/ -->\n<title>Rebajas Multipass ESP BANNER Enero 2026 | Telpark<\/title>\n<meta name=\"robots\" content=\"noindex, nofollow\" \/>\n<meta property=\"og:locale\" content=\"es_ES\" \/>\n<meta property=\"og:type\" content=\"article\" \/>\n<meta property=\"og:title\" content=\"Rebajas Multipass ESP BANNER Enero 2026 | Telpark\" \/>\n<meta property=\"og:url\" content=\"https:\/\/www.telpark.com\/es\/particulares\/promociones\/rebajas-multipass-esp-banner-enero-2026\/\" \/>\n<meta property=\"og:site_name\" content=\"Telpark\" \/>\n<meta property=\"article:modified_time\" content=\"2026-01-07T08:22:43+00:00\" \/>\n<meta name=\"twitter:card\" content=\"summary_large_image\" \/>\n<meta name=\"twitter:site\" content=\"@telpark_es\" \/>\n<script type=\"application\/ld+json\" class=\"yoast-schema-graph\">{\"@context\":\"https:\/\/schema.org\",\"@graph\":[{\"@type\":\"WebPage\",\"@id\":\"https:\/\/www.telpark.com\/es\/particulares\/promociones\/rebajas-multipass-esp-banner-enero-2026\/\",\"url\":\"https:\/\/www.telpark.com\/es\/particulares\/promociones\/rebajas-multipass-esp-banner-enero-2026\/\",\"name\":\"Rebajas Multipass ESP BANNER Enero 2026 | Telpark\",\"isPartOf\":{\"@id\":\"https:\/\/www.telpark.com\/es\/#website\"},\"datePublished\":\"2025-12-17T08:52:00+00:00\",\"dateModified\":\"2026-01-07T08:22:43+00:00\",\"breadcrumb\":{\"@id\":\"https:\/\/www.telpark.com\/es\/particulares\/promociones\/rebajas-multipass-esp-banner-enero-2026\/#breadcrumb\"},\"inLanguage\":\"es-ES\",\"potentialAction\":[{\"@type\":\"ReadAction\",\"target\":[\"https:\/\/www.telpark.com\/es\/particulares\/promociones\/rebajas-multipass-esp-banner-enero-2026\/\"]}]},{\"@type\":\"BreadcrumbList\",\"@id\":\"https:\/\/www.telpark.com\/es\/particulares\/promociones\/rebajas-multipass-esp-banner-enero-2026\/#breadcrumb\",\"itemListElement\":[{\"@type\":\"ListItem\",\"position\":1,\"name\":\"Home\",\"item\":\"https:\/\/www.telpark.com\/es\/\"},{\"@type\":\"ListItem\",\"position\":2,\"name\":\"Particulares\",\"item\":\"https:\/\/www.telpark.com\/es\/\"},{\"@type\":\"ListItem\",\"position\":3,\"name\":\"Promociones\",\"item\":\"https:\/\/www.telpark.com\/es\/particulares\/promociones\/\"},{\"@type\":\"ListItem\",\"position\":4,\"name\":\"Rebajas Multipass ESP BANNER Enero 2026\"}]},{\"@type\":\"WebSite\",\"@id\":\"https:\/\/www.telpark.com\/es\/#website\",\"url\":\"https:\/\/www.telpark.com\/es\/\",\"name\":\"Telpark\",\"description\":\"Reserva tu plaza en los mejores aparcamientos. Descarga la app y olv\u00eddate de cajeros o parqu\u00edmetros en m\u00e1s de 100 ciudades en Espa\u00f1a y Portugal\",\"publisher\":{\"@id\":\"https:\/\/www.telpark.com\/es\/#organization\"},\"potentialAction\":[{\"@type\":\"SearchAction\",\"target\":{\"@type\":\"EntryPoint\",\"urlTemplate\":\"https:\/\/www.telpark.com\/es\/?s={search_term_string}\"},\"query-input\":\"required name=search_term_string\"}],\"inLanguage\":\"es-ES\"},{\"@type\":\"Organization\",\"@id\":\"https:\/\/www.telpark.com\/es\/#organization\",\"name\":\"Telpark\",\"url\":\"https:\/\/www.telpark.com\/es\/\",\"logo\":{\"@type\":\"ImageObject\",\"inLanguage\":\"es-ES\",\"@id\":\"https:\/\/www.telpark.com\/es\/#\/schema\/logo\/image\/\",\"url\":\"https:\/\/www.telpark.com\/wp-content\/uploads\/2023\/09\/telpark-logo.svg\",\"contentUrl\":\"https:\/\/www.telpark.com\/wp-content\/uploads\/2023\/09\/telpark-logo.svg\",\"width\":128,\"height\":32,\"caption\":\"Telpark\"},\"image\":{\"@id\":\"https:\/\/www.telpark.com\/es\/#\/schema\/logo\/image\/\"},\"sameAs\":[\"https:\/\/twitter.com\/telpark_es\",\"https:\/\/www.instagram.com\/telpark_app\/\",\"https:\/\/www.youtube.com\/channel\/UCm8sjis_xlHU5VYQ6GslW-Q\"]}]}<\/script>\n<!-- \/ Yoast SEO plugin. -->","yoast_head_json":{"title":"Rebajas Multipass ESP BANNER Enero 2026 | Telpark","robots":{"index":"noindex","follow":"nofollow"},"og_locale":"es_ES","og_type":"article","og_title":"Rebajas Multipass ESP BANNER Enero 2026 | Telpark","og_url":"https:\/\/www.telpark.com\/es\/particulares\/promociones\/rebajas-multipass-esp-banner-enero-2026\/","og_site_name":"Telpark","article_modified_time":"2026-01-07T08:22:43+00:00","twitter_card":"summary_large_image","twitter_site":"@telpark_es","schema":{"@context":"https:\/\/schema.org","@graph":[{"@type":"WebPage","@id":"https:\/\/www.telpark.com\/es\/particulares\/promociones\/rebajas-multipass-esp-banner-enero-2026\/","url":"https:\/\/www.telpark.com\/es\/particulares\/promociones\/rebajas-multipass-esp-banner-enero-2026\/","name":"Rebajas Multipass ESP BANNER Enero 2026 | Telpark","isPartOf":{"@id":"https:\/\/www.telpark.com\/es\/#website"},"datePublished":"2025-12-17T08:52:00+00:00","dateModified":"2026-01-07T08:22:43+00:00","breadcrumb":{"@id":"https:\/\/www.telpark.com\/es\/particulares\/promociones\/rebajas-multipass-esp-banner-enero-2026\/#breadcrumb"},"inLanguage":"es-ES","potentialAction":[{"@type":"ReadAction","target":["https:\/\/www.telpark.com\/es\/particulares\/promociones\/rebajas-multipass-esp-banner-enero-2026\/"]}]},{"@type":"BreadcrumbList","@id":"https:\/\/www.telpark.com\/es\/particulares\/promociones\/rebajas-multipass-esp-banner-enero-2026\/#breadcrumb","itemListElement":[{"@type":"ListItem","position":1,"name":"Home","item":"https:\/\/www.telpark.com\/es\/"},{"@type":"ListItem","position":2,"name":"Particulares","item":"https:\/\/www.telpark.com\/es\/"},{"@type":"ListItem","position":3,"name":"Promociones","item":"https:\/\/www.telpark.com\/es\/particulares\/promociones\/"},{"@type":"ListItem","position":4,"name":"Rebajas Multipass ESP BANNER Enero 2026"}]},{"@type":"WebSite","@id":"https:\/\/www.telpark.com\/es\/#website","url":"https:\/\/www.telpark.com\/es\/","name":"Telpark","description":"Reserva tu plaza en los mejores aparcamientos. Descarga la app y olv\u00eddate de cajeros o parqu\u00edmetros en m\u00e1s de 100 ciudades en Espa\u00f1a y Portugal","publisher":{"@id":"https:\/\/www.telpark.com\/es\/#organization"},"potentialAction":[{"@type":"SearchAction","target":{"@type":"EntryPoint","urlTemplate":"https:\/\/www.telpark.com\/es\/?s={search_term_string}"},"query-input":"required name=search_term_string"}],"inLanguage":"es-ES"},{"@type":"Organization","@id":"https:\/\/www.telpark.com\/es\/#organization","name":"Telpark","url":"https:\/\/www.telpark.com\/es\/","logo":{"@type":"ImageObject","inLanguage":"es-ES","@id":"https:\/\/www.telpark.com\/es\/#\/schema\/logo\/image\/","url":"https:\/\/www.telpark.com\/wp-content\/uploads\/2023\/09\/telpark-logo.svg","contentUrl":"https:\/\/www.telpark.com\/wp-content\/uploads\/2023\/09\/telpark-logo.svg","width":128,"height":32,"caption":"Telpark"},"image":{"@id":"https:\/\/www.telpark.com\/es\/#\/schema\/logo\/image\/"},"sameAs":["https:\/\/twitter.com\/telpark_es","https:\/\/www.instagram.com\/telpark_app\/","https:\/\/www.youtube.com\/channel\/UCm8sjis_xlHU5VYQ6GslW-Q"]}]}},"meta_box":[],"_links":{"self":[{"href":"https:\/\/www.telpark.com\/es\/wp-json\/wp\/v2\/pages\/48621"}],"collection":[{"href":"https:\/\/www.telpark.com\/es\/wp-json\/wp\/v2\/pages"}],"about":[{"href":"https:\/\/www.telpark.com\/es\/wp-json\/wp\/v2\/types\/page"}],"author":[{"embeddable":true,"href":"https:\/\/www.telpark.com\/es\/wp-json\/wp\/v2\/users\/13"}],"replies":[{"embeddable":true,"href":"https:\/\/www.telpark.com\/es\/wp-json\/wp\/v2\/comments?post=48621"}],"version-history":[{"count":4,"href":"https:\/\/www.telpark.com\/es\/wp-json\/wp\/v2\/pages\/48621\/revisions"}],"predecessor-version":[{"id":51020,"href":"https:\/\/www.telpark.com\/es\/wp-json\/wp\/v2\/pages\/48621\/revisions\/51020"}],"up":[{"embeddable":true,"href":"https:\/\/www.telpark.com\/es\/wp-json\/wp\/v2\/pages\/7217"}],"wp:attachment":[{"href":"https:\/\/www.telpark.com\/es\/wp-json\/wp\/v2\/media?parent=48621"}],"curies":[{"name":"wp","href":"https:\/\/api.w.org\/{rel}","templated":true}]}}