{"id":49207,"date":"2026-02-16T12:25:15","date_gmt":"2026-02-16T11:25:15","guid":{"rendered":"https:\/\/www.telpark.com\/?page_id=49207"},"modified":"2026-03-02T10:34:52","modified_gmt":"2026-03-02T09:34:52","slug":"parking-para-tus-clientes","status":"publish","type":"page","link":"https:\/\/www.telpark.com\/es\/empresas\/parking-para-tus-clientes\/","title":{"rendered":"Parking para tus clientes"},"content":{"rendered":"\n<div class=\"wp-block-group is-layout-constrained wp-block-group-is-layout-constrained\"><div class=\"wp-block-group__inner-container\">\n<section class=\"tpk-hero tpk-hero--products                lower\"\n         style=\"\">\n                        <picture >\n\n                    <source srcset=\"https:\/\/www.telpark.com\/wp-content\/uploads\/2025\/11\/07.22-TELPARK-74-480x640.jpg\" media=\"((min-width: 0rem) and (max-width: 30rem))\">\n                             <source srcset=\"https:\/\/www.telpark.com\/wp-content\/uploads\/2025\/11\/07.22-TELPARK-74-1024x500.jpg\" media=\"(min-width: 30rem) and (max-width: 64rem)\" >\n                            <source srcset=\"https:\/\/www.telpark.com\/wp-content\/uploads\/2025\/11\/07.22-TELPARK-74-1920x640.jpg\" media=\"(min-width: 64rem)\" >\n        \n        \n                                                                                                        \n        <img decoding=\"async\" fetchpriority=\"high\" src=\"https:\/\/www.telpark.com\/wp-content\/uploads\/2025\/11\/07.22-TELPARK-74-1920x640.jpg\" alt=\"parking_telpark\"  width=\"1920\" height=\"640\"  loading=\"eager\">\n    <\/picture>\n\n    \n            <div class=\"tpk-breadcrumb wrapper row\">\n    <nav aria-label=\"Breadcrumb\">\n        <ul>\n                            <li>\n                                            <a href=\"https:\/\/www.telpark.com\/es\/empresas\/\">Empresas<\/a><span\n                            class=\"tpk-breadcrumb__separator\">><\/span>\n                                    <\/li>\n                            <li>\n                                            <span aria-current=\"page\">Parking para tus clientes<\/span>\n                                    <\/li>\n                    <\/ul>\n    <\/nav>\n<\/div>        <div class=\"tpk-hero__content wrapper row\">\n                    <div class=\"col-xs-12 col-sm-12 pr-h pl-h\">\n                                <header class=\"tpk-head  wrapper\">\n    <p class=\"tpk-head__caption\">Aparcar f\u00e1cil, vender m\u00e1s<\/p>    <h1 class=\"tpk-head__title\">Parking para tus clientes<\/h1>    <\/header>\n                                            <a  class=\"tpk-button tpk-button--primary tpk-button--lg \" href=\"#formulario\"    >\n    <span>Contacta con nosotros<\/span>\n    <\/a>            \n                    <\/div>\n    <\/div>\n            <div class=\"tpk-hero__cards row wrapper\">\n                                                                                        <div class=\"col-xs-12 col-sm-12 col-md-4 mb-1 pl-h pr-h\">\n                                                                    <\/div>\n                    <\/div>\n    <\/section>\n<div class=\"tpk-spinner__wrapper\">\n    <div class=\"tpk-spinner\"><\/div>\n<\/div>\n\n<section class=\"tpk-products center\">\n    <div class=\"wrapper pl-1 pr-1 pb-3\">\n                <header class=\"tpk-head  wrapper\">\n    <p class=\"tpk-head__caption\">Ofrecer parking a tus clientes nunca ha sido tan f\u00e1cil<\/p>    <h2 class=\"tpk-head__title\">\u00bfQu\u00e9 es la soluci\u00f3n de parking para tus clientes?<\/h2>    <p data-start=\"344\" data-end=\"596\">Con Telpark, tu negocio puede proporcionar <strong data-start=\"443\" data-end=\"468\">parking para tus clientes<\/strong> mediante tickets comerciales que facilitan el acceso a parkings urbanos, sin necesidad de tener tu propio aparcamiento.<\/p>\n<p data-start=\"598\" data-end=\"881\">Esta soluci\u00f3n est\u00e1 dise\u00f1ada para empresas de cualquier tama\u00f1o: desde comercios y gimnasios hasta cl\u00ednicas, restaurantes u hoteles. Cada ticket permite a tu cliente aparcar de forma c\u00f3moda, r\u00e1pida y segura, y t\u00fa decides si lo ofreces de manera gratuita, bonificada o con descuento.<\/p>\n<p data-start=\"883\" data-end=\"1062\">Con esta soluci\u00f3n, tu negocio gana en <strong data-start=\"921\" data-end=\"962\">comodidad, atractivo y diferenciaci\u00f3n<\/strong> frente a la competencia, convirtiendo un simple gesto de aparcamiento en una ventaja estrat\u00e9gica.<\/p>\n<p data-start=\"883\" data-end=\"1062\">\u00a0<\/p>\n<p data-start=\"883\" data-end=\"1062\"><!--more--><\/p>\n<h2>\u00a0<\/h2>\n<h2><span data-path-to-node=\"11,3\">\u00bfC\u00f3mo funciona el parking para tus clientes con Telpark?<\/p>\n<p><\/span><\/h2>\n<p>Implantar esta soluci\u00f3n es sencillo y sin complicaciones operativas. El proceso se articula en tres pasos:<\/p>\n<\/header>    <\/div>\n\n    <div class=\"wrapper tpk-products__cards grid  grid-3\">\n        <input type=\"hidden\" id=\"_wpnonce\" name=\"_wpnonce\" value=\"3467db32a0\" \/><input type=\"hidden\" name=\"_wp_http_referer\" value=\"\/es\/wp-json\/wp\/v2\/pages\/49207\" \/>\n                    <div class=\"tpk-card-product flat \">\n\n\t<div class=\"tpk-card-product__head\">\n\t\t\t\t\t<span class=\"icon icon-vouchers-barcode icon--lg\"><\/span>\n\t\t\t\t\t<\/div>\n\t<div class=\"tpk-card-product__content\">\n\t\t<h3 class=\"tpk-card-product__content__title\">Compra de tickets comerciales<\/h3>\n\t\t\t\t\t<p>Selecciona la cantidad y modalidad que mejor se adapte a tu negocio. Puedes empezar con un paquete peque\u00f1o y ampliarlo seg\u00fan la demanda.<\/p>\n\n\t\t\t<\/div>\n\t\t<\/div>\n                    <div class=\"tpk-card-product flat \">\n\n\t<div class=\"tpk-card-product__head\">\n\t\t\t\t\t<span class=\"icon icon-personal-data icon--lg\"><\/span>\n\t\t\t\t\t<\/div>\n\t<div class=\"tpk-card-product__content\">\n\t\t<h3 class=\"tpk-card-product__content__title\">Entrega al cliente<\/h3>\n\t\t\t\t\t<p>Proporciona los vouchers a tus clientes, ya sea como cortes\u00eda, parte de un servicio o como incentivo por una compra o reserva.<\/p>\n\n\t\t\t<\/div>\n\t\t<\/div>\n                    <div class=\"tpk-card-product flat \">\n\n\t<div class=\"tpk-card-product__head\">\n\t\t\t\t\t<span class=\"icon icon-park icon--lg\"><\/span>\n\t\t\t\t\t<\/div>\n\t<div class=\"tpk-card-product__content\">\n\t\t<h3 class=\"tpk-card-product__content__title\">Uso en el parking Telpark<\/h3>\n\t\t\t\t\t<p>El cliente utiliza su voucher al acceder al parking, disfrutando de minutos, horas o d\u00edas prepagados seg\u00fan la modalidad adquirida.<\/p>\n\n\t\t\t<\/div>\n\t\t\t\t\t\t\t\t\t\t\t\t\t\t\t\t\t<\/div>\n            <\/div>\n<\/section>\n\n\n<h2 id=\"formulario\"><\/h2>\n\n\n\n<iframe\n  class=\"iframe-form-business\"\n  src=\"https:\/\/cloud.news.telpark.com\/Tickets_Comerciales\"\n  width=\"100%\"\n  title=\"Tickets Comerciales\">\n<\/iframe>\n\n\n<article class=\"tpk-page\">\n    <div class=\"row wrapper center-xs tpk-page__content\">\n        <div class=\"col-xs-12 col-sm-10 col-md-8 pt-4 pb-4\">\n            <h2>Empresas que ya conf\u00edan en nosotros<\/h2>\n<p>&nbsp;<\/p>\n<blockquote>\n<p>\"Gracias al\u00a0<span data-olk-copy-source=\"MessageBody\">acuerdo con Telpark, podemos ofrecer a nuestros visitantes descuento en el aparcamiento de Plaza de Espa\u00f1a, y adem\u00e1s dar visibilidad al servicio desde nuestra propia web. Nuestros clientes valoran mucho poder planificar la visita sabiendo que tienen el parking resuelto con un precio ventajoso, y eso mejora claramente su experiencia en nuestro parque.\u201d<\/span><\/p>\n<p><strong><em>- Biopark Fuengirola: Mercedes Mart\u00edn, Directora.<\/em><\/strong><\/p>\n<p>&nbsp;<\/p>\n<p>\u201cPara muchos de nuestros clientes, saber que tienen el parking solucionado marca la diferencia. Los tickets de aparcamiento nos ayudan a ofrecer una experiencia m\u00e1s c\u00f3moda desde el momento en que llegan al hotel.\u201d<\/p>\n<p><em><strong>- Hotel Urban Dream Granada: Antonio Jim\u00e9nez, Director.<\/strong><\/em><\/p>\n<p>&nbsp;<\/p>\n<p>\u201cPoder ofrecer parking a nuestros hu\u00e9spedes de forma sencilla es un plus muy importante. Los tickets comerciales nos permiten integrar el aparcamiento en la estancia sin complicar la operativa del hotel.\u201d<\/p>\n<p><em><strong>- Hoteles Eurostars Gran V\u00eda y Eurostars San Ant\u00f3n: Salvador Gamarra, Director.<\/strong><\/em><\/p>\n<p>&nbsp;<\/p>\n<p>\u201cEntre los aspectos que m\u00e1s valoran nuestros clientes, se encuentra la entrega de tickets de parking Telpark, una atenci\u00f3n adicional que refuerza la calidad del servicio que ofrecemos. Poder aparcar en el centro de la ciudad, les aporta comodidad y tranquilidad.\u201d<\/p>\n<p><strong><em>- Casino Kursaal San Sebastian: Karen Olazabal, Responsable del departamento de marketing.<\/em><\/strong><\/p>\n<\/blockquote>\n\n        <\/div>\n    <\/div>\n<\/article>\n\n\n<div class=\"wp-block-columns is-layout-flex wp-container-9 wp-block-columns-is-layout-flex\">\n<div class=\"wp-block-column is-layout-flow wp-block-column-is-layout-flow\">\n<div class=\"wp-block-columns is-layout-flex wp-container-3 wp-block-columns-is-layout-flex\">\n<div class=\"wp-block-column is-layout-flow wp-block-column-is-layout-flow\">\n<figure class=\"wp-block-image size-full\"><img decoding=\"async\" loading=\"lazy\" width=\"500\" height=\"300\" src=\"https:\/\/www.telpark.com\/wp-content\/uploads\/2026\/02\/7.png\" alt=\"\" class=\"wp-image-50156\"\/><\/figure>\n<\/div>\n\n\n\n<div class=\"wp-block-column is-layout-flow wp-block-column-is-layout-flow\">\n<figure class=\"wp-block-image size-full\"><img decoding=\"async\" loading=\"lazy\" width=\"500\" height=\"300\" src=\"https:\/\/www.telpark.com\/wp-content\/uploads\/2026\/02\/Diseno-sin-titulo-11.png\" alt=\"\" class=\"wp-image-50168\"\/><\/figure>\n<\/div>\n<\/div>\n<\/div>\n\n\n\n<div class=\"wp-block-column is-layout-flow wp-block-column-is-layout-flow\">\n<div class=\"wp-block-columns is-layout-flex wp-container-7 wp-block-columns-is-layout-flex\">\n<div class=\"wp-block-column is-layout-flow wp-block-column-is-layout-flow\">\n<figure class=\"wp-block-image size-full\"><img decoding=\"async\" loading=\"lazy\" width=\"500\" height=\"300\" src=\"https:\/\/www.telpark.com\/wp-content\/uploads\/2026\/02\/8.png\" alt=\"logo eurostars\" class=\"wp-image-50162\"\/><\/figure>\n<\/div>\n\n\n\n<div class=\"wp-block-column is-layout-flow wp-block-column-is-layout-flow\">\n<figure class=\"wp-block-image size-full\"><img decoding=\"async\" loading=\"lazy\" width=\"500\" height=\"300\" src=\"https:\/\/www.telpark.com\/wp-content\/uploads\/2026\/02\/10.png\" alt=\"logo luckia\" class=\"wp-image-50150\"\/><\/figure>\n<\/div>\n<\/div>\n<\/div>\n<\/div>\n\n\n\n<section class=\"tpk-banner-cta tpk-banner-cta--half  reverse   \"\n         style=\"                 \">\n    <div class=\"tpk-banner-cta--half__picture\">\n                                    <picture >\n\n                    <source srcset=\"https:\/\/www.telpark.com\/wp-content\/uploads\/2026\/01\/2025-11-05-460x520.webp\" media=\"((min-width: 0rem) and (max-width: 30rem))\">\n                             <source srcset=\"https:\/\/www.telpark.com\/wp-content\/uploads\/2026\/01\/2025-11-05-520x520.webp\" media=\"(min-width: 30rem) and (max-width: 64rem)\" >\n                            <source srcset=\"https:\/\/www.telpark.com\/wp-content\/uploads\/2026\/01\/2025-11-05-960x814.webp\" media=\"(min-width: 64rem)\" >\n        \n        \n                                                                                                        \n        <img decoding=\"async\" src=\"https:\/\/www.telpark.com\/wp-content\/uploads\/2026\/01\/2025-11-05-960x814.webp\" alt=\"parking_elcarmen\"  width=\"960\" height=\"814\"  loading=\"lazy\" >\n    <\/picture>\n\n            <\/div>\n\n    <div class=\"tpk-banner-cta__content row wrapper middle-xs\">\n        <div class=\"col-xs-12 col-md-6 tpk-banner-cta__content__text\">\n                        <header class=\"tpk-head  wrapper\">\n        <h2 class=\"tpk-head__title\">\u00bfPor qu\u00e9 elegir Telpark para ofrecer parking a tus clientes?<\/h2>    <p data-start=\"5538\" data-end=\"5633\">Con Telpark, no solo ofreces un ticket: ofreces <strong data-start=\"5586\" data-end=\"5630\">fiabilidad, escala y gesti\u00f3n profesional<\/strong>.<\/p>\n<ul>\n<li>Telpark ofrece una<strong> soluci\u00f3n de parking profesional y fiable<\/strong> que va m\u00e1s all\u00e1 de un simple ticket, apoyada en una amplia red de parkings en la ciudad y alrededores.<\/li>\n<li data-start=\"5763\" data-end=\"5877\">\n<p data-start=\"5765\" data-end=\"5877\">La experiencia contrastada en la gesti\u00f3n de millones de usuarios y una operativa lista para usar garantizan un <strong>acceso f\u00e1cil, sin esperas y con atenci\u00f3n<\/strong> ante cualquier incidencia.<\/p>\n<\/li>\n<li data-start=\"5995\" data-end=\"6104\">\n<p data-start=\"5997\" data-end=\"6104\">La soluci\u00f3n es <strong>flexible y escalable<\/strong>, con packs adaptables que permiten empezar con un volumen reducido y crecer seg\u00fan la demanda.<\/p>\n<p data-path-to-node=\"12,0,1\">\u00a0<\/p>\n<\/li>\n<\/ul>\n<\/header>            <div class=\"tpk-banner-cta__buttons\">\n                            <\/div>\n        <\/div>\n    <\/div>\n<\/section>\n\n\n<section class=\"tpk-banner-cta tpk-banner-cta--half   \"\n         style=\"                 \">\n    <div class=\"tpk-banner-cta--half__picture\">\n                                    <picture >\n\n                    <source srcset=\"https:\/\/www.telpark.com\/wp-content\/uploads\/2026\/02\/2025-11-12-460x520.webp\" media=\"((min-width: 0rem) and (max-width: 30rem))\">\n                             <source srcset=\"https:\/\/www.telpark.com\/wp-content\/uploads\/2026\/02\/2025-11-12-520x520.webp\" media=\"(min-width: 30rem) and (max-width: 64rem)\" >\n                            <source srcset=\"https:\/\/www.telpark.com\/wp-content\/uploads\/2026\/02\/2025-11-12-960x814.webp\" media=\"(min-width: 64rem)\" >\n        \n        \n                                                                                                        \n        <img decoding=\"async\" src=\"https:\/\/www.telpark.com\/wp-content\/uploads\/2026\/02\/2025-11-12-960x814.webp\" alt=\"parking_telpark\"  width=\"960\" height=\"814\"  loading=\"lazy\" >\n    <\/picture>\n\n            <\/div>\n\n    <div class=\"tpk-banner-cta__content row wrapper middle-xs\">\n        <div class=\"col-xs-12 col-md-6 tpk-banner-cta__content__text\">\n                        <header class=\"tpk-head  wrapper\">\n        <h2 class=\"tpk-head__title\">Beneficios de ofrecer parking a tus clientes<\/h2>    <p>&nbsp;<\/p>\n<ul>\n<li data-start=\"3314\" data-end=\"3446\">\n<p data-start=\"3316\" data-end=\"3446\"><strong data-start=\"3316\" data-end=\"3359\">Diferenciaci\u00f3n frente a la competencia:<\/strong> destacas como un negocio que cuida todos los detalles de la experiencia del cliente.<\/p>\n<\/li>\n<li data-start=\"3447\" data-end=\"3591\">\n<p data-start=\"3449\" data-end=\"3591\"><strong data-start=\"3449\" data-end=\"3490\">Mejora de la experiencia del cliente:<\/strong> tus clientes llegan tranquilos, sin estr\u00e9s por encontrar aparcamiento, aumentando su satisfacci\u00f3n.<\/p>\n<\/li>\n<li data-start=\"3592\" data-end=\"3693\">\n<p data-start=\"3594\" data-end=\"3693\"><strong data-start=\"3594\" data-end=\"3631\">Aumento de visitas y recurrencia:<\/strong> un cliente que aparca f\u00e1cil vuelve y recomienda tu negocio.<\/p>\n<\/li>\n<li data-start=\"3694\" data-end=\"3828\">\n<p data-start=\"3696\" data-end=\"3828\"><strong data-start=\"3696\" data-end=\"3731\">Percepci\u00f3n de servicio premium:<\/strong> mostrar que piensas en la comodidad del cliente refuerza tu imagen de marca y profesionalidad.<\/p>\n<\/li>\n<\/ul>\n<\/header>            <div class=\"tpk-banner-cta__buttons\">\n                            <\/div>\n        <\/div>\n    <\/div>\n<\/section>\n\n\n\n<section\n        class=\"tpk-banner-cta tpk-banner-cta--background   corporate\"\n        style=\" --bg-picture: url('https:\/\/www.telpark.com\/wp-content\/uploads\/2023\/02\/banner-cta.png'); --bg-size: cover; --bg-position: center center;\">\n    \n        \n    <div class=\"tpk-banner-cta__content row wrapper middle-xs \">\n        \n                    <div class=\"col-xs-12 col-sm-6 tpk-banner-cta__content__picture\">\n                                                                        <picture >\n\n                    <source srcset=\"https:\/\/www.telpark.com\/wp-content\/uploads\/2026\/02\/Diseno-sin-titulo-7-375x300.png\" media=\"((min-width: 0rem) and (max-width: 30rem))\">\n                             <source srcset=\"https:\/\/www.telpark.com\/wp-content\/uploads\/2026\/02\/Diseno-sin-titulo-7-520x300.png\" media=\"(min-width: 30rem) and (max-width: 64rem)\" >\n                            <source srcset=\"https:\/\/www.telpark.com\/wp-content\/uploads\/2026\/02\/Diseno-sin-titulo-7-960x300.png\" media=\"(min-width: 64rem)\" >\n        \n        \n                                                                                                        \n        <img decoding=\"async\" src=\"https:\/\/www.telpark.com\/wp-content\/uploads\/2026\/02\/Diseno-sin-titulo-7-960x300.png\" alt=\"logo naranja\"  width=\"960\" height=\"300\"  loading=\"lazy\" >\n    <\/picture>\n\n            <\/div>\n            <div class=\"col-xs-12 col-sm-6 tpk-banner-cta__content__text align-left\">\n                \n                                            <header class=\"tpk-head  wrapper\">\n    <p class=\"tpk-head__caption\">Somos el operador l\u00edder en soluciones de movilidad en la Pen\u00ednsula Ib\u00e9rica<\/p>    <h3 class=\"tpk-head__title\">M\u00e1s de 50 a\u00f1os de experiencia<\/h3>    <p>Presencia en 147 ciudades, m\u00e1s de 200 parkings, cerca de 6 millones de clientes y m\u00e1s de 1.300 plazas para veh\u00edculo el\u00e9ctrico.<\/p>\n<\/header>                \n                                        <\/div>\n        <\/div>\n    \n    <\/section><\/div><\/div>\n","protected":false},"excerpt":{"rendered":"","protected":false},"author":2036,"featured_media":0,"parent":23,"menu_order":0,"comment_status":"closed","ping_status":"closed","template":"","meta":{"footnotes":""},"yoast_head":"<!-- This site is optimized with the Yoast SEO plugin v20.12 - https:\/\/yoast.com\/wordpress\/plugins\/seo\/ -->\n<title>Parking para tus clientes | Telpark<\/title>\n<meta name=\"description\" content=\"Ofrece parking a tus clientes sin parking propio. Vales y tickets Telpark para parking gratis o bonificado en una red urbana segura.\" \/>\n<meta name=\"robots\" content=\"index, follow, max-snippet:-1, max-image-preview:large, max-video-preview:-1\" \/>\n<link rel=\"canonical\" href=\"https:\/\/www.telpark.com\/es\/empresas\/parking-para-tus-clientes\/\" \/>\n<meta property=\"og:locale\" content=\"es_ES\" \/>\n<meta property=\"og:type\" content=\"article\" \/>\n<meta property=\"og:title\" content=\"Parking para tus clientes | Telpark\" \/>\n<meta property=\"og:description\" content=\"Ofrece parking a tus clientes sin parking propio. Vales y tickets Telpark para parking gratis o bonificado en una red urbana segura.\" \/>\n<meta property=\"og:url\" content=\"https:\/\/www.telpark.com\/es\/empresas\/parking-para-tus-clientes\/\" \/>\n<meta property=\"og:site_name\" content=\"Telpark\" \/>\n<meta property=\"article:modified_time\" content=\"2026-03-02T09:34:52+00:00\" \/>\n<meta property=\"og:image\" content=\"https:\/\/www.telpark.com\/wp-content\/uploads\/2026\/02\/7.png\" \/>\n<meta name=\"twitter:card\" content=\"summary_large_image\" \/>\n<meta name=\"twitter:site\" content=\"@telpark_es\" \/>\n<meta name=\"twitter:label1\" content=\"Est. reading time\" \/>\n\t<meta name=\"twitter:data1\" content=\"1 minute\" \/>\n<script type=\"application\/ld+json\" class=\"yoast-schema-graph\">{\"@context\":\"https:\/\/schema.org\",\"@graph\":[{\"@type\":\"WebPage\",\"@id\":\"https:\/\/www.telpark.com\/es\/empresas\/parking-para-tus-clientes\/\",\"url\":\"https:\/\/www.telpark.com\/es\/empresas\/parking-para-tus-clientes\/\",\"name\":\"Parking para tus clientes | Telpark\",\"isPartOf\":{\"@id\":\"https:\/\/www.telpark.com\/es\/#website\"},\"datePublished\":\"2026-02-16T11:25:15+00:00\",\"dateModified\":\"2026-03-02T09:34:52+00:00\",\"description\":\"Ofrece parking a tus clientes sin parking propio. Vales y tickets Telpark para parking gratis o bonificado en una red urbana segura.\",\"breadcrumb\":{\"@id\":\"https:\/\/www.telpark.com\/es\/empresas\/parking-para-tus-clientes\/#breadcrumb\"},\"inLanguage\":\"es-ES\",\"potentialAction\":[{\"@type\":\"ReadAction\",\"target\":[\"https:\/\/www.telpark.com\/es\/empresas\/parking-para-tus-clientes\/\"]}]},{\"@type\":\"BreadcrumbList\",\"@id\":\"https:\/\/www.telpark.com\/es\/empresas\/parking-para-tus-clientes\/#breadcrumb\",\"itemListElement\":[{\"@type\":\"ListItem\",\"position\":1,\"name\":\"Home\",\"item\":\"https:\/\/www.telpark.com\/es\/\"},{\"@type\":\"ListItem\",\"position\":2,\"name\":\"Empresas\",\"item\":\"https:\/\/www.telpark.com\/es\/empresas\/\"},{\"@type\":\"ListItem\",\"position\":3,\"name\":\"Parking para tus clientes\"}]},{\"@type\":\"WebSite\",\"@id\":\"https:\/\/www.telpark.com\/es\/#website\",\"url\":\"https:\/\/www.telpark.com\/es\/\",\"name\":\"Telpark\",\"description\":\"Reserva tu plaza en los mejores aparcamientos. Descarga la app y olv\u00eddate de cajeros o parqu\u00edmetros en m\u00e1s de 100 ciudades en Espa\u00f1a y Portugal\",\"publisher\":{\"@id\":\"https:\/\/www.telpark.com\/es\/#organization\"},\"potentialAction\":[{\"@type\":\"SearchAction\",\"target\":{\"@type\":\"EntryPoint\",\"urlTemplate\":\"https:\/\/www.telpark.com\/es\/?s={search_term_string}\"},\"query-input\":\"required name=search_term_string\"}],\"inLanguage\":\"es-ES\"},{\"@type\":\"Organization\",\"@id\":\"https:\/\/www.telpark.com\/es\/#organization\",\"name\":\"Telpark\",\"url\":\"https:\/\/www.telpark.com\/es\/\",\"logo\":{\"@type\":\"ImageObject\",\"inLanguage\":\"es-ES\",\"@id\":\"https:\/\/www.telpark.com\/es\/#\/schema\/logo\/image\/\",\"url\":\"https:\/\/www.telpark.com\/wp-content\/uploads\/2023\/09\/telpark-logo.svg\",\"contentUrl\":\"https:\/\/www.telpark.com\/wp-content\/uploads\/2023\/09\/telpark-logo.svg\",\"width\":128,\"height\":32,\"caption\":\"Telpark\"},\"image\":{\"@id\":\"https:\/\/www.telpark.com\/es\/#\/schema\/logo\/image\/\"},\"sameAs\":[\"https:\/\/twitter.com\/telpark_es\",\"https:\/\/www.instagram.com\/telpark_app\/\",\"https:\/\/www.youtube.com\/channel\/UCm8sjis_xlHU5VYQ6GslW-Q\"]}]}<\/script>\n<!-- \/ Yoast SEO plugin. -->","yoast_head_json":{"title":"Parking para tus clientes | Telpark","description":"Ofrece parking a tus clientes sin parking propio. Vales y tickets Telpark para parking gratis o bonificado en una red urbana segura.","robots":{"index":"index","follow":"follow","max-snippet":"max-snippet:-1","max-image-preview":"max-image-preview:large","max-video-preview":"max-video-preview:-1"},"canonical":"https:\/\/www.telpark.com\/es\/empresas\/parking-para-tus-clientes\/","og_locale":"es_ES","og_type":"article","og_title":"Parking para tus clientes | Telpark","og_description":"Ofrece parking a tus clientes sin parking propio. Vales y tickets Telpark para parking gratis o bonificado en una red urbana segura.","og_url":"https:\/\/www.telpark.com\/es\/empresas\/parking-para-tus-clientes\/","og_site_name":"Telpark","article_modified_time":"2026-03-02T09:34:52+00:00","og_image":[{"url":"https:\/\/www.telpark.com\/wp-content\/uploads\/2026\/02\/7.png"}],"twitter_card":"summary_large_image","twitter_site":"@telpark_es","twitter_misc":{"Est. reading time":"1 minute"},"schema":{"@context":"https:\/\/schema.org","@graph":[{"@type":"WebPage","@id":"https:\/\/www.telpark.com\/es\/empresas\/parking-para-tus-clientes\/","url":"https:\/\/www.telpark.com\/es\/empresas\/parking-para-tus-clientes\/","name":"Parking para tus clientes | Telpark","isPartOf":{"@id":"https:\/\/www.telpark.com\/es\/#website"},"datePublished":"2026-02-16T11:25:15+00:00","dateModified":"2026-03-02T09:34:52+00:00","description":"Ofrece parking a tus clientes sin parking propio. Vales y tickets Telpark para parking gratis o bonificado en una red urbana segura.","breadcrumb":{"@id":"https:\/\/www.telpark.com\/es\/empresas\/parking-para-tus-clientes\/#breadcrumb"},"inLanguage":"es-ES","potentialAction":[{"@type":"ReadAction","target":["https:\/\/www.telpark.com\/es\/empresas\/parking-para-tus-clientes\/"]}]},{"@type":"BreadcrumbList","@id":"https:\/\/www.telpark.com\/es\/empresas\/parking-para-tus-clientes\/#breadcrumb","itemListElement":[{"@type":"ListItem","position":1,"name":"Home","item":"https:\/\/www.telpark.com\/es\/"},{"@type":"ListItem","position":2,"name":"Empresas","item":"https:\/\/www.telpark.com\/es\/empresas\/"},{"@type":"ListItem","position":3,"name":"Parking para tus clientes"}]},{"@type":"WebSite","@id":"https:\/\/www.telpark.com\/es\/#website","url":"https:\/\/www.telpark.com\/es\/","name":"Telpark","description":"Reserva tu plaza en los mejores aparcamientos. Descarga la app y olv\u00eddate de cajeros o parqu\u00edmetros en m\u00e1s de 100 ciudades en Espa\u00f1a y Portugal","publisher":{"@id":"https:\/\/www.telpark.com\/es\/#organization"},"potentialAction":[{"@type":"SearchAction","target":{"@type":"EntryPoint","urlTemplate":"https:\/\/www.telpark.com\/es\/?s={search_term_string}"},"query-input":"required name=search_term_string"}],"inLanguage":"es-ES"},{"@type":"Organization","@id":"https:\/\/www.telpark.com\/es\/#organization","name":"Telpark","url":"https:\/\/www.telpark.com\/es\/","logo":{"@type":"ImageObject","inLanguage":"es-ES","@id":"https:\/\/www.telpark.com\/es\/#\/schema\/logo\/image\/","url":"https:\/\/www.telpark.com\/wp-content\/uploads\/2023\/09\/telpark-logo.svg","contentUrl":"https:\/\/www.telpark.com\/wp-content\/uploads\/2023\/09\/telpark-logo.svg","width":128,"height":32,"caption":"Telpark"},"image":{"@id":"https:\/\/www.telpark.com\/es\/#\/schema\/logo\/image\/"},"sameAs":["https:\/\/twitter.com\/telpark_es","https:\/\/www.instagram.com\/telpark_app\/","https:\/\/www.youtube.com\/channel\/UCm8sjis_xlHU5VYQ6GslW-Q"]}]}},"meta_box":[],"_links":{"self":[{"href":"https:\/\/www.telpark.com\/es\/wp-json\/wp\/v2\/pages\/49207"}],"collection":[{"href":"https:\/\/www.telpark.com\/es\/wp-json\/wp\/v2\/pages"}],"about":[{"href":"https:\/\/www.telpark.com\/es\/wp-json\/wp\/v2\/types\/page"}],"author":[{"embeddable":true,"href":"https:\/\/www.telpark.com\/es\/wp-json\/wp\/v2\/users\/2036"}],"replies":[{"embeddable":true,"href":"https:\/\/www.telpark.com\/es\/wp-json\/wp\/v2\/comments?post=49207"}],"version-history":[{"count":4,"href":"https:\/\/www.telpark.com\/es\/wp-json\/wp\/v2\/pages\/49207\/revisions"}],"predecessor-version":[{"id":50719,"href":"https:\/\/www.telpark.com\/es\/wp-json\/wp\/v2\/pages\/49207\/revisions\/50719"}],"up":[{"embeddable":true,"href":"https:\/\/www.telpark.com\/es\/wp-json\/wp\/v2\/pages\/23"}],"wp:attachment":[{"href":"https:\/\/www.telpark.com\/es\/wp-json\/wp\/v2\/media?parent=49207"}],"curies":[{"name":"wp","href":"https:\/\/api.w.org\/{rel}","templated":true}]}}