{"id":50111,"date":"2026-02-26T09:41:42","date_gmt":"2026-02-26T08:41:42","guid":{"rendered":"https:\/\/www.telpark.com\/?page_id=50111"},"modified":"2026-03-09T09:24:49","modified_gmt":"2026-03-09T08:24:49","slug":"tyc-semana-santa-2026","status":"publish","type":"page","link":"https:\/\/www.telpark.com\/es\/particulares\/promociones\/tyc-semana-santa-2026\/","title":{"rendered":"TyC Semana Santa 2026"},"content":{"rendered":"\n<div class=\"wp-block-group is-layout-constrained wp-block-group-is-layout-constrained\"><div class=\"wp-block-group__inner-container\">\n<section class=\"tpk-hero tpk-hero--products                lower\"\n         style=\"\">\n                        <picture >\n\n                    <source srcset=\"https:\/\/www.telpark.com\/wp-content\/uploads\/2026\/03\/Landing-semana-santa-v2-480x464.jpg\" media=\"((min-width: 0rem) and (max-width: 30rem))\">\n                             <source srcset=\"https:\/\/www.telpark.com\/wp-content\/uploads\/2026\/03\/Landing-semana-santa-v2-1024x464.jpg\" media=\"(min-width: 30rem) and (max-width: 64rem)\" >\n                            <source srcset=\"https:\/\/www.telpark.com\/wp-content\/uploads\/2026\/03\/Landing-semana-santa-v2.jpg\" media=\"(min-width: 64rem)\" >\n        \n        \n                                                                                                        \n        <img decoding=\"async\" fetchpriority=\"high\" src=\"https:\/\/www.telpark.com\/wp-content\/uploads\/2026\/03\/Landing-semana-santa-v2.jpg\" alt=\"\"  width=\"1901\" height=\"464\"  loading=\"eager\">\n    <\/picture>\n\n    \n            <div class=\"tpk-breadcrumb wrapper row\">\n    <nav aria-label=\"Breadcrumb\">\n        <ul>\n                            <li>\n                                            <span aria-current=\"page\">TyC Semana Santa 2026<\/span>\n                                    <\/li>\n                    <\/ul>\n    <\/nav>\n<\/div>        <div class=\"tpk-hero__content wrapper row\">\n                    <div class=\"col-xs-12 col-sm-12 pr-h pl-h\">\n                                <header class=\"tpk-head  wrapper\">\n    <p class=\"tpk-head__caption\">Telpark - Semana Santa 2026<\/p>    <h1 class=\"tpk-head__title\">10% de descuento en tu Reserva si compras con al menos 10 d\u00edas de antelaci\u00f3n<\/h1>    <\/header>\n                                            <a  class=\"tpk-button tpk-button--primary tpk-button--lg \" href=\"https:\/\/go.telpark.com\/bookings?ecid=93874bdd01f93bf71a2ece53e4347e56&rt=true&aw=720&utm_source=bbdd_espa%C3%B1a&utm_medium=landing&utm_campaign=semana_santa_2026\"    >\n    <span>Reserva ya<\/span>\n    <\/a>            \n                    <\/div>\n    <\/div>\n            <div class=\"tpk-hero__cards row wrapper\">\n                                                                                        <div class=\"col-xs-12 col-sm-12 col-md-4 mb-1 pl-h pr-h\">\n                                                                    <\/div>\n                    <\/div>\n    <\/section>\n<div class=\"tpk-spinner__wrapper\">\n    <div class=\"tpk-spinner\"><\/div>\n<\/div>\n\n<article class=\"tpk-page\">\n    <div class=\"row wrapper center-xs tpk-page__content\">\n        <div class=\"col-xs-12 col-sm-10 col-md-8 pt-4 pb-4\">\n            <blockquote>\n<h2>\u00bfQuieres aparcar a un precio exclusivo esta Semana Santa y dejar a buen recaudo tu veh\u00edculo en nuestros parkings?<\/h2>\n<p>Reserva tu estancia con al menos 10 d\u00edas de antelaci\u00f3n y consigue un 10% de descuento. <strong>Puedes reservar desde la web o registr\u00e1ndote en la aplicaci\u00f3n telpark.<\/strong><\/p>\n<p>Los parkings incluidos en esta promoci\u00f3n son todos los aparcamientos telpark de <strong>Espa\u00f1a, Portugal y Andorra.<\/strong><\/p>\n<\/blockquote>\n\n        <\/div>\n    <\/div>\n<\/article>\n\n\n<h2 id=\"como-conseguirlo\"><\/h2>\n\n\n\n<section class=\"tpk-banner-app \">\n    <div class=\"row wrapper middle-xs\">\n        <div class=\"col-xs-12 col-sm-6 col-no-gutter tpk-banner-app__picture\">\n                                                <picture class=\"hide-xs show-sm\">\n\n                             <source srcset=\"https:\/\/www.telpark.com\/wp-content\/uploads\/2024\/08\/ReservaPromo50-compressor-1.webp\" media=\"(min-width: 30rem) and (max-width: 64rem)\" >\n                            <source srcset=\"https:\/\/www.telpark.com\/wp-content\/uploads\/2024\/08\/ReservaPromo50-compressor-1.webp\" media=\"(min-width: 64rem)\" >\n        \n        \n                                                                                                        \n        <img decoding=\"async\" src=\"https:\/\/www.telpark.com\/wp-content\/uploads\/2024\/08\/ReservaPromo50-compressor-1.webp\" alt=\"\"  width=\"680\" height=\"680\"  loading=\"lazy\" >\n    <\/picture>\n\n                                                            <picture class=\"hide-sm\">\n\n                    <source srcset=\"https:\/\/www.telpark.com\/wp-content\/uploads\/2024\/08\/ReservaPromo50-compressor-1.webp\" media=\"((min-width: 0rem) and (max-width: 30rem))\">\n                         \n        \n                                                                                                        \n        <img decoding=\"async\" src=\"https:\/\/www.telpark.com\/wp-content\/uploads\/2024\/08\/ReservaPromo50-compressor-1.webp\" alt=\"\"  width=\"916\" height=\"916\"  loading=\"lazy\" >\n    <\/picture>\n\n                    <\/div>\n        <div class=\"col-xs-12 col-sm-6 tpk-banner-app__content\">\n                        <header class=\"tpk-head  wrapper\">\n    <p class=\"tpk-head__caption\">Reservas con 10% de descuento<\/p>    <h2 class=\"tpk-head__title\">\u00bfC\u00f3mo usar tu descuento en Reservas a trav\u00e9s de la app?<\/h2>    <\/header>\n                            <ul class=\"tpk-banner-app__list\">\n                                            <li>\n                                                            <span class=\"icon icon-flecha-circulo-derecha icon--lg\">\n                                <\/span>\n                                                                                        <p><strong>1. <\/strong>Accede a tu <strong>cuenta de telpark<\/strong> en la app.<\/p>\n                                                    <\/li>\n                                            <li>\n                                                            <span class=\"icon icon-flecha-circulo-derecha icon--lg\">\n                                <\/span>\n                                                                                        <p><strong>2. <\/strong><span data-contrast=\"auto\">Accede a <\/span><b><span data-contrast=\"auto\">\u201cReservar parking\u201d.<\/span><\/b><span data-ccp-props=\"{&quot;201341983&quot;:0,&quot;335551550&quot;:6,&quot;335551620&quot;:6,&quot;335559739&quot;:160,&quot;335559740&quot;:259}\">\u00a0<\/span><\/p>\n                                                    <\/li>\n                                            <li>\n                                                            <span class=\"icon icon-flecha-circulo-derecha icon--lg\">\n                                <\/span>\n                                                                                        <p><strong>3. <\/strong><span data-contrast=\"auto\">Selecciona en el mapa <strong>cualquiera de los parkings telpark disponibles<\/strong><\/span><span data-contrast=\"auto\">.<\/span><\/p>\n                                                    <\/li>\n                                            <li>\n                                                            <span class=\"icon icon-flecha-circulo-derecha icon--lg\">\n                                <\/span>\n                                                                                        <p><strong>4. <\/strong><b><span data-contrast=\"auto\">Rellena la informaci\u00f3n<\/span><\/b><span data-contrast=\"auto\"> y selecciona los d\u00edas que necesitas reservar.<\/span><span data-ccp-props=\"{&quot;201341983&quot;:0,&quot;335551550&quot;:6,&quot;335551620&quot;:6,&quot;335559739&quot;:160,&quot;335559740&quot;:259}\">\u00a0<\/span><\/p>\n                                                    <\/li>\n                                            <li>\n                                                            <span class=\"icon icon-flecha-circulo-derecha icon--lg\">\n                                <\/span>\n                                                                                        <p><strong>5. <\/strong>Confirma el pago. <strong><span data-teams=\"true\">\u00a1El descuento se aplica autom\u00e1ticamente!\u00a0<\/span><\/strong><\/p>\n                                                    <\/li>\n                                            <li>\n                                                                                        <p><em>*Si lo prefieres, puedes reservar tu plaza desde <a href=\"https:\/\/reserva.telpark.com\/es\">nuestra web<\/a><\/em><\/p>\n                                                    <\/li>\n                                    <\/ul>\n                        <div class=\"tpk-banner-app__buttons\">\n                                                                                                                                                <a href=\"https:\/\/apps.apple.com\/es\/app\/telpark\/id658204860\" class=\"tpk-button tpk-button--app dark\" target=\"_blank\">\n        <svg width=\"25\" height=\"30\" viewBox=\"0 0 25 30\" fill=\"none\" xmlns=\"http:\/\/www.w3.org\/2000\/svg\">\n            <path d=\"M23.643 10.227C23.469 10.362 20.397 12.093 20.397 15.942C20.397 20.394 24.306 21.969 24.423 22.008C24.405 22.104 23.802 24.165 22.362 26.265C21.078 28.113 19.737 29.958 17.697 29.958C15.657 29.958 15.132 28.773 12.777 28.773C10.482 28.773 9.666 29.997 7.8 29.997C5.934 29.997 4.632 28.287 3.135 26.187C1.401 23.721 0 19.89 0 16.254C0 10.422 3.792 7.329 7.524 7.329C9.507 7.329 11.16 8.631 12.405 8.631C13.59 8.631 15.438 7.251 17.694 7.251C18.549 7.251 21.621 7.329 23.643 10.227V10.227ZM16.623 4.782C17.556 3.675 18.216 2.139 18.216 0.603C18.216 0.39 18.198 0.174 18.159 0C16.641 0.057 14.835 1.011 13.746 2.274C12.891 3.246 12.093 4.782 12.093 6.339C12.093 6.573 12.132 6.807 12.15 6.882C12.246 6.9 12.402 6.921 12.558 6.921C13.92 6.921 15.633 6.009 16.623 4.782Z\" fill=\"white\"\/>\n        <\/svg>\n        <div>\n            <span>Disponible en<\/span>\n            Apple Store\n        <\/div>\n    <\/a>\n\n                                                                                                                            \n    <a href=\"https:\/\/play.google.com\/store\/apps\/details?id=com.delaware.empark&hl=es&referrer=%26utm_campaign%3Dnondigital%26utm_source%3Dnondigital%26utm_medium%3Dnondigital&pli=1\" class=\"tpk-button tpk-button--app dark\" target=\"_blank\">\n        <svg width=\"23\" height=\"26\" viewBox=\"0 0 23 26\" fill=\"none\" xmlns=\"http:\/\/www.w3.org\/2000\/svg\">\n            <path fill-rule=\"evenodd\" clip-rule=\"evenodd\" d=\"M0.862422 0.87988C0.581172 1.18175 0.419922 1.64675 0.419922 2.25113V23.7411C0.419922 24.3455 0.581172 24.8105 0.873047 25.1018L0.949297 25.1661L12.9905 13.1249V12.8543L0.938672 0.815505L0.862422 0.87988Z\" fill=\"url(#paint0_linear_9_9)\"\/>\n            <path fill-rule=\"evenodd\" clip-rule=\"evenodd\" d=\"M16.9962 17.1543L12.98 13.1368V12.8556L16.9975 8.83807L17.0843 8.89182L21.8362 11.5924C23.1968 12.3593 23.1968 13.6231 21.8362 14.4006L17.0843 17.1012L16.9962 17.1543Z\" fill=\"url(#paint1_linear_9_9)\"\/>\n            <path fill-rule=\"evenodd\" clip-rule=\"evenodd\" d=\"M17.083 17.1005L12.9799 12.9961L0.862371 25.1136C1.30487 25.5892 2.04987 25.643 2.88237 25.178L17.083 17.1005Z\" fill=\"url(#paint2_linear_9_9)\"\/>\n            <path fill-rule=\"evenodd\" clip-rule=\"evenodd\" d=\"M17.083 8.89304L2.88237 0.82616C2.05112 0.350535 1.30487 0.41491 0.862371 0.890535L12.9786 12.9962L17.083 8.89304Z\" fill=\"url(#paint3_linear_9_9)\"\/>\n            <defs>\n            <linearGradient id=\"paint0_linear_9_9\" x1=\"35.6607\" y1=\"-6.74995\" x2=\"-5.23028\" y2=\"12.2052\" gradientUnits=\"userSpaceOnUse\">\n            <stop stop-color=\"#047ED6\"\/>\n            <stop offset=\"1\" stop-color=\"#50E6FF\"\/>\n            <\/linearGradient>\n            <linearGradient id=\"paint1_linear_9_9\" x1=\"24.5643\" y1=\"12.9971\" x2=\"-6.03917\" y2=\"12.9971\" gradientUnits=\"userSpaceOnUse\">\n            <stop stop-color=\"#FFDA1C\"\/>\n            <stop offset=\"1\" stop-color=\"#FEB705\"\/>\n            <\/linearGradient>\n            <linearGradient id=\"paint2_linear_9_9\" x1=\"19.7657\" y1=\"4.95934\" x2=\"-15.0772\" y2=\"45.5368\" gradientUnits=\"userSpaceOnUse\">\n            <stop stop-color=\"#D9414F\"\/>\n            <stop offset=\"1\" stop-color=\"#8C193F\"\/>\n            <\/linearGradient>\n            <linearGradient id=\"paint3_linear_9_9\" x1=\"-2.18997\" y1=\"-6.27096\" x2=\"4.71665\" y2=\"5.36978\" gradientUnits=\"userSpaceOnUse\">\n            <stop stop-color=\"#33C481\"\/>\n            <stop offset=\"1\" stop-color=\"#61E3A7\"\/>\n            <\/linearGradient>\n            <\/defs>\n            <\/svg>\n        <div>\n            <span>Disponible en<\/span>\n            Google Play\n        <\/div>\n    <\/a>\n                                                                                                <\/div>\n        <\/div>\n    <\/div>\n<\/section>\n\n\n<section class=\"tpk-products \">\n    <div class=\"wrapper pl-1 pr-1 pb-3\">\n                <header class=\"tpk-head  wrapper\">\n    <p class=\"tpk-head__caption\">Campa\u00f1a Reservas Semana Santa 2026<\/p>    <h2 class=\"tpk-head__title\">Consulta los parkings incluidos en la promoci\u00f3n<\/h2>    <\/header>    <\/div>\n\n    <div class=\"wrapper tpk-products__cards  \">\n        <input type=\"hidden\" id=\"_wpnonce\" name=\"_wpnonce\" value=\"9f38102fd7\" \/><input type=\"hidden\" name=\"_wp_http_referer\" value=\"\/es\/wp-json\/wp\/v2\/pages\/50111\" \/>\n                    <div class=\"tpk-card-product  \">\n\n\t<div class=\"tpk-card-product__head\">\n\t\t\t\t\t<span class=\"icon icon-documento icon--lg\"><\/span>\n\t\t\t\t\t<\/div>\n\t<div class=\"tpk-card-product__content\">\n\t\t<h4 class=\"tpk-card-product__content__title\">Parkings de la campa\u00f1a<\/h4>\n\t\t\t\t\t<p>Listado parkings<\/p>\n\n\t\t\t<\/div>\n\t\t\t\t\t\t\t\t\t\t\t\t\t\t\t\t\t\t\t\t<a  class=\"tpk-button tpk-button--primary tpk-button--md \" href=\"https:\/\/promotion.telpark.com\/listado-parkings-semana-santa-2026\"    target=\"_blank\" >\n    <span>Ver<\/span>\n            <span class=\"icon icon-arrow-right icon--sm\">\n        <\/span>\n    <\/a>\t\t\t\t\t\t\t\t\t\t\t<\/div>\n            <\/div>\n<\/section>\n\n\n\n<section\n        class=\"tpk-banner-cta tpk-banner-cta--default   negative\"\n        style=\"background-color:#0e8102;\">\n    \n        \n    <div class=\"tpk-banner-cta__content row wrapper middle-xs \">\n        \n                    <div class=\"col-xs-12 col-sm-6 tpk-banner-cta__content__picture\">\n                                                                        <picture >\n\n                    <source srcset=\"https:\/\/www.telpark.com\/wp-content\/uploads\/2026\/03\/img-europcar-landing-460x500.png\" media=\"((min-width: 0rem) and (max-width: 30rem))\">\n                             <source srcset=\"https:\/\/www.telpark.com\/wp-content\/uploads\/2026\/03\/img-europcar-landing-520x500.png\" media=\"(min-width: 30rem) and (max-width: 64rem)\" >\n                            <source srcset=\"https:\/\/www.telpark.com\/wp-content\/uploads\/2026\/03\/img-europcar-landing.png\" media=\"(min-width: 64rem)\" >\n        \n        \n                                                                                                        \n        <img decoding=\"async\" src=\"https:\/\/www.telpark.com\/wp-content\/uploads\/2026\/03\/img-europcar-landing.png\" alt=\"\"  width=\"682\" height=\"500\"  loading=\"lazy\" >\n    <\/picture>\n\n            <\/div>\n            <div class=\"col-xs-12 col-sm-6 tpk-banner-cta__content__text \">\n                \n                                            <header class=\"tpk-head  wrapper\">\n    <p class=\"tpk-head__caption\">Beneficios exclusivos para clientes telpark<\/p>    <h2 class=\"tpk-head__title\">10% de descuento en tu alquiler de veh\u00edculo con Europcar<\/h2>    <p>Por ser cliente telpark, obt\u00e9n 10% descuento con Europcar en tu alquiler de veh\u00edculo.\u00a0<\/p>\n<\/header>                \n                                    <div class=\"tpk-banner-cta__buttons\">\n                                                                                <a  class=\"tpk-button tpk-button--ghost tpk-button--lg \" href=\"https:\/\/www.europcar.es\/es-es\/p\/europcar-partner\/telpark\"    target=\"_blank\" >\n    <span>Descubre m\u00e1s<\/span>\n    <\/a>                                            <\/div>\n                                        <\/div>\n        <\/div>\n    \n    <\/section>\n\n<article class=\"tpk-page\">\n    <div class=\"row wrapper center-xs tpk-page__content\">\n        <div class=\"col-xs-12 col-sm-10 col-md-8 pt-4 pb-4\">\n            <p><!-- wp:paragraph --><\/p>\n<blockquote>\n<h2>T\u00e9rminos y Condiciones<\/h2>\n<\/blockquote>\n<ul>\n<li><strong>\u00bfQu\u00e9 es necesario para acceder a la promoci\u00f3n? <\/strong><br \/>Reserva tu estancia con 10 d\u00edas de antelaci\u00f3n y consigue un 10% de descuento. Puedes reservar desde la web v\u00eda reservas.telpark.com o registr\u00e1ndote en la aplicaci\u00f3n telpark.\n<p><\/li>\n<li><strong>\u00bfEn qu\u00e9 parkings aplica la promoci\u00f3n? <\/strong><br \/>Puedes consultar arriba el listado de parkings asociados a la promoci\u00f3n.\u00a0\n<p><\/li>\n<li><strong>\u00bfQu\u00e9 d\u00edas aplica la promoci\u00f3n? <\/strong><br \/>El 10% de descuento ser\u00e1 v\u00e1lido para estancias desde el 27 de marzo hasta el 06 de abril de 2026, siempre habiendo reservado con 10 d\u00edas de antelaci\u00f3n. Las reservas realizadas a partir del 28 de marzo no tendr\u00e1n el descuento aplicado.\n<p><\/li>\n<li><strong>\u00bfQu\u00e9 producto telpark est\u00e1 sujeta la promoci\u00f3n?<\/strong><br \/>Producto de \"Reservas\" est\u00e1 sujeto a esta promoci\u00f3n.\n<p><\/li>\n<li><strong>\u00bfCu\u00e1ntas veces puedo usar la promoci\u00f3n? <\/strong><br \/>Todas las veces que necesites.\n<p><\/li>\n<li><strong>\u00bfEl 10% de descuento garantiza tu plaza de aparcamiento? <\/strong><br \/>Las plazas son limitadas en el aparcamiento, una vez cubierto el cupo de plazas, ya no se podr\u00e1 realizar m\u00e1s reservas de aparcamiento.\n<p><\/li>\n<li><strong>\u00bfCu\u00e1ntos d\u00edas puedo reservar aparcamiento? <\/strong><br \/>Reserva desde un d\u00eda hasta un mes con entradas y salidas ilimitadas.\u00a0\n<\/li>\n<\/ul>\n<h1>Si tienes dudas,\u00a0nosotros te ayudamos<\/h1>\n<p>&nbsp;<\/p>\n<p>Si durante el proceso de compra te\u202f<strong>surge cualquier problema<\/strong>\u202fo hay algo relevante que nos pueda servir de aprendizaje o mejora de nuestro servicio, por favor, escr\u00edbenos a\u202f<a href=\"mailto:soporte@telpark.com\" target=\"_blank\" rel=\"noreferrer noopener\"><strong>soporte@telpark.com<\/strong><\/a>.\u00a0<\/p>\n<p><!-- \/wp:paragraph --><\/p>\n<p><!-- wp:paragraph --><\/p>\n<p><!-- \/wp:paragraph --><\/p>\n\n        <\/div>\n    <\/div>\n<\/article><\/div><\/div>\n","protected":false},"excerpt":{"rendered":"","protected":false},"author":2049,"featured_media":0,"parent":7217,"menu_order":0,"comment_status":"closed","ping_status":"closed","template":"","meta":{"footnotes":""},"yoast_head":"<!-- This site is optimized with the Yoast SEO plugin v20.12 - https:\/\/yoast.com\/wordpress\/plugins\/seo\/ -->\n<title>TyC Semana Santa 2026 | Telpark<\/title>\n<meta name=\"robots\" content=\"noindex, nofollow\" \/>\n<meta property=\"og:locale\" content=\"es_ES\" \/>\n<meta property=\"og:type\" content=\"article\" \/>\n<meta property=\"og:title\" content=\"TyC Semana Santa 2026 | Telpark\" \/>\n<meta property=\"og:url\" content=\"https:\/\/www.telpark.com\/es\/particulares\/promociones\/tyc-semana-santa-2026\/\" \/>\n<meta property=\"og:site_name\" content=\"Telpark\" \/>\n<meta property=\"article:modified_time\" content=\"2026-03-09T08:24:49+00:00\" \/>\n<meta name=\"twitter:card\" content=\"summary_large_image\" \/>\n<meta name=\"twitter:site\" content=\"@telpark_es\" \/>\n<script type=\"application\/ld+json\" class=\"yoast-schema-graph\">{\"@context\":\"https:\/\/schema.org\",\"@graph\":[{\"@type\":\"WebPage\",\"@id\":\"https:\/\/www.telpark.com\/es\/particulares\/promociones\/tyc-semana-santa-2026\/\",\"url\":\"https:\/\/www.telpark.com\/es\/particulares\/promociones\/tyc-semana-santa-2026\/\",\"name\":\"TyC Semana Santa 2026 | Telpark\",\"isPartOf\":{\"@id\":\"https:\/\/www.telpark.com\/es\/#website\"},\"datePublished\":\"2026-02-26T08:41:42+00:00\",\"dateModified\":\"2026-03-09T08:24:49+00:00\",\"breadcrumb\":{\"@id\":\"https:\/\/www.telpark.com\/es\/particulares\/promociones\/tyc-semana-santa-2026\/#breadcrumb\"},\"inLanguage\":\"es-ES\",\"potentialAction\":[{\"@type\":\"ReadAction\",\"target\":[\"https:\/\/www.telpark.com\/es\/particulares\/promociones\/tyc-semana-santa-2026\/\"]}]},{\"@type\":\"BreadcrumbList\",\"@id\":\"https:\/\/www.telpark.com\/es\/particulares\/promociones\/tyc-semana-santa-2026\/#breadcrumb\",\"itemListElement\":[{\"@type\":\"ListItem\",\"position\":1,\"name\":\"Home\",\"item\":\"https:\/\/www.telpark.com\/es\/\"},{\"@type\":\"ListItem\",\"position\":2,\"name\":\"Particulares\",\"item\":\"https:\/\/www.telpark.com\/es\/\"},{\"@type\":\"ListItem\",\"position\":3,\"name\":\"Promociones\",\"item\":\"https:\/\/www.telpark.com\/es\/particulares\/promociones\/\"},{\"@type\":\"ListItem\",\"position\":4,\"name\":\"TyC Semana Santa 2026\"}]},{\"@type\":\"WebSite\",\"@id\":\"https:\/\/www.telpark.com\/es\/#website\",\"url\":\"https:\/\/www.telpark.com\/es\/\",\"name\":\"Telpark\",\"description\":\"Reserva tu plaza en los mejores aparcamientos. Descarga la app y olv\u00eddate de cajeros o parqu\u00edmetros en m\u00e1s de 100 ciudades en Espa\u00f1a y Portugal\",\"publisher\":{\"@id\":\"https:\/\/www.telpark.com\/es\/#organization\"},\"potentialAction\":[{\"@type\":\"SearchAction\",\"target\":{\"@type\":\"EntryPoint\",\"urlTemplate\":\"https:\/\/www.telpark.com\/es\/?s={search_term_string}\"},\"query-input\":\"required name=search_term_string\"}],\"inLanguage\":\"es-ES\"},{\"@type\":\"Organization\",\"@id\":\"https:\/\/www.telpark.com\/es\/#organization\",\"name\":\"Telpark\",\"url\":\"https:\/\/www.telpark.com\/es\/\",\"logo\":{\"@type\":\"ImageObject\",\"inLanguage\":\"es-ES\",\"@id\":\"https:\/\/www.telpark.com\/es\/#\/schema\/logo\/image\/\",\"url\":\"https:\/\/www.telpark.com\/wp-content\/uploads\/2023\/09\/telpark-logo.svg\",\"contentUrl\":\"https:\/\/www.telpark.com\/wp-content\/uploads\/2023\/09\/telpark-logo.svg\",\"width\":128,\"height\":32,\"caption\":\"Telpark\"},\"image\":{\"@id\":\"https:\/\/www.telpark.com\/es\/#\/schema\/logo\/image\/\"},\"sameAs\":[\"https:\/\/twitter.com\/telpark_es\",\"https:\/\/www.instagram.com\/telpark_app\/\",\"https:\/\/www.youtube.com\/channel\/UCm8sjis_xlHU5VYQ6GslW-Q\"]}]}<\/script>\n<!-- \/ Yoast SEO plugin. -->","yoast_head_json":{"title":"TyC Semana Santa 2026 | Telpark","robots":{"index":"noindex","follow":"nofollow"},"og_locale":"es_ES","og_type":"article","og_title":"TyC Semana Santa 2026 | Telpark","og_url":"https:\/\/www.telpark.com\/es\/particulares\/promociones\/tyc-semana-santa-2026\/","og_site_name":"Telpark","article_modified_time":"2026-03-09T08:24:49+00:00","twitter_card":"summary_large_image","twitter_site":"@telpark_es","schema":{"@context":"https:\/\/schema.org","@graph":[{"@type":"WebPage","@id":"https:\/\/www.telpark.com\/es\/particulares\/promociones\/tyc-semana-santa-2026\/","url":"https:\/\/www.telpark.com\/es\/particulares\/promociones\/tyc-semana-santa-2026\/","name":"TyC Semana Santa 2026 | Telpark","isPartOf":{"@id":"https:\/\/www.telpark.com\/es\/#website"},"datePublished":"2026-02-26T08:41:42+00:00","dateModified":"2026-03-09T08:24:49+00:00","breadcrumb":{"@id":"https:\/\/www.telpark.com\/es\/particulares\/promociones\/tyc-semana-santa-2026\/#breadcrumb"},"inLanguage":"es-ES","potentialAction":[{"@type":"ReadAction","target":["https:\/\/www.telpark.com\/es\/particulares\/promociones\/tyc-semana-santa-2026\/"]}]},{"@type":"BreadcrumbList","@id":"https:\/\/www.telpark.com\/es\/particulares\/promociones\/tyc-semana-santa-2026\/#breadcrumb","itemListElement":[{"@type":"ListItem","position":1,"name":"Home","item":"https:\/\/www.telpark.com\/es\/"},{"@type":"ListItem","position":2,"name":"Particulares","item":"https:\/\/www.telpark.com\/es\/"},{"@type":"ListItem","position":3,"name":"Promociones","item":"https:\/\/www.telpark.com\/es\/particulares\/promociones\/"},{"@type":"ListItem","position":4,"name":"TyC Semana Santa 2026"}]},{"@type":"WebSite","@id":"https:\/\/www.telpark.com\/es\/#website","url":"https:\/\/www.telpark.com\/es\/","name":"Telpark","description":"Reserva tu plaza en los mejores aparcamientos. Descarga la app y olv\u00eddate de cajeros o parqu\u00edmetros en m\u00e1s de 100 ciudades en Espa\u00f1a y Portugal","publisher":{"@id":"https:\/\/www.telpark.com\/es\/#organization"},"potentialAction":[{"@type":"SearchAction","target":{"@type":"EntryPoint","urlTemplate":"https:\/\/www.telpark.com\/es\/?s={search_term_string}"},"query-input":"required name=search_term_string"}],"inLanguage":"es-ES"},{"@type":"Organization","@id":"https:\/\/www.telpark.com\/es\/#organization","name":"Telpark","url":"https:\/\/www.telpark.com\/es\/","logo":{"@type":"ImageObject","inLanguage":"es-ES","@id":"https:\/\/www.telpark.com\/es\/#\/schema\/logo\/image\/","url":"https:\/\/www.telpark.com\/wp-content\/uploads\/2023\/09\/telpark-logo.svg","contentUrl":"https:\/\/www.telpark.com\/wp-content\/uploads\/2023\/09\/telpark-logo.svg","width":128,"height":32,"caption":"Telpark"},"image":{"@id":"https:\/\/www.telpark.com\/es\/#\/schema\/logo\/image\/"},"sameAs":["https:\/\/twitter.com\/telpark_es","https:\/\/www.instagram.com\/telpark_app\/","https:\/\/www.youtube.com\/channel\/UCm8sjis_xlHU5VYQ6GslW-Q"]}]}},"meta_box":[],"_links":{"self":[{"href":"https:\/\/www.telpark.com\/es\/wp-json\/wp\/v2\/pages\/50111"}],"collection":[{"href":"https:\/\/www.telpark.com\/es\/wp-json\/wp\/v2\/pages"}],"about":[{"href":"https:\/\/www.telpark.com\/es\/wp-json\/wp\/v2\/types\/page"}],"author":[{"embeddable":true,"href":"https:\/\/www.telpark.com\/es\/wp-json\/wp\/v2\/users\/2049"}],"replies":[{"embeddable":true,"href":"https:\/\/www.telpark.com\/es\/wp-json\/wp\/v2\/comments?post=50111"}],"version-history":[{"count":2,"href":"https:\/\/www.telpark.com\/es\/wp-json\/wp\/v2\/pages\/50111\/revisions"}],"predecessor-version":[{"id":51033,"href":"https:\/\/www.telpark.com\/es\/wp-json\/wp\/v2\/pages\/50111\/revisions\/51033"}],"up":[{"embeddable":true,"href":"https:\/\/www.telpark.com\/es\/wp-json\/wp\/v2\/pages\/7217"}],"wp:attachment":[{"href":"https:\/\/www.telpark.com\/es\/wp-json\/wp\/v2\/media?parent=50111"}],"curies":[{"name":"wp","href":"https:\/\/api.w.org\/{rel}","templated":true}]}}