{"id":51645,"date":"2026-03-25T16:24:50","date_gmt":"2026-03-25T15:24:50","guid":{"rendered":"https:\/\/www.telpark.com\/?page_id=51645"},"modified":"2026-04-01T12:09:53","modified_gmt":"2026-04-01T11:09:53","slug":"campana-abonos-abril-2026","status":"publish","type":"page","link":"https:\/\/www.telpark.com\/es\/particulares\/promociones\/campana-abonos-abril-2026\/","title":{"rendered":"Campa\u00f1a Abonos Abril 2026"},"content":{"rendered":"\n<div class=\"wp-block-group is-layout-constrained wp-block-group-is-layout-constrained\"><div class=\"wp-block-group__inner-container\">\n<section class=\"tpk-hero tpk-hero--products                lower\"\n         style=\"background-color:#ff9903\">\n    \n            <div class=\"tpk-breadcrumb wrapper row\">\n    <nav aria-label=\"Breadcrumb\">\n        <ul>\n                            <li>\n                                            <span aria-current=\"page\">Campa\u00f1a Abonos Abril 2026<\/span>\n                                    <\/li>\n                    <\/ul>\n    <\/nav>\n<\/div>        <div class=\"tpk-hero__content wrapper row\">\n                    <div class=\"col-xs-12 col-sm-12 pr-h pl-h\">\n                                <header class=\"tpk-head  wrapper\">\n    <p class=\"tpk-head__caption\">Abril 2026<\/p>    <h1 class=\"tpk-head__title\">Campa\u00f1a Abonos Espa\u00f1a y Portugal<\/h1>    <\/header>\n                                            <a  class=\"tpk-button tpk-button--secondary tpk-button--lg \" href=\"https:\/\/go.telpark.com\/subscriptions?ecid=eb9181a3aca4f4dd0597b5efb00562e6&amp;rt=true&amp;aw=720\"    >\n    <span>Consigue tu Abono<\/span>\n    <\/a>            \n                    <\/div>\n    <\/div>\n            <div class=\"tpk-hero__cards row wrapper\">\n                                                                                        <div class=\"col-xs-12 col-sm-12 col-md-4 mb-1 pl-h pr-h\">\n                                                                    <\/div>\n                    <\/div>\n    <\/section>\n<div class=\"tpk-spinner__wrapper\">\n    <div class=\"tpk-spinner\"><\/div>\n<\/div>\n\n\n<section class=\"tpk-banner-app \">\n    <div class=\"row wrapper middle-xs\">\n        <div class=\"col-xs-12 col-sm-6 col-no-gutter tpk-banner-app__picture\">\n                                                <picture class=\"hide-xs show-sm\">\n\n                             <source srcset=\"https:\/\/www.telpark.com\/wp-content\/uploads\/2023\/09\/Gif_multipass-es.webp\" media=\"(min-width: 30rem) and (max-width: 64rem)\" >\n                            <source srcset=\"https:\/\/www.telpark.com\/wp-content\/uploads\/2023\/09\/Gif_multipass-es.webp\" media=\"(min-width: 64rem)\" >\n        \n        \n                                                                                                        \n        <img decoding=\"async\" src=\"https:\/\/www.telpark.com\/wp-content\/uploads\/2023\/09\/Gif_multipass-es.webp\" alt=\"\"  width=\"454\" height=\"430\"  loading=\"lazy\" >\n    <\/picture>\n\n                                <\/div>\n        <div class=\"col-xs-12 col-sm-6 tpk-banner-app__content\">\n                        <header class=\"tpk-head  wrapper\">\n    <p class=\"tpk-head__caption\">Aparcar con Abono<\/p>    <h2 class=\"tpk-head__title\">\u00bfC\u00f3mo conseguirlo?<\/h2>    <\/header>\n                            <ul class=\"tpk-banner-app__list\">\n                                            <li>\n                                                            <span class=\"icon icon-flecha-circulo-derecha icon--lg\">\n                                <\/span>\n                                                                                        <p><strong>1.<\/strong> En la <strong>APP telpark<\/strong>, selecciona \"<strong>Abonos mensuales<\/strong>\" desde la p\u00e1gina de inicio.\u00a0<\/p>\n                                                    <\/li>\n                                            <li>\n                                                            <span class=\"icon icon-flecha-circulo-derecha icon--lg\">\n                                <\/span>\n                                                                                        <p><strong>2.<\/strong> Pulsa en \u201c<strong>Comprar abono<\/strong>\u201d y <strong>localiza<\/strong> el aparcamiento.<\/p>\n                                                    <\/li>\n                                            <li>\n                                                            <span class=\"icon icon-flecha-circulo-derecha icon--lg\">\n                                <\/span>\n                                                                                        <p><strong>3. <\/strong>Selecciona el abono disponible que prefieras.<\/p>\n                                                    <\/li>\n                                            <li>\n                                                            <span class=\"icon icon-flecha-circulo-derecha icon--lg\">\n                                <\/span>\n                                                                                        <p><strong>4.<\/strong> Elige el d\u00eda de inicio, matr\u00edcula, medio de pago y <strong>confirma tu pago<\/strong>.<\/p>\n                                                    <\/li>\n                                    <\/ul>\n                        <div class=\"tpk-banner-app__buttons\">\n                                                                                                                                                <a href=\"https:\/\/apps.apple.com\/es\/app\/telpark\/id658204860\" class=\"tpk-button tpk-button--app dark\" target=\"_blank\">\n        <svg width=\"25\" height=\"30\" viewBox=\"0 0 25 30\" fill=\"none\" xmlns=\"http:\/\/www.w3.org\/2000\/svg\">\n            <path d=\"M23.643 10.227C23.469 10.362 20.397 12.093 20.397 15.942C20.397 20.394 24.306 21.969 24.423 22.008C24.405 22.104 23.802 24.165 22.362 26.265C21.078 28.113 19.737 29.958 17.697 29.958C15.657 29.958 15.132 28.773 12.777 28.773C10.482 28.773 9.666 29.997 7.8 29.997C5.934 29.997 4.632 28.287 3.135 26.187C1.401 23.721 0 19.89 0 16.254C0 10.422 3.792 7.329 7.524 7.329C9.507 7.329 11.16 8.631 12.405 8.631C13.59 8.631 15.438 7.251 17.694 7.251C18.549 7.251 21.621 7.329 23.643 10.227V10.227ZM16.623 4.782C17.556 3.675 18.216 2.139 18.216 0.603C18.216 0.39 18.198 0.174 18.159 0C16.641 0.057 14.835 1.011 13.746 2.274C12.891 3.246 12.093 4.782 12.093 6.339C12.093 6.573 12.132 6.807 12.15 6.882C12.246 6.9 12.402 6.921 12.558 6.921C13.92 6.921 15.633 6.009 16.623 4.782Z\" fill=\"white\"\/>\n        <\/svg>\n        <div>\n            <span>Disponible en<\/span>\n            Apple Store\n        <\/div>\n    <\/a>\n\n                                                                                                                            \n    <a href=\"https:\/\/play.google.com\/store\/apps\/details?id=com.delaware.empark&hl=es&referrer=%26utm_campaign%3Dnondigital%26utm_source%3Dnondigital%26utm_medium%3Dnondigital&pli=1\" class=\"tpk-button tpk-button--app dark\" target=\"_blank\">\n        <svg width=\"23\" height=\"26\" viewBox=\"0 0 23 26\" fill=\"none\" xmlns=\"http:\/\/www.w3.org\/2000\/svg\">\n            <path fill-rule=\"evenodd\" clip-rule=\"evenodd\" d=\"M0.862422 0.87988C0.581172 1.18175 0.419922 1.64675 0.419922 2.25113V23.7411C0.419922 24.3455 0.581172 24.8105 0.873047 25.1018L0.949297 25.1661L12.9905 13.1249V12.8543L0.938672 0.815505L0.862422 0.87988Z\" fill=\"url(#paint0_linear_9_9)\"\/>\n            <path fill-rule=\"evenodd\" clip-rule=\"evenodd\" d=\"M16.9962 17.1543L12.98 13.1368V12.8556L16.9975 8.83807L17.0843 8.89182L21.8362 11.5924C23.1968 12.3593 23.1968 13.6231 21.8362 14.4006L17.0843 17.1012L16.9962 17.1543Z\" fill=\"url(#paint1_linear_9_9)\"\/>\n            <path fill-rule=\"evenodd\" clip-rule=\"evenodd\" d=\"M17.083 17.1005L12.9799 12.9961L0.862371 25.1136C1.30487 25.5892 2.04987 25.643 2.88237 25.178L17.083 17.1005Z\" fill=\"url(#paint2_linear_9_9)\"\/>\n            <path fill-rule=\"evenodd\" clip-rule=\"evenodd\" d=\"M17.083 8.89304L2.88237 0.82616C2.05112 0.350535 1.30487 0.41491 0.862371 0.890535L12.9786 12.9962L17.083 8.89304Z\" fill=\"url(#paint3_linear_9_9)\"\/>\n            <defs>\n            <linearGradient id=\"paint0_linear_9_9\" x1=\"35.6607\" y1=\"-6.74995\" x2=\"-5.23028\" y2=\"12.2052\" gradientUnits=\"userSpaceOnUse\">\n            <stop stop-color=\"#047ED6\"\/>\n            <stop offset=\"1\" stop-color=\"#50E6FF\"\/>\n            <\/linearGradient>\n            <linearGradient id=\"paint1_linear_9_9\" x1=\"24.5643\" y1=\"12.9971\" x2=\"-6.03917\" y2=\"12.9971\" gradientUnits=\"userSpaceOnUse\">\n            <stop stop-color=\"#FFDA1C\"\/>\n            <stop offset=\"1\" stop-color=\"#FEB705\"\/>\n            <\/linearGradient>\n            <linearGradient id=\"paint2_linear_9_9\" x1=\"19.7657\" y1=\"4.95934\" x2=\"-15.0772\" y2=\"45.5368\" gradientUnits=\"userSpaceOnUse\">\n            <stop stop-color=\"#D9414F\"\/>\n            <stop offset=\"1\" stop-color=\"#8C193F\"\/>\n            <\/linearGradient>\n            <linearGradient id=\"paint3_linear_9_9\" x1=\"-2.18997\" y1=\"-6.27096\" x2=\"4.71665\" y2=\"5.36978\" gradientUnits=\"userSpaceOnUse\">\n            <stop stop-color=\"#33C481\"\/>\n            <stop offset=\"1\" stop-color=\"#61E3A7\"\/>\n            <\/linearGradient>\n            <\/defs>\n            <\/svg>\n        <div>\n            <span>Disponible en<\/span>\n            Google Play\n        <\/div>\n    <\/a>\n                                                                                                <\/div>\n        <\/div>\n    <\/div>\n<\/section>\n\n\n<section class=\"tpk-products \">\n    <div class=\"wrapper pl-1 pr-1 pb-3\">\n                <header class=\"tpk-head  wrapper\">\n        <h2 class=\"tpk-head__title\">Consulta los parkings asociados a la campa\u00f1a Abonos Abril 2026<\/h2>    <\/header>    <\/div>\n\n    <div class=\"wrapper tpk-products__cards  \">\n        <input type=\"hidden\" id=\"_wpnonce\" name=\"_wpnonce\" value=\"24af842537\" \/><input type=\"hidden\" name=\"_wp_http_referer\" value=\"\/es\/wp-json\/wp\/v2\/pages\/51645\" \/>\n                    <div class=\"tpk-card-product  \">\n\n\t<div class=\"tpk-card-product__head\">\n\t\t\t\t\t<span class=\"icon icon-documento icon--lg\"><\/span>\n\t\t\t\t\t<\/div>\n\t<div class=\"tpk-card-product__content\">\n\t\t<h4 class=\"tpk-card-product__content__title\">Listado de parkings<\/h4>\n\t\t\t\t\t<p>Los parkings y precios asociados a la campa\u00f1a est\u00e1n limitados a un stock<\/p>\n\n\t\t\t<\/div>\n\t\t\t\t\t\t\t\t\t\t\t\t\t\t\t\t\t\t\t\t<a  class=\"tpk-button tpk-button--primary tpk-button--lg \" href=\"https:\/\/www.telpark.com\/es\/particulares\/promociones\/listado-parking-abonos-abril-2026\/\"    target=\"_blank\" >\n    <span>Ver<\/span>\n            <span class=\"icon icon-arrow-right icon--sm\">\n        <\/span>\n    <\/a>\t\t\t\t\t\t\t\t\t\t\t<\/div>\n            <\/div>\n<\/section>\n\n<article class=\"tpk-page\">\n    <div class=\"row wrapper center-xs tpk-page__content\">\n        <div class=\"col-xs-12 col-sm-10 col-md-8 pt-4 pb-4\">\n            <h2>T\u00e9rminos y Condiciones<\/h2>\n<p><!-- wp:paragraph --><\/p>\n<p><!-- \/wp:paragraph --><\/p>\n<p><!-- wp:paragraph --><\/p>\n<blockquote>\n<p>Puedes consultar todos los t\u00e9rminos y condiciones del producto abono en: <a href=\"https:\/\/www.telpark.com\/es\/centro-legal\/sociedades-empark-terminos-y-condiciones\/\"><strong>Sociedades Empark - T\u00e9rminos y condiciones | Telpark<\/strong><\/a><\/p>\n<p>Precios y promoci\u00f3n vigente del <strong>8 abril al 10 de mayo 2026<\/strong> inclusive en el producto Abono 24h \/ Abono Nocturno \/ Abono Diurno o hasta\u202ffinalizar unidades\u202fsujetas a promoci\u00f3n.<\/p>\n<p>Los precios incluyen IVA. En caso de duda, siempre prevalecer\u00e1 el precio y la disponibilidad en tiempo real mostrado en la APP.<\/p>\n<\/blockquote>\n<p>Si durante el proceso de compra te surge cualquier problema o hay algo relevante que nos pueda servir de aprendizaje o mejora de nuestro servicio, por favor, com\u00e9ntanoslo <a href=\"https:\/\/www.telpark.com\/es\/faqs\/habla-con-nosotros-2\/\"><strong>pulsando aqu\u00ed.<\/strong><\/a><\/p>\n<p>&nbsp;<\/p>\n<h3>Preguntas frecuentes<\/h3>\n<ul>\n<li><strong>\u00bfUn parking puede dejar de estar en promoci\u00f3n entre las fechas del 8 abril al 10 de mayo 2026?<\/strong><br \/>En Espa\u00f1a y Portugal la promoci\u00f3n est\u00e1 sujeta a stock limitado de plazas por cada aparcamiento, por lo que si ese abono ya ha llegado a cupo, no aparecer\u00e1 disponible.\n<p><\/li>\n<li><strong>\u00bfDurante cu\u00e1nto tiempo puedes estacionar en un parking con abono 24h?<\/strong><br \/>Mientras tengas activo el abono, podr\u00e1s aparcar las 24h los 365 d\u00edas al a\u00f1o\n<p><\/li>\n<li><strong>\u00bfDurante cu\u00e1nto tiempo puedes estacionar en un parking con abono diurno\/nocturno?<\/strong><br \/>Mientras tengas activo el abono, podr\u00e1s aparcar en el horario especificado en el descriptivo de su abono\n<p><\/li>\n<li><strong>\u00bfQu\u00e9 validez tiene mi abono?<\/strong><br \/>La validez es mensual, peri\u00f3dicamente, a primero de mes se le pasar\u00e1 el cargo de la mensualidad. En el primer pago, abonar\u00e1 la parte proporcional hasta final del mes en curso, y a primero de mes le cargar\u00e1n el siguiente mes completo, desde ese momento, podr\u00e1 cursar baja cuando lo desee.\n<p><\/li>\n<li><strong>\u00bfEn qu\u00e9 parkings aplican la campa\u00f1a?<\/strong><br \/>Puedes consultar arriba el listado de parkings asociados a la campa\u00f1a de abonos 2026\n<p><\/li>\n<li><strong>\u00bfPuedo cambiar la matr\u00edcula de mi abono?<\/strong><br \/>S\u00ed, siempre que el veh\u00edculo est\u00e9 fuera del parking, desde la propia app, puede entrar en su abono y cambiar la matr\u00edcula asociada a su abono.\n<p><\/li>\n<li><strong>No dispongo de tarjeta de acceso \u00bfC\u00f3mo acceso al aparcamiento?<\/strong><br \/>El sistema de acceso al aparcamiento contratado se realiza exclusivamente con la matr\u00edcula de su veh\u00edculo.\n<p><\/li>\n<li><strong>\u00bfC\u00f3mo descargo la factura \u00f3 comprobante del pago?<\/strong><br \/>En el proceso del alta, se le solicitar\u00e1n los datos de facturaci\u00f3n. Para descargar la factura, en la APP debe entrar en \u201cHist\u00f3rico y justificantes\u201d y ver\u00e1 todos los cargos.\n<p><\/li>\n<li><strong>\u00bfPuedo editar los datos de facturaci\u00f3n?<\/strong><br \/>S\u00ed, pero siempre aplicar\u00e1 para el pr\u00f3ximo periodo facturado. En la App Telpark debe entrar en \u201cM\u00e1s opciones\u201d, luego en \u201cCuenta\u201d y cliquear en \u201cDatos de facturaci\u00f3n\u201d.\n<p><\/li>\n<li><strong><span class=\"NormalTextRun SCXW156468413 BCX0\">\u00bf<\/span><span class=\"NormalTextRun SCXW156468413 BCX0\">Qu\u00e9 tipo de abonos disponen<\/span><span class=\"NormalTextRun SCXW156468413 BCX0\">?<\/span><\/strong><br \/><span class=\"TextRun Highlight SCXW126478733 BCX0\" lang=\"ES-ES\" xml:lang=\"ES-ES\" data-contrast=\"auto\"><span class=\"NormalTextRun SCXW126478733 BCX0\">D<\/span><span class=\"NormalTextRun SCXW126478733 BCX0\">isponemos de<\/span><span class=\"NormalTextRun SCXW126478733 BCX0\">\u00a0variedad de abonos (24h\/nocturnos\/diurnos)\u00a0<\/span><span class=\"NormalTextRun SCXW126478733 BCX0\">dentro del apartado \u201cAbonos mensuales\u201d, depender\u00e1 de cada aparcamiento la disponibilidad de un producto u otro<\/span><span class=\"NormalTextRun SCXW126478733 BCX0\">.<\/span><\/span><span class=\"EOP SCXW126478733 BCX0\" data-ccp-props=\"{}\">\u00a0<\/span>\n<p><\/li>\n<li><strong>\u00bfEl precio ser\u00e1 siempre el mismo?<\/strong><br \/>El precio del abono ser\u00e1 el establecido en el impreso de adhesi\u00f3n de cada uno de los aparcamientos, sujeto a modificaciones y pudiendo el mismo ser revisado en cualquier momento.\n<p><\/li>\n<li><strong>No puedo finalizar la compra error con tarjeta bancaria, \u00bfQu\u00e9 puedo hacer?<\/strong><br \/>Dispone de la posibilidad de agregar otros medios de pago v\u00e1lidos.\n<p><\/li>\n<li><strong>\u00bfPuedo pausar mi abono?<\/strong><br \/>Actualmente no es posible, si desea interrumpir su abono, actualmente debe cursar baja, y realizar el alta cuando le interese. No garantizamos la disponibilidad de plazas a su vuelta, ni el precio actual.\n<p><\/li>\n<li><strong>\u00bfC\u00f3mo cancelo el abono?<\/strong><br \/>Tras abonar el primer mes completo, tendr\u00e1 el bot\u00f3n de cancelar su abono dentro de la ficha de su abono en la APP.\n<p><\/li>\n<li><strong>He tenido incidencia en la renovaci\u00f3n de mi abono, \u00bfC\u00f3mo lo solvento?<\/strong><br \/>Debe agregar un nuevo m\u00e9todo de pago v\u00e1lido, entre en la ficha de su abono desde la APP, y actualice el medio de pago de su abono.\n<p><\/li>\n<li><strong>He borrado la APP, \u00bfpuedo seguir accediendo al aparcamiento?<\/strong><br \/>S\u00ed, si sigue abonando la cuota mensualmente, y no cambia de matr\u00edcula podr\u00e1 seguir accediendo sin problema. Deber\u00e1 volver a instalarla para cualquier cambio o baja.\n<p><\/li>\n<li><strong>Me he equivocado de aparcamiento, \u00bfpuedo cancelar el abono?<\/strong><br \/>Si no ha realizado ning\u00fan uso de su abono, podr\u00e1 desistir de la compra en el plazo legal, cont\u00e1ctenos por la APP.<\/li>\n<\/ul>\n<p><!-- \/wp:paragraph --><\/p>\n<p><!-- wp:paragraph --><\/p>\n<p><!-- \/wp:paragraph --><\/p>\n\n        <\/div>\n    <\/div>\n<\/article><\/div><\/div>\n","protected":false},"excerpt":{"rendered":"","protected":false},"author":13,"featured_media":0,"parent":7217,"menu_order":0,"comment_status":"closed","ping_status":"closed","template":"","meta":{"footnotes":""},"yoast_head":"<!-- This site is optimized with the Yoast SEO plugin v20.12 - https:\/\/yoast.com\/wordpress\/plugins\/seo\/ -->\n<title>Campa\u00f1a Abonos Abril 2026 | Telpark<\/title>\n<meta name=\"robots\" content=\"noindex, nofollow\" \/>\n<meta property=\"og:locale\" content=\"es_ES\" \/>\n<meta property=\"og:type\" content=\"article\" \/>\n<meta property=\"og:title\" content=\"Campa\u00f1a Abonos Abril 2026 | Telpark\" \/>\n<meta property=\"og:url\" content=\"https:\/\/www.telpark.com\/es\/particulares\/promociones\/campana-abonos-abril-2026\/\" \/>\n<meta property=\"og:site_name\" content=\"Telpark\" \/>\n<meta property=\"article:modified_time\" content=\"2026-04-01T11:09:53+00:00\" \/>\n<meta name=\"twitter:card\" content=\"summary_large_image\" \/>\n<meta name=\"twitter:site\" content=\"@telpark_es\" \/>\n<script type=\"application\/ld+json\" class=\"yoast-schema-graph\">{\"@context\":\"https:\/\/schema.org\",\"@graph\":[{\"@type\":\"WebPage\",\"@id\":\"https:\/\/www.telpark.com\/es\/particulares\/promociones\/campana-abonos-abril-2026\/\",\"url\":\"https:\/\/www.telpark.com\/es\/particulares\/promociones\/campana-abonos-abril-2026\/\",\"name\":\"Campa\u00f1a Abonos Abril 2026 | Telpark\",\"isPartOf\":{\"@id\":\"https:\/\/www.telpark.com\/es\/#website\"},\"datePublished\":\"2026-03-25T15:24:50+00:00\",\"dateModified\":\"2026-04-01T11:09:53+00:00\",\"breadcrumb\":{\"@id\":\"https:\/\/www.telpark.com\/es\/particulares\/promociones\/campana-abonos-abril-2026\/#breadcrumb\"},\"inLanguage\":\"es-ES\",\"potentialAction\":[{\"@type\":\"ReadAction\",\"target\":[\"https:\/\/www.telpark.com\/es\/particulares\/promociones\/campana-abonos-abril-2026\/\"]}]},{\"@type\":\"BreadcrumbList\",\"@id\":\"https:\/\/www.telpark.com\/es\/particulares\/promociones\/campana-abonos-abril-2026\/#breadcrumb\",\"itemListElement\":[{\"@type\":\"ListItem\",\"position\":1,\"name\":\"Home\",\"item\":\"https:\/\/www.telpark.com\/es\/\"},{\"@type\":\"ListItem\",\"position\":2,\"name\":\"Particulares\",\"item\":\"https:\/\/www.telpark.com\/es\/\"},{\"@type\":\"ListItem\",\"position\":3,\"name\":\"Promociones\",\"item\":\"https:\/\/www.telpark.com\/es\/particulares\/promociones\/\"},{\"@type\":\"ListItem\",\"position\":4,\"name\":\"Campa\u00f1a Abonos Abril 2026\"}]},{\"@type\":\"WebSite\",\"@id\":\"https:\/\/www.telpark.com\/es\/#website\",\"url\":\"https:\/\/www.telpark.com\/es\/\",\"name\":\"Telpark\",\"description\":\"Reserva tu plaza en los mejores aparcamientos. Descarga la app y olv\u00eddate de cajeros o parqu\u00edmetros en m\u00e1s de 100 ciudades en Espa\u00f1a y Portugal\",\"publisher\":{\"@id\":\"https:\/\/www.telpark.com\/es\/#organization\"},\"potentialAction\":[{\"@type\":\"SearchAction\",\"target\":{\"@type\":\"EntryPoint\",\"urlTemplate\":\"https:\/\/www.telpark.com\/es\/?s={search_term_string}\"},\"query-input\":\"required name=search_term_string\"}],\"inLanguage\":\"es-ES\"},{\"@type\":\"Organization\",\"@id\":\"https:\/\/www.telpark.com\/es\/#organization\",\"name\":\"Telpark\",\"url\":\"https:\/\/www.telpark.com\/es\/\",\"logo\":{\"@type\":\"ImageObject\",\"inLanguage\":\"es-ES\",\"@id\":\"https:\/\/www.telpark.com\/es\/#\/schema\/logo\/image\/\",\"url\":\"https:\/\/www.telpark.com\/wp-content\/uploads\/2023\/09\/telpark-logo.svg\",\"contentUrl\":\"https:\/\/www.telpark.com\/wp-content\/uploads\/2023\/09\/telpark-logo.svg\",\"width\":128,\"height\":32,\"caption\":\"Telpark\"},\"image\":{\"@id\":\"https:\/\/www.telpark.com\/es\/#\/schema\/logo\/image\/\"},\"sameAs\":[\"https:\/\/twitter.com\/telpark_es\",\"https:\/\/www.instagram.com\/telpark_app\/\",\"https:\/\/www.youtube.com\/channel\/UCm8sjis_xlHU5VYQ6GslW-Q\"]}]}<\/script>\n<!-- \/ Yoast SEO plugin. -->","yoast_head_json":{"title":"Campa\u00f1a Abonos Abril 2026 | Telpark","robots":{"index":"noindex","follow":"nofollow"},"og_locale":"es_ES","og_type":"article","og_title":"Campa\u00f1a Abonos Abril 2026 | Telpark","og_url":"https:\/\/www.telpark.com\/es\/particulares\/promociones\/campana-abonos-abril-2026\/","og_site_name":"Telpark","article_modified_time":"2026-04-01T11:09:53+00:00","twitter_card":"summary_large_image","twitter_site":"@telpark_es","schema":{"@context":"https:\/\/schema.org","@graph":[{"@type":"WebPage","@id":"https:\/\/www.telpark.com\/es\/particulares\/promociones\/campana-abonos-abril-2026\/","url":"https:\/\/www.telpark.com\/es\/particulares\/promociones\/campana-abonos-abril-2026\/","name":"Campa\u00f1a Abonos Abril 2026 | Telpark","isPartOf":{"@id":"https:\/\/www.telpark.com\/es\/#website"},"datePublished":"2026-03-25T15:24:50+00:00","dateModified":"2026-04-01T11:09:53+00:00","breadcrumb":{"@id":"https:\/\/www.telpark.com\/es\/particulares\/promociones\/campana-abonos-abril-2026\/#breadcrumb"},"inLanguage":"es-ES","potentialAction":[{"@type":"ReadAction","target":["https:\/\/www.telpark.com\/es\/particulares\/promociones\/campana-abonos-abril-2026\/"]}]},{"@type":"BreadcrumbList","@id":"https:\/\/www.telpark.com\/es\/particulares\/promociones\/campana-abonos-abril-2026\/#breadcrumb","itemListElement":[{"@type":"ListItem","position":1,"name":"Home","item":"https:\/\/www.telpark.com\/es\/"},{"@type":"ListItem","position":2,"name":"Particulares","item":"https:\/\/www.telpark.com\/es\/"},{"@type":"ListItem","position":3,"name":"Promociones","item":"https:\/\/www.telpark.com\/es\/particulares\/promociones\/"},{"@type":"ListItem","position":4,"name":"Campa\u00f1a Abonos Abril 2026"}]},{"@type":"WebSite","@id":"https:\/\/www.telpark.com\/es\/#website","url":"https:\/\/www.telpark.com\/es\/","name":"Telpark","description":"Reserva tu plaza en los mejores aparcamientos. Descarga la app y olv\u00eddate de cajeros o parqu\u00edmetros en m\u00e1s de 100 ciudades en Espa\u00f1a y Portugal","publisher":{"@id":"https:\/\/www.telpark.com\/es\/#organization"},"potentialAction":[{"@type":"SearchAction","target":{"@type":"EntryPoint","urlTemplate":"https:\/\/www.telpark.com\/es\/?s={search_term_string}"},"query-input":"required name=search_term_string"}],"inLanguage":"es-ES"},{"@type":"Organization","@id":"https:\/\/www.telpark.com\/es\/#organization","name":"Telpark","url":"https:\/\/www.telpark.com\/es\/","logo":{"@type":"ImageObject","inLanguage":"es-ES","@id":"https:\/\/www.telpark.com\/es\/#\/schema\/logo\/image\/","url":"https:\/\/www.telpark.com\/wp-content\/uploads\/2023\/09\/telpark-logo.svg","contentUrl":"https:\/\/www.telpark.com\/wp-content\/uploads\/2023\/09\/telpark-logo.svg","width":128,"height":32,"caption":"Telpark"},"image":{"@id":"https:\/\/www.telpark.com\/es\/#\/schema\/logo\/image\/"},"sameAs":["https:\/\/twitter.com\/telpark_es","https:\/\/www.instagram.com\/telpark_app\/","https:\/\/www.youtube.com\/channel\/UCm8sjis_xlHU5VYQ6GslW-Q"]}]}},"meta_box":[],"_links":{"self":[{"href":"https:\/\/www.telpark.com\/es\/wp-json\/wp\/v2\/pages\/51645"}],"collection":[{"href":"https:\/\/www.telpark.com\/es\/wp-json\/wp\/v2\/pages"}],"about":[{"href":"https:\/\/www.telpark.com\/es\/wp-json\/wp\/v2\/types\/page"}],"author":[{"embeddable":true,"href":"https:\/\/www.telpark.com\/es\/wp-json\/wp\/v2\/users\/13"}],"replies":[{"embeddable":true,"href":"https:\/\/www.telpark.com\/es\/wp-json\/wp\/v2\/comments?post=51645"}],"version-history":[{"count":2,"href":"https:\/\/www.telpark.com\/es\/wp-json\/wp\/v2\/pages\/51645\/revisions"}],"predecessor-version":[{"id":51794,"href":"https:\/\/www.telpark.com\/es\/wp-json\/wp\/v2\/pages\/51645\/revisions\/51794"}],"up":[{"embeddable":true,"href":"https:\/\/www.telpark.com\/es\/wp-json\/wp\/v2\/pages\/7217"}],"wp:attachment":[{"href":"https:\/\/www.telpark.com\/es\/wp-json\/wp\/v2\/media?parent=51645"}],"curies":[{"name":"wp","href":"https:\/\/api.w.org\/{rel}","templated":true}]}}