{"id":51675,"date":"2026-03-26T17:35:21","date_gmt":"2026-03-26T16:35:21","guid":{"rendered":"https:\/\/www.telpark.com\/?page_id=51675"},"modified":"2026-03-27T11:13:43","modified_gmt":"2026-03-27T10:13:43","slug":"listado-parking-abonos-abril-2026","status":"publish","type":"page","link":"https:\/\/www.telpark.com\/es\/particulares\/promociones\/listado-parking-abonos-abril-2026\/","title":{"rendered":"Listado parking Abonos Abril 2026"},"content":{"rendered":"\n<div class=\"wp-block-group is-layout-constrained wp-block-group-is-layout-constrained\"><div class=\"wp-block-group__inner-container\">\n<section class=\"tpk-hero tpk-hero--products                lower\"\n         style=\"background-color:#ff9903\">\n    \n            <div class=\"tpk-breadcrumb wrapper row\">\n    <nav aria-label=\"Breadcrumb\">\n        <ul>\n                            <li>\n                                            <span aria-current=\"page\">Listado parking Abonos Abril 2026<\/span>\n                                    <\/li>\n                    <\/ul>\n    <\/nav>\n<\/div>        <div class=\"tpk-hero__content wrapper row\">\n                    <div class=\"col-xs-12 col-sm-12 pr-h pl-h\">\n                                <header class=\"tpk-head  wrapper\">\n    <p class=\"tpk-head__caption\">Abril 2026<\/p>    <h1 class=\"tpk-head__title\">Listado parkings campa\u00f1a Abonos<\/h1>    <\/header>\n            \n                    <\/div>\n    <\/div>\n            <div class=\"tpk-hero__cards row wrapper\">\n                                                                                        <div class=\"col-xs-12 col-sm-12 col-md-4 mb-1 pl-h pr-h\">\n                                                                    <\/div>\n                    <\/div>\n    <\/section>\n<div class=\"tpk-spinner__wrapper\">\n    <div class=\"tpk-spinner\"><\/div>\n<\/div>\n\n<article class=\"tpk-page\">\n    <div class=\"row wrapper center-xs tpk-page__content\">\n        <div class=\"col-xs-12 col-sm-10 col-md-8 pt-4 pb-4\">\n            <p>&nbsp;<\/p>\n<table width=\"566\">\n<tbody>\n<tr>\n<td width=\"218\"><strong>Ciudad<\/strong><\/td>\n<td width=\"348\"><strong>Aparcamiento<\/strong><\/td>\n<\/tr>\n<tr>\n<td>A Coru\u00f1a<\/td>\n<td>F\u00e1brica de Tabacos<\/td>\n<\/tr>\n<tr>\n<td>Albacete<\/td>\n<td>Catedral<\/td>\n<\/tr>\n<tr>\n<td>Albacete<\/td>\n<td>Pablo Medina (Albacete Centro)<\/td>\n<\/tr>\n<tr>\n<td>Albufeira<\/td>\n<td>P1 Albufeira<\/td>\n<\/tr>\n<tr>\n<td>Alicante<\/td>\n<td>Paseo del Mar - Torrevieja<\/td>\n<\/tr>\n<tr>\n<td>Amadora<\/td>\n<td>Elias Garcia<\/td>\n<\/tr>\n<tr>\n<td>Aveiro<\/td>\n<td>Mercado Firmino<\/td>\n<\/tr>\n<tr>\n<td>Badajoz<\/td>\n<td>Baluarte de Santiago<\/td>\n<\/tr>\n<tr>\n<td>Badajoz<\/td>\n<td>San At\u00f3n<\/td>\n<\/tr>\n<tr>\n<td>Barcelona<\/td>\n<td>Barceloneta Port Vell<\/td>\n<\/tr>\n<tr>\n<td>Barcelona<\/td>\n<td>Sagrat Cor<\/td>\n<\/tr>\n<tr>\n<td>Barcelona<\/td>\n<td>Sancho de \u00c1vila<\/td>\n<\/tr>\n<tr>\n<td>Benidorm<\/td>\n<td>Rinc\u00f3n Playa<\/td>\n<\/tr>\n<tr>\n<td>Benidorm<\/td>\n<td>Tom\u00e1s Ortu\u00f1o<\/td>\n<\/tr>\n<tr>\n<td>Cam\u00f5es<\/td>\n<td>Cam\u00f5es<\/td>\n<\/tr>\n<tr>\n<td>Coimbra<\/td>\n<td>Celas Plaza<\/td>\n<\/tr>\n<tr>\n<td>Covilh\u00e3<\/td>\n<td>Esta\u00e7\u00e3o Ferroviaria Covilh\u00e3<\/td>\n<\/tr>\n<tr>\n<td>Covilh\u00e3<\/td>\n<td>Pelourinho Covilh\u00e3<\/td>\n<\/tr>\n<tr>\n<td>Donostia<\/td>\n<td>La Concha<\/td>\n<\/tr>\n<tr>\n<td>Fgueres<\/td>\n<td>Hospital de Figueres<\/td>\n<\/tr>\n<tr>\n<td>Figueras<\/td>\n<td>Passeig Nou Centre<\/td>\n<\/tr>\n<tr>\n<td>Girona<\/td>\n<td>Central Marquina AVE<\/td>\n<\/tr>\n<tr>\n<td>Granada<\/td>\n<td>Estadio Nuevo los C\u00e1rmenes<\/td>\n<\/tr>\n<tr>\n<td>Granada<\/td>\n<td>Pedro Antonio de Alarc\u00f3n<\/td>\n<\/tr>\n<tr>\n<td>Guadalajara<\/td>\n<td>Plaza D\u00e1valos<\/td>\n<\/tr>\n<tr>\n<td>Guadalajara<\/td>\n<td>Plaza Santo Domingo<\/td>\n<\/tr>\n<tr>\n<td>Huelva<\/td>\n<td>Mercado de Carmen<\/td>\n<\/tr>\n<tr>\n<td>Huelva<\/td>\n<td>Pablo Rada<\/td>\n<\/tr>\n<tr>\n<td>Ir\u00fan<\/td>\n<td>Mendibil<\/td>\n<\/tr>\n<tr>\n<td>Ir\u00fan<\/td>\n<td>Plaza San Juan<\/td>\n<\/tr>\n<tr>\n<td>Jerez<\/td>\n<td>Alameda Vieja<\/td>\n<\/tr>\n<tr>\n<td>Jerez<\/td>\n<td>Plaza Mamel\u00f3n<\/td>\n<\/tr>\n<tr>\n<td>Las Palmas<\/td>\n<td>Albareda Playa de las Canteras<\/td>\n<\/tr>\n<tr>\n<td>Las Palmas<\/td>\n<td>Secretario Padilla<\/td>\n<\/tr>\n<tr>\n<td>Leiria<\/td>\n<td>Leiria Maring\u00e1<\/td>\n<\/tr>\n<tr>\n<td>Le\u00f3n<\/td>\n<td>Hospital de Le\u00f3n<\/td>\n<\/tr>\n<tr>\n<td>Lisboa<\/td>\n<td>Alameda (Lisboa)<\/td>\n<\/tr>\n<tr>\n<td>Lisboa<\/td>\n<td>Alexandre Herculano<\/td>\n<\/tr>\n<tr>\n<td>Lisboa<\/td>\n<td>Arco do Cego<\/td>\n<\/tr>\n<tr>\n<td>Lisboa<\/td>\n<td>Av. de Roma<\/td>\n<\/tr>\n<tr>\n<td>Lisboa<\/td>\n<td>Berna<\/td>\n<\/tr>\n<tr>\n<td>Lisboa<\/td>\n<td>Marqu\u00eas de Pombal<\/td>\n<\/tr>\n<tr>\n<td>Lisboa<\/td>\n<td>Pra\u00e7a de Londres<\/td>\n<\/tr>\n<tr>\n<td>Lisboa<\/td>\n<td>Saldanha Residence<\/td>\n<\/tr>\n<tr>\n<td>Lisboa<\/td>\n<td>Valbom<\/td>\n<\/tr>\n<tr>\n<td>Lisboa<\/td>\n<td>Mercado da Ribeira - Casi Sodr\u00e9<\/td>\n<\/tr>\n<tr>\n<td>Lisboa<\/td>\n<td>Ocean\u00e1rio<\/td>\n<\/tr>\n<tr>\n<td>Lisboa<\/td>\n<td>Parque de Doca de Alc\u00e2ntara Rocha<\/td>\n<\/tr>\n<tr>\n<td>Lisboa<\/td>\n<td>S\u00e3o Bento - CNN<\/td>\n<\/tr>\n<tr>\n<td>Madrid<\/td>\n<td>Plaza del Carmen<\/td>\n<\/tr>\n<tr>\n<td>Madrid<\/td>\n<td>Ponzano-Alenza<\/td>\n<\/tr>\n<tr>\n<td>Majadahonda<\/td>\n<td>Gran Via Majadahonda<\/td>\n<\/tr>\n<tr>\n<td>Marbella<\/td>\n<td>Paseo Maritimo de Marbella<\/td>\n<\/tr>\n<tr>\n<td>Noja<\/td>\n<td>Plaza de la Villa<\/td>\n<\/tr>\n<tr>\n<td>Oporto<\/td>\n<td>Aviz<\/td>\n<\/tr>\n<tr>\n<td>Oporto<\/td>\n<td>Mota Galiza<\/td>\n<\/tr>\n<tr>\n<td>Orense<\/td>\n<td>Plaza Alameda (Orense)<\/td>\n<\/tr>\n<tr>\n<td>Palafrugell<\/td>\n<td>Can Mario<\/td>\n<\/tr>\n<tr>\n<td>Palafrugell<\/td>\n<td>Can Quiteria<\/td>\n<\/tr>\n<tr>\n<td>Palencia<\/td>\n<td>Plaza de los Juzgados<\/td>\n<\/tr>\n<tr>\n<td>Pamplona<\/td>\n<td>Blanca de Navarra<\/td>\n<\/tr>\n<tr>\n<td>Pamplona<\/td>\n<td>Zona Hospitalaria<\/td>\n<\/tr>\n<tr>\n<td>Pontevedra<\/td>\n<td>Alameda (Pontevedra)<\/td>\n<\/tr>\n<tr>\n<td>Pontevedra<\/td>\n<td>Plaza Espa\u00f1a (Pontevedra)<\/td>\n<\/tr>\n<tr>\n<td>Porto<\/td>\n<td>Esta\u00e7\u00e3o Metro Est\u00e1dio Drag\u00e3o<\/td>\n<\/tr>\n<tr>\n<td>P\u00f3voa de Varzim<\/td>\n<td>Pra\u00e7a do Almada<\/td>\n<\/tr>\n<tr>\n<td>San Sebasti\u00e1n<\/td>\n<td>Boulevard<\/td>\n<\/tr>\n<tr>\n<td>San Sebasti\u00e1n<\/td>\n<td>Easo<\/td>\n<\/tr>\n<tr>\n<td>San Sebasti\u00e1n<\/td>\n<td>Okendo<\/td>\n<\/tr>\n<tr>\n<td>Sant Cugat del Vall\u00e8s<\/td>\n<td>Quatre Cantons<\/td>\n<\/tr>\n<tr>\n<td>Santa Coloma de Gramanet<\/td>\n<td>Luis Millet<\/td>\n<\/tr>\n<tr>\n<td>Santa Coloma de Gramenet<\/td>\n<td>Hospital Esp\u00edritu Santo<\/td>\n<\/tr>\n<tr>\n<td>Segovia<\/td>\n<td>Acueducto Oriental<\/td>\n<\/tr>\n<tr>\n<td>Sevilla<\/td>\n<td>Los Remedios<\/td>\n<\/tr>\n<tr>\n<td>Valencia<\/td>\n<td>Puerto Valencia - JJ Domine<\/td>\n<\/tr>\n<tr>\n<td>Valls<\/td>\n<td>El Pati<\/td>\n<\/tr>\n<tr>\n<td>Vila Nova de Gaia<\/td>\n<td>Centro C\u00edvico<\/td>\n<\/tr>\n<tr>\n<td>Vila Nova de Gaia<\/td>\n<td>Centro C\u00edvico (Porto)<\/td>\n<\/tr>\n<tr>\n<td>Viseu<\/td>\n<td>Pra\u00e7a D. Jo\u00e3o I Viseu<\/td>\n<\/tr>\n<tr>\n<td>Zamora<\/td>\n<td>Marina Espa\u00f1ola<\/td>\n<\/tr>\n<tr>\n<td>Zaragoza<\/td>\n<td>Romareda<\/td>\n<\/tr>\n<\/tbody>\n<\/table>\n\n        <\/div>\n    <\/div>\n<\/article><\/div><\/div>\n","protected":false},"excerpt":{"rendered":"","protected":false},"author":13,"featured_media":0,"parent":7217,"menu_order":0,"comment_status":"closed","ping_status":"closed","template":"","meta":{"footnotes":""},"yoast_head":"<!-- This site is optimized with the Yoast SEO plugin v20.12 - https:\/\/yoast.com\/wordpress\/plugins\/seo\/ -->\n<title>Listado parking Abonos Abril 2026 | Telpark<\/title>\n<meta name=\"robots\" content=\"noindex, nofollow\" \/>\n<meta property=\"og:locale\" content=\"es_ES\" \/>\n<meta property=\"og:type\" content=\"article\" \/>\n<meta property=\"og:title\" content=\"Listado parking Abonos Abril 2026 | Telpark\" \/>\n<meta property=\"og:url\" content=\"https:\/\/www.telpark.com\/es\/particulares\/promociones\/listado-parking-abonos-abril-2026\/\" \/>\n<meta property=\"og:site_name\" content=\"Telpark\" \/>\n<meta property=\"article:modified_time\" content=\"2026-03-27T10:13:43+00:00\" \/>\n<meta name=\"twitter:card\" content=\"summary_large_image\" \/>\n<meta name=\"twitter:site\" content=\"@telpark_es\" \/>\n<script type=\"application\/ld+json\" class=\"yoast-schema-graph\">{\"@context\":\"https:\/\/schema.org\",\"@graph\":[{\"@type\":\"WebPage\",\"@id\":\"https:\/\/www.telpark.com\/es\/particulares\/promociones\/listado-parking-abonos-abril-2026\/\",\"url\":\"https:\/\/www.telpark.com\/es\/particulares\/promociones\/listado-parking-abonos-abril-2026\/\",\"name\":\"Listado parking Abonos Abril 2026 | Telpark\",\"isPartOf\":{\"@id\":\"https:\/\/www.telpark.com\/es\/#website\"},\"datePublished\":\"2026-03-26T16:35:21+00:00\",\"dateModified\":\"2026-03-27T10:13:43+00:00\",\"breadcrumb\":{\"@id\":\"https:\/\/www.telpark.com\/es\/particulares\/promociones\/listado-parking-abonos-abril-2026\/#breadcrumb\"},\"inLanguage\":\"es-ES\",\"potentialAction\":[{\"@type\":\"ReadAction\",\"target\":[\"https:\/\/www.telpark.com\/es\/particulares\/promociones\/listado-parking-abonos-abril-2026\/\"]}]},{\"@type\":\"BreadcrumbList\",\"@id\":\"https:\/\/www.telpark.com\/es\/particulares\/promociones\/listado-parking-abonos-abril-2026\/#breadcrumb\",\"itemListElement\":[{\"@type\":\"ListItem\",\"position\":1,\"name\":\"Home\",\"item\":\"https:\/\/www.telpark.com\/es\/\"},{\"@type\":\"ListItem\",\"position\":2,\"name\":\"Particulares\",\"item\":\"https:\/\/www.telpark.com\/es\/\"},{\"@type\":\"ListItem\",\"position\":3,\"name\":\"Promociones\",\"item\":\"https:\/\/www.telpark.com\/es\/particulares\/promociones\/\"},{\"@type\":\"ListItem\",\"position\":4,\"name\":\"Listado parking Abonos Abril 2026\"}]},{\"@type\":\"WebSite\",\"@id\":\"https:\/\/www.telpark.com\/es\/#website\",\"url\":\"https:\/\/www.telpark.com\/es\/\",\"name\":\"Telpark\",\"description\":\"Reserva tu plaza en los mejores aparcamientos. Descarga la app y olv\u00eddate de cajeros o parqu\u00edmetros en m\u00e1s de 100 ciudades en Espa\u00f1a y Portugal\",\"publisher\":{\"@id\":\"https:\/\/www.telpark.com\/es\/#organization\"},\"potentialAction\":[{\"@type\":\"SearchAction\",\"target\":{\"@type\":\"EntryPoint\",\"urlTemplate\":\"https:\/\/www.telpark.com\/es\/?s={search_term_string}\"},\"query-input\":\"required name=search_term_string\"}],\"inLanguage\":\"es-ES\"},{\"@type\":\"Organization\",\"@id\":\"https:\/\/www.telpark.com\/es\/#organization\",\"name\":\"Telpark\",\"url\":\"https:\/\/www.telpark.com\/es\/\",\"logo\":{\"@type\":\"ImageObject\",\"inLanguage\":\"es-ES\",\"@id\":\"https:\/\/www.telpark.com\/es\/#\/schema\/logo\/image\/\",\"url\":\"https:\/\/www.telpark.com\/wp-content\/uploads\/2023\/09\/telpark-logo.svg\",\"contentUrl\":\"https:\/\/www.telpark.com\/wp-content\/uploads\/2023\/09\/telpark-logo.svg\",\"width\":128,\"height\":32,\"caption\":\"Telpark\"},\"image\":{\"@id\":\"https:\/\/www.telpark.com\/es\/#\/schema\/logo\/image\/\"},\"sameAs\":[\"https:\/\/twitter.com\/telpark_es\",\"https:\/\/www.instagram.com\/telpark_app\/\",\"https:\/\/www.youtube.com\/channel\/UCm8sjis_xlHU5VYQ6GslW-Q\"]}]}<\/script>\n<!-- \/ Yoast SEO plugin. -->","yoast_head_json":{"title":"Listado parking Abonos Abril 2026 | Telpark","robots":{"index":"noindex","follow":"nofollow"},"og_locale":"es_ES","og_type":"article","og_title":"Listado parking Abonos Abril 2026 | Telpark","og_url":"https:\/\/www.telpark.com\/es\/particulares\/promociones\/listado-parking-abonos-abril-2026\/","og_site_name":"Telpark","article_modified_time":"2026-03-27T10:13:43+00:00","twitter_card":"summary_large_image","twitter_site":"@telpark_es","schema":{"@context":"https:\/\/schema.org","@graph":[{"@type":"WebPage","@id":"https:\/\/www.telpark.com\/es\/particulares\/promociones\/listado-parking-abonos-abril-2026\/","url":"https:\/\/www.telpark.com\/es\/particulares\/promociones\/listado-parking-abonos-abril-2026\/","name":"Listado parking Abonos Abril 2026 | Telpark","isPartOf":{"@id":"https:\/\/www.telpark.com\/es\/#website"},"datePublished":"2026-03-26T16:35:21+00:00","dateModified":"2026-03-27T10:13:43+00:00","breadcrumb":{"@id":"https:\/\/www.telpark.com\/es\/particulares\/promociones\/listado-parking-abonos-abril-2026\/#breadcrumb"},"inLanguage":"es-ES","potentialAction":[{"@type":"ReadAction","target":["https:\/\/www.telpark.com\/es\/particulares\/promociones\/listado-parking-abonos-abril-2026\/"]}]},{"@type":"BreadcrumbList","@id":"https:\/\/www.telpark.com\/es\/particulares\/promociones\/listado-parking-abonos-abril-2026\/#breadcrumb","itemListElement":[{"@type":"ListItem","position":1,"name":"Home","item":"https:\/\/www.telpark.com\/es\/"},{"@type":"ListItem","position":2,"name":"Particulares","item":"https:\/\/www.telpark.com\/es\/"},{"@type":"ListItem","position":3,"name":"Promociones","item":"https:\/\/www.telpark.com\/es\/particulares\/promociones\/"},{"@type":"ListItem","position":4,"name":"Listado parking Abonos Abril 2026"}]},{"@type":"WebSite","@id":"https:\/\/www.telpark.com\/es\/#website","url":"https:\/\/www.telpark.com\/es\/","name":"Telpark","description":"Reserva tu plaza en los mejores aparcamientos. Descarga la app y olv\u00eddate de cajeros o parqu\u00edmetros en m\u00e1s de 100 ciudades en Espa\u00f1a y Portugal","publisher":{"@id":"https:\/\/www.telpark.com\/es\/#organization"},"potentialAction":[{"@type":"SearchAction","target":{"@type":"EntryPoint","urlTemplate":"https:\/\/www.telpark.com\/es\/?s={search_term_string}"},"query-input":"required name=search_term_string"}],"inLanguage":"es-ES"},{"@type":"Organization","@id":"https:\/\/www.telpark.com\/es\/#organization","name":"Telpark","url":"https:\/\/www.telpark.com\/es\/","logo":{"@type":"ImageObject","inLanguage":"es-ES","@id":"https:\/\/www.telpark.com\/es\/#\/schema\/logo\/image\/","url":"https:\/\/www.telpark.com\/wp-content\/uploads\/2023\/09\/telpark-logo.svg","contentUrl":"https:\/\/www.telpark.com\/wp-content\/uploads\/2023\/09\/telpark-logo.svg","width":128,"height":32,"caption":"Telpark"},"image":{"@id":"https:\/\/www.telpark.com\/es\/#\/schema\/logo\/image\/"},"sameAs":["https:\/\/twitter.com\/telpark_es","https:\/\/www.instagram.com\/telpark_app\/","https:\/\/www.youtube.com\/channel\/UCm8sjis_xlHU5VYQ6GslW-Q"]}]}},"meta_box":[],"_links":{"self":[{"href":"https:\/\/www.telpark.com\/es\/wp-json\/wp\/v2\/pages\/51675"}],"collection":[{"href":"https:\/\/www.telpark.com\/es\/wp-json\/wp\/v2\/pages"}],"about":[{"href":"https:\/\/www.telpark.com\/es\/wp-json\/wp\/v2\/types\/page"}],"author":[{"embeddable":true,"href":"https:\/\/www.telpark.com\/es\/wp-json\/wp\/v2\/users\/13"}],"replies":[{"embeddable":true,"href":"https:\/\/www.telpark.com\/es\/wp-json\/wp\/v2\/comments?post=51675"}],"version-history":[{"count":3,"href":"https:\/\/www.telpark.com\/es\/wp-json\/wp\/v2\/pages\/51675\/revisions"}],"predecessor-version":[{"id":51683,"href":"https:\/\/www.telpark.com\/es\/wp-json\/wp\/v2\/pages\/51675\/revisions\/51683"}],"up":[{"embeddable":true,"href":"https:\/\/www.telpark.com\/es\/wp-json\/wp\/v2\/pages\/7217"}],"wp:attachment":[{"href":"https:\/\/www.telpark.com\/es\/wp-json\/wp\/v2\/media?parent=51675"}],"curies":[{"name":"wp","href":"https:\/\/api.w.org\/{rel}","templated":true}]}}