{"id":52043,"date":"2026-04-09T15:21:56","date_gmt":"2026-04-09T14:21:56","guid":{"rendered":"https:\/\/www.telpark.com\/?page_id=52043"},"modified":"2026-05-08T11:47:58","modified_gmt":"2026-05-08T10:47:58","slug":"listado-parkings-ev-week-2026","status":"publish","type":"page","link":"https:\/\/www.telpark.com\/es\/particulares\/promociones\/listado-parkings-ev-week-2026\/","title":{"rendered":"Listado parkings EV Week 2026"},"content":{"rendered":"\n<div class=\"wp-block-group is-layout-constrained wp-block-group-is-layout-constrained\"><div class=\"wp-block-group__inner-container\">\n<section class=\"tpk-hero tpk-hero--products                lower\"\n         style=\"background-color:#7edbfc\">\n    \n            <div class=\"tpk-breadcrumb wrapper row\">\n    <nav aria-label=\"Breadcrumb\">\n        <ul>\n                            <li>\n                                            <span aria-current=\"page\">Listado parkings EV Week 2026<\/span>\n                                    <\/li>\n                    <\/ul>\n    <\/nav>\n<\/div>        <div class=\"tpk-hero__content wrapper row\">\n                    <div class=\"col-xs-12 col-sm-12 pr-h pl-h\">\n                                <header class=\"tpk-head  wrapper\">\n    <p class=\"tpk-head__caption\">11 - 17 Mayo 2026<\/p>    <h3 class=\"tpk-head__title\">Listado parkings con carga el\u00e9ctrica a 0\u20ac\/kWh<\/h3>    <\/header>\n            \n                    <\/div>\n    <\/div>\n            <div class=\"tpk-hero__cards row wrapper\">\n                                                                                        <div class=\"col-xs-12 col-sm-12 col-md-4 mb-1 pl-h pr-h\">\n                                                                    <\/div>\n                    <\/div>\n    <\/section>\n<div class=\"tpk-spinner__wrapper\">\n    <div class=\"tpk-spinner\"><\/div>\n<\/div>\n\n<article class=\"tpk-page\">\n    <div class=\"row wrapper center-xs tpk-page__content\">\n        <div class=\"col-xs-12 col-sm-10 col-md-8 pt-4 pb-4\">\n            <div dir=\"ltr\">\u00a0<\/div>\n<div dir=\"ltr\"><\/p>\n<table class=\" aligncenter\">\n<thead>\n<tr>\n<th dir=\"ltr\">Ciudad<\/th>\n<th dir=\"ltr\">Aparcamiento<\/th>\n<\/tr>\n<tr>\n<td dir=\"ltr\">\u00c1vila<\/td>\n<td dir=\"ltr\">El Grande<\/td>\n<\/tr>\n<tr>\n<td dir=\"ltr\">\u00c1vila<\/td>\n<td dir=\"ltr\">El Rastro<\/td>\n<\/tr>\n<tr>\n<td dir=\"ltr\">Benidorm<\/td>\n<td dir=\"ltr\">Ametlla de Mar<\/td>\n<\/tr>\n<tr>\n<td dir=\"ltr\">Benidorm<\/td>\n<td dir=\"ltr\">Mercado Benidorm<\/td>\n<\/tr>\n<tr>\n<td dir=\"ltr\">Benidorm<\/td>\n<td dir=\"ltr\">Tom\u00e1s Ortu\u00f1o<\/td>\n<\/tr>\n<tr>\n<td dir=\"ltr\">Bilbao<\/td>\n<td dir=\"ltr\">Alh\u00f3ndiga<\/td>\n<\/tr>\n<tr>\n<td dir=\"ltr\">Bilbao<\/td>\n<td dir=\"ltr\">Indautxu<\/td>\n<\/tr>\n<tr>\n<td dir=\"ltr\">Coru\u00f1a<\/td>\n<td dir=\"ltr\">Tabacalera<\/td>\n<\/tr>\n<tr>\n<td dir=\"ltr\">Figueres<\/td>\n<td dir=\"ltr\">Hospital de Figueres<\/td>\n<\/tr>\n<tr>\n<td dir=\"ltr\">Figueres<\/td>\n<td dir=\"ltr\">Passeig Nou<\/td>\n<\/tr>\n<tr>\n<td dir=\"ltr\">Gij\u00f3n<\/td>\n<td dir=\"ltr\">El Arenal<\/td>\n<\/tr>\n<tr>\n<td dir=\"ltr\">Gij\u00f3n<\/td>\n<td dir=\"ltr\">Jardines de N\u00e1utico<\/td>\n<\/tr>\n<tr>\n<td dir=\"ltr\">Granada<\/td>\n<td dir=\"ltr\">Alsina<\/td>\n<\/tr>\n<tr>\n<td dir=\"ltr\">Granada<\/td>\n<td dir=\"ltr\">El Viol\u00f3n<\/td>\n<\/tr>\n<tr>\n<td dir=\"ltr\">Granada<\/td>\n<td dir=\"ltr\">Estadio Nuevo de los C\u00e1rmenes<\/td>\n<\/tr>\n<tr>\n<td dir=\"ltr\">Granada<\/td>\n<td dir=\"ltr\">Pedro Antonio de Alarc\u00f3n<\/td>\n<\/tr>\n<tr>\n<td dir=\"ltr\">Granada<\/td>\n<td dir=\"ltr\">San Agust\u00edn<\/td>\n<\/tr>\n<tr>\n<td dir=\"ltr\">Guadalajara<\/td>\n<td dir=\"ltr\">D\u00e1valos<\/td>\n<\/tr>\n<tr>\n<td dir=\"ltr\">Guadalajara<\/td>\n<td dir=\"ltr\">El Ferial<\/td>\n<\/tr>\n<tr>\n<td dir=\"ltr\">Guadalajara<\/td>\n<td dir=\"ltr\">Plaza Santo Domingo<\/td>\n<\/tr>\n<tr>\n<td dir=\"ltr\">Huelva<\/td>\n<td dir=\"ltr\">Mercado del Carmen<\/td>\n<\/tr>\n<tr>\n<td dir=\"ltr\">Huelva<\/td>\n<td dir=\"ltr\">Pablo Rada<\/td>\n<\/tr>\n<tr>\n<td dir=\"ltr\">Ir\u00fan<\/td>\n<td dir=\"ltr\">Paseo de Col\u00f3n<\/td>\n<\/tr>\n<tr>\n<td dir=\"ltr\">Ir\u00fan<\/td>\n<td dir=\"ltr\">Plaza San Juan<\/td>\n<\/tr>\n<tr>\n<td dir=\"ltr\">Jerez<\/td>\n<td dir=\"ltr\">Alameda Vieja<\/td>\n<\/tr>\n<tr>\n<td dir=\"ltr\">Jerez<\/td>\n<td dir=\"ltr\">Plaza de Mamel\u00f3n<\/td>\n<\/tr>\n<tr>\n<td dir=\"ltr\">Le\u00f3n<\/td>\n<td dir=\"ltr\">Complejo Hospitalario de Le\u00f3n<\/td>\n<\/tr>\n<tr>\n<td dir=\"ltr\">Le\u00f3n<\/td>\n<td dir=\"ltr\">Ordo\u00f1o II<\/td>\n<\/tr>\n<tr>\n<td dir=\"ltr\">Majadahonda<\/td>\n<td dir=\"ltr\">Gran V\u00eda Majadahonda<\/td>\n<\/tr>\n<tr>\n<td dir=\"ltr\">Marbella<\/td>\n<td dir=\"ltr\">Centro Marbella<\/td>\n<\/tr>\n<tr>\n<td dir=\"ltr\">Marbella<\/td>\n<td dir=\"ltr\">Las Terrazas<\/td>\n<\/tr>\n<tr>\n<td dir=\"ltr\">Marbella<\/td>\n<td dir=\"ltr\">Mercado de Marbella<\/td>\n<\/tr>\n<tr>\n<td dir=\"ltr\">Ourense<\/td>\n<td dir=\"ltr\">Alameda<\/td>\n<\/tr>\n<tr>\n<td dir=\"ltr\">Pamplona<\/td>\n<td dir=\"ltr\">Blanca de Navarra<\/td>\n<\/tr>\n<tr>\n<td dir=\"ltr\">Pamplona<\/td>\n<td dir=\"ltr\">El Baluarte<\/td>\n<\/tr>\n<tr>\n<td dir=\"ltr\">Pamplona<\/td>\n<td dir=\"ltr\">Paseo de Invierno<\/td>\n<\/tr>\n<tr>\n<td dir=\"ltr\">Pamplona<\/td>\n<td dir=\"ltr\">Zona Hospitalaria<\/td>\n<\/tr>\n<tr>\n<td dir=\"ltr\">Pontevedra<\/td>\n<td dir=\"ltr\">Montero R\u00edos<\/td>\n<\/tr>\n<tr>\n<td dir=\"ltr\">Sant Cugat<\/td>\n<td dir=\"ltr\">Quatre Cantons<\/td>\n<\/tr>\n<tr>\n<td dir=\"ltr\">Sant Cugat<\/td>\n<td dir=\"ltr\">Llu\u00eds Millet<\/td>\n<\/tr>\n<tr>\n<td dir=\"ltr\">Sant Cugat<\/td>\n<td dir=\"ltr\">Pla\u00e7a de la Vila<\/td>\n<\/tr>\n<tr>\n<td dir=\"ltr\">Tarragona<\/td>\n<td dir=\"ltr\">La Pedrera<\/td>\n<\/tr>\n<tr>\n<td dir=\"ltr\">Tarragona<\/td>\n<td dir=\"ltr\">Rambla Nova<\/td>\n<\/tr>\n<tr>\n<td dir=\"ltr\">Tossa<\/td>\n<td dir=\"ltr\">Ancora<\/td>\n<\/tr>\n<tr>\n<td dir=\"ltr\">Tossa<\/td>\n<td dir=\"ltr\">Porta Sant Feliu<\/td>\n<\/tr>\n<tr>\n<td dir=\"ltr\">Tossa<\/td>\n<td dir=\"ltr\">Puerto Rico<\/td>\n<\/tr>\n<tr>\n<td dir=\"ltr\">Valencia<\/td>\n<td dir=\"ltr\">Albacete Jes\u00fas<\/td>\n<\/tr>\n<tr>\n<td dir=\"ltr\">Valencia<\/td>\n<td dir=\"ltr\">JJ Domine<\/td>\n<\/tr>\n<tr>\n<td dir=\"ltr\">Valencia<\/td>\n<td dir=\"ltr\">Mercado de Ruzafa<\/td>\n<\/tr>\n<tr>\n<td dir=\"ltr\">Valencia<\/td>\n<td dir=\"ltr\">Reino de Valencia<\/td>\n<\/tr>\n<tr>\n<\/thead>\n<\/table>\n<\/div>\n\n        <\/div>\n    <\/div>\n<\/article><\/div><\/div>\n","protected":false},"excerpt":{"rendered":"","protected":false},"author":2049,"featured_media":0,"parent":7217,"menu_order":0,"comment_status":"closed","ping_status":"closed","template":"","meta":{"footnotes":""},"yoast_head":"<!-- This site is optimized with the Yoast SEO plugin v20.12 - https:\/\/yoast.com\/wordpress\/plugins\/seo\/ -->\n<title>Listado parkings EV Week 2026 | Telpark<\/title>\n<meta name=\"robots\" content=\"noindex, nofollow\" \/>\n<meta property=\"og:locale\" content=\"es_ES\" \/>\n<meta property=\"og:type\" content=\"article\" \/>\n<meta property=\"og:title\" content=\"Listado parkings EV Week 2026 | Telpark\" \/>\n<meta property=\"og:url\" content=\"https:\/\/www.telpark.com\/es\/particulares\/promociones\/listado-parkings-ev-week-2026\/\" \/>\n<meta property=\"og:site_name\" content=\"Telpark\" \/>\n<meta property=\"article:modified_time\" content=\"2026-05-08T10:47:58+00:00\" \/>\n<meta name=\"twitter:card\" content=\"summary_large_image\" \/>\n<meta name=\"twitter:site\" content=\"@telpark_es\" \/>\n<script type=\"application\/ld+json\" class=\"yoast-schema-graph\">{\"@context\":\"https:\/\/schema.org\",\"@graph\":[{\"@type\":\"WebPage\",\"@id\":\"https:\/\/www.telpark.com\/es\/particulares\/promociones\/listado-parkings-ev-week-2026\/\",\"url\":\"https:\/\/www.telpark.com\/es\/particulares\/promociones\/listado-parkings-ev-week-2026\/\",\"name\":\"Listado parkings EV Week 2026 | Telpark\",\"isPartOf\":{\"@id\":\"https:\/\/www.telpark.com\/es\/#website\"},\"datePublished\":\"2026-04-09T14:21:56+00:00\",\"dateModified\":\"2026-05-08T10:47:58+00:00\",\"breadcrumb\":{\"@id\":\"https:\/\/www.telpark.com\/es\/particulares\/promociones\/listado-parkings-ev-week-2026\/#breadcrumb\"},\"inLanguage\":\"es-ES\",\"potentialAction\":[{\"@type\":\"ReadAction\",\"target\":[\"https:\/\/www.telpark.com\/es\/particulares\/promociones\/listado-parkings-ev-week-2026\/\"]}]},{\"@type\":\"BreadcrumbList\",\"@id\":\"https:\/\/www.telpark.com\/es\/particulares\/promociones\/listado-parkings-ev-week-2026\/#breadcrumb\",\"itemListElement\":[{\"@type\":\"ListItem\",\"position\":1,\"name\":\"Home\",\"item\":\"https:\/\/www.telpark.com\/es\/\"},{\"@type\":\"ListItem\",\"position\":2,\"name\":\"Particulares\",\"item\":\"https:\/\/www.telpark.com\/es\/\"},{\"@type\":\"ListItem\",\"position\":3,\"name\":\"Promociones\",\"item\":\"https:\/\/www.telpark.com\/es\/particulares\/promociones\/\"},{\"@type\":\"ListItem\",\"position\":4,\"name\":\"Listado parkings EV Week 2026\"}]},{\"@type\":\"WebSite\",\"@id\":\"https:\/\/www.telpark.com\/es\/#website\",\"url\":\"https:\/\/www.telpark.com\/es\/\",\"name\":\"Telpark\",\"description\":\"Reserva tu plaza en los mejores aparcamientos. Descarga la app y olv\u00eddate de cajeros o parqu\u00edmetros en m\u00e1s de 100 ciudades en Espa\u00f1a y Portugal\",\"publisher\":{\"@id\":\"https:\/\/www.telpark.com\/es\/#organization\"},\"potentialAction\":[{\"@type\":\"SearchAction\",\"target\":{\"@type\":\"EntryPoint\",\"urlTemplate\":\"https:\/\/www.telpark.com\/es\/?s={search_term_string}\"},\"query-input\":\"required name=search_term_string\"}],\"inLanguage\":\"es-ES\"},{\"@type\":\"Organization\",\"@id\":\"https:\/\/www.telpark.com\/es\/#organization\",\"name\":\"Telpark\",\"url\":\"https:\/\/www.telpark.com\/es\/\",\"logo\":{\"@type\":\"ImageObject\",\"inLanguage\":\"es-ES\",\"@id\":\"https:\/\/www.telpark.com\/es\/#\/schema\/logo\/image\/\",\"url\":\"https:\/\/www.telpark.com\/wp-content\/uploads\/2023\/09\/telpark-logo.svg\",\"contentUrl\":\"https:\/\/www.telpark.com\/wp-content\/uploads\/2023\/09\/telpark-logo.svg\",\"width\":128,\"height\":32,\"caption\":\"Telpark\"},\"image\":{\"@id\":\"https:\/\/www.telpark.com\/es\/#\/schema\/logo\/image\/\"},\"sameAs\":[\"https:\/\/twitter.com\/telpark_es\",\"https:\/\/www.instagram.com\/telpark_app\/\",\"https:\/\/www.youtube.com\/channel\/UCm8sjis_xlHU5VYQ6GslW-Q\"]}]}<\/script>\n<!-- \/ Yoast SEO plugin. -->","yoast_head_json":{"title":"Listado parkings EV Week 2026 | Telpark","robots":{"index":"noindex","follow":"nofollow"},"og_locale":"es_ES","og_type":"article","og_title":"Listado parkings EV Week 2026 | Telpark","og_url":"https:\/\/www.telpark.com\/es\/particulares\/promociones\/listado-parkings-ev-week-2026\/","og_site_name":"Telpark","article_modified_time":"2026-05-08T10:47:58+00:00","twitter_card":"summary_large_image","twitter_site":"@telpark_es","schema":{"@context":"https:\/\/schema.org","@graph":[{"@type":"WebPage","@id":"https:\/\/www.telpark.com\/es\/particulares\/promociones\/listado-parkings-ev-week-2026\/","url":"https:\/\/www.telpark.com\/es\/particulares\/promociones\/listado-parkings-ev-week-2026\/","name":"Listado parkings EV Week 2026 | Telpark","isPartOf":{"@id":"https:\/\/www.telpark.com\/es\/#website"},"datePublished":"2026-04-09T14:21:56+00:00","dateModified":"2026-05-08T10:47:58+00:00","breadcrumb":{"@id":"https:\/\/www.telpark.com\/es\/particulares\/promociones\/listado-parkings-ev-week-2026\/#breadcrumb"},"inLanguage":"es-ES","potentialAction":[{"@type":"ReadAction","target":["https:\/\/www.telpark.com\/es\/particulares\/promociones\/listado-parkings-ev-week-2026\/"]}]},{"@type":"BreadcrumbList","@id":"https:\/\/www.telpark.com\/es\/particulares\/promociones\/listado-parkings-ev-week-2026\/#breadcrumb","itemListElement":[{"@type":"ListItem","position":1,"name":"Home","item":"https:\/\/www.telpark.com\/es\/"},{"@type":"ListItem","position":2,"name":"Particulares","item":"https:\/\/www.telpark.com\/es\/"},{"@type":"ListItem","position":3,"name":"Promociones","item":"https:\/\/www.telpark.com\/es\/particulares\/promociones\/"},{"@type":"ListItem","position":4,"name":"Listado parkings EV Week 2026"}]},{"@type":"WebSite","@id":"https:\/\/www.telpark.com\/es\/#website","url":"https:\/\/www.telpark.com\/es\/","name":"Telpark","description":"Reserva tu plaza en los mejores aparcamientos. Descarga la app y olv\u00eddate de cajeros o parqu\u00edmetros en m\u00e1s de 100 ciudades en Espa\u00f1a y Portugal","publisher":{"@id":"https:\/\/www.telpark.com\/es\/#organization"},"potentialAction":[{"@type":"SearchAction","target":{"@type":"EntryPoint","urlTemplate":"https:\/\/www.telpark.com\/es\/?s={search_term_string}"},"query-input":"required name=search_term_string"}],"inLanguage":"es-ES"},{"@type":"Organization","@id":"https:\/\/www.telpark.com\/es\/#organization","name":"Telpark","url":"https:\/\/www.telpark.com\/es\/","logo":{"@type":"ImageObject","inLanguage":"es-ES","@id":"https:\/\/www.telpark.com\/es\/#\/schema\/logo\/image\/","url":"https:\/\/www.telpark.com\/wp-content\/uploads\/2023\/09\/telpark-logo.svg","contentUrl":"https:\/\/www.telpark.com\/wp-content\/uploads\/2023\/09\/telpark-logo.svg","width":128,"height":32,"caption":"Telpark"},"image":{"@id":"https:\/\/www.telpark.com\/es\/#\/schema\/logo\/image\/"},"sameAs":["https:\/\/twitter.com\/telpark_es","https:\/\/www.instagram.com\/telpark_app\/","https:\/\/www.youtube.com\/channel\/UCm8sjis_xlHU5VYQ6GslW-Q"]}]}},"meta_box":[],"_links":{"self":[{"href":"https:\/\/www.telpark.com\/es\/wp-json\/wp\/v2\/pages\/52043"}],"collection":[{"href":"https:\/\/www.telpark.com\/es\/wp-json\/wp\/v2\/pages"}],"about":[{"href":"https:\/\/www.telpark.com\/es\/wp-json\/wp\/v2\/types\/page"}],"author":[{"embeddable":true,"href":"https:\/\/www.telpark.com\/es\/wp-json\/wp\/v2\/users\/2049"}],"replies":[{"embeddable":true,"href":"https:\/\/www.telpark.com\/es\/wp-json\/wp\/v2\/comments?post=52043"}],"version-history":[{"count":2,"href":"https:\/\/www.telpark.com\/es\/wp-json\/wp\/v2\/pages\/52043\/revisions"}],"predecessor-version":[{"id":52731,"href":"https:\/\/www.telpark.com\/es\/wp-json\/wp\/v2\/pages\/52043\/revisions\/52731"}],"up":[{"embeddable":true,"href":"https:\/\/www.telpark.com\/es\/wp-json\/wp\/v2\/pages\/7217"}],"wp:attachment":[{"href":"https:\/\/www.telpark.com\/es\/wp-json\/wp\/v2\/media?parent=52043"}],"curies":[{"name":"wp","href":"https:\/\/api.w.org\/{rel}","templated":true}]}}