{"id":8,"date":"2023-02-16T10:02:14","date_gmt":"2023-02-16T10:02:14","guid":{"rendered":"https:\/\/telpark.cmspro.telpark.com\/?page_id=8"},"modified":"2024-12-13T11:54:29","modified_gmt":"2024-12-13T10:54:29","slug":"faqs","status":"publish","type":"page","link":"https:\/\/www.telpark.com\/es\/faqs\/","title":{"rendered":"Ayuda"},"content":{"rendered":"<section id=\"tpk-faqs\"\n         class=\"tpk-faqs  \">\n                <div class=\"wrapper pl-1 pr-1\">\n                        <header class=\"tpk-head  wrapper\">\n        <h1 class=\"tpk-head__title\">Categor\u00edas de ayuda<\/h1>    <p>Busca entre nuestras preguntas frecuentes aquella que pueda ayudarte. Si no es as\u00ed, no dudes en contactar con nosotros.\u00a0<\/p>\n<\/header>        <\/div>\n        <div class=\"wrapper row\">\n                                        <div class=\"col-xs-12 col-sm-12 col-md-5 \">\n        <div class=\"tpk-faq\">\n            <a  href=\"https:\/\/www.telpark.com\/es\/faq\/abonos\/\"  class=\"tpk-faq__button\"\n               data-id=\"464\"  data-type=\"childs\"  >\n                                    <span class=\"icon icon-bono icon--sm mr-1\"><\/span>\n                                Abonos\n                <span class=\"icon icon-chevron-right icon--sm\"><\/span>\n            <\/a>\n        <\/div>\n    <\/div>\n    <div class=\"col-xs-12 col-sm-12 col-md-5 col-md-offset-2\">\n        <div class=\"tpk-faq\">\n            <a  href=\"https:\/\/www.telpark.com\/es\/faq\/carga-electrica\/\"  class=\"tpk-faq__button\"\n               data-id=\"50\"  data-type=\"childs\"  >\n                                    <span class=\"icon icon-car-electric icon--sm mr-1\"><\/span>\n                                Carga el\u00e9ctrica\n                <span class=\"icon icon-chevron-right icon--sm\"><\/span>\n            <\/a>\n        <\/div>\n    <\/div>\n    <div class=\"col-xs-12 col-sm-12 col-md-5 \">\n        <div class=\"tpk-faq\">\n            <a  href=\"https:\/\/www.telpark.com\/es\/faq\/como_detectar_una_estafa\/\"  class=\"tpk-faq__button\"\n               data-id=\"3740\"  data-type=\"faqs\" >\n                                    <span class=\"icon icon-alert icon--sm mr-1\"><\/span>\n                                C\u00f3mo detectar una estafa\n                <span class=\"icon icon-chevron-right icon--sm\"><\/span>\n            <\/a>\n        <\/div>\n    <\/div>\n    <div class=\"col-xs-12 col-sm-12 col-md-5 col-md-offset-2\">\n        <div class=\"tpk-faq\">\n            <a  href=\"https:\/\/www.telpark.com\/es\/faq\/denuncias\/\"  class=\"tpk-faq__button\"\n               data-id=\"34\"  data-type=\"childs\"  >\n                                    <span class=\"icon icon-offenses icon--sm mr-1\"><\/span>\n                                Denuncias\n                <span class=\"icon icon-chevron-right icon--sm\"><\/span>\n            <\/a>\n        <\/div>\n    <\/div>\n    <div class=\"col-xs-12 col-sm-12 col-md-5 \">\n        <div class=\"tpk-faq\">\n            <a  href=\"https:\/\/www.telpark.com\/es\/faq\/entrada-express\/\"  class=\"tpk-faq__button\"\n               data-id=\"47\"  data-type=\"childs\"  >\n                                    <span class=\"icon icon-car-express icon--sm mr-1\"><\/span>\n                                Entrada Express\n                <span class=\"icon icon-chevron-right icon--sm\"><\/span>\n            <\/a>\n        <\/div>\n    <\/div>\n    <div class=\"col-xs-12 col-sm-12 col-md-5 col-md-offset-2\">\n        <div class=\"tpk-faq\">\n            <a  href=\"https:\/\/www.telpark.com\/es\/faq\/mi-cuenta\/\"  class=\"tpk-faq__button\"\n               data-id=\"26\"  data-type=\"childs\"  >\n                                    <span class=\"icon icon-personal-data icon--sm mr-1\"><\/span>\n                                Mi cuenta\n                <span class=\"icon icon-chevron-right icon--sm\"><\/span>\n            <\/a>\n        <\/div>\n    <\/div>\n    <div class=\"col-xs-12 col-sm-12 col-md-5 \">\n        <div class=\"tpk-faq\">\n            <a  href=\"https:\/\/www.telpark.com\/es\/faq\/multipass\/\"  class=\"tpk-faq__button\"\n               data-id=\"309\"  data-type=\"childs\"  >\n                                    <span class=\"icon icon-multipass icon--sm mr-1\"><\/span>\n                                Multipass\n                <span class=\"icon icon-chevron-right icon--sm\"><\/span>\n            <\/a>\n        <\/div>\n    <\/div>\n    <div class=\"col-xs-12 col-sm-12 col-md-5 col-md-offset-2\">\n        <div class=\"tpk-faq\">\n            <a  href=\"https:\/\/www.telpark.com\/es\/faq\/pagos-y-facturacion\/\"  class=\"tpk-faq__button\"\n               data-id=\"31\"  data-type=\"childs\"  >\n                                    <span class=\"icon icon-payments icon--sm mr-1\"><\/span>\n                                Pagos y facturaci\u00f3n\n                <span class=\"icon icon-chevron-right icon--sm\"><\/span>\n            <\/a>\n        <\/div>\n    <\/div>\n    <div class=\"col-xs-12 col-sm-12 col-md-5 \">\n        <div class=\"tpk-faq\">\n            <a  href=\"https:\/\/www.telpark.com\/es\/faq\/parking-para-clientes\/\"  class=\"tpk-faq__button\"\n               data-id=\"4313\"  data-type=\"faqs\" >\n                                    <span class=\"icon icon-park icon--sm mr-1\"><\/span>\n                                Parking para clientes\n                <span class=\"icon icon-chevron-right icon--sm\"><\/span>\n            <\/a>\n        <\/div>\n    <\/div>\n    <div class=\"col-xs-12 col-sm-12 col-md-5 col-md-offset-2\">\n        <div class=\"tpk-faq\">\n            <a  href=\"https:\/\/www.telpark.com\/es\/faq\/parquimetro\/\"  class=\"tpk-faq__button\"\n               data-id=\"37\"  data-type=\"childs\"  >\n                                    <span class=\"icon icon-parkimeter icon--sm mr-1\"><\/span>\n                                Parqu\u00edmetro\n                <span class=\"icon icon-chevron-right icon--sm\"><\/span>\n            <\/a>\n        <\/div>\n    <\/div>\n    <div class=\"col-xs-12 col-sm-12 col-md-5 \">\n        <div class=\"tpk-faq\">\n            <a  href=\"https:\/\/www.telpark.com\/es\/faq\/reservas\/\"  class=\"tpk-faq__button\"\n               data-id=\"42\"  data-type=\"childs\"  >\n                                    <span class=\"icon icon-reserva icon--sm mr-1\"><\/span>\n                                Reservas\n                <span class=\"icon icon-chevron-right icon--sm\"><\/span>\n            <\/a>\n        <\/div>\n    <\/div>\n    <div class=\"col-xs-12 col-sm-12 col-md-5 col-md-offset-2\">\n        <div class=\"tpk-faq\">\n            <a  href=\"https:\/\/www.telpark.com\/es\/faq\/sobre-telpark\/\"  class=\"tpk-faq__button\"\n               data-id=\"23\"  data-type=\"childs\"  >\n                                    <span class=\"icon icon-telpark icon--sm mr-1\"><\/span>\n                                Sobre telpark\n                <span class=\"icon icon-chevron-right icon--sm\"><\/span>\n            <\/a>\n        <\/div>\n    <\/div>\n    <div class=\"col-xs-12 col-sm-12 col-md-5 \">\n        <div class=\"tpk-faq\">\n            <a  href=\"https:\/\/www.telpark.com\/es\/faq\/soporte-tecnico\/\"  class=\"tpk-faq__button\"\n               data-id=\"634\"  data-type=\"faqs\" >\n                                    <span class=\"icon icon-chat icon--sm mr-1\"><\/span>\n                                Soporte t\u00e9cnico\n                <span class=\"icon icon-chevron-right icon--sm\"><\/span>\n            <\/a>\n        <\/div>\n    <\/div>\n    <div class=\"col-xs-12 col-sm-12 col-md-5 col-md-offset-2\">\n        <div class=\"tpk-faq\">\n            <a  href=\"https:\/\/www.telpark.com\/es\/faq\/telpark-business\/\"  class=\"tpk-faq__button\"\n               data-id=\"3636\"  data-type=\"faqs\" >\n                                    <span class=\"icon icon-city icon--sm mr-1\"><\/span>\n                                telpark Business\n                <span class=\"icon icon-chevron-right icon--sm\"><\/span>\n            <\/a>\n        <\/div>\n    <\/div>\n                        <\/div>\n    <\/section>\n","protected":false},"excerpt":{"rendered":"","protected":false},"author":1,"featured_media":0,"parent":0,"menu_order":0,"comment_status":"closed","ping_status":"closed","template":"template-faqs.php","meta":{"footnotes":""},"yoast_head":"<!-- This site is optimized with the Yoast SEO plugin v20.12 - https:\/\/yoast.com\/wordpress\/plugins\/seo\/ -->\n<title>Ayuda - FAQs | telpark<\/title>\n<meta name=\"description\" content=\"Encuentra respuestas a tus preguntas m\u00e1s frecuentes sobre telpark y sus productos en nuestra p\u00e1gina de FAQs: soluciones r\u00e1pidas y eficaces.\" \/>\n<meta name=\"robots\" content=\"index, follow, max-snippet:-1, max-image-preview:large, max-video-preview:-1\" \/>\n<link rel=\"canonical\" href=\"https:\/\/www.telpark.com\/es\/faqs\/\" \/>\n<meta property=\"og:locale\" content=\"es_ES\" \/>\n<meta property=\"og:type\" content=\"article\" \/>\n<meta property=\"og:title\" content=\"Ayuda - FAQs | telpark\" \/>\n<meta property=\"og:description\" content=\"Encuentra respuestas a tus preguntas m\u00e1s frecuentes sobre telpark y sus productos en nuestra p\u00e1gina de FAQs: soluciones r\u00e1pidas y eficaces.\" \/>\n<meta property=\"og:url\" content=\"https:\/\/www.telpark.com\/es\/faqs\/\" \/>\n<meta property=\"og:site_name\" content=\"Telpark\" \/>\n<meta property=\"article:modified_time\" content=\"2024-12-13T10:54:29+00:00\" \/>\n<meta name=\"twitter:card\" content=\"summary_large_image\" \/>\n<meta name=\"twitter:site\" content=\"@telpark_es\" \/>\n<script type=\"application\/ld+json\" class=\"yoast-schema-graph\">{\"@context\":\"https:\/\/schema.org\",\"@graph\":[{\"@type\":\"WebPage\",\"@id\":\"https:\/\/www.telpark.com\/es\/faqs\/\",\"url\":\"https:\/\/www.telpark.com\/es\/faqs\/\",\"name\":\"Ayuda - FAQs | telpark\",\"isPartOf\":{\"@id\":\"https:\/\/www.telpark.com\/es\/#website\"},\"datePublished\":\"2023-02-16T10:02:14+00:00\",\"dateModified\":\"2024-12-13T10:54:29+00:00\",\"description\":\"Encuentra respuestas a tus preguntas m\u00e1s frecuentes sobre telpark y sus productos en nuestra p\u00e1gina de FAQs: soluciones r\u00e1pidas y eficaces.\",\"breadcrumb\":{\"@id\":\"https:\/\/www.telpark.com\/es\/faqs\/#breadcrumb\"},\"inLanguage\":\"es-ES\",\"potentialAction\":[{\"@type\":\"ReadAction\",\"target\":[\"https:\/\/www.telpark.com\/es\/faqs\/\"]}]},{\"@type\":\"BreadcrumbList\",\"@id\":\"https:\/\/www.telpark.com\/es\/faqs\/#breadcrumb\",\"itemListElement\":[{\"@type\":\"ListItem\",\"position\":1,\"name\":\"Home\",\"item\":\"https:\/\/www.telpark.com\/es\/\"},{\"@type\":\"ListItem\",\"position\":2,\"name\":\"Ayuda\"}]},{\"@type\":\"WebSite\",\"@id\":\"https:\/\/www.telpark.com\/es\/#website\",\"url\":\"https:\/\/www.telpark.com\/es\/\",\"name\":\"Telpark\",\"description\":\"Reserva tu plaza en los mejores aparcamientos. Descarga la app y olv\u00eddate de cajeros o parqu\u00edmetros en m\u00e1s de 100 ciudades en Espa\u00f1a y Portugal\",\"publisher\":{\"@id\":\"https:\/\/www.telpark.com\/es\/#organization\"},\"potentialAction\":[{\"@type\":\"SearchAction\",\"target\":{\"@type\":\"EntryPoint\",\"urlTemplate\":\"https:\/\/www.telpark.com\/es\/?s={search_term_string}\"},\"query-input\":\"required name=search_term_string\"}],\"inLanguage\":\"es-ES\"},{\"@type\":\"Organization\",\"@id\":\"https:\/\/www.telpark.com\/es\/#organization\",\"name\":\"Telpark\",\"url\":\"https:\/\/www.telpark.com\/es\/\",\"logo\":{\"@type\":\"ImageObject\",\"inLanguage\":\"es-ES\",\"@id\":\"https:\/\/www.telpark.com\/es\/#\/schema\/logo\/image\/\",\"url\":\"https:\/\/www.telpark.com\/wp-content\/uploads\/2023\/09\/telpark-logo.svg\",\"contentUrl\":\"https:\/\/www.telpark.com\/wp-content\/uploads\/2023\/09\/telpark-logo.svg\",\"width\":128,\"height\":32,\"caption\":\"Telpark\"},\"image\":{\"@id\":\"https:\/\/www.telpark.com\/es\/#\/schema\/logo\/image\/\"},\"sameAs\":[\"https:\/\/twitter.com\/telpark_es\",\"https:\/\/www.instagram.com\/telpark_app\/\",\"https:\/\/www.youtube.com\/channel\/UCm8sjis_xlHU5VYQ6GslW-Q\"]}]}<\/script>\n<!-- \/ Yoast SEO plugin. -->","yoast_head_json":{"title":"Ayuda - FAQs | telpark","description":"Encuentra respuestas a tus preguntas m\u00e1s frecuentes sobre telpark y sus productos en nuestra p\u00e1gina de FAQs: soluciones r\u00e1pidas y eficaces.","robots":{"index":"index","follow":"follow","max-snippet":"max-snippet:-1","max-image-preview":"max-image-preview:large","max-video-preview":"max-video-preview:-1"},"canonical":"https:\/\/www.telpark.com\/es\/faqs\/","og_locale":"es_ES","og_type":"article","og_title":"Ayuda - FAQs | telpark","og_description":"Encuentra respuestas a tus preguntas m\u00e1s frecuentes sobre telpark y sus productos en nuestra p\u00e1gina de FAQs: soluciones r\u00e1pidas y eficaces.","og_url":"https:\/\/www.telpark.com\/es\/faqs\/","og_site_name":"Telpark","article_modified_time":"2024-12-13T10:54:29+00:00","twitter_card":"summary_large_image","twitter_site":"@telpark_es","schema":{"@context":"https:\/\/schema.org","@graph":[{"@type":"WebPage","@id":"https:\/\/www.telpark.com\/es\/faqs\/","url":"https:\/\/www.telpark.com\/es\/faqs\/","name":"Ayuda - FAQs | telpark","isPartOf":{"@id":"https:\/\/www.telpark.com\/es\/#website"},"datePublished":"2023-02-16T10:02:14+00:00","dateModified":"2024-12-13T10:54:29+00:00","description":"Encuentra respuestas a tus preguntas m\u00e1s frecuentes sobre telpark y sus productos en nuestra p\u00e1gina de FAQs: soluciones r\u00e1pidas y eficaces.","breadcrumb":{"@id":"https:\/\/www.telpark.com\/es\/faqs\/#breadcrumb"},"inLanguage":"es-ES","potentialAction":[{"@type":"ReadAction","target":["https:\/\/www.telpark.com\/es\/faqs\/"]}]},{"@type":"BreadcrumbList","@id":"https:\/\/www.telpark.com\/es\/faqs\/#breadcrumb","itemListElement":[{"@type":"ListItem","position":1,"name":"Home","item":"https:\/\/www.telpark.com\/es\/"},{"@type":"ListItem","position":2,"name":"Ayuda"}]},{"@type":"WebSite","@id":"https:\/\/www.telpark.com\/es\/#website","url":"https:\/\/www.telpark.com\/es\/","name":"Telpark","description":"Reserva tu plaza en los mejores aparcamientos. Descarga la app y olv\u00eddate de cajeros o parqu\u00edmetros en m\u00e1s de 100 ciudades en Espa\u00f1a y Portugal","publisher":{"@id":"https:\/\/www.telpark.com\/es\/#organization"},"potentialAction":[{"@type":"SearchAction","target":{"@type":"EntryPoint","urlTemplate":"https:\/\/www.telpark.com\/es\/?s={search_term_string}"},"query-input":"required name=search_term_string"}],"inLanguage":"es-ES"},{"@type":"Organization","@id":"https:\/\/www.telpark.com\/es\/#organization","name":"Telpark","url":"https:\/\/www.telpark.com\/es\/","logo":{"@type":"ImageObject","inLanguage":"es-ES","@id":"https:\/\/www.telpark.com\/es\/#\/schema\/logo\/image\/","url":"https:\/\/www.telpark.com\/wp-content\/uploads\/2023\/09\/telpark-logo.svg","contentUrl":"https:\/\/www.telpark.com\/wp-content\/uploads\/2023\/09\/telpark-logo.svg","width":128,"height":32,"caption":"Telpark"},"image":{"@id":"https:\/\/www.telpark.com\/es\/#\/schema\/logo\/image\/"},"sameAs":["https:\/\/twitter.com\/telpark_es","https:\/\/www.instagram.com\/telpark_app\/","https:\/\/www.youtube.com\/channel\/UCm8sjis_xlHU5VYQ6GslW-Q"]}]}},"meta_box":[],"_links":{"self":[{"href":"https:\/\/www.telpark.com\/es\/wp-json\/wp\/v2\/pages\/8"}],"collection":[{"href":"https:\/\/www.telpark.com\/es\/wp-json\/wp\/v2\/pages"}],"about":[{"href":"https:\/\/www.telpark.com\/es\/wp-json\/wp\/v2\/types\/page"}],"author":[{"embeddable":true,"href":"https:\/\/www.telpark.com\/es\/wp-json\/wp\/v2\/users\/1"}],"replies":[{"embeddable":true,"href":"https:\/\/www.telpark.com\/es\/wp-json\/wp\/v2\/comments?post=8"}],"version-history":[{"count":3,"href":"https:\/\/www.telpark.com\/es\/wp-json\/wp\/v2\/pages\/8\/revisions"}],"predecessor-version":[{"id":42806,"href":"https:\/\/www.telpark.com\/es\/wp-json\/wp\/v2\/pages\/8\/revisions\/42806"}],"wp:attachment":[{"href":"https:\/\/www.telpark.com\/es\/wp-json\/wp\/v2\/media?parent=8"}],"curies":[{"name":"wp","href":"https:\/\/api.w.org\/{rel}","templated":true}]}}