{"id":26575,"date":"2023-02-16T10:02:14","date_gmt":"2023-02-16T09:02:14","guid":{"rendered":"https:\/\/telpark.cmspro.telpark.com\/laguntzak\/"},"modified":"2023-09-28T12:50:41","modified_gmt":"2023-09-28T11:50:41","slug":"laguntzak","status":"publish","type":"page","link":"https:\/\/www.telpark.com\/eu\/laguntzak\/","title":{"rendered":"Laguntzak"},"content":{"rendered":"<section id=\"tpk-faqs\"\n         class=\"tpk-faqs  \">\n                <div class=\"wrapper pl-1 pr-1\">\n                        <header class=\"tpk-head  wrapper\">\n        <h2 class=\"tpk-head__title\">Categor\u00edas de ayuda<\/h2>    <p>Busca entre nuestras preguntas frecuentes aquella que pueda ayudarte. Si no es as\u00ed, no dudes en contactar con nosotros.\u00a0<\/p>\n<\/header>        <\/div>\n        <div class=\"wrapper row\">\n                                        <div class=\"col-xs-12 col-sm-12 col-md-5 \">\n        <div class=\"tpk-faq\">\n            <a  href=\"https:\/\/www.telpark.com\/eu\/faq\/bonua\/\"  class=\"tpk-faq__button\"\n               data-id=\"554\"  data-type=\"childs\"  >\n                                    <span class=\"icon icon-bono icon--sm mr-1\"><\/span>\n                                Bonua\n                <span class=\"icon icon-chevron-right icon--sm\"><\/span>\n            <\/a>\n        <\/div>\n    <\/div>\n    <div class=\"col-xs-12 col-sm-12 col-md-5 col-md-offset-2\">\n        <div class=\"tpk-faq\">\n            <a  href=\"https:\/\/www.telpark.com\/eu\/faq\/erreserbak\/\"  class=\"tpk-faq__button\"\n               data-id=\"560\"  data-type=\"childs\"  >\n                                    <span class=\"icon icon-reserva icon--sm mr-1\"><\/span>\n                                Erreserbak\n                <span class=\"icon icon-chevron-right icon--sm\"><\/span>\n            <\/a>\n        <\/div>\n    <\/div>\n    <div class=\"col-xs-12 col-sm-12 col-md-5 \">\n        <div class=\"tpk-faq\">\n            <a  href=\"https:\/\/www.telpark.com\/eu\/faq\/ibilgailu-elektrikoa\/\"  class=\"tpk-faq__button\"\n               data-id=\"556\"  data-type=\"childs\"  >\n                                    <span class=\"icon icon-car-electric icon--sm mr-1\"><\/span>\n                                Ibilgailu elektrikoa\n                <span class=\"icon icon-chevron-right icon--sm\"><\/span>\n            <\/a>\n        <\/div>\n    <\/div>\n    <div class=\"col-xs-12 col-sm-12 col-md-5 col-md-offset-2\">\n        <div class=\"tpk-faq\">\n            <a  href=\"https:\/\/www.telpark.com\/eu\/faq\/laguntza-teknikoa\/\"  class=\"tpk-faq__button\"\n               data-id=\"669\"  data-type=\"faqs\" >\n                                    <span class=\"icon icon-chat icon--sm mr-1\"><\/span>\n                                Laguntza Teknikoa\n                <span class=\"icon icon-chevron-right icon--sm\"><\/span>\n            <\/a>\n        <\/div>\n    <\/div>\n    <div class=\"col-xs-12 col-sm-12 col-md-5 \">\n        <div class=\"tpk-faq\">\n            <a  href=\"https:\/\/www.telpark.com\/eu\/faq\/multipass-eu\/\"  class=\"tpk-faq__button\"\n               data-id=\"562\"  data-type=\"childs\"  >\n                                    <span class=\"icon icon-multipass icon--sm mr-1\"><\/span>\n                                Multipass\n                <span class=\"icon icon-chevron-right icon--sm\"><\/span>\n            <\/a>\n        <\/div>\n    <\/div>\n    <div class=\"col-xs-12 col-sm-12 col-md-5 col-md-offset-2\">\n        <div class=\"tpk-faq\">\n            <a  href=\"https:\/\/www.telpark.com\/eu\/faq\/nire-kontua\/\"  class=\"tpk-faq__button\"\n               data-id=\"558\"  data-type=\"childs\"  >\n                                    <span class=\"icon icon-personal-data icon--sm mr-1\"><\/span>\n                                Nire kontua\n                <span class=\"icon icon-chevron-right icon--sm\"><\/span>\n            <\/a>\n        <\/div>\n    <\/div>\n    <div class=\"col-xs-12 col-sm-12 col-md-5 \">\n        <div class=\"tpk-faq\">\n            <a  href=\"https:\/\/www.telpark.com\/eu\/faq\/nola_detektatu_iruzur_bat-eu\/\"  class=\"tpk-faq__button\"\n               data-id=\"3765\"  data-type=\"faqs\" >\n                                    <span class=\"icon icon-alert icon--sm mr-1\"><\/span>\n                                Nola detektatu iruzur bat\n                <span class=\"icon icon-chevron-right icon--sm\"><\/span>\n            <\/a>\n        <\/div>\n    <\/div>\n    <div class=\"col-xs-12 col-sm-12 col-md-5 col-md-offset-2\">\n        <div class=\"tpk-faq\">\n            <a  href=\"https:\/\/www.telpark.com\/eu\/faq\/ordainketak-eta-fakturak\/\"  class=\"tpk-faq__button\"\n               data-id=\"559\"  data-type=\"childs\"  >\n                                    <span class=\"icon icon-payments icon--sm mr-1\"><\/span>\n                                Ordainketak eta fakturak\n                <span class=\"icon icon-chevron-right icon--sm\"><\/span>\n            <\/a>\n        <\/div>\n    <\/div>\n    <div class=\"col-xs-12 col-sm-12 col-md-5 \">\n        <div class=\"tpk-faq\">\n            <a  href=\"https:\/\/www.telpark.com\/eu\/faq\/parkimetroa\/\"  class=\"tpk-faq__button\"\n               data-id=\"563\"  data-type=\"childs\"  >\n                                    <span class=\"icon icon-parkimeter icon--sm mr-1\"><\/span>\n                                Parkimetroa\n                <span class=\"icon icon-chevron-right icon--sm\"><\/span>\n            <\/a>\n        <\/div>\n    <\/div>\n    <div class=\"col-xs-12 col-sm-12 col-md-5 col-md-offset-2\">\n        <div class=\"tpk-faq\">\n            <a  href=\"https:\/\/www.telpark.com\/eu\/faq\/salaketak\/\"  class=\"tpk-faq__button\"\n               data-id=\"555\"  data-type=\"childs\"  >\n                                    <span class=\"icon icon-offenses icon--sm mr-1\"><\/span>\n                                Salaketak\n                <span class=\"icon icon-chevron-right icon--sm\"><\/span>\n            <\/a>\n        <\/div>\n    <\/div>\n    <div class=\"col-xs-12 col-sm-12 col-md-5 \">\n        <div class=\"tpk-faq\">\n            <a  href=\"https:\/\/www.telpark.com\/eu\/faq\/sarrera-bizkorra\/\"  class=\"tpk-faq__button\"\n               data-id=\"561\"  data-type=\"childs\"  >\n                                    <span class=\"icon icon-car-express icon--sm mr-1\"><\/span>\n                                Sarrera bizkorra\n                <span class=\"icon icon-chevron-right icon--sm\"><\/span>\n            <\/a>\n        <\/div>\n    <\/div>\n    <div class=\"col-xs-12 col-sm-12 col-md-5 col-md-offset-2\">\n        <div class=\"tpk-faq\">\n            <a  href=\"https:\/\/www.telpark.com\/eu\/faq\/telpark-business-eu\/\"  class=\"tpk-faq__button\"\n               data-id=\"3941\"  data-type=\"faqs\" >\n                                    <span class=\"icon icon-city icon--sm mr-1\"><\/span>\n                                telpark Business\n                <span class=\"icon icon-chevron-right icon--sm\"><\/span>\n            <\/a>\n        <\/div>\n    <\/div>\n    <div class=\"col-xs-12 col-sm-12 col-md-5 \">\n        <div class=\"tpk-faq\">\n            <a  href=\"https:\/\/www.telpark.com\/eu\/faq\/telparki-buruz\/\"  class=\"tpk-faq__button\"\n               data-id=\"564\"  data-type=\"childs\"  >\n                                    <span class=\"icon icon-telpark icon--sm mr-1\"><\/span>\n                                Telpark-i buruz\n                <span class=\"icon icon-chevron-right icon--sm\"><\/span>\n            <\/a>\n        <\/div>\n    <\/div>\n                        <\/div>\n    <\/section>\n","protected":false},"excerpt":{"rendered":"","protected":false},"author":1,"featured_media":0,"parent":0,"menu_order":0,"comment_status":"closed","ping_status":"closed","template":"template-faqs.php","meta":{"footnotes":""},"yoast_head":"<!-- This site is optimized with the Yoast SEO plugin v20.12 - https:\/\/yoast.com\/wordpress\/plugins\/seo\/ -->\n<title>Laguntzak | Telpark<\/title>\n<meta name=\"description\" content=\"Bilatu gehien egiten dituzun galderei erantzunak gure FAQ orrian. Irtenbide azkarrak eta erabilgarriak klik bakarrean\" \/>\n<meta name=\"robots\" content=\"index, follow, max-snippet:-1, max-image-preview:large, max-video-preview:-1\" \/>\n<link rel=\"canonical\" href=\"https:\/\/www.telpark.com\/eu\/laguntzak\/\" \/>\n<meta property=\"og:locale\" content=\"eu_ES\" \/>\n<meta property=\"og:type\" content=\"article\" \/>\n<meta property=\"og:title\" content=\"Laguntzak | Telpark\" \/>\n<meta property=\"og:description\" content=\"Bilatu gehien egiten dituzun galderei erantzunak gure FAQ orrian. Irtenbide azkarrak eta erabilgarriak klik bakarrean\" \/>\n<meta property=\"og:url\" content=\"https:\/\/www.telpark.com\/eu\/laguntzak\/\" \/>\n<meta property=\"og:site_name\" content=\"Telpark\" \/>\n<meta property=\"article:modified_time\" content=\"2023-09-28T11:50:41+00:00\" \/>\n<meta name=\"twitter:card\" content=\"summary_large_image\" \/>\n<meta name=\"twitter:site\" content=\"@telpark_es\" \/>\n<script type=\"application\/ld+json\" class=\"yoast-schema-graph\">{\"@context\":\"https:\/\/schema.org\",\"@graph\":[{\"@type\":\"WebPage\",\"@id\":\"https:\/\/www.telpark.com\/eu\/laguntzak\/\",\"url\":\"https:\/\/www.telpark.com\/eu\/laguntzak\/\",\"name\":\"Laguntzak | Telpark\",\"isPartOf\":{\"@id\":\"https:\/\/www.telpark.com\/eu\/#website\"},\"datePublished\":\"2023-02-16T09:02:14+00:00\",\"dateModified\":\"2023-09-28T11:50:41+00:00\",\"description\":\"Bilatu gehien egiten dituzun galderei erantzunak gure FAQ orrian. Irtenbide azkarrak eta erabilgarriak klik bakarrean\",\"breadcrumb\":{\"@id\":\"https:\/\/www.telpark.com\/eu\/laguntzak\/#breadcrumb\"},\"inLanguage\":\"eu-ES\",\"potentialAction\":[{\"@type\":\"ReadAction\",\"target\":[\"https:\/\/www.telpark.com\/eu\/laguntzak\/\"]}]},{\"@type\":\"BreadcrumbList\",\"@id\":\"https:\/\/www.telpark.com\/eu\/laguntzak\/#breadcrumb\",\"itemListElement\":[{\"@type\":\"ListItem\",\"position\":1,\"name\":\"Home\",\"item\":\"https:\/\/www.telpark.com\/eu\/\"},{\"@type\":\"ListItem\",\"position\":2,\"name\":\"Laguntzak\"}]},{\"@type\":\"WebSite\",\"@id\":\"https:\/\/www.telpark.com\/eu\/#website\",\"url\":\"https:\/\/www.telpark.com\/eu\/\",\"name\":\"Telpark\",\"description\":\"Reserva tu plaza en los mejores aparcamientos. Descarga la app y olv\u00eddate de cajeros o parqu\u00edmetros en m\u00e1s de 100 ciudades en Espa\u00f1a y Portugal\",\"publisher\":{\"@id\":\"https:\/\/www.telpark.com\/eu\/#organization\"},\"potentialAction\":[{\"@type\":\"SearchAction\",\"target\":{\"@type\":\"EntryPoint\",\"urlTemplate\":\"https:\/\/www.telpark.com\/eu\/?s={search_term_string}\"},\"query-input\":\"required name=search_term_string\"}],\"inLanguage\":\"eu-ES\"},{\"@type\":\"Organization\",\"@id\":\"https:\/\/www.telpark.com\/eu\/#organization\",\"name\":\"Telpark\",\"url\":\"https:\/\/www.telpark.com\/eu\/\",\"logo\":{\"@type\":\"ImageObject\",\"inLanguage\":\"eu-ES\",\"@id\":\"https:\/\/www.telpark.com\/eu\/#\/schema\/logo\/image\/\",\"url\":\"https:\/\/www.telpark.com\/wp-content\/uploads\/2023\/09\/telpark-logo.svg\",\"contentUrl\":\"https:\/\/www.telpark.com\/wp-content\/uploads\/2023\/09\/telpark-logo.svg\",\"width\":128,\"height\":32,\"caption\":\"Telpark\"},\"image\":{\"@id\":\"https:\/\/www.telpark.com\/eu\/#\/schema\/logo\/image\/\"},\"sameAs\":[\"https:\/\/twitter.com\/telpark_es\",\"https:\/\/www.instagram.com\/telpark_app\/\",\"https:\/\/www.youtube.com\/channel\/UCm8sjis_xlHU5VYQ6GslW-Q\"]}]}<\/script>\n<!-- \/ Yoast SEO plugin. -->","yoast_head_json":{"title":"Laguntzak | Telpark","description":"Bilatu gehien egiten dituzun galderei erantzunak gure FAQ orrian. Irtenbide azkarrak eta erabilgarriak klik bakarrean","robots":{"index":"index","follow":"follow","max-snippet":"max-snippet:-1","max-image-preview":"max-image-preview:large","max-video-preview":"max-video-preview:-1"},"canonical":"https:\/\/www.telpark.com\/eu\/laguntzak\/","og_locale":"eu_ES","og_type":"article","og_title":"Laguntzak | Telpark","og_description":"Bilatu gehien egiten dituzun galderei erantzunak gure FAQ orrian. Irtenbide azkarrak eta erabilgarriak klik bakarrean","og_url":"https:\/\/www.telpark.com\/eu\/laguntzak\/","og_site_name":"Telpark","article_modified_time":"2023-09-28T11:50:41+00:00","twitter_card":"summary_large_image","twitter_site":"@telpark_es","schema":{"@context":"https:\/\/schema.org","@graph":[{"@type":"WebPage","@id":"https:\/\/www.telpark.com\/eu\/laguntzak\/","url":"https:\/\/www.telpark.com\/eu\/laguntzak\/","name":"Laguntzak | Telpark","isPartOf":{"@id":"https:\/\/www.telpark.com\/eu\/#website"},"datePublished":"2023-02-16T09:02:14+00:00","dateModified":"2023-09-28T11:50:41+00:00","description":"Bilatu gehien egiten dituzun galderei erantzunak gure FAQ orrian. Irtenbide azkarrak eta erabilgarriak klik bakarrean","breadcrumb":{"@id":"https:\/\/www.telpark.com\/eu\/laguntzak\/#breadcrumb"},"inLanguage":"eu-ES","potentialAction":[{"@type":"ReadAction","target":["https:\/\/www.telpark.com\/eu\/laguntzak\/"]}]},{"@type":"BreadcrumbList","@id":"https:\/\/www.telpark.com\/eu\/laguntzak\/#breadcrumb","itemListElement":[{"@type":"ListItem","position":1,"name":"Home","item":"https:\/\/www.telpark.com\/eu\/"},{"@type":"ListItem","position":2,"name":"Laguntzak"}]},{"@type":"WebSite","@id":"https:\/\/www.telpark.com\/eu\/#website","url":"https:\/\/www.telpark.com\/eu\/","name":"Telpark","description":"Reserva tu plaza en los mejores aparcamientos. Descarga la app y olv\u00eddate de cajeros o parqu\u00edmetros en m\u00e1s de 100 ciudades en Espa\u00f1a y Portugal","publisher":{"@id":"https:\/\/www.telpark.com\/eu\/#organization"},"potentialAction":[{"@type":"SearchAction","target":{"@type":"EntryPoint","urlTemplate":"https:\/\/www.telpark.com\/eu\/?s={search_term_string}"},"query-input":"required name=search_term_string"}],"inLanguage":"eu-ES"},{"@type":"Organization","@id":"https:\/\/www.telpark.com\/eu\/#organization","name":"Telpark","url":"https:\/\/www.telpark.com\/eu\/","logo":{"@type":"ImageObject","inLanguage":"eu-ES","@id":"https:\/\/www.telpark.com\/eu\/#\/schema\/logo\/image\/","url":"https:\/\/www.telpark.com\/wp-content\/uploads\/2023\/09\/telpark-logo.svg","contentUrl":"https:\/\/www.telpark.com\/wp-content\/uploads\/2023\/09\/telpark-logo.svg","width":128,"height":32,"caption":"Telpark"},"image":{"@id":"https:\/\/www.telpark.com\/eu\/#\/schema\/logo\/image\/"},"sameAs":["https:\/\/twitter.com\/telpark_es","https:\/\/www.instagram.com\/telpark_app\/","https:\/\/www.youtube.com\/channel\/UCm8sjis_xlHU5VYQ6GslW-Q"]}]}},"meta_box":[],"_links":{"self":[{"href":"https:\/\/www.telpark.com\/eu\/wp-json\/wp\/v2\/pages\/26575"}],"collection":[{"href":"https:\/\/www.telpark.com\/eu\/wp-json\/wp\/v2\/pages"}],"about":[{"href":"https:\/\/www.telpark.com\/eu\/wp-json\/wp\/v2\/types\/page"}],"author":[{"embeddable":true,"href":"https:\/\/www.telpark.com\/eu\/wp-json\/wp\/v2\/users\/1"}],"replies":[{"embeddable":true,"href":"https:\/\/www.telpark.com\/eu\/wp-json\/wp\/v2\/comments?post=26575"}],"version-history":[{"count":1,"href":"https:\/\/www.telpark.com\/eu\/wp-json\/wp\/v2\/pages\/26575\/revisions"}],"predecessor-version":[{"id":26576,"href":"https:\/\/www.telpark.com\/eu\/wp-json\/wp\/v2\/pages\/26575\/revisions\/26576"}],"wp:attachment":[{"href":"https:\/\/www.telpark.com\/eu\/wp-json\/wp\/v2\/media?parent=26575"}],"curies":[{"name":"wp","href":"https:\/\/api.w.org\/{rel}","templated":true}]}}