{"id":22000,"date":"2023-02-16T10:08:27","date_gmt":"2023-02-16T09:08:27","guid":{"rendered":"https:\/\/telpark.cmspro.telpark.com\/productos-particulares\/"},"modified":"2026-01-13T12:32:32","modified_gmt":"2026-01-13T11:32:32","slug":"produtos-parque","status":"publish","type":"page","link":"https:\/\/www.telpark.com\/pt\/produtos-parque\/","title":{"rendered":"Produtos Parque Particulares"},"content":{"rendered":"\n<section class=\"tpk-hero tpk-hero--products                lower\"\n         style=\"\">\n                        <picture >\n\n                    <source srcset=\"https:\/\/www.telpark.com\/wp-content\/uploads\/2023\/09\/Productos-480x640.jpg\" media=\"((min-width: 0rem) and (max-width: 30rem))\">\n                             <source srcset=\"https:\/\/www.telpark.com\/wp-content\/uploads\/2023\/09\/Productos-1024x500.jpg\" media=\"(min-width: 30rem) and (max-width: 64rem)\" >\n                            <source srcset=\"https:\/\/www.telpark.com\/wp-content\/uploads\/2023\/09\/Productos-1920x640.jpg\" media=\"(min-width: 64rem)\" >\n        \n        \n                                                                                                        \n        <img decoding=\"async\" fetchpriority=\"high\" src=\"https:\/\/www.telpark.com\/wp-content\/uploads\/2023\/09\/Productos-1920x640.jpg\" alt=\"Productos telpark. todo con la app\"  width=\"1920\" height=\"640\"  loading=\"eager\">\n    <\/picture>\n\n    \n        <div class=\"tpk-hero__content wrapper row\">\n                    <div class=\"col-xs-12 col-sm-12 pr-h pl-h\">\n                                <header class=\"tpk-head  wrapper\">\n    <p class=\"tpk-head__caption\">Os nossos produtos<\/p>    <h1 class=\"tpk-head__title\">Move-te como queres. A escolha \u00e9 tua<\/h1>    <\/header>\n            \n                    <\/div>\n    <\/div>\n            <div class=\"tpk-hero__cards row wrapper\">\n                                                                                        <div class=\"col-xs-12 col-sm-12 col-md-4 mb-1 pl-h pr-h\">\n                                                                    <\/div>\n                    <\/div>\n    <\/section>\n<div class=\"tpk-spinner__wrapper\">\n    <div class=\"tpk-spinner\"><\/div>\n<\/div>\n\n<section class=\"tpk-products center\">\n    <div class=\"wrapper pl-1 pr-1 pb-3\">\n                <header class=\"tpk-head  wrapper\">\n            <p>Estaciona sem complica\u00e7\u00f5es com a Telpark. Com os nossos produtos, podes escolher o que melhor se adapta a cada situa\u00e7\u00e3o, seja para ir ao cinema, uma semana de f\u00e9rias ou ter o teu estacionamento reservado para ir ao escrit\u00f3rio.<\/p>\n<\/header>    <\/div>\n\n    <div class=\"wrapper tpk-products__cards grid  grid-3\">\n        <input type=\"hidden\" id=\"_wpnonce\" name=\"_wpnonce\" value=\"923f2f3d5e\" \/><input type=\"hidden\" name=\"_wp_http_referer\" value=\"\/pt\/wp-json\/wp\/v2\/pages\/22000\" \/>\n                    <div class=\"tpk-card-product  tpk-card-product--price\">\n\n\t<div class=\"tpk-card-product__head\">\n\t\t\t\t\t<span class=\"icon icon-reserva icon--lg\"><\/span>\n\t\t\t\t\t<\/div>\n\t<div class=\"tpk-card-product__content\">\n\t\t<h3 class=\"tpk-card-product__content__title\">Reservar parque<\/h3>\n\t\t\t\t\t<p>Reserva desde 1 dia at\u00e9 1 m\u00eas com lugar garantido para entrar e sair quando quiseres.<\/p>\n\n\t\t\t<\/div>\n\t\t\t\t\t\t\t\t\t\t\t\t\t\t\t\t\t\t\t\t<a  class=\"tpk-button tpk-button--primary tpk-button--lg \" href=\"https:\/\/reserva.telpark.com\/pt\"    >\n    <span>Reserva<\/span>\n            <span class=\"icon icon-chevron-right icon--sm\">\n        <\/span>\n    <\/a>\t\t\t\t\t\t\t\t\t\t\t<\/div>\n                    <div class=\"tpk-card-product  tpk-card-product--price\">\n\n\t<div class=\"tpk-card-product__head\">\n\t\t\t\t\t<span class=\"icon icon-car-express icon--lg\"><\/span>\n\t\t\t\t\t<\/div>\n\t<div class=\"tpk-card-product__content\">\n\t\t<h3 class=\"tpk-card-product__content__title\">Entrada Express<\/h3>\n\t\t\t\t\t<p>Esquece o bilhete, entra e sai s\u00f3 com a app. E desfruta das nossas promo\u00e7\u00f5es exclusivas.<\/p>\n\n\t\t\t<\/div>\n\t\t\t\t\t\t\t\t\t\t\t\t\t\t\t\t\t\t\t\t<a  class=\"tpk-button tpk-button--primary tpk-button--lg \" href=\"entrada-express\/\"    >\n    <span>Mais informa\u00e7\u00f5es<\/span>\n            <span class=\"icon icon-chevron-right icon--sm\">\n        <\/span>\n    <\/a>\t\t\t\t\t\t\t\t\t\t\t<\/div>\n                    <div class=\"tpk-card-product  tpk-card-product--price\">\n\n\t<div class=\"tpk-card-product__head\">\n\t\t\t\t\t<span class=\"icon icon-multipass icon--lg\"><\/span>\n\t\t\t\t\t<\/div>\n\t<div class=\"tpk-card-product__content\">\n\t\t<h3 class=\"tpk-card-product__content__title\">Multipass<\/h3>\n\t\t\t\t\t<p>Mais flex\u00edvel que o teu instrutor de ioga. Com pacotes de 5, 10 e 20 passes para utilizar quando quiseres. E o melhor... pagando menos.<\/p>\n\n\t\t\t<\/div>\n\t\t\t\t\t\t\t\t\t\t\t\t\t\t\t\t\t\t\t\t<a  class=\"tpk-button tpk-button--primary tpk-button--lg \" href=\"multipass\/\"    >\n    <span>Mais informa\u00e7\u00f5es<\/span>\n            <span class=\"icon icon-chevron-right icon--sm\">\n        <\/span>\n    <\/a>\t\t\t\t\t\t\t\t\t\t\t<\/div>\n                    <div class=\"tpk-card-product  tpk-card-product--price\">\n\n\t<div class=\"tpk-card-product__head\">\n\t\t\t\t\t<span class=\"icon icon-bono icon--lg\"><\/span>\n\t\t\t\t\t<\/div>\n\t<div class=\"tpk-card-product__content\">\n\t\t<h3 class=\"tpk-card-product__content__title\">Aven\u00e7as<\/h3>\n\t\t\t\t\t<p>Sente-te em casa com as nossas aven\u00e7as mensais e anuais.<\/p>\n\n\t\t\t<\/div>\n\t\t\t\t\t\t\t\t\t\t\t\t\t\t\t\t\t\t\t\t<a  class=\"tpk-button tpk-button--primary tpk-button--lg \" href=\"avencas\/\"    >\n    <span>Mais informa\u00e7\u00f5es<\/span>\n            <span class=\"icon icon-chevron-right icon--sm\">\n        <\/span>\n    <\/a>\t\t\t\t\t\t\t\t\t\t\t<\/div>\n                    <div class=\"tpk-card-product  tpk-card-product--price\">\n\n\t<div class=\"tpk-card-product__head\">\n\t\t\t\t\t<span class=\"icon icon-solidarity icon--lg\"><\/span>\n\t\t\t\t\t<\/div>\n\t<div class=\"tpk-card-product__content\">\n\t\t<h3 class=\"tpk-card-product__content__title\">Aven\u00e7a Solidaria<\/h3>\n\t\t\t\t\t<p>Lugar reservado para ti e 50% da receita ir\u00e1 para a Associa\u00e7\u00e3o Son\u00c1ngeles.<\/p>\n\n\t\t\t<\/div>\n\t\t\t\t\t\t\t\t\t\t\t\t\t\t\t\t\t\t\t\t<a  class=\"tpk-button tpk-button--primary tpk-button--lg \" href=\"avenca-solidaria\/\"    >\n    <span>Mais informa\u00e7\u00f5es<\/span>\n            <span class=\"icon icon-chevron-right icon--sm\">\n        <\/span>\n    <\/a>\t\t\t\t\t\t\t\t\t\t\t<\/div>\n                    <div class=\"tpk-card-product  tpk-card-product--price\">\n\n\t<div class=\"tpk-card-product__head\">\n\t\t\t\t\t<span class=\"icon icon-car-electric icon--lg\"><\/span>\n\t\t\t\t\t<\/div>\n\t<div class=\"tpk-card-product__content\">\n\t\t<h3 class=\"tpk-card-product__content__title\">Carregamento el\u00e9trico<\/h3>\n\t\t\t\t\t<p>Carrega o teu carro nos nossos parques de estacionamento e muda para um mundo mais limpo.<\/p>\n\n\t\t\t<\/div>\n\t\t\t\t\t\t\t\t\t\t\t\t\t\t\t\t\t\t\t\t<a  class=\"tpk-button tpk-button--primary tpk-button--lg \" href=\"carregamento-eletrico\/\"    >\n    <span>Mais informa\u00e7oes<\/span>\n            <span class=\"icon icon-chevron-right icon--sm\">\n        <\/span>\n    <\/a>\t\t\t\t\t\t\t\t\t\t\t<\/div>\n            <\/div>\n<\/section>","protected":false},"excerpt":{"rendered":"","protected":false},"author":1,"featured_media":0,"parent":0,"menu_order":4,"comment_status":"closed","ping_status":"closed","template":"","meta":{"footnotes":""},"yoast_head":"<!-- This site is optimized with the Yoast SEO plugin v20.12 - https:\/\/yoast.com\/wordpress\/plugins\/seo\/ -->\n<title>Produtos para estacionar no parque de estacionamento | telpark<\/title>\n<meta name=\"description\" content=\"Escolhe o produto que melhor se adapta \u00e0s tuas necessidades de estacionamento nos parques: Reserva lugar, compra Aven\u00e7as, carrega o teu ve\u00edculo el\u00e9trico\" \/>\n<meta name=\"robots\" content=\"index, follow, max-snippet:-1, max-image-preview:large, max-video-preview:-1\" \/>\n<link rel=\"canonical\" href=\"https:\/\/www.telpark.com\/pt\/produtos-parque\/\" \/>\n<meta property=\"og:locale\" content=\"pt_PT\" \/>\n<meta property=\"og:type\" content=\"article\" \/>\n<meta property=\"og:title\" content=\"Produtos para estacionar no parque de estacionamento | telpark\" \/>\n<meta property=\"og:description\" content=\"Escolhe o produto que melhor se adapta \u00e0s tuas necessidades de estacionamento nos parques: Reserva lugar, compra Aven\u00e7as, carrega o teu ve\u00edculo el\u00e9trico\" \/>\n<meta property=\"og:url\" content=\"https:\/\/www.telpark.com\/pt\/produtos-parque\/\" \/>\n<meta property=\"og:site_name\" content=\"Telpark\" \/>\n<meta property=\"article:modified_time\" content=\"2026-01-13T11:32:32+00:00\" \/>\n<meta name=\"twitter:card\" content=\"summary_large_image\" \/>\n<meta name=\"twitter:site\" content=\"@telpark_es\" \/>\n<script type=\"application\/ld+json\" class=\"yoast-schema-graph\">{\"@context\":\"https:\/\/schema.org\",\"@graph\":[{\"@type\":\"WebPage\",\"@id\":\"https:\/\/www.telpark.com\/pt\/produtos-parque\/\",\"url\":\"https:\/\/www.telpark.com\/pt\/produtos-parque\/\",\"name\":\"Produtos para estacionar no parque de estacionamento | telpark\",\"isPartOf\":{\"@id\":\"https:\/\/www.telpark.com\/pt\/#website\"},\"datePublished\":\"2023-02-16T09:08:27+00:00\",\"dateModified\":\"2026-01-13T11:32:32+00:00\",\"description\":\"Escolhe o produto que melhor se adapta \u00e0s tuas necessidades de estacionamento nos parques: Reserva lugar, compra Aven\u00e7as, carrega o teu ve\u00edculo el\u00e9trico\",\"breadcrumb\":{\"@id\":\"https:\/\/www.telpark.com\/pt\/produtos-parque\/#breadcrumb\"},\"inLanguage\":\"pt-PT\",\"potentialAction\":[{\"@type\":\"ReadAction\",\"target\":[\"https:\/\/www.telpark.com\/pt\/produtos-parque\/\"]}]},{\"@type\":\"BreadcrumbList\",\"@id\":\"https:\/\/www.telpark.com\/pt\/produtos-parque\/#breadcrumb\",\"itemListElement\":[{\"@type\":\"ListItem\",\"position\":1,\"name\":\"Home\",\"item\":\"https:\/\/www.telpark.com\/pt\/\"},{\"@type\":\"ListItem\",\"position\":2,\"name\":\"Produtos Parque Particulares\"}]},{\"@type\":\"WebSite\",\"@id\":\"https:\/\/www.telpark.com\/pt\/#website\",\"url\":\"https:\/\/www.telpark.com\/pt\/\",\"name\":\"Telpark\",\"description\":\"Reserva tu plaza en los mejores aparcamientos. Descarga la app y olv\u00eddate de cajeros o parqu\u00edmetros en m\u00e1s de 100 ciudades en Espa\u00f1a y Portugal\",\"publisher\":{\"@id\":\"https:\/\/www.telpark.com\/pt\/#organization\"},\"potentialAction\":[{\"@type\":\"SearchAction\",\"target\":{\"@type\":\"EntryPoint\",\"urlTemplate\":\"https:\/\/www.telpark.com\/pt\/?s={search_term_string}\"},\"query-input\":\"required name=search_term_string\"}],\"inLanguage\":\"pt-PT\"},{\"@type\":\"Organization\",\"@id\":\"https:\/\/www.telpark.com\/pt\/#organization\",\"name\":\"Telpark\",\"url\":\"https:\/\/www.telpark.com\/pt\/\",\"logo\":{\"@type\":\"ImageObject\",\"inLanguage\":\"pt-PT\",\"@id\":\"https:\/\/www.telpark.com\/pt\/#\/schema\/logo\/image\/\",\"url\":\"https:\/\/www.telpark.com\/wp-content\/uploads\/2023\/09\/telpark-logo.svg\",\"contentUrl\":\"https:\/\/www.telpark.com\/wp-content\/uploads\/2023\/09\/telpark-logo.svg\",\"width\":128,\"height\":32,\"caption\":\"Telpark\"},\"image\":{\"@id\":\"https:\/\/www.telpark.com\/pt\/#\/schema\/logo\/image\/\"},\"sameAs\":[\"https:\/\/twitter.com\/telpark_es\",\"https:\/\/www.instagram.com\/telpark_app\/\",\"https:\/\/www.youtube.com\/channel\/UCm8sjis_xlHU5VYQ6GslW-Q\"]}]}<\/script>\n<!-- \/ Yoast SEO plugin. -->","yoast_head_json":{"title":"Produtos para estacionar no parque de estacionamento | telpark","description":"Escolhe o produto que melhor se adapta \u00e0s tuas necessidades de estacionamento nos parques: Reserva lugar, compra Aven\u00e7as, carrega o teu ve\u00edculo el\u00e9trico","robots":{"index":"index","follow":"follow","max-snippet":"max-snippet:-1","max-image-preview":"max-image-preview:large","max-video-preview":"max-video-preview:-1"},"canonical":"https:\/\/www.telpark.com\/pt\/produtos-parque\/","og_locale":"pt_PT","og_type":"article","og_title":"Produtos para estacionar no parque de estacionamento | telpark","og_description":"Escolhe o produto que melhor se adapta \u00e0s tuas necessidades de estacionamento nos parques: Reserva lugar, compra Aven\u00e7as, carrega o teu ve\u00edculo el\u00e9trico","og_url":"https:\/\/www.telpark.com\/pt\/produtos-parque\/","og_site_name":"Telpark","article_modified_time":"2026-01-13T11:32:32+00:00","twitter_card":"summary_large_image","twitter_site":"@telpark_es","schema":{"@context":"https:\/\/schema.org","@graph":[{"@type":"WebPage","@id":"https:\/\/www.telpark.com\/pt\/produtos-parque\/","url":"https:\/\/www.telpark.com\/pt\/produtos-parque\/","name":"Produtos para estacionar no parque de estacionamento | telpark","isPartOf":{"@id":"https:\/\/www.telpark.com\/pt\/#website"},"datePublished":"2023-02-16T09:08:27+00:00","dateModified":"2026-01-13T11:32:32+00:00","description":"Escolhe o produto que melhor se adapta \u00e0s tuas necessidades de estacionamento nos parques: Reserva lugar, compra Aven\u00e7as, carrega o teu ve\u00edculo el\u00e9trico","breadcrumb":{"@id":"https:\/\/www.telpark.com\/pt\/produtos-parque\/#breadcrumb"},"inLanguage":"pt-PT","potentialAction":[{"@type":"ReadAction","target":["https:\/\/www.telpark.com\/pt\/produtos-parque\/"]}]},{"@type":"BreadcrumbList","@id":"https:\/\/www.telpark.com\/pt\/produtos-parque\/#breadcrumb","itemListElement":[{"@type":"ListItem","position":1,"name":"Home","item":"https:\/\/www.telpark.com\/pt\/"},{"@type":"ListItem","position":2,"name":"Produtos Parque Particulares"}]},{"@type":"WebSite","@id":"https:\/\/www.telpark.com\/pt\/#website","url":"https:\/\/www.telpark.com\/pt\/","name":"Telpark","description":"Reserva tu plaza en los mejores aparcamientos. Descarga la app y olv\u00eddate de cajeros o parqu\u00edmetros en m\u00e1s de 100 ciudades en Espa\u00f1a y Portugal","publisher":{"@id":"https:\/\/www.telpark.com\/pt\/#organization"},"potentialAction":[{"@type":"SearchAction","target":{"@type":"EntryPoint","urlTemplate":"https:\/\/www.telpark.com\/pt\/?s={search_term_string}"},"query-input":"required name=search_term_string"}],"inLanguage":"pt-PT"},{"@type":"Organization","@id":"https:\/\/www.telpark.com\/pt\/#organization","name":"Telpark","url":"https:\/\/www.telpark.com\/pt\/","logo":{"@type":"ImageObject","inLanguage":"pt-PT","@id":"https:\/\/www.telpark.com\/pt\/#\/schema\/logo\/image\/","url":"https:\/\/www.telpark.com\/wp-content\/uploads\/2023\/09\/telpark-logo.svg","contentUrl":"https:\/\/www.telpark.com\/wp-content\/uploads\/2023\/09\/telpark-logo.svg","width":128,"height":32,"caption":"Telpark"},"image":{"@id":"https:\/\/www.telpark.com\/pt\/#\/schema\/logo\/image\/"},"sameAs":["https:\/\/twitter.com\/telpark_es","https:\/\/www.instagram.com\/telpark_app\/","https:\/\/www.youtube.com\/channel\/UCm8sjis_xlHU5VYQ6GslW-Q"]}]}},"meta_box":[],"_links":{"self":[{"href":"https:\/\/www.telpark.com\/pt\/wp-json\/wp\/v2\/pages\/22000"}],"collection":[{"href":"https:\/\/www.telpark.com\/pt\/wp-json\/wp\/v2\/pages"}],"about":[{"href":"https:\/\/www.telpark.com\/pt\/wp-json\/wp\/v2\/types\/page"}],"author":[{"embeddable":true,"href":"https:\/\/www.telpark.com\/pt\/wp-json\/wp\/v2\/users\/1"}],"replies":[{"embeddable":true,"href":"https:\/\/www.telpark.com\/pt\/wp-json\/wp\/v2\/comments?post=22000"}],"version-history":[{"count":3,"href":"https:\/\/www.telpark.com\/pt\/wp-json\/wp\/v2\/pages\/22000\/revisions"}],"predecessor-version":[{"id":49084,"href":"https:\/\/www.telpark.com\/pt\/wp-json\/wp\/v2\/pages\/22000\/revisions\/49084"}],"wp:attachment":[{"href":"https:\/\/www.telpark.com\/pt\/wp-json\/wp\/v2\/media?parent=22000"}],"curies":[{"name":"wp","href":"https:\/\/api.w.org\/{rel}","templated":true}]}}