{"id":26810,"date":"2023-09-27T16:26:38","date_gmt":"2023-09-27T15:26:38","guid":{"rendered":"https:\/\/telpark.cmspro.telpark.com\/maksu-politica-de-privacidade\/"},"modified":"2023-09-28T13:35:48","modified_gmt":"2023-09-28T12:35:48","slug":"maksu-politica-de-privacidade","status":"publish","type":"page","link":"https:\/\/www.telpark.com\/pt\/centro-juridico\/maksu-politica-de-privacidade\/","title":{"rendered":"Maksu - Pol\u00edtica de privacidade"},"content":{"rendered":"<article class=\"tpk-page\">\n    <div class=\"row wrapper center-xs tpk-page__content\">\n        <div class=\"col-xs-12 col-sm-10 col-md-8 pt-4 pb-4\">\n            <p><strong>1. Respons\u00e1vel do tratamento de dados pessoais e Encarregado de Protec\u00e7\u00e3o de Dados<\/strong><\/p>\n<p>O respons\u00e1vel pelo tratamento dos seus dados pessoais \u00e9 Maksu Espa\u00f1a, S.L. (\u201cMaksu\u201d) com CIF B86389541. Os dados de contacto do respons\u00e1vel s\u00e3o os seguintes:<\/p>\n<ul>\n<li>Morada: C\/ Avenida del General Per\u00f3n n\u00ba 36, 1\u00aa Planta, 28020.<\/li>\n<li>Telefone: 91 54 68\u202f900<\/li>\n<\/ul>\n<p>O Grupo Empark, do qual a Maksu faz parte, nomeou um Encarregado de protec\u00e7\u00e3o de Dados, junto do qual pode colocar qualquer quest\u00e3o relacionada com o processamento dos seus dados pessoais e cujos dados de contato s\u00e3o os seguintes:<\/p>\n<ul>\n<li>Morada: C\/ Avenida del General Per\u00f3n n\u00ba 36, 1\u00aa Planta, 28020<\/li>\n<li>Correio eletr\u00f3nico: dpo@telpark.com<\/li>\n<\/ul>\n<p>&nbsp;<\/p>\n<p><strong>2. Finalidade do tratamento de dados pessoais<\/strong><\/p>\n<p>Os dados do Utilizador\/Cliente ser\u00e3o processados com a finalidade de gerir a presta\u00e7\u00e3o dos servi\u00e7os contratados.<\/p>\n<p>Adicionalmente, a Maksu pode processar os seus dados pessoais para cumprir qualquer obriga\u00e7\u00e3o legal que lhe incumba, incluindo obriga\u00e7\u00f5es fiscais e outras normas que possam ser aplic\u00e1veis.<\/p>\n<p>Tamb\u00e9m se poder\u00e3o realizar outros tratamentos dos seus dados pessoais que n\u00e3o correspondem \u00e0 necessidade de executar um contrato ou cumprir uma obriga\u00e7\u00e3o legal. A qualquer momento, pode opor-se a tratamentos com base no nosso interesse leg\u00edtimo ou revogar o seu consentimento.<\/p>\n<p>Assim, sempre que n\u00e3o se oponha, marcando a caixa que est\u00e1 nas condi\u00e7\u00f5es particulares, pode receber por e-mail informa\u00e7\u00f5es sobre produtos ou servi\u00e7os semelhantes aos contratados pela Maksu que possam ser de seu interesse. Para isso, os seus dados pessoais poder\u00e3o ser analisados para\u202f desenvolver um perfil com os mesmos que permita que essas comunica\u00e7\u00f5es comerciais se ajustem o m\u00e1ximo poss\u00edvel \u00e0s suas necessidades e prefer\u00eancias. Nesta an\u00e1lise, podem ser levados em conta os seus dados demogr\u00e1ficos, assim como aqueles relacionados ao tipo de produto contratado.<\/p>\n<p>Al\u00e9m disso, sempre que marcar a caixa correspondente, poder\u00e1 receber, por qualquer canal de comunica\u00e7\u00e3o (incluindo, entre outros, por correio eletr\u00f3nico, SMS e chamadas telef\u00f3nicas), informa\u00e7\u00f5es sobre outros produtos ou servi\u00e7os oferecidos pelo Grupo Empark ou por terceiros, relacionados com os setores de estacionamento e pagamento electr\u00f3nico. Para tanto, os seus dados pessoais podem ser analisados para desenvolver um perfil com os mesmos que permita que essas comunica\u00e7\u00f5es comerciais se ajustem o m\u00e1ximo poss\u00edvel \u00e0s suas necessidades e prefer\u00eancias. Nesta an\u00e1lise, os seus dados demogr\u00e1ficos podem ser levados em conta, bem como o tipo de produto contratado. Em qualquer caso, s\u00f3 receber\u00e1 comunica\u00e7\u00f5es comerciais de produtos e servi\u00e7os n\u00e3o relacionados aos contratados, desde que n\u00e3o revogue o consentimento prestado.<\/p>\n<p>No caso de ter dado o seu consentimento, os seus dados pessoais podem ser cedidos a empresas do Grupo Empark ou para terceiros relacionados com os setores de estacionamento e pagamento eletr\u00f3nico, para que possam contat\u00e1-lo para inform\u00e1-lo sobre os produtos e servi\u00e7os que essas empresas comercializam.<\/p>\n<p>Da mesma forma, em determinadas situa\u00e7\u00f5es, para a emiss\u00e3o da fatura correspondente, bem como para o pagamento dos servi\u00e7os e bens contratados, certas administra\u00e7\u00f5es p\u00fablicas, bem como outros prestadores ou fornecedores de bens e servi\u00e7os contratados atrav\u00e9s do TELPARK, poder\u00e3o ter acesso aos seus dados pessoais. O acesso a esses dados ser\u00e1 \u00fanica e exclusivamente para essa finalidade.<\/p>\n<p>Prazo de conserva\u00e7\u00e3o dos dados pessoais\u202f<\/p>\n<p>Os dados pessoais dos clientes ser\u00e3o mantidos, desde que sejam necess\u00e1rios, para os fins descritos anteriormente. No momento em que n\u00e3o forem necess\u00e1rios para tais fins, os dados ser\u00e3o bloqueados ou mantidos durante o per\u00edodo em que possam ser necess\u00e1rios para o exerc\u00edcio ou defesa contra a\u00e7\u00f5es administrativas ou judiciais e s\u00f3 poder\u00e3o ser desbloqueados e tratados novamente por este motivo. Ap\u00f3s esse per\u00edodo, os dados ser\u00e3o definitivamente cancelados.\u202f<\/p>\n<p>&nbsp;<\/p>\n<p><strong>3. Destinat\u00e1rios dos dados pessoais\u202f<\/strong><\/p>\n<p>Os seus dados pessoais podem ser cedidos a entidades da Administra\u00e7\u00e3o P\u00fablica, Autoridades de Controlo ou outras e Organiza\u00e7\u00f5es P\u00fablicas, incluindo Tribunais, quando seja legalmente exigido.<\/p>\n<p>Tamb\u00e9m poder\u00e3o ter acesso aos seus dados pessoais os prestadores de servi\u00e7os que a Empark contrate ou venha a contratar e que ter\u00e3o o estatuto de subcontratantes, bem como empresas do Grupo Empark, com o \u00fanico prop\u00f3sito de gerar as finalidades descritas acima.<\/p>\n<p>Para a emiss\u00e3o da correspondente fatura, bem como para o pagamento dos bens e servi\u00e7os contratados, poder\u00e3o ter acesso aos seus dados pessoais determinadas administra\u00e7\u00f5es p\u00fablicas, bem como outros prestadores ou fornecedores de bens e servi\u00e7os contratados atrav\u00e9s do TELPARK. O acesso a esses dados ser\u00e1 \u00fanica e exclusivamente para essa finalidade. O Utilizador fica informado de que todos ou alguns dos seus dados poder\u00e3o ser partilhados com empresas colaboradoras externas ou pertencentes ao Grupo EMPARK, apenas com o fim de prestar o servi\u00e7o contratado ao Utilizador, j\u00e1 que, por exemplo, por vezes \u00e9 necess\u00e1rio partilhar os dados do Utilizador com os propriet\u00e1rios dos parques de estacionamento aderentes do servi\u00e7o da aplica\u00e7\u00e3o TELPARK, para gerir as reservas e a utiliza\u00e7\u00e3o dos lugares contratados. Esta troca de dados estar\u00e1 sempre em plena conformidade com os regulamentos aplic\u00e1veis e limitada ao estritamente necess\u00e1rio.<\/p>\n<p>Adicionalmente, e caso tenha expressamente prestado o seu consentimento, os seus dados podem ser cedidos a empresas do Grupo Empark ou para terceiros relacionados com os setores de estacionamento e pagamento eletr\u00f3nico, para que possam entrar em contato consigo para inform\u00e1-lo sobre os produtos e servi\u00e7os que essas empresas comercializam.<\/p>\n<p>Pode consultar a lista de empresas do Grupo Empark no seguinte link: www.empark.com<\/p>\n<p>&nbsp;<\/p>\n<p><strong>4. Legitima\u00e7\u00e3o para o tratamento e cess\u00e3o de dados pessoais<\/strong>\u202f<\/p>\n<p>No caso dos tratamentos acima indicados, cuja finalidade \u00e9 a gest\u00e3o do servi\u00e7o contratado ou o cumprimento de uma obriga\u00e7\u00e3o legal, as licitudes do tratamento ser\u00e3o a execu\u00e7\u00e3o de um contrato ou o cumprimento de obriga\u00e7\u00f5es legais que resultam da aplica\u00e7\u00e3o. Portanto, a recusa em fornecer os dados pessoais solicitados, ou a entrega de dados imprecisos ou incompletos, pode resultar na incapacidade de fornecer os servi\u00e7os contratados de forma adequada. Os utilizadores s\u00e3o respons\u00e1veis pela veracidade dos dados fornecidos, bem como por informar a Maksu de qualquer modifica\u00e7\u00e3o dos mesmos.<\/p>\n<p>Os tratamentos realizados com a finalidade de lhe enviar comunica\u00e7\u00f5es comerciais sobre produtos ou servi\u00e7os da Maksu semelhantes aos contratados ter\u00e3o como fundamento o interesse leg\u00edtimo da Maksu. Por esse motivo, pode opor-se aos mesmos no momento de fornecer os dados, marcando a caixa em causa nas condi\u00e7\u00f5es particulares, ou em qualquer momento posterior. Encontrar\u00e1 as informa\u00e7\u00f5es necess\u00e1rias para exercer seu direito de oposi\u00e7\u00e3o na se\u00e7\u00e3o 5 abaixo, \"Direitos do interessado relativamente ao processamento dos seus dados pessoais\".<\/p>\n<p>Tratamentos que sejam realizados com o prop\u00f3sito de enviar comunica\u00e7\u00f5es comerciais sobre outros produtos ou servi\u00e7os oferecidos pelo Grupo Empark ou por terceiros, relativos a mat\u00e9rias de estacionamento e de pagamento eletr\u00f3nico, o fundamento \u00e9 o consentimento que tenha prestado. Portanto, desde que n\u00e3o revogue seu consentimento, poder\u00e1 continuar a receber comunica\u00e7\u00f5es desse tipo.<\/p>\n<p>A cess\u00e3o dos seus dados para empresas do Grupo Empark e para terceiros relacionados aos setores de estacionamento e pagamento electr\u00f3nico, ter\u00e1 como fundamento o consentimento que possa ter prestado. Portanto, desde que n\u00e3o revogue o seu consentimento, poder\u00e1 continuar a receber comunica\u00e7\u00f5es desse tipo.<\/p>\n<p>O uso dos servi\u00e7os oferecidos pela Maksu nunca estar\u00e1 sujeito a que preste consentimento. Em qualquer caso, lembramos que, se prestou esse consentimento, tem o direito de o revogar a todo o momento sem que isso tenha qualquer consequ\u00eancia nos servi\u00e7os ou produtos que tenham contratado ou de que seja um benefici\u00e1rio. Encontrar\u00e1 a informa\u00e7\u00e3o necess\u00e1ria para exercer o seu direito de revoga\u00e7\u00e3o do consentimento na se\u00e7\u00e3o 5 abaixo, \" Direitos da parte interessada relativamente ao processamento dos seus dados pessoais\".<\/p>\n<p>Se tiver alguma d\u00favida sobre as finalidades do processamento de seus dados pessoais ou a sua legitimidade, entre em contato com o respons\u00e1vel pela prote\u00e7\u00e3o de dados. Voc\u00ea encontrar\u00e1 os dados e os canais de contato na se\u00e7\u00e3o 1 acima, \"Respons\u00e1vel do tratamento de dados pessoais e Encarregado de Protec\u00e7\u00e3o de Dados \".\u202f<\/p>\n<p>&nbsp;<\/p>\n<p><strong>5. Direitos do interessado relativamente ao processamento dos seus dados pessoais\u202f<\/strong><\/p>\n<p>Pode exercer os seus direitos de acesso, retifica\u00e7\u00e3o, cancelamento, a limita\u00e7\u00e3o do tratamento e portabilidade de dados, nos casos e dentro do \u00e2mbito estabelecido pelas normas aplic\u00e1veis, a todo o momento.<\/p>\n<p>Tamb\u00e9m tem o direito de revogar o consentimento, se o tiver dado, e a opor-se a receber comunica\u00e7\u00f5es comerciais.<\/p>\n<p>Para exercer esses direitos, pode entrar em contato com a Maksu atrav\u00e9s de um dos seguintes canais:<\/p>\n<ul>\n<li>Por correio, juntando c\u00f3pia do seu cart\u00e3o de cidad\u00e3o (o que desde j\u00e1 autoriza), passaporte ou outro documento de identidade, e o seu pedido junto da Maksu Espanha, S.L., Avenida del General Per\u00f3n, 36, 1\u00ba andar ao Departamento de Atendimento ao Cliente RGPD.<\/li>\n<li>E-mail para dpo@telpark.com com as seguintes informa\u00e7\u00f5es: nome e sobrenome da pessoa em causa, fotoc\u00f3pia do seu cart\u00e3o de cidad\u00e3o (o que desde j\u00e1 autoriza) ou outro documento identificativo, e solicita\u00e7\u00e3o do pedido em concreto.<\/li>\n<\/ul>\n<p>Tamb\u00e9m \u00e9 informado do seu direito de apresentar uma reclama\u00e7\u00e3o junto Comiss\u00e3o Nacional de Protec\u00e7\u00e3o de Dados.<\/p>\n\n        <\/div>\n    <\/div>\n<\/article>","protected":false},"excerpt":{"rendered":"","protected":false},"author":12,"featured_media":0,"parent":30411,"menu_order":0,"comment_status":"closed","ping_status":"closed","template":"template-privacy.php","meta":{"footnotes":""},"yoast_head":"<!-- This site is optimized with the Yoast SEO plugin v20.12 - https:\/\/yoast.com\/wordpress\/plugins\/seo\/ -->\n<title>Maksu - Pol\u00edtica de privacidade | Telpark<\/title>\n<meta name=\"robots\" content=\"index, follow, max-snippet:-1, max-image-preview:large, max-video-preview:-1\" \/>\n<link rel=\"canonical\" href=\"https:\/\/www.telpark.com\/pt\/centro-juridico\/maksu-politica-de-privacidade\/\" \/>\n<meta property=\"og:locale\" content=\"pt_PT\" \/>\n<meta property=\"og:type\" content=\"article\" \/>\n<meta property=\"og:title\" content=\"Maksu - Pol\u00edtica de privacidade | Telpark\" \/>\n<meta property=\"og:url\" content=\"https:\/\/www.telpark.com\/pt\/centro-juridico\/maksu-politica-de-privacidade\/\" \/>\n<meta property=\"og:site_name\" content=\"Telpark\" \/>\n<meta property=\"article:modified_time\" content=\"2023-09-28T12:35:48+00:00\" \/>\n<meta name=\"twitter:card\" content=\"summary_large_image\" \/>\n<meta name=\"twitter:site\" content=\"@telpark_es\" \/>\n<script type=\"application\/ld+json\" class=\"yoast-schema-graph\">{\"@context\":\"https:\/\/schema.org\",\"@graph\":[{\"@type\":\"WebPage\",\"@id\":\"https:\/\/www.telpark.com\/pt\/centro-juridico\/maksu-politica-de-privacidade\/\",\"url\":\"https:\/\/www.telpark.com\/pt\/centro-juridico\/maksu-politica-de-privacidade\/\",\"name\":\"Maksu - Pol\u00edtica de privacidade | Telpark\",\"isPartOf\":{\"@id\":\"https:\/\/www.telpark.com\/pt\/#website\"},\"datePublished\":\"2023-09-27T15:26:38+00:00\",\"dateModified\":\"2023-09-28T12:35:48+00:00\",\"breadcrumb\":{\"@id\":\"https:\/\/www.telpark.com\/pt\/centro-juridico\/maksu-politica-de-privacidade\/#breadcrumb\"},\"inLanguage\":\"pt-PT\",\"potentialAction\":[{\"@type\":\"ReadAction\",\"target\":[\"https:\/\/www.telpark.com\/pt\/centro-juridico\/maksu-politica-de-privacidade\/\"]}]},{\"@type\":\"BreadcrumbList\",\"@id\":\"https:\/\/www.telpark.com\/pt\/centro-juridico\/maksu-politica-de-privacidade\/#breadcrumb\",\"itemListElement\":[{\"@type\":\"ListItem\",\"position\":1,\"name\":\"Home\",\"item\":\"https:\/\/www.telpark.com\/pt\/\"},{\"@type\":\"ListItem\",\"position\":2,\"name\":\"Centro Jur\u00eddico\",\"item\":\"https:\/\/www.telpark.com\/pt\/centro-juridico\/\"},{\"@type\":\"ListItem\",\"position\":3,\"name\":\"Maksu - Pol\u00edtica de privacidade\"}]},{\"@type\":\"WebSite\",\"@id\":\"https:\/\/www.telpark.com\/pt\/#website\",\"url\":\"https:\/\/www.telpark.com\/pt\/\",\"name\":\"Telpark\",\"description\":\"Reserva tu plaza en los mejores aparcamientos. Descarga la app y olv\u00eddate de cajeros o parqu\u00edmetros en m\u00e1s de 100 ciudades en Espa\u00f1a y Portugal\",\"publisher\":{\"@id\":\"https:\/\/www.telpark.com\/pt\/#organization\"},\"potentialAction\":[{\"@type\":\"SearchAction\",\"target\":{\"@type\":\"EntryPoint\",\"urlTemplate\":\"https:\/\/www.telpark.com\/pt\/?s={search_term_string}\"},\"query-input\":\"required name=search_term_string\"}],\"inLanguage\":\"pt-PT\"},{\"@type\":\"Organization\",\"@id\":\"https:\/\/www.telpark.com\/pt\/#organization\",\"name\":\"Telpark\",\"url\":\"https:\/\/www.telpark.com\/pt\/\",\"logo\":{\"@type\":\"ImageObject\",\"inLanguage\":\"pt-PT\",\"@id\":\"https:\/\/www.telpark.com\/pt\/#\/schema\/logo\/image\/\",\"url\":\"https:\/\/www.telpark.com\/wp-content\/uploads\/2023\/09\/telpark-logo.svg\",\"contentUrl\":\"https:\/\/www.telpark.com\/wp-content\/uploads\/2023\/09\/telpark-logo.svg\",\"width\":128,\"height\":32,\"caption\":\"Telpark\"},\"image\":{\"@id\":\"https:\/\/www.telpark.com\/pt\/#\/schema\/logo\/image\/\"},\"sameAs\":[\"https:\/\/twitter.com\/telpark_es\",\"https:\/\/www.instagram.com\/telpark_app\/\",\"https:\/\/www.youtube.com\/channel\/UCm8sjis_xlHU5VYQ6GslW-Q\"]}]}<\/script>\n<!-- \/ Yoast SEO plugin. -->","yoast_head_json":{"title":"Maksu - Pol\u00edtica de privacidade | Telpark","robots":{"index":"index","follow":"follow","max-snippet":"max-snippet:-1","max-image-preview":"max-image-preview:large","max-video-preview":"max-video-preview:-1"},"canonical":"https:\/\/www.telpark.com\/pt\/centro-juridico\/maksu-politica-de-privacidade\/","og_locale":"pt_PT","og_type":"article","og_title":"Maksu - Pol\u00edtica de privacidade | Telpark","og_url":"https:\/\/www.telpark.com\/pt\/centro-juridico\/maksu-politica-de-privacidade\/","og_site_name":"Telpark","article_modified_time":"2023-09-28T12:35:48+00:00","twitter_card":"summary_large_image","twitter_site":"@telpark_es","schema":{"@context":"https:\/\/schema.org","@graph":[{"@type":"WebPage","@id":"https:\/\/www.telpark.com\/pt\/centro-juridico\/maksu-politica-de-privacidade\/","url":"https:\/\/www.telpark.com\/pt\/centro-juridico\/maksu-politica-de-privacidade\/","name":"Maksu - Pol\u00edtica de privacidade | Telpark","isPartOf":{"@id":"https:\/\/www.telpark.com\/pt\/#website"},"datePublished":"2023-09-27T15:26:38+00:00","dateModified":"2023-09-28T12:35:48+00:00","breadcrumb":{"@id":"https:\/\/www.telpark.com\/pt\/centro-juridico\/maksu-politica-de-privacidade\/#breadcrumb"},"inLanguage":"pt-PT","potentialAction":[{"@type":"ReadAction","target":["https:\/\/www.telpark.com\/pt\/centro-juridico\/maksu-politica-de-privacidade\/"]}]},{"@type":"BreadcrumbList","@id":"https:\/\/www.telpark.com\/pt\/centro-juridico\/maksu-politica-de-privacidade\/#breadcrumb","itemListElement":[{"@type":"ListItem","position":1,"name":"Home","item":"https:\/\/www.telpark.com\/pt\/"},{"@type":"ListItem","position":2,"name":"Centro Jur\u00eddico","item":"https:\/\/www.telpark.com\/pt\/centro-juridico\/"},{"@type":"ListItem","position":3,"name":"Maksu - Pol\u00edtica de privacidade"}]},{"@type":"WebSite","@id":"https:\/\/www.telpark.com\/pt\/#website","url":"https:\/\/www.telpark.com\/pt\/","name":"Telpark","description":"Reserva tu plaza en los mejores aparcamientos. Descarga la app y olv\u00eddate de cajeros o parqu\u00edmetros en m\u00e1s de 100 ciudades en Espa\u00f1a y Portugal","publisher":{"@id":"https:\/\/www.telpark.com\/pt\/#organization"},"potentialAction":[{"@type":"SearchAction","target":{"@type":"EntryPoint","urlTemplate":"https:\/\/www.telpark.com\/pt\/?s={search_term_string}"},"query-input":"required name=search_term_string"}],"inLanguage":"pt-PT"},{"@type":"Organization","@id":"https:\/\/www.telpark.com\/pt\/#organization","name":"Telpark","url":"https:\/\/www.telpark.com\/pt\/","logo":{"@type":"ImageObject","inLanguage":"pt-PT","@id":"https:\/\/www.telpark.com\/pt\/#\/schema\/logo\/image\/","url":"https:\/\/www.telpark.com\/wp-content\/uploads\/2023\/09\/telpark-logo.svg","contentUrl":"https:\/\/www.telpark.com\/wp-content\/uploads\/2023\/09\/telpark-logo.svg","width":128,"height":32,"caption":"Telpark"},"image":{"@id":"https:\/\/www.telpark.com\/pt\/#\/schema\/logo\/image\/"},"sameAs":["https:\/\/twitter.com\/telpark_es","https:\/\/www.instagram.com\/telpark_app\/","https:\/\/www.youtube.com\/channel\/UCm8sjis_xlHU5VYQ6GslW-Q"]}]}},"meta_box":[],"_links":{"self":[{"href":"https:\/\/www.telpark.com\/pt\/wp-json\/wp\/v2\/pages\/26810"}],"collection":[{"href":"https:\/\/www.telpark.com\/pt\/wp-json\/wp\/v2\/pages"}],"about":[{"href":"https:\/\/www.telpark.com\/pt\/wp-json\/wp\/v2\/types\/page"}],"author":[{"embeddable":true,"href":"https:\/\/www.telpark.com\/pt\/wp-json\/wp\/v2\/users\/12"}],"replies":[{"embeddable":true,"href":"https:\/\/www.telpark.com\/pt\/wp-json\/wp\/v2\/comments?post=26810"}],"version-history":[{"count":2,"href":"https:\/\/www.telpark.com\/pt\/wp-json\/wp\/v2\/pages\/26810\/revisions"}],"predecessor-version":[{"id":26823,"href":"https:\/\/www.telpark.com\/pt\/wp-json\/wp\/v2\/pages\/26810\/revisions\/26823"}],"up":[{"embeddable":true,"href":"https:\/\/www.telpark.com\/pt\/wp-json\/wp\/v2\/pages\/30411"}],"wp:attachment":[{"href":"https:\/\/www.telpark.com\/pt\/wp-json\/wp\/v2\/media?parent=26810"}],"curies":[{"name":"wp","href":"https:\/\/api.w.org\/{rel}","templated":true}]}}