{"id":30411,"date":"2023-10-03T16:54:26","date_gmt":"2023-10-03T15:54:26","guid":{"rendered":"https:\/\/telpark.cmspro.telpark.com\/centro-juridico\/"},"modified":"2024-01-17T11:40:22","modified_gmt":"2024-01-17T10:40:22","slug":"centro-juridico","status":"publish","type":"page","link":"https:\/\/www.telpark.com\/pt\/centro-juridico\/","title":{"rendered":"Centro Jur\u00eddico"},"content":{"rendered":"<div class=\"wrapper row center-xs\">\n    <div class=\"col-xs-12 col-sm-12 col-md-8 pt-4\">\n                <header class=\"tpk-head center wrapper\">\n        <h1 class=\"tpk-head__title\">Centro jur\u00eddico telpark<\/h1>    <div class=\"wrapper pl-1 pr-1 pb-3\">\n<header class=\"tpk-head  wrapper\">\n<p>Na Telpark, somos transparentes. Encontra todos os documentos legais da Telpark e da Empark num \u00fanico local<\/p>\n<\/header>\n<\/div>\n<\/header>    <\/div>\n<\/div>\n\n<section class=\"tpk-products center\">\n    <div class=\"wrapper pl-1 pr-1 pb-3\">\n                <header class=\"tpk-head  wrapper\">\n        <h3 class=\"tpk-head__title\">MAKSU<\/h3>    <p>Textos legais aplic\u00e1veis \u200b\u200baos produtos da <a href=\"https:\/\/play.google.com\/store\/apps\/details?id=com.delaware.empark&amp;hl=pt&amp;gl=US\">aplica\u00e7\u00e3o m\u00f3vel<\/a>, do <a href=\"https:\/\/reserva.telpark.com\/pt\">site de reservas<\/a> e da <a href=\"https:\/\/app.telpark.com\/es\/login\">aplica\u00e7\u00e3o web<\/a> Telpark.<\/p>\n<\/header>    <\/div>\n\n    <div class=\"wrapper tpk-products__cards grid  grid-3\">\n        <input type=\"hidden\" id=\"_wpnonce\" name=\"_wpnonce\" value=\"db3e38923d\" \/><input type=\"hidden\" name=\"_wp_http_referer\" value=\"\/pt\/wp-json\/wp\/v2\/pages\/30411\" \/>\n                    <div class=\"tpk-card-product  \">\n\n\t<div class=\"tpk-card-product__head\">\n\t\t\t\t\t<span class=\"icon icon-documento icon--lg\"><\/span>\n\t\t\t\t\t<\/div>\n\t<div class=\"tpk-card-product__content\">\n\t\t<h4 class=\"tpk-card-product__content__title\">Termos e condi\u00e7\u00f5es<\/h4>\n\t\t\t\t\t<p>Maksu<\/p>\n\n\t\t\t<\/div>\n\t\t\t\t\t\t\t\t\t\t\t\t\t\t\t\t\t\t\t\t<a  class=\"tpk-button tpk-button--link tpk-button--md \" href=\"maksu-termos-e-condicoes\/\"    target=\"_blank\" >\n    <span>Ver<\/span>\n            <span class=\"icon icon-flecha-circulo-derecha icon--sm\">\n        <\/span>\n    <\/a>\t\t\t\t\t\t\t\t\t\t\t<\/div>\n                    <div class=\"tpk-card-product  \">\n\n\t<div class=\"tpk-card-product__head\">\n\t\t\t\t\t<span class=\"icon icon-documento icon--lg\"><\/span>\n\t\t\t\t\t<\/div>\n\t<div class=\"tpk-card-product__content\">\n\t\t<h4 class=\"tpk-card-product__content__title\">Pol\u00edtica de privacidade<\/h4>\n\t\t\t\t\t<p>Maksu<\/p>\n\n\t\t\t<\/div>\n\t\t\t\t\t\t\t\t\t\t\t\t\t\t\t\t\t\t\t\t<a  class=\"tpk-button tpk-button--link tpk-button--md \" href=\"maksu-politica-de-privacidade\/\"    target=\"_blank\" >\n    <span>Ver<\/span>\n            <span class=\"icon icon-flecha-circulo-derecha icon--sm\">\n        <\/span>\n    <\/a>\t\t\t\t\t\t\t\t\t\t\t<\/div>\n                    <div class=\"tpk-card-product  \">\n\n\t<div class=\"tpk-card-product__head\">\n\t\t\t\t\t<span class=\"icon icon-documento icon--lg\"><\/span>\n\t\t\t\t\t<\/div>\n\t<div class=\"tpk-card-product__content\">\n\t\t<h4 class=\"tpk-card-product__content__title\">Advert\u00eancia jur\u00eddica<\/h4>\n\t\t\t\t\t<p>Maksu<\/p>\n\n\t\t\t<\/div>\n\t\t\t\t\t\t\t\t\t\t\t\t\t\t\t\t\t\t\t\t<a  class=\"tpk-button tpk-button--link tpk-button--md \" href=\"maksu-advertencia-juridica\/\"    target=\"_blank\" >\n    <span>Ver<\/span>\n            <span class=\"icon icon-flecha-circulo-derecha icon--sm\">\n        <\/span>\n    <\/a>\t\t\t\t\t\t\t\t\t\t\t<\/div>\n            <\/div>\n<\/section>\n\n<section class=\"tpk-products center\">\n    <div class=\"wrapper pl-1 pr-1 pb-3\">\n                <header class=\"tpk-head  wrapper\">\n        <h3 class=\"tpk-head__title\">EMPARK<\/h3>    <p>Textos legais aplic\u00e1veis \u200b\u200bao <a href=\"https:\/\/www.telpark.com\/pt\/\">site telpark<\/a>, ao <a href=\"https:\/\/www.empark.com\/pt\/\">site empark<\/a> e ao <a href=\"https:\/\/www.reservarparking.com\/pt\/aeroportos\">site de reservas aeroportu\u00e1rias<\/a>.<\/p>\n<\/header>    <\/div>\n\n    <div class=\"wrapper tpk-products__cards grid  grid-3\">\n        <input type=\"hidden\" id=\"_wpnonce\" name=\"_wpnonce\" value=\"db3e38923d\" \/><input type=\"hidden\" name=\"_wp_http_referer\" value=\"\/pt\/wp-json\/wp\/v2\/pages\/30411\" \/>\n                    <div class=\"tpk-card-product  \">\n\n\t<div class=\"tpk-card-product__head\">\n\t\t\t\t\t<span class=\"icon icon-documento icon--lg\"><\/span>\n\t\t\t\t\t<\/div>\n\t<div class=\"tpk-card-product__content\">\n\t\t<h4 class=\"tpk-card-product__content__title\">Pol\u00edtica de privacidade<\/h4>\n\t\t\t\t\t<p>Empark<\/p>\n\n\t\t\t<\/div>\n\t\t\t\t\t\t\t\t\t\t\t\t\t\t\t\t\t\t\t\t<a  class=\"tpk-button tpk-button--link tpk-button--md \" href=\"empark-politica-de-privacidade\/\"    target=\"_blank\" >\n    <span>Ver<\/span>\n            <span class=\"icon icon-flecha-circulo-derecha icon--sm\">\n        <\/span>\n    <\/a>\t\t\t\t\t\t\t\t\t\t\t<\/div>\n                    <div class=\"tpk-card-product  \">\n\n\t<div class=\"tpk-card-product__head\">\n\t\t\t\t\t<span class=\"icon icon-documento icon--lg\"><\/span>\n\t\t\t\t\t<\/div>\n\t<div class=\"tpk-card-product__content\">\n\t\t<h4 class=\"tpk-card-product__content__title\">Advert\u00eancia jur\u00eddica<\/h4>\n\t\t\t\t\t<p>Empark<\/p>\n\n\t\t\t<\/div>\n\t\t\t\t\t\t\t\t\t\t\t\t\t\t\t\t\t\t\t\t<a  class=\"tpk-button tpk-button--link tpk-button--md \" href=\"empark-advertencia-juridica\/\"    target=\"_blank\" >\n    <span>Ver<\/span>\n            <span class=\"icon icon-flecha-circulo-derecha icon--sm\">\n        <\/span>\n    <\/a>\t\t\t\t\t\t\t\t\t\t\t<\/div>\n            <\/div>\n<\/section>\n\n<section class=\"tpk-products center\">\n    <div class=\"wrapper pl-1 pr-1 pb-3\">\n                <header class=\"tpk-head  wrapper\">\n        <h3 class=\"tpk-head__title\">Empresas EMPARK<\/h3>    <p>Os seguintes links pertencem aos textos legais aplic\u00e1veis \u200b\u200b\u00e0s aven\u00e7as que se contratam atrav\u00e9s do <a href=\"https:\/\/abonos.empark.com\/home\/es\/es\">site de aven\u00e7as<\/a> e aos diversos produtos de estacionamento que se contratam fisicamente nos parques de estacionamento e n\u00e3o atrav\u00e9s da aplica\u00e7\u00e3o.<\/p>\n<\/header>    <\/div>\n\n    <div class=\"wrapper tpk-products__cards grid  grid-3\">\n        <input type=\"hidden\" id=\"_wpnonce\" name=\"_wpnonce\" value=\"db3e38923d\" \/><input type=\"hidden\" name=\"_wp_http_referer\" value=\"\/pt\/wp-json\/wp\/v2\/pages\/30411\" \/>\n                    <div class=\"tpk-card-product  \">\n\n\t<div class=\"tpk-card-product__head\">\n\t\t\t\t\t<span class=\"icon icon-documento icon--lg\"><\/span>\n\t\t\t\t\t<\/div>\n\t<div class=\"tpk-card-product__content\">\n\t\t<h4 class=\"tpk-card-product__content__title\">Termos e condi\u00e7\u00f5es<\/h4>\n\t\t\t\t\t<p>Empresas empark<\/p>\n\n\t\t\t<\/div>\n\t\t\t\t\t\t\t\t\t\t\t\t\t\t\t\t\t\t\t\t<a  class=\"tpk-button tpk-button--link tpk-button--md \" href=\"empresas-empark-termos-e-condicoes\/\"    target=\"_blank\" >\n    <span>Ver<\/span>\n            <span class=\"icon icon-flecha-circulo-derecha icon--sm\">\n        <\/span>\n    <\/a>\t\t\t\t\t\t\t\t\t\t\t<\/div>\n                    <div class=\"tpk-card-product  \">\n\n\t<div class=\"tpk-card-product__head\">\n\t\t\t\t\t<span class=\"icon icon-documento icon--lg\"><\/span>\n\t\t\t\t\t<\/div>\n\t<div class=\"tpk-card-product__content\">\n\t\t<h4 class=\"tpk-card-product__content__title\">Pol\u00edtica de privacidade<\/h4>\n\t\t\t\t\t<p>Empresas empark<\/p>\n\n\t\t\t<\/div>\n\t\t\t\t\t\t\t\t\t\t\t\t\t\t\t\t\t\t\t\t<a  class=\"tpk-button tpk-button--link tpk-button--md \" href=\"empresas-empark-politica-de-privacidade\/\"    target=\"_blank\" >\n    <span>Ver<\/span>\n            <span class=\"icon icon-flecha-circulo-derecha icon--sm\">\n        <\/span>\n    <\/a>\t\t\t\t\t\t\t\t\t\t\t<\/div>\n                    <div class=\"tpk-card-product  \">\n\n\t<div class=\"tpk-card-product__head\">\n\t\t\t\t\t<span class=\"icon icon-documento icon--lg\"><\/span>\n\t\t\t\t\t<\/div>\n\t<div class=\"tpk-card-product__content\">\n\t\t<h4 class=\"tpk-card-product__content__title\">Empresas do grupo empark<\/h4>\n\t\t\t\t\t<p>Empresas empark<\/p>\n\n\t\t\t<\/div>\n\t\t\t\t\t\t\t\t\t\t\t\t\t\t\t\t\t\t\t\t<a  class=\"tpk-button tpk-button--link tpk-button--md \" href=\"https:\/\/www.empark.com\/pt\/empresas-do-grupo\/\"    target=\"_blank\" >\n    <span>Ver<\/span>\n            <span class=\"icon icon-flecha-circulo-derecha icon--sm\">\n        <\/span>\n    <\/a>\t\t\t\t\t\t\t\t\t\t\t<\/div>\n            <\/div>\n<\/section>\n\n<section class=\"tpk-products center\">\n    <div class=\"wrapper pl-1 pr-1 pb-3\">\n                <header class=\"tpk-head  wrapper\">\n        <h3 class=\"tpk-head__title\">Pol\u00edtica de Cookies<\/h3>    <p>No link a seguir voc\u00ea encontrar\u00e1 a pol\u00edtica de cookies que se aplica a todos os nossos sites e ao nosso aplicativo.<\/p>\n<\/header>    <\/div>\n\n    <div class=\"wrapper tpk-products__cards grid  grid-3\">\n        <input type=\"hidden\" id=\"_wpnonce\" name=\"_wpnonce\" value=\"db3e38923d\" \/><input type=\"hidden\" name=\"_wp_http_referer\" value=\"\/pt\/wp-json\/wp\/v2\/pages\/30411\" \/>\n                    <div class=\"tpk-card-product  \">\n\n\t<div class=\"tpk-card-product__head\">\n\t\t\t\t\t<span class=\"icon icon-documento icon--lg\"><\/span>\n\t\t\t\t\t<\/div>\n\t<div class=\"tpk-card-product__content\">\n\t\t<h4 class=\"tpk-card-product__content__title\">Pol\u00edtica de cookies<\/h4>\n\t\t\t\t\t<p>Telpark e empark<\/p>\n\n\t\t\t<\/div>\n\t\t\t\t\t\t\t\t\t\t\t\t\t\t\t\t\t\t\t\t<a  class=\"tpk-button tpk-button--link tpk-button--md \" href=\"politica-de-cookies\/\"    target=\"_blank\" >\n    <span>Ver<\/span>\n            <span class=\"icon icon-flecha-circulo-derecha icon--sm\">\n        <\/span>\n    <\/a>\t\t\t\t\t\t\t\t\t\t\t<\/div>\n            <\/div>\n<\/section>","protected":false},"excerpt":{"rendered":"","protected":false},"author":12,"featured_media":0,"parent":0,"menu_order":0,"comment_status":"closed","ping_status":"closed","template":"","meta":{"footnotes":""},"yoast_head":"<!-- This site is optimized with the Yoast SEO plugin v20.12 - https:\/\/yoast.com\/wordpress\/plugins\/seo\/ -->\n<title>Centro Jur\u00eddico | Telpark<\/title>\n<meta name=\"robots\" content=\"index, follow, max-snippet:-1, max-image-preview:large, max-video-preview:-1\" \/>\n<link rel=\"canonical\" href=\"https:\/\/www.telpark.com\/pt\/centro-juridico\/\" \/>\n<meta property=\"og:locale\" content=\"pt_PT\" \/>\n<meta property=\"og:type\" content=\"article\" \/>\n<meta property=\"og:title\" content=\"Centro Jur\u00eddico | Telpark\" \/>\n<meta property=\"og:url\" content=\"https:\/\/www.telpark.com\/pt\/centro-juridico\/\" \/>\n<meta property=\"og:site_name\" content=\"Telpark\" \/>\n<meta property=\"article:modified_time\" content=\"2024-01-17T10:40:22+00:00\" \/>\n<meta name=\"twitter:card\" content=\"summary_large_image\" \/>\n<meta name=\"twitter:site\" content=\"@telpark_es\" \/>\n<script type=\"application\/ld+json\" class=\"yoast-schema-graph\">{\"@context\":\"https:\/\/schema.org\",\"@graph\":[{\"@type\":\"WebPage\",\"@id\":\"https:\/\/www.telpark.com\/pt\/centro-juridico\/\",\"url\":\"https:\/\/www.telpark.com\/pt\/centro-juridico\/\",\"name\":\"Centro Jur\u00eddico | Telpark\",\"isPartOf\":{\"@id\":\"https:\/\/www.telpark.com\/pt\/#website\"},\"datePublished\":\"2023-10-03T15:54:26+00:00\",\"dateModified\":\"2024-01-17T10:40:22+00:00\",\"breadcrumb\":{\"@id\":\"https:\/\/www.telpark.com\/pt\/centro-juridico\/#breadcrumb\"},\"inLanguage\":\"pt-PT\",\"potentialAction\":[{\"@type\":\"ReadAction\",\"target\":[\"https:\/\/www.telpark.com\/pt\/centro-juridico\/\"]}]},{\"@type\":\"BreadcrumbList\",\"@id\":\"https:\/\/www.telpark.com\/pt\/centro-juridico\/#breadcrumb\",\"itemListElement\":[{\"@type\":\"ListItem\",\"position\":1,\"name\":\"Home\",\"item\":\"https:\/\/www.telpark.com\/pt\/\"},{\"@type\":\"ListItem\",\"position\":2,\"name\":\"Centro Jur\u00eddico\"}]},{\"@type\":\"WebSite\",\"@id\":\"https:\/\/www.telpark.com\/pt\/#website\",\"url\":\"https:\/\/www.telpark.com\/pt\/\",\"name\":\"Telpark\",\"description\":\"Reserva tu plaza en los mejores aparcamientos. Descarga la app y olv\u00eddate de cajeros o parqu\u00edmetros en m\u00e1s de 100 ciudades en Espa\u00f1a y Portugal\",\"publisher\":{\"@id\":\"https:\/\/www.telpark.com\/pt\/#organization\"},\"potentialAction\":[{\"@type\":\"SearchAction\",\"target\":{\"@type\":\"EntryPoint\",\"urlTemplate\":\"https:\/\/www.telpark.com\/pt\/?s={search_term_string}\"},\"query-input\":\"required name=search_term_string\"}],\"inLanguage\":\"pt-PT\"},{\"@type\":\"Organization\",\"@id\":\"https:\/\/www.telpark.com\/pt\/#organization\",\"name\":\"Telpark\",\"url\":\"https:\/\/www.telpark.com\/pt\/\",\"logo\":{\"@type\":\"ImageObject\",\"inLanguage\":\"pt-PT\",\"@id\":\"https:\/\/www.telpark.com\/pt\/#\/schema\/logo\/image\/\",\"url\":\"https:\/\/www.telpark.com\/wp-content\/uploads\/2023\/09\/telpark-logo.svg\",\"contentUrl\":\"https:\/\/www.telpark.com\/wp-content\/uploads\/2023\/09\/telpark-logo.svg\",\"width\":128,\"height\":32,\"caption\":\"Telpark\"},\"image\":{\"@id\":\"https:\/\/www.telpark.com\/pt\/#\/schema\/logo\/image\/\"},\"sameAs\":[\"https:\/\/twitter.com\/telpark_es\",\"https:\/\/www.instagram.com\/telpark_app\/\",\"https:\/\/www.youtube.com\/channel\/UCm8sjis_xlHU5VYQ6GslW-Q\"]}]}<\/script>\n<!-- \/ Yoast SEO plugin. -->","yoast_head_json":{"title":"Centro Jur\u00eddico | Telpark","robots":{"index":"index","follow":"follow","max-snippet":"max-snippet:-1","max-image-preview":"max-image-preview:large","max-video-preview":"max-video-preview:-1"},"canonical":"https:\/\/www.telpark.com\/pt\/centro-juridico\/","og_locale":"pt_PT","og_type":"article","og_title":"Centro Jur\u00eddico | Telpark","og_url":"https:\/\/www.telpark.com\/pt\/centro-juridico\/","og_site_name":"Telpark","article_modified_time":"2024-01-17T10:40:22+00:00","twitter_card":"summary_large_image","twitter_site":"@telpark_es","schema":{"@context":"https:\/\/schema.org","@graph":[{"@type":"WebPage","@id":"https:\/\/www.telpark.com\/pt\/centro-juridico\/","url":"https:\/\/www.telpark.com\/pt\/centro-juridico\/","name":"Centro Jur\u00eddico | Telpark","isPartOf":{"@id":"https:\/\/www.telpark.com\/pt\/#website"},"datePublished":"2023-10-03T15:54:26+00:00","dateModified":"2024-01-17T10:40:22+00:00","breadcrumb":{"@id":"https:\/\/www.telpark.com\/pt\/centro-juridico\/#breadcrumb"},"inLanguage":"pt-PT","potentialAction":[{"@type":"ReadAction","target":["https:\/\/www.telpark.com\/pt\/centro-juridico\/"]}]},{"@type":"BreadcrumbList","@id":"https:\/\/www.telpark.com\/pt\/centro-juridico\/#breadcrumb","itemListElement":[{"@type":"ListItem","position":1,"name":"Home","item":"https:\/\/www.telpark.com\/pt\/"},{"@type":"ListItem","position":2,"name":"Centro Jur\u00eddico"}]},{"@type":"WebSite","@id":"https:\/\/www.telpark.com\/pt\/#website","url":"https:\/\/www.telpark.com\/pt\/","name":"Telpark","description":"Reserva tu plaza en los mejores aparcamientos. Descarga la app y olv\u00eddate de cajeros o parqu\u00edmetros en m\u00e1s de 100 ciudades en Espa\u00f1a y Portugal","publisher":{"@id":"https:\/\/www.telpark.com\/pt\/#organization"},"potentialAction":[{"@type":"SearchAction","target":{"@type":"EntryPoint","urlTemplate":"https:\/\/www.telpark.com\/pt\/?s={search_term_string}"},"query-input":"required name=search_term_string"}],"inLanguage":"pt-PT"},{"@type":"Organization","@id":"https:\/\/www.telpark.com\/pt\/#organization","name":"Telpark","url":"https:\/\/www.telpark.com\/pt\/","logo":{"@type":"ImageObject","inLanguage":"pt-PT","@id":"https:\/\/www.telpark.com\/pt\/#\/schema\/logo\/image\/","url":"https:\/\/www.telpark.com\/wp-content\/uploads\/2023\/09\/telpark-logo.svg","contentUrl":"https:\/\/www.telpark.com\/wp-content\/uploads\/2023\/09\/telpark-logo.svg","width":128,"height":32,"caption":"Telpark"},"image":{"@id":"https:\/\/www.telpark.com\/pt\/#\/schema\/logo\/image\/"},"sameAs":["https:\/\/twitter.com\/telpark_es","https:\/\/www.instagram.com\/telpark_app\/","https:\/\/www.youtube.com\/channel\/UCm8sjis_xlHU5VYQ6GslW-Q"]}]}},"meta_box":[],"_links":{"self":[{"href":"https:\/\/www.telpark.com\/pt\/wp-json\/wp\/v2\/pages\/30411"}],"collection":[{"href":"https:\/\/www.telpark.com\/pt\/wp-json\/wp\/v2\/pages"}],"about":[{"href":"https:\/\/www.telpark.com\/pt\/wp-json\/wp\/v2\/types\/page"}],"author":[{"embeddable":true,"href":"https:\/\/www.telpark.com\/pt\/wp-json\/wp\/v2\/users\/12"}],"replies":[{"embeddable":true,"href":"https:\/\/www.telpark.com\/pt\/wp-json\/wp\/v2\/comments?post=30411"}],"version-history":[{"count":2,"href":"https:\/\/www.telpark.com\/pt\/wp-json\/wp\/v2\/pages\/30411\/revisions"}],"predecessor-version":[{"id":36224,"href":"https:\/\/www.telpark.com\/pt\/wp-json\/wp\/v2\/pages\/30411\/revisions\/36224"}],"wp:attachment":[{"href":"https:\/\/www.telpark.com\/pt\/wp-json\/wp\/v2\/media?parent=30411"}],"curies":[{"name":"wp","href":"https:\/\/api.w.org\/{rel}","templated":true}]}}