{"id":30901,"date":"2023-05-29T08:52:55","date_gmt":"2023-05-29T07:52:55","guid":{"rendered":"https:\/\/telpark.cmspro.telpark.com\/inicio-da-empresa\/publicidade-e-eventos\/"},"modified":"2026-01-13T15:56:11","modified_gmt":"2026-01-13T14:56:11","slug":"publicidade-e-eventos","status":"publish","type":"page","link":"https:\/\/www.telpark.com\/pt\/empresas\/publicidade-e-eventos\/","title":{"rendered":"Publicidade e Eventos"},"content":{"rendered":"\n<section class=\"tpk-hero tpk-hero--products                lower\"\n         style=\"\">\n                        <picture >\n\n                    <source srcset=\"https:\/\/www.telpark.com\/wp-content\/uploads\/2023\/05\/Portada-Bear-Market-publicidad-eventos-e1698075035982-480x640.jpg\" media=\"((min-width: 0rem) and (max-width: 30rem))\">\n                             <source srcset=\"https:\/\/www.telpark.com\/wp-content\/uploads\/2023\/05\/Portada-Bear-Market-publicidad-eventos-e1698075035982-1024x500.jpg\" media=\"(min-width: 30rem) and (max-width: 64rem)\" >\n                            <source srcset=\"https:\/\/www.telpark.com\/wp-content\/uploads\/2023\/05\/Portada-Bear-Market-publicidad-eventos-e1698075035982-1386x640.jpg\" media=\"(min-width: 64rem)\" >\n        \n        \n                                                                                                        \n        <img decoding=\"async\" fetchpriority=\"high\" src=\"https:\/\/www.telpark.com\/wp-content\/uploads\/2023\/05\/Portada-Bear-Market-publicidad-eventos-e1698075035982-1386x640.jpg\" alt=\"\"  width=\"1386\" height=\"640\"  loading=\"eager\">\n    <\/picture>\n\n    \n            <div class=\"tpk-breadcrumb wrapper row\">\n    <nav aria-label=\"Breadcrumb\">\n        <ul>\n                            <li>\n                                            <a href=\"https:\/\/www.telpark.com\/pt\/empresas\/\">Empresas<\/a><span\n                            class=\"tpk-breadcrumb__separator\">><\/span>\n                                    <\/li>\n                            <li>\n                                            <span aria-current=\"page\">Publicidade e Eventos<\/span>\n                                    <\/li>\n                    <\/ul>\n    <\/nav>\n<\/div>        <div class=\"tpk-hero__content wrapper row\">\n                    <div class=\"col-xs-12 col-sm-12 pr-h pl-h\">\n                                <header class=\"tpk-head  wrapper\">\n    <p class=\"tpk-head__caption\">Mais do que um cartaz de publicidade<\/p>    <h1 class=\"tpk-head__title\">Publicidade e eventos<\/h1>    <\/header>\n            \n                    <\/div>\n    <\/div>\n            <div class=\"tpk-hero__cards row wrapper\">\n                                                                                        <div class=\"col-xs-12 col-sm-12 col-md-4 mb-1 pl-h pr-h\">\n                                                                    <\/div>\n                    <\/div>\n    <\/section>\n<div class=\"tpk-spinner__wrapper\">\n    <div class=\"tpk-spinner\"><\/div>\n<\/div>\n\n<section class=\"tpk-benefits \" >\n    <div class=\"wrapper row center-xs\">\n        <div class=\"col-xs-12 col-sm-10 col-md-8\">\n                <header class=\"tpk-head  wrapper\">\n        <h2 class=\"tpk-head__title\">Os nossos espa\u00e7os s\u00e3o perfeitos para criar uma experi\u00eancia real e envolvente para o teu cliente-alvo.<\/h2>    <p>Gostavas de dar mais visibilidade ao teu neg\u00f3cio e alcan\u00e7ar milhares de pessoas todos os dias? Anuncia nos nossos parques de estacionamento e amplia a tua presen\u00e7a para atingir um p\u00fablico maior.<\/p>\n<\/header>        <\/div>\n    <\/div>\n    <div class=\"tpk-benefits__list row wrapper\">\n            <\/div>\n<\/section>\n\n\n<section class=\"tpk-banner-cta tpk-banner-cta--half   \"\n         style=\"                 \">\n    <div class=\"tpk-banner-cta--half__picture\">\n                                    <picture >\n\n                    <source srcset=\"https:\/\/www.telpark.com\/wp-content\/uploads\/2023\/05\/Indautxu-Presentacion-Ford-vehiculo-electrico-460x520.jpg\" media=\"((min-width: 0rem) and (max-width: 30rem))\">\n                             <source srcset=\"https:\/\/www.telpark.com\/wp-content\/uploads\/2023\/05\/Indautxu-Presentacion-Ford-vehiculo-electrico-520x520.jpg\" media=\"(min-width: 30rem) and (max-width: 64rem)\" >\n                            <source srcset=\"https:\/\/www.telpark.com\/wp-content\/uploads\/2023\/05\/Indautxu-Presentacion-Ford-vehiculo-electrico-960x814.jpg\" media=\"(min-width: 64rem)\" >\n        \n        \n                                                                                                        \n        <img decoding=\"async\" src=\"https:\/\/www.telpark.com\/wp-content\/uploads\/2023\/05\/Indautxu-Presentacion-Ford-vehiculo-electrico-960x814.jpg\" alt=\"\"  width=\"960\" height=\"814\"  loading=\"lazy\" >\n    <\/picture>\n\n            <\/div>\n\n    <div class=\"tpk-banner-cta__content row wrapper middle-xs\">\n        <div class=\"col-xs-12 col-md-6 tpk-banner-cta__content__text\">\n                        <header class=\"tpk-head  wrapper\">\n    <p class=\"tpk-head__caption\">Publicidade<\/p>    <h2 class=\"tpk-head__title\">Publicidade f\u00edsica<\/h2>    <p>Personaliza qualquer elemento do parque para promoveres em grande estilo! Do ch\u00e3o \u00e0s colunas, at\u00e9 os nossos displays digitais est\u00e3o dispon\u00edveis para a tua marca.<\/p>\n<p>Aproveita op\u00e7\u00f5es como banners, sinaliza\u00e7\u00e3o, publicidade em bilhetes, barreiras, elevadores, mupies, colunas e telas digitais em mais de 80 parques de estacionamento.<\/p>\n<p>&nbsp;<\/p>\n<\/header>            <div class=\"tpk-banner-cta__buttons\">\n                            <\/div>\n        <\/div>\n    <\/div>\n<\/section>\n\n\n<section class=\"tpk-banner-cta tpk-banner-cta--half  reverse   \"\n         style=\"                 \">\n    <div class=\"tpk-banner-cta--half__picture\">\n                                    <picture >\n\n                    <source srcset=\"https:\/\/www.telpark.com\/wp-content\/uploads\/2023\/03\/Parking-el-arenal-Javea-Alicante.jpg\" media=\"((min-width: 0rem) and (max-width: 30rem))\">\n                             <source srcset=\"https:\/\/www.telpark.com\/wp-content\/uploads\/2023\/03\/Parking-el-arenal-Javea-Alicante.jpg\" media=\"(min-width: 30rem) and (max-width: 64rem)\" >\n                            <source srcset=\"https:\/\/www.telpark.com\/wp-content\/uploads\/2023\/03\/Parking-el-arenal-Javea-Alicante.jpg\" media=\"(min-width: 64rem)\" >\n        \n        \n                                                                                                        \n        <img decoding=\"async\" src=\"https:\/\/www.telpark.com\/wp-content\/uploads\/2023\/03\/Parking-el-arenal-Javea-Alicante.jpg\" alt=\"\"  width=\"448\" height=\"324\"  loading=\"lazy\" >\n    <\/picture>\n\n            <\/div>\n\n    <div class=\"tpk-banner-cta__content row wrapper middle-xs\">\n        <div class=\"col-xs-12 col-md-6 tpk-banner-cta__content__text\">\n                        <header class=\"tpk-head  wrapper\">\n    <p class=\"tpk-head__caption\">Eventos<\/p>    <h2 class=\"tpk-head__title\">Espa\u00e7os e eventos personalizados<\/h2>    <p>Queres organizar um evento num dos nossos parques? Est\u00e1s no lugar certo. Corridas de kart, apresenta\u00e7\u00e3o de ve\u00edculos ou qualquer evento que possas imaginar. Entra em contacto connosco e conta-nos a tua ideia. Certamente encontramos uma maneira de torn\u00e1-la real.<\/p>\n<\/header>            <div class=\"tpk-banner-cta__buttons\">\n                            <\/div>\n        <\/div>\n    <\/div>\n<\/section>\n\n<section class=\"tpk-form\">\n   <div class=\"wrapper pl-1 pr-1 row center-xs \">\n        <div class=\"col-xs-12 col-sm-10 col-md-8 col-no-gutter\">\n                        <header class=\"tpk-head  wrapper\">\n    <p class=\"tpk-head__caption\">Contacto para empresas<\/p>    <h2 class=\"tpk-head__title\">Diga-nos o que precisa e n\u00f3s encontraremos a melhor solu\u00e7\u00e3o para a sua empresa<\/h2>    <\/header>        <\/div>\n    <\/div>\n\n            \n<div class=\"wpcf7 no-js\" id=\"wpcf7-f49115-o1\" lang=\"en-US\" dir=\"ltr\">\n<div class=\"screen-reader-response\"><p role=\"status\" aria-live=\"polite\" aria-atomic=\"true\"><\/p> <ul><\/ul><\/div>\n<form action=\"\/pt\/wp-json\/wp\/v2\/pages\/30901#wpcf7-f49115-o1\" method=\"post\" class=\"wpcf7-form init\" aria-label=\"Contact form\" novalidate=\"novalidate\" data-status=\"init\">\n<div style=\"display: none;\">\n<input type=\"hidden\" name=\"_wpcf7\" value=\"49115\" \/>\n<input type=\"hidden\" name=\"_wpcf7_version\" value=\"5.7.7\" \/>\n<input type=\"hidden\" name=\"_wpcf7_locale\" value=\"en_US\" \/>\n<input type=\"hidden\" name=\"_wpcf7_unit_tag\" value=\"wpcf7-f49115-o1\" \/>\n<input type=\"hidden\" name=\"_wpcf7_container_post\" value=\"0\" \/>\n<input type=\"hidden\" name=\"_wpcf7_posted_data_hash\" value=\"\" \/>\n<\/div>\n<div class=\"wrapper row pt-4 bottom-xs center-xs\">\n\t<div class=\"col-xs-12 col-sm-12 col-md-6\">\n\t\t<div class=\"tpk-input-group\">\n\t\t\t<div class=\"tpk-input__wrapper\">\n\t\t\t\t<div class=\"tpk-input tpk-input-text\">\n\t\t\t\t\t<p><span class=\"wpcf7-form-control-wrap\" data-name=\"name1\"><input size=\"40\" maxlength=\"40\" class=\"wpcf7-form-control wpcf7-text wpcf7-validates-as-required\" id=\"name1\" aria-required=\"true\" aria-invalid=\"false\" placeholder=\"Nome e apelidos\" value=\"\" type=\"text\" name=\"name1\" \/><\/span><label for=\"name1\"> Nome e apelidos*<\/label>\n\t\t\t\t\t<\/p>\n\t\t\t\t<\/div>\n\t\t\t<\/div>\n\t\t\t<p class=\"tpk-input-group__help\">\n\t\t\t<\/p>\n\t\t<\/div>\n\t\t<div class=\"tpk-input-group\">\n\t\t\t<div class=\"tpk-input__wrapper\">\n\t\t\t\t<div class=\"tpk-input tpk-input-text\">\n\t\t\t\t\t<p><span class=\"wpcf7-form-control-wrap\" data-name=\"cargo\"><input size=\"40\" maxlength=\"30\" class=\"wpcf7-form-control wpcf7-text wpcf7-validates-as-required\" id=\"cargo\" aria-required=\"true\" aria-invalid=\"false\" placeholder=\"Cargo\" value=\"\" type=\"text\" name=\"cargo\" \/><\/span><label for=\"cargo\"> Cargo na empresa *<\/label>\n\t\t\t\t\t<\/p>\n\t\t\t\t<\/div>\n\t\t\t<\/div>\n\t\t\t<p class=\"tpk-input-group__help\">\n\t\t\t<\/p>\n\t\t<\/div>\n\t\t<div class=\"tpk-input-group\">\n\t\t\t<div class=\"tpk-input__wrapper\">\n\t\t\t\t<div class=\"tpk-input tpk-input-email\">\n\t\t\t\t\t<p><span class=\"wpcf7-form-control-wrap\" data-name=\"email\"><input size=\"40\" maxlength=\"30\" class=\"wpcf7-form-control wpcf7-text wpcf7-email wpcf7-validates-as-required wpcf7-validates-as-email\" id=\"email\" aria-required=\"true\" aria-invalid=\"false\" placeholder=\"Email\" value=\"\" type=\"email\" name=\"email\" \/><\/span><label for=\"email\">Email da empresa *<\/label>\n\t\t\t\t\t<\/p>\n\t\t\t\t<\/div>\n\t\t\t<\/div>\n\t\t\t<p class=\"tpk-input-group__help\">\n\t\t\t<\/p>\n\t\t<\/div>\n\t\t<div class=\"tpk-input-group\">\n\t\t\t<div class=\"tpk-input__wrapper\">\n\t\t\t\t<div class=\"tpk-input tpk-input-text\">\n\t\t\t\t\t<p><span class=\"wpcf7-form-control-wrap\" data-name=\"subject\"><input size=\"40\" maxlength=\"40\" class=\"wpcf7-form-control wpcf7-text\" id=\"subject\" aria-invalid=\"false\" placeholder=\"Assunto\" value=\"\" type=\"text\" name=\"subject\" \/><\/span><label for=\"subject\">Assunto<\/label>\n\t\t\t\t\t<\/p>\n\t\t\t\t<\/div>\n\t\t\t<\/div>\n\t\t\t<p class=\"tpk-input-group__help\">\n\t\t\t<\/p>\n\t\t<\/div>\n\t\t<div class=\"tpk-input-group\">\n\t\t\t<div class=\"tpk-input__wrapper\">\n\t\t\t\t<div class=\"tpk-input tpk-input-dropdown\">\n\t\t\t\t\t<p><span class=\"wpcf7-form-control-wrap\" data-name=\"dropdown\"><select class=\"wpcf7-form-control wpcf7-select wide\" id=\"dropdown\" aria-invalid=\"false\" name=\"dropdown\"><option value=\"Seleciona o teu setor empresarial\" selected=\"selected\">Seleciona o teu setor empresarial<\/option><option value=\"Tecnologia\">Tecnologia<\/option><option value=\"Turismo\">Turismo<\/option><option value=\"Viagens\">Viagens<\/option><option value=\"Aluguer de carros\">Aluguer de carros<\/option><option value=\"Restaura\u00e7\u00e3o\">Restaura\u00e7\u00e3o<\/option><\/select><\/span>\n\t\t\t\t\t<\/p>\n\t\t\t\t<\/div>\n\t\t\t<\/div>\n\t\t\t<p class=\"tpk-input-group__help\">\n\t\t\t<\/p>\n\t\t<\/div>\n\t\t<div class=\"tpk-input-group\">\n\t\t\t<div class=\"tpk-input__wrapper\">\n\t\t\t\t<div class=\"tpk-input tpk-input-textarea\">\n\t\t\t\t\t<p><span class=\"wpcf7-form-control-wrap\" data-name=\"textarea\"><textarea cols=\"40\" rows=\"10\" class=\"wpcf7-form-control wpcf7-textarea\" id=\"textarea\" aria-invalid=\"false\" placeholder=\"Descri\u00e7\u00e3o\" name=\"textarea\"><\/textarea><\/span><label for=\"name\">Descri\u00e7\u00e3o<\/label>\n\t\t\t\t\t<\/p>\n\t\t\t\t<\/div>\n\t\t\t<\/div>\n\t\t\t<p class=\"tpk-input-group__help\">\n\t\t\t<\/p>\n\t\t<\/div>\n\t<\/div>\n\t<div class=\"col-xs-12 col-sm-12 col-md-6\">\n\t\t<div>\n\t\t\t<p>N\u00e3o ser\u00e3o consideradas consultas que n\u00e3o estejam relacionadas com empresas\n\t\t\t<\/p>\n\t\t<\/div>\n\t\t<div class=\"tpk-checkbox\">\n\t\t\t<p><span class=\"wpcf7-form-control-wrap\" data-name=\"checkboxNewslettera\"><span class=\"wpcf7-form-control wpcf7-acceptance optional\"><span class=\"wpcf7-list-item\"><label><input type=\"checkbox\" name=\"checkboxNewslettera\" value=\"1\" class=\"tpk-checkbox__input\" id=\"checkboxNewslettera\" aria-invalid=\"false\" \/><span class=\"wpcf7-list-item-label\">Autorizo a utiliza\u00e7\u00e3o dos meus dados pessoais para efeitos de contacto relativamente a produtos ou servi\u00e7os do Grupo Empark ou de terceiros, no \u00e2mbito dos setores do estacionamento e dos pagmentos eletr\u00f3nicos.<\/span><\/label><\/span><\/span><\/span>\n\t\t\t<\/p>\n\t\t<\/div>\n\t\t<div class=\"tpk-checkbox\">\n\t\t\t<p><span class=\"wpcf7-form-control-wrap\" data-name=\"checkboxNewslettera2\"><span class=\"wpcf7-form-control wpcf7-acceptance optional\"><span class=\"wpcf7-list-item\"><label><input type=\"checkbox\" name=\"checkboxNewslettera2\" value=\"1\" class=\"tpk-checkbox__input\" id=\"checkboxNewslettera2\" aria-invalid=\"false\" \/><span class=\"wpcf7-list-item-label\">Autorizo a utiliza\u00e7\u00e3o dos meus dados pessoais para o envio de comunica\u00e7\u00f5es sobre oportunidades profissionais no Grupo Empark.<\/span><\/label><\/span><\/span><\/span>\n\t\t\t<\/p>\n\t\t<\/div>\n\t\t<div class=\"tpk-checkbox\">\n\t\t\t<p><span class=\"wpcf7-form-control-wrap\" data-name=\"checkboxNewslettera3\"><span class=\"wpcf7-form-control wpcf7-acceptance\"><span class=\"wpcf7-list-item\"><label><input type=\"checkbox\" name=\"checkboxNewslettera3\" value=\"1\" class=\"tpk-checkbox__input\" id=\"checkboxNewslettera3\" aria-invalid=\"false\" \/><span class=\"wpcf7-list-item-label\">Declaro que li e aceito a Pol\u00edtica de Privacidade (obrigat\u00f3rio para o envio)<\/span><\/label><\/span><\/span><\/span>\n\t\t\t<\/p>\n\t\t<\/div>\n\t<\/div>\n\t<div class=\"col-xs-12 pt-4 tpk-form__buttons\">\n\t\t<p><input class=\"wpcf7-form-control has-spinner wpcf7-submit tpk-button tpk-button--primary tpk-button--lg\" type=\"submit\" value=\"Enviar\" \/>\n\t\t<\/p>\n\t<\/div>\n<\/div><div class=\"wpcf7-response-output\" aria-hidden=\"true\"><\/div>\n<\/form>\n<\/div>\n\n    <\/section>","protected":false},"excerpt":{"rendered":"","protected":false},"author":15,"featured_media":18520,"parent":22286,"menu_order":0,"comment_status":"closed","ping_status":"closed","template":"","meta":{"footnotes":""},"yoast_head":"<!-- This site is optimized with the Yoast SEO plugin v20.12 - https:\/\/yoast.com\/wordpress\/plugins\/seo\/ -->\n<title>Publicidade em parques de estacionamento para empresas | Telpark<\/title>\n<meta name=\"description\" content=\"D\u00e1 visibilidade \u00e0 tua empresa ao ser visto por milhares de pessoas todos os dias. Anuncia nos parques de estacionamento Telpark em v\u00e1rios formatos.\" \/>\n<meta name=\"robots\" content=\"index, follow, max-snippet:-1, max-image-preview:large, max-video-preview:-1\" \/>\n<link rel=\"canonical\" href=\"https:\/\/www.telpark.com\/pt\/empresas\/publicidade-e-eventos\/\" \/>\n<meta property=\"og:locale\" content=\"pt_PT\" \/>\n<meta property=\"og:type\" content=\"article\" \/>\n<meta property=\"og:title\" content=\"Publicidade em parques de estacionamento para empresas | Telpark\" \/>\n<meta property=\"og:description\" content=\"D\u00e1 visibilidade \u00e0 tua empresa ao ser visto por milhares de pessoas todos os dias. Anuncia nos parques de estacionamento Telpark em v\u00e1rios formatos.\" \/>\n<meta property=\"og:url\" content=\"https:\/\/www.telpark.com\/pt\/empresas\/publicidade-e-eventos\/\" \/>\n<meta property=\"og:site_name\" content=\"Telpark\" \/>\n<meta property=\"article:modified_time\" content=\"2026-01-13T14:56:11+00:00\" \/>\n<meta property=\"og:image\" content=\"https:\/\/www.telpark.com\/wp-content\/uploads\/2023\/05\/Portada-Bear-Market-publicidad-eventos-e1698075035982.jpg\" \/>\n\t<meta property=\"og:image:width\" content=\"1930\" \/>\n\t<meta property=\"og:image:height\" content=\"653\" \/>\n\t<meta property=\"og:image:type\" content=\"image\/jpeg\" \/>\n<meta name=\"twitter:card\" content=\"summary_large_image\" \/>\n<meta name=\"twitter:site\" content=\"@telpark_es\" \/>\n<script type=\"application\/ld+json\" class=\"yoast-schema-graph\">{\"@context\":\"https:\/\/schema.org\",\"@graph\":[{\"@type\":\"WebPage\",\"@id\":\"https:\/\/www.telpark.com\/pt\/empresas\/publicidade-e-eventos\/\",\"url\":\"https:\/\/www.telpark.com\/pt\/empresas\/publicidade-e-eventos\/\",\"name\":\"Publicidade em parques de estacionamento para empresas | Telpark\",\"isPartOf\":{\"@id\":\"https:\/\/www.telpark.com\/pt\/#website\"},\"datePublished\":\"2023-05-29T07:52:55+00:00\",\"dateModified\":\"2026-01-13T14:56:11+00:00\",\"description\":\"D\u00e1 visibilidade \u00e0 tua empresa ao ser visto por milhares de pessoas todos os dias. Anuncia nos parques de estacionamento Telpark em v\u00e1rios formatos.\",\"breadcrumb\":{\"@id\":\"https:\/\/www.telpark.com\/pt\/empresas\/publicidade-e-eventos\/#breadcrumb\"},\"inLanguage\":\"pt-PT\",\"potentialAction\":[{\"@type\":\"ReadAction\",\"target\":[\"https:\/\/www.telpark.com\/pt\/empresas\/publicidade-e-eventos\/\"]}]},{\"@type\":\"BreadcrumbList\",\"@id\":\"https:\/\/www.telpark.com\/pt\/empresas\/publicidade-e-eventos\/#breadcrumb\",\"itemListElement\":[{\"@type\":\"ListItem\",\"position\":1,\"name\":\"Home\",\"item\":\"https:\/\/www.telpark.com\/pt\/\"},{\"@type\":\"ListItem\",\"position\":2,\"name\":\"Empresas\",\"item\":\"https:\/\/www.telpark.com\/pt\/empresas\/\"},{\"@type\":\"ListItem\",\"position\":3,\"name\":\"Publicidade e Eventos\"}]},{\"@type\":\"WebSite\",\"@id\":\"https:\/\/www.telpark.com\/pt\/#website\",\"url\":\"https:\/\/www.telpark.com\/pt\/\",\"name\":\"Telpark\",\"description\":\"Reserva tu plaza en los mejores aparcamientos. Descarga la app y olv\u00eddate de cajeros o parqu\u00edmetros en m\u00e1s de 100 ciudades en Espa\u00f1a y Portugal\",\"publisher\":{\"@id\":\"https:\/\/www.telpark.com\/pt\/#organization\"},\"potentialAction\":[{\"@type\":\"SearchAction\",\"target\":{\"@type\":\"EntryPoint\",\"urlTemplate\":\"https:\/\/www.telpark.com\/pt\/?s={search_term_string}\"},\"query-input\":\"required name=search_term_string\"}],\"inLanguage\":\"pt-PT\"},{\"@type\":\"Organization\",\"@id\":\"https:\/\/www.telpark.com\/pt\/#organization\",\"name\":\"Telpark\",\"url\":\"https:\/\/www.telpark.com\/pt\/\",\"logo\":{\"@type\":\"ImageObject\",\"inLanguage\":\"pt-PT\",\"@id\":\"https:\/\/www.telpark.com\/pt\/#\/schema\/logo\/image\/\",\"url\":\"https:\/\/www.telpark.com\/wp-content\/uploads\/2023\/09\/telpark-logo.svg\",\"contentUrl\":\"https:\/\/www.telpark.com\/wp-content\/uploads\/2023\/09\/telpark-logo.svg\",\"width\":128,\"height\":32,\"caption\":\"Telpark\"},\"image\":{\"@id\":\"https:\/\/www.telpark.com\/pt\/#\/schema\/logo\/image\/\"},\"sameAs\":[\"https:\/\/twitter.com\/telpark_es\",\"https:\/\/www.instagram.com\/telpark_app\/\",\"https:\/\/www.youtube.com\/channel\/UCm8sjis_xlHU5VYQ6GslW-Q\"]}]}<\/script>\n<!-- \/ Yoast SEO plugin. -->","yoast_head_json":{"title":"Publicidade em parques de estacionamento para empresas | Telpark","description":"D\u00e1 visibilidade \u00e0 tua empresa ao ser visto por milhares de pessoas todos os dias. Anuncia nos parques de estacionamento Telpark em v\u00e1rios formatos.","robots":{"index":"index","follow":"follow","max-snippet":"max-snippet:-1","max-image-preview":"max-image-preview:large","max-video-preview":"max-video-preview:-1"},"canonical":"https:\/\/www.telpark.com\/pt\/empresas\/publicidade-e-eventos\/","og_locale":"pt_PT","og_type":"article","og_title":"Publicidade em parques de estacionamento para empresas | Telpark","og_description":"D\u00e1 visibilidade \u00e0 tua empresa ao ser visto por milhares de pessoas todos os dias. Anuncia nos parques de estacionamento Telpark em v\u00e1rios formatos.","og_url":"https:\/\/www.telpark.com\/pt\/empresas\/publicidade-e-eventos\/","og_site_name":"Telpark","article_modified_time":"2026-01-13T14:56:11+00:00","og_image":[{"width":1930,"height":653,"url":"https:\/\/www.telpark.com\/wp-content\/uploads\/2023\/05\/Portada-Bear-Market-publicidad-eventos-e1698075035982.jpg","type":"image\/jpeg"}],"twitter_card":"summary_large_image","twitter_site":"@telpark_es","schema":{"@context":"https:\/\/schema.org","@graph":[{"@type":"WebPage","@id":"https:\/\/www.telpark.com\/pt\/empresas\/publicidade-e-eventos\/","url":"https:\/\/www.telpark.com\/pt\/empresas\/publicidade-e-eventos\/","name":"Publicidade em parques de estacionamento para empresas | Telpark","isPartOf":{"@id":"https:\/\/www.telpark.com\/pt\/#website"},"datePublished":"2023-05-29T07:52:55+00:00","dateModified":"2026-01-13T14:56:11+00:00","description":"D\u00e1 visibilidade \u00e0 tua empresa ao ser visto por milhares de pessoas todos os dias. Anuncia nos parques de estacionamento Telpark em v\u00e1rios formatos.","breadcrumb":{"@id":"https:\/\/www.telpark.com\/pt\/empresas\/publicidade-e-eventos\/#breadcrumb"},"inLanguage":"pt-PT","potentialAction":[{"@type":"ReadAction","target":["https:\/\/www.telpark.com\/pt\/empresas\/publicidade-e-eventos\/"]}]},{"@type":"BreadcrumbList","@id":"https:\/\/www.telpark.com\/pt\/empresas\/publicidade-e-eventos\/#breadcrumb","itemListElement":[{"@type":"ListItem","position":1,"name":"Home","item":"https:\/\/www.telpark.com\/pt\/"},{"@type":"ListItem","position":2,"name":"Empresas","item":"https:\/\/www.telpark.com\/pt\/empresas\/"},{"@type":"ListItem","position":3,"name":"Publicidade e Eventos"}]},{"@type":"WebSite","@id":"https:\/\/www.telpark.com\/pt\/#website","url":"https:\/\/www.telpark.com\/pt\/","name":"Telpark","description":"Reserva tu plaza en los mejores aparcamientos. Descarga la app y olv\u00eddate de cajeros o parqu\u00edmetros en m\u00e1s de 100 ciudades en Espa\u00f1a y Portugal","publisher":{"@id":"https:\/\/www.telpark.com\/pt\/#organization"},"potentialAction":[{"@type":"SearchAction","target":{"@type":"EntryPoint","urlTemplate":"https:\/\/www.telpark.com\/pt\/?s={search_term_string}"},"query-input":"required name=search_term_string"}],"inLanguage":"pt-PT"},{"@type":"Organization","@id":"https:\/\/www.telpark.com\/pt\/#organization","name":"Telpark","url":"https:\/\/www.telpark.com\/pt\/","logo":{"@type":"ImageObject","inLanguage":"pt-PT","@id":"https:\/\/www.telpark.com\/pt\/#\/schema\/logo\/image\/","url":"https:\/\/www.telpark.com\/wp-content\/uploads\/2023\/09\/telpark-logo.svg","contentUrl":"https:\/\/www.telpark.com\/wp-content\/uploads\/2023\/09\/telpark-logo.svg","width":128,"height":32,"caption":"Telpark"},"image":{"@id":"https:\/\/www.telpark.com\/pt\/#\/schema\/logo\/image\/"},"sameAs":["https:\/\/twitter.com\/telpark_es","https:\/\/www.instagram.com\/telpark_app\/","https:\/\/www.youtube.com\/channel\/UCm8sjis_xlHU5VYQ6GslW-Q"]}]}},"meta_box":[],"_links":{"self":[{"href":"https:\/\/www.telpark.com\/pt\/wp-json\/wp\/v2\/pages\/30901"}],"collection":[{"href":"https:\/\/www.telpark.com\/pt\/wp-json\/wp\/v2\/pages"}],"about":[{"href":"https:\/\/www.telpark.com\/pt\/wp-json\/wp\/v2\/types\/page"}],"author":[{"embeddable":true,"href":"https:\/\/www.telpark.com\/pt\/wp-json\/wp\/v2\/users\/15"}],"replies":[{"embeddable":true,"href":"https:\/\/www.telpark.com\/pt\/wp-json\/wp\/v2\/comments?post=30901"}],"version-history":[{"count":3,"href":"https:\/\/www.telpark.com\/pt\/wp-json\/wp\/v2\/pages\/30901\/revisions"}],"predecessor-version":[{"id":49116,"href":"https:\/\/www.telpark.com\/pt\/wp-json\/wp\/v2\/pages\/30901\/revisions\/49116"}],"up":[{"embeddable":true,"href":"https:\/\/www.telpark.com\/pt\/wp-json\/wp\/v2\/pages\/22286"}],"wp:featuredmedia":[{"embeddable":true,"href":"https:\/\/www.telpark.com\/pt\/wp-json\/wp\/v2\/media\/18520"}],"wp:attachment":[{"href":"https:\/\/www.telpark.com\/pt\/wp-json\/wp\/v2\/media?parent=30901"}],"curies":[{"name":"wp","href":"https:\/\/api.w.org\/{rel}","templated":true}]}}