{"id":35145,"date":"2023-11-08T16:02:34","date_gmt":"2023-11-08T15:02:34","guid":{"rendered":"https:\/\/www.telpark.com\/descarga-la-app-telpark\/"},"modified":"2024-12-13T12:20:43","modified_gmt":"2024-12-13T11:20:43","slug":"descarregares-a-aplicacao-telpark","status":"publish","type":"page","link":"https:\/\/www.telpark.com\/pt\/descarregares-a-aplicacao-telpark\/","title":{"rendered":"Descarga la app telpark"},"content":{"rendered":"<article class=\"tpk-page\">\n    <div class=\"row wrapper center-xs tpk-page__content\">\n        <div class=\"col-xs-12 col-sm-10 col-md-8 pt-4 pb-4\">\n            <h1>Digitaliza o c\u00f3digo QR para descarregares a aplica\u00e7\u00e3o telpark<\/h1>\n<p><img decoding=\"async\" loading=\"lazy\" class=\"size-full wp-image-35054 aligncenter\" src=\"https:\/\/www.telpark.com\/wp-content\/uploads\/2023\/11\/descargar-app-1.png\" alt=\"scar-qr-download-app\" width=\"450\" height=\"451\" data-wp-editing=\"1\" srcset=\"https:\/\/www.telpark.com\/wp-content\/uploads\/2023\/11\/descargar-app-1.png 450w, https:\/\/www.telpark.com\/wp-content\/uploads\/2023\/11\/descargar-app-1-220x220.png 220w\" sizes=\"(max-width: 450px) 100vw, 450px\" \/><\/p>\n\n        <\/div>\n    <\/div>\n<\/article>","protected":false},"excerpt":{"rendered":"","protected":false},"author":12,"featured_media":0,"parent":0,"menu_order":0,"comment_status":"closed","ping_status":"closed","template":"","meta":{"footnotes":""},"yoast_head":"<!-- This site is optimized with the Yoast SEO plugin v20.12 - https:\/\/yoast.com\/wordpress\/plugins\/seo\/ -->\n<title>Descarrega a app telpark | Parques e parqu\u00edmetro<\/title>\n<meta name=\"description\" content=\"Descobre como estacionar em parque ou na rua a partir do teu dispositivo m\u00f3vel. Descarrega a app telpark e n\u00e3o percas tempo.\" \/>\n<meta name=\"robots\" content=\"index, follow, max-snippet:-1, max-image-preview:large, max-video-preview:-1\" \/>\n<link rel=\"canonical\" href=\"https:\/\/www.telpark.com\/pt\/descarregares-a-aplicacao-telpark\/\" \/>\n<meta property=\"og:locale\" content=\"pt_PT\" \/>\n<meta property=\"og:type\" content=\"article\" \/>\n<meta property=\"og:title\" content=\"Descarrega a app telpark | Parques e parqu\u00edmetro\" \/>\n<meta property=\"og:description\" content=\"Descobre como estacionar em parque ou na rua a partir do teu dispositivo m\u00f3vel. Descarrega a app telpark e n\u00e3o percas tempo.\" \/>\n<meta property=\"og:url\" content=\"https:\/\/www.telpark.com\/pt\/descarregares-a-aplicacao-telpark\/\" \/>\n<meta property=\"og:site_name\" content=\"Telpark\" \/>\n<meta property=\"article:modified_time\" content=\"2024-12-13T11:20:43+00:00\" \/>\n<meta name=\"twitter:card\" content=\"summary_large_image\" \/>\n<meta name=\"twitter:site\" content=\"@telpark_es\" \/>\n<script type=\"application\/ld+json\" class=\"yoast-schema-graph\">{\"@context\":\"https:\/\/schema.org\",\"@graph\":[{\"@type\":\"WebPage\",\"@id\":\"https:\/\/www.telpark.com\/pt\/descarregares-a-aplicacao-telpark\/\",\"url\":\"https:\/\/www.telpark.com\/pt\/descarregares-a-aplicacao-telpark\/\",\"name\":\"Descarrega a app telpark | Parques e parqu\u00edmetro\",\"isPartOf\":{\"@id\":\"https:\/\/www.telpark.com\/pt\/#website\"},\"datePublished\":\"2023-11-08T15:02:34+00:00\",\"dateModified\":\"2024-12-13T11:20:43+00:00\",\"description\":\"Descobre como estacionar em parque ou na rua a partir do teu dispositivo m\u00f3vel. Descarrega a app telpark e n\u00e3o percas tempo.\",\"breadcrumb\":{\"@id\":\"https:\/\/www.telpark.com\/pt\/descarregares-a-aplicacao-telpark\/#breadcrumb\"},\"inLanguage\":\"pt-PT\",\"potentialAction\":[{\"@type\":\"ReadAction\",\"target\":[\"https:\/\/www.telpark.com\/pt\/descarregares-a-aplicacao-telpark\/\"]}]},{\"@type\":\"BreadcrumbList\",\"@id\":\"https:\/\/www.telpark.com\/pt\/descarregares-a-aplicacao-telpark\/#breadcrumb\",\"itemListElement\":[{\"@type\":\"ListItem\",\"position\":1,\"name\":\"Home\",\"item\":\"https:\/\/www.telpark.com\/pt\/\"},{\"@type\":\"ListItem\",\"position\":2,\"name\":\"Descarga la app telpark\"}]},{\"@type\":\"WebSite\",\"@id\":\"https:\/\/www.telpark.com\/pt\/#website\",\"url\":\"https:\/\/www.telpark.com\/pt\/\",\"name\":\"Telpark\",\"description\":\"Reserva tu plaza en los mejores aparcamientos. Descarga la app y olv\u00eddate de cajeros o parqu\u00edmetros en m\u00e1s de 100 ciudades en Espa\u00f1a y Portugal\",\"publisher\":{\"@id\":\"https:\/\/www.telpark.com\/pt\/#organization\"},\"potentialAction\":[{\"@type\":\"SearchAction\",\"target\":{\"@type\":\"EntryPoint\",\"urlTemplate\":\"https:\/\/www.telpark.com\/pt\/?s={search_term_string}\"},\"query-input\":\"required name=search_term_string\"}],\"inLanguage\":\"pt-PT\"},{\"@type\":\"Organization\",\"@id\":\"https:\/\/www.telpark.com\/pt\/#organization\",\"name\":\"Telpark\",\"url\":\"https:\/\/www.telpark.com\/pt\/\",\"logo\":{\"@type\":\"ImageObject\",\"inLanguage\":\"pt-PT\",\"@id\":\"https:\/\/www.telpark.com\/pt\/#\/schema\/logo\/image\/\",\"url\":\"https:\/\/www.telpark.com\/wp-content\/uploads\/2023\/09\/telpark-logo.svg\",\"contentUrl\":\"https:\/\/www.telpark.com\/wp-content\/uploads\/2023\/09\/telpark-logo.svg\",\"width\":128,\"height\":32,\"caption\":\"Telpark\"},\"image\":{\"@id\":\"https:\/\/www.telpark.com\/pt\/#\/schema\/logo\/image\/\"},\"sameAs\":[\"https:\/\/twitter.com\/telpark_es\",\"https:\/\/www.instagram.com\/telpark_app\/\",\"https:\/\/www.youtube.com\/channel\/UCm8sjis_xlHU5VYQ6GslW-Q\"]}]}<\/script>\n<!-- \/ Yoast SEO plugin. -->","yoast_head_json":{"title":"Descarrega a app telpark | Parques e parqu\u00edmetro","description":"Descobre como estacionar em parque ou na rua a partir do teu dispositivo m\u00f3vel. Descarrega a app telpark e n\u00e3o percas tempo.","robots":{"index":"index","follow":"follow","max-snippet":"max-snippet:-1","max-image-preview":"max-image-preview:large","max-video-preview":"max-video-preview:-1"},"canonical":"https:\/\/www.telpark.com\/pt\/descarregares-a-aplicacao-telpark\/","og_locale":"pt_PT","og_type":"article","og_title":"Descarrega a app telpark | Parques e parqu\u00edmetro","og_description":"Descobre como estacionar em parque ou na rua a partir do teu dispositivo m\u00f3vel. Descarrega a app telpark e n\u00e3o percas tempo.","og_url":"https:\/\/www.telpark.com\/pt\/descarregares-a-aplicacao-telpark\/","og_site_name":"Telpark","article_modified_time":"2024-12-13T11:20:43+00:00","twitter_card":"summary_large_image","twitter_site":"@telpark_es","schema":{"@context":"https:\/\/schema.org","@graph":[{"@type":"WebPage","@id":"https:\/\/www.telpark.com\/pt\/descarregares-a-aplicacao-telpark\/","url":"https:\/\/www.telpark.com\/pt\/descarregares-a-aplicacao-telpark\/","name":"Descarrega a app telpark | Parques e parqu\u00edmetro","isPartOf":{"@id":"https:\/\/www.telpark.com\/pt\/#website"},"datePublished":"2023-11-08T15:02:34+00:00","dateModified":"2024-12-13T11:20:43+00:00","description":"Descobre como estacionar em parque ou na rua a partir do teu dispositivo m\u00f3vel. Descarrega a app telpark e n\u00e3o percas tempo.","breadcrumb":{"@id":"https:\/\/www.telpark.com\/pt\/descarregares-a-aplicacao-telpark\/#breadcrumb"},"inLanguage":"pt-PT","potentialAction":[{"@type":"ReadAction","target":["https:\/\/www.telpark.com\/pt\/descarregares-a-aplicacao-telpark\/"]}]},{"@type":"BreadcrumbList","@id":"https:\/\/www.telpark.com\/pt\/descarregares-a-aplicacao-telpark\/#breadcrumb","itemListElement":[{"@type":"ListItem","position":1,"name":"Home","item":"https:\/\/www.telpark.com\/pt\/"},{"@type":"ListItem","position":2,"name":"Descarga la app telpark"}]},{"@type":"WebSite","@id":"https:\/\/www.telpark.com\/pt\/#website","url":"https:\/\/www.telpark.com\/pt\/","name":"Telpark","description":"Reserva tu plaza en los mejores aparcamientos. Descarga la app y olv\u00eddate de cajeros o parqu\u00edmetros en m\u00e1s de 100 ciudades en Espa\u00f1a y Portugal","publisher":{"@id":"https:\/\/www.telpark.com\/pt\/#organization"},"potentialAction":[{"@type":"SearchAction","target":{"@type":"EntryPoint","urlTemplate":"https:\/\/www.telpark.com\/pt\/?s={search_term_string}"},"query-input":"required name=search_term_string"}],"inLanguage":"pt-PT"},{"@type":"Organization","@id":"https:\/\/www.telpark.com\/pt\/#organization","name":"Telpark","url":"https:\/\/www.telpark.com\/pt\/","logo":{"@type":"ImageObject","inLanguage":"pt-PT","@id":"https:\/\/www.telpark.com\/pt\/#\/schema\/logo\/image\/","url":"https:\/\/www.telpark.com\/wp-content\/uploads\/2023\/09\/telpark-logo.svg","contentUrl":"https:\/\/www.telpark.com\/wp-content\/uploads\/2023\/09\/telpark-logo.svg","width":128,"height":32,"caption":"Telpark"},"image":{"@id":"https:\/\/www.telpark.com\/pt\/#\/schema\/logo\/image\/"},"sameAs":["https:\/\/twitter.com\/telpark_es","https:\/\/www.instagram.com\/telpark_app\/","https:\/\/www.youtube.com\/channel\/UCm8sjis_xlHU5VYQ6GslW-Q"]}]}},"meta_box":[],"_links":{"self":[{"href":"https:\/\/www.telpark.com\/pt\/wp-json\/wp\/v2\/pages\/35145"}],"collection":[{"href":"https:\/\/www.telpark.com\/pt\/wp-json\/wp\/v2\/pages"}],"about":[{"href":"https:\/\/www.telpark.com\/pt\/wp-json\/wp\/v2\/types\/page"}],"author":[{"embeddable":true,"href":"https:\/\/www.telpark.com\/pt\/wp-json\/wp\/v2\/users\/12"}],"replies":[{"embeddable":true,"href":"https:\/\/www.telpark.com\/pt\/wp-json\/wp\/v2\/comments?post=35145"}],"version-history":[{"count":3,"href":"https:\/\/www.telpark.com\/pt\/wp-json\/wp\/v2\/pages\/35145\/revisions"}],"predecessor-version":[{"id":42835,"href":"https:\/\/www.telpark.com\/pt\/wp-json\/wp\/v2\/pages\/35145\/revisions\/42835"}],"wp:attachment":[{"href":"https:\/\/www.telpark.com\/pt\/wp-json\/wp\/v2\/media?parent=35145"}],"curies":[{"name":"wp","href":"https:\/\/api.w.org\/{rel}","templated":true}]}}