{"id":45319,"date":"2025-07-28T13:06:43","date_gmt":"2025-07-28T12:06:43","guid":{"rendered":"https:\/\/www.telpark.com\/centro-juridico\/terminos-y-condiciones-migracion-de-abonos\/"},"modified":"2025-07-29T13:07:24","modified_gmt":"2025-07-29T12:07:24","slug":"termos-e-condicoes-migracao-de-avencas","status":"publish","type":"page","link":"https:\/\/www.telpark.com\/pt\/centro-juridico\/termos-e-condicoes-migracao-de-avencas\/","title":{"rendered":"Termos e condi\u00e7\u00f5es \u2013 Migra\u00e7\u00e3o de aven\u00e7as"},"content":{"rendered":"<article class=\"tpk-page\">\n    <div class=\"row wrapper center-xs tpk-page__content\">\n        <div class=\"col-xs-12 col-sm-10 col-md-8 pt-4 pb-4\">\n            <ul>\n<li>A tua aven\u00e7a atual ser\u00e1 desativada pela entidade que atualmente a gere.<\/li>\n<li>Ser\u00e1 ativada uma nova aven\u00e7a digital gerida pela Maksu Espa\u00f1a S.L.U., empresa do grupo Empark respons\u00e1vel pelos servi\u00e7os contratados atrav\u00e9s da app.<\/li>\n<li>As condi\u00e7\u00f5es da nova aven\u00e7a (incluindo o pre\u00e7o) podem ser diferentes das anteriores, passando a aplicar-se os <em><a href=\"https:\/\/www.telpark.com\/pt\/centro-juridico\/empresas-empark-termos-e-condicoes\/\">T&amp;C das aven\u00e7as digitais do Grupo Empark<\/a><\/em>, dispon\u00edveis na app.<\/li>\n<li>Os dados relacionados com a tua aven\u00e7a passar\u00e3o a estar integrados na tua conta de utilizador da app Telpark, gerida pela Maksu Espa\u00f1a S.L.U., de acordo com a sua <em><a href=\"https:\/\/www.telpark.com\/pt\/centro-juridico\/maksu-politica-de-privacidade\/\">Pol\u00edtica de Privacidade<\/a><\/em>, que dever\u00e1s aceitar previamente.<\/li>\n<li>O teu perfil de utilizador como aven\u00e7ado ser\u00e1 fundido com a tua conta atual da app, unificando a gest\u00e3o e o acesso a todos os servi\u00e7os num \u00fanico perfil digital. Esta a\u00e7\u00e3o \u00e9 irrevers\u00edvel.<\/li>\n<\/ul>\n\n        <\/div>\n    <\/div>\n<\/article>","protected":false},"excerpt":{"rendered":"","protected":false},"author":1692,"featured_media":0,"parent":30411,"menu_order":0,"comment_status":"closed","ping_status":"closed","template":"template-privacy.php","meta":{"footnotes":""},"yoast_head":"<!-- This site is optimized with the Yoast SEO plugin v20.12 - https:\/\/yoast.com\/wordpress\/plugins\/seo\/ -->\n<title>Termos e condi\u00e7\u00f5es \u2013 Migra\u00e7\u00e3o de aven\u00e7as | Telpark<\/title>\n<meta name=\"robots\" content=\"index, follow, max-snippet:-1, max-image-preview:large, max-video-preview:-1\" \/>\n<link rel=\"canonical\" href=\"https:\/\/www.telpark.com\/pt\/centro-juridico\/termos-e-condicoes-migracao-de-avencas\/\" \/>\n<meta property=\"og:locale\" content=\"pt_PT\" \/>\n<meta property=\"og:type\" content=\"article\" \/>\n<meta property=\"og:title\" content=\"Termos e condi\u00e7\u00f5es \u2013 Migra\u00e7\u00e3o de aven\u00e7as | Telpark\" \/>\n<meta property=\"og:url\" content=\"https:\/\/www.telpark.com\/pt\/centro-juridico\/termos-e-condicoes-migracao-de-avencas\/\" \/>\n<meta property=\"og:site_name\" content=\"Telpark\" \/>\n<meta property=\"article:modified_time\" content=\"2025-07-29T12:07:24+00:00\" \/>\n<meta name=\"twitter:card\" content=\"summary_large_image\" \/>\n<meta name=\"twitter:site\" content=\"@telpark_es\" \/>\n<script type=\"application\/ld+json\" class=\"yoast-schema-graph\">{\"@context\":\"https:\/\/schema.org\",\"@graph\":[{\"@type\":\"WebPage\",\"@id\":\"https:\/\/www.telpark.com\/pt\/centro-juridico\/termos-e-condicoes-migracao-de-avencas\/\",\"url\":\"https:\/\/www.telpark.com\/pt\/centro-juridico\/termos-e-condicoes-migracao-de-avencas\/\",\"name\":\"Termos e condi\u00e7\u00f5es \u2013 Migra\u00e7\u00e3o de aven\u00e7as | Telpark\",\"isPartOf\":{\"@id\":\"https:\/\/www.telpark.com\/pt\/#website\"},\"datePublished\":\"2025-07-28T12:06:43+00:00\",\"dateModified\":\"2025-07-29T12:07:24+00:00\",\"breadcrumb\":{\"@id\":\"https:\/\/www.telpark.com\/pt\/centro-juridico\/termos-e-condicoes-migracao-de-avencas\/#breadcrumb\"},\"inLanguage\":\"pt-PT\",\"potentialAction\":[{\"@type\":\"ReadAction\",\"target\":[\"https:\/\/www.telpark.com\/pt\/centro-juridico\/termos-e-condicoes-migracao-de-avencas\/\"]}]},{\"@type\":\"BreadcrumbList\",\"@id\":\"https:\/\/www.telpark.com\/pt\/centro-juridico\/termos-e-condicoes-migracao-de-avencas\/#breadcrumb\",\"itemListElement\":[{\"@type\":\"ListItem\",\"position\":1,\"name\":\"Home\",\"item\":\"https:\/\/www.telpark.com\/pt\/\"},{\"@type\":\"ListItem\",\"position\":2,\"name\":\"Centro Jur\u00eddico\",\"item\":\"https:\/\/www.telpark.com\/pt\/centro-juridico\/\"},{\"@type\":\"ListItem\",\"position\":3,\"name\":\"Termos e condi\u00e7\u00f5es \u2013 Migra\u00e7\u00e3o de aven\u00e7as\"}]},{\"@type\":\"WebSite\",\"@id\":\"https:\/\/www.telpark.com\/pt\/#website\",\"url\":\"https:\/\/www.telpark.com\/pt\/\",\"name\":\"Telpark\",\"description\":\"Reserva tu plaza en los mejores aparcamientos. Descarga la app y olv\u00eddate de cajeros o parqu\u00edmetros en m\u00e1s de 100 ciudades en Espa\u00f1a y Portugal\",\"publisher\":{\"@id\":\"https:\/\/www.telpark.com\/pt\/#organization\"},\"potentialAction\":[{\"@type\":\"SearchAction\",\"target\":{\"@type\":\"EntryPoint\",\"urlTemplate\":\"https:\/\/www.telpark.com\/pt\/?s={search_term_string}\"},\"query-input\":\"required name=search_term_string\"}],\"inLanguage\":\"pt-PT\"},{\"@type\":\"Organization\",\"@id\":\"https:\/\/www.telpark.com\/pt\/#organization\",\"name\":\"Telpark\",\"url\":\"https:\/\/www.telpark.com\/pt\/\",\"logo\":{\"@type\":\"ImageObject\",\"inLanguage\":\"pt-PT\",\"@id\":\"https:\/\/www.telpark.com\/pt\/#\/schema\/logo\/image\/\",\"url\":\"https:\/\/www.telpark.com\/wp-content\/uploads\/2023\/09\/telpark-logo.svg\",\"contentUrl\":\"https:\/\/www.telpark.com\/wp-content\/uploads\/2023\/09\/telpark-logo.svg\",\"width\":128,\"height\":32,\"caption\":\"Telpark\"},\"image\":{\"@id\":\"https:\/\/www.telpark.com\/pt\/#\/schema\/logo\/image\/\"},\"sameAs\":[\"https:\/\/twitter.com\/telpark_es\",\"https:\/\/www.instagram.com\/telpark_app\/\",\"https:\/\/www.youtube.com\/channel\/UCm8sjis_xlHU5VYQ6GslW-Q\"]}]}<\/script>\n<!-- \/ Yoast SEO plugin. -->","yoast_head_json":{"title":"Termos e condi\u00e7\u00f5es \u2013 Migra\u00e7\u00e3o de aven\u00e7as | Telpark","robots":{"index":"index","follow":"follow","max-snippet":"max-snippet:-1","max-image-preview":"max-image-preview:large","max-video-preview":"max-video-preview:-1"},"canonical":"https:\/\/www.telpark.com\/pt\/centro-juridico\/termos-e-condicoes-migracao-de-avencas\/","og_locale":"pt_PT","og_type":"article","og_title":"Termos e condi\u00e7\u00f5es \u2013 Migra\u00e7\u00e3o de aven\u00e7as | Telpark","og_url":"https:\/\/www.telpark.com\/pt\/centro-juridico\/termos-e-condicoes-migracao-de-avencas\/","og_site_name":"Telpark","article_modified_time":"2025-07-29T12:07:24+00:00","twitter_card":"summary_large_image","twitter_site":"@telpark_es","schema":{"@context":"https:\/\/schema.org","@graph":[{"@type":"WebPage","@id":"https:\/\/www.telpark.com\/pt\/centro-juridico\/termos-e-condicoes-migracao-de-avencas\/","url":"https:\/\/www.telpark.com\/pt\/centro-juridico\/termos-e-condicoes-migracao-de-avencas\/","name":"Termos e condi\u00e7\u00f5es \u2013 Migra\u00e7\u00e3o de aven\u00e7as | Telpark","isPartOf":{"@id":"https:\/\/www.telpark.com\/pt\/#website"},"datePublished":"2025-07-28T12:06:43+00:00","dateModified":"2025-07-29T12:07:24+00:00","breadcrumb":{"@id":"https:\/\/www.telpark.com\/pt\/centro-juridico\/termos-e-condicoes-migracao-de-avencas\/#breadcrumb"},"inLanguage":"pt-PT","potentialAction":[{"@type":"ReadAction","target":["https:\/\/www.telpark.com\/pt\/centro-juridico\/termos-e-condicoes-migracao-de-avencas\/"]}]},{"@type":"BreadcrumbList","@id":"https:\/\/www.telpark.com\/pt\/centro-juridico\/termos-e-condicoes-migracao-de-avencas\/#breadcrumb","itemListElement":[{"@type":"ListItem","position":1,"name":"Home","item":"https:\/\/www.telpark.com\/pt\/"},{"@type":"ListItem","position":2,"name":"Centro Jur\u00eddico","item":"https:\/\/www.telpark.com\/pt\/centro-juridico\/"},{"@type":"ListItem","position":3,"name":"Termos e condi\u00e7\u00f5es \u2013 Migra\u00e7\u00e3o de aven\u00e7as"}]},{"@type":"WebSite","@id":"https:\/\/www.telpark.com\/pt\/#website","url":"https:\/\/www.telpark.com\/pt\/","name":"Telpark","description":"Reserva tu plaza en los mejores aparcamientos. Descarga la app y olv\u00eddate de cajeros o parqu\u00edmetros en m\u00e1s de 100 ciudades en Espa\u00f1a y Portugal","publisher":{"@id":"https:\/\/www.telpark.com\/pt\/#organization"},"potentialAction":[{"@type":"SearchAction","target":{"@type":"EntryPoint","urlTemplate":"https:\/\/www.telpark.com\/pt\/?s={search_term_string}"},"query-input":"required name=search_term_string"}],"inLanguage":"pt-PT"},{"@type":"Organization","@id":"https:\/\/www.telpark.com\/pt\/#organization","name":"Telpark","url":"https:\/\/www.telpark.com\/pt\/","logo":{"@type":"ImageObject","inLanguage":"pt-PT","@id":"https:\/\/www.telpark.com\/pt\/#\/schema\/logo\/image\/","url":"https:\/\/www.telpark.com\/wp-content\/uploads\/2023\/09\/telpark-logo.svg","contentUrl":"https:\/\/www.telpark.com\/wp-content\/uploads\/2023\/09\/telpark-logo.svg","width":128,"height":32,"caption":"Telpark"},"image":{"@id":"https:\/\/www.telpark.com\/pt\/#\/schema\/logo\/image\/"},"sameAs":["https:\/\/twitter.com\/telpark_es","https:\/\/www.instagram.com\/telpark_app\/","https:\/\/www.youtube.com\/channel\/UCm8sjis_xlHU5VYQ6GslW-Q"]}]}},"meta_box":[],"_links":{"self":[{"href":"https:\/\/www.telpark.com\/pt\/wp-json\/wp\/v2\/pages\/45319"}],"collection":[{"href":"https:\/\/www.telpark.com\/pt\/wp-json\/wp\/v2\/pages"}],"about":[{"href":"https:\/\/www.telpark.com\/pt\/wp-json\/wp\/v2\/types\/page"}],"author":[{"embeddable":true,"href":"https:\/\/www.telpark.com\/pt\/wp-json\/wp\/v2\/users\/1692"}],"replies":[{"embeddable":true,"href":"https:\/\/www.telpark.com\/pt\/wp-json\/wp\/v2\/comments?post=45319"}],"version-history":[{"count":3,"href":"https:\/\/www.telpark.com\/pt\/wp-json\/wp\/v2\/pages\/45319\/revisions"}],"predecessor-version":[{"id":45329,"href":"https:\/\/www.telpark.com\/pt\/wp-json\/wp\/v2\/pages\/45319\/revisions\/45329"}],"up":[{"embeddable":true,"href":"https:\/\/www.telpark.com\/pt\/wp-json\/wp\/v2\/pages\/30411"}],"wp:attachment":[{"href":"https:\/\/www.telpark.com\/pt\/wp-json\/wp\/v2\/media?parent=45319"}],"curies":[{"name":"wp","href":"https:\/\/api.w.org\/{rel}","templated":true}]}}