{"id":4757,"date":"2023-02-16T10:02:14","date_gmt":"2023-02-16T09:02:14","guid":{"rendered":"https:\/\/telpark.cmspro.telpark.com\/ajuda\/"},"modified":"2024-12-13T11:59:49","modified_gmt":"2024-12-13T10:59:49","slug":"faqs","status":"publish","type":"page","link":"https:\/\/www.telpark.com\/pt\/faqs\/","title":{"rendered":"Ajuda"},"content":{"rendered":"<section id=\"tpk-faqs\"\n         class=\"tpk-faqs  \">\n                <div class=\"wrapper pl-1 pr-1\">\n                        <header class=\"tpk-head  wrapper\">\n        <h1 class=\"tpk-head__title\">Categorias de ajuda<\/h1>    <p>Procura entre as nossas perguntas frequentes aquela que possa ajudar-te. Se n\u00e3o for o caso, n\u00e3o hesites em contactar-nos.<\/p>\n<\/header>        <\/div>\n        <div class=\"wrapper row\">\n                                        <div class=\"col-xs-12 col-sm-12 col-md-5 \">\n        <div class=\"tpk-faq\">\n            <a  href=\"https:\/\/www.telpark.com\/pt\/faq\/a-minha-conta\/\"  class=\"tpk-faq__button\"\n               data-id=\"371\"  data-type=\"childs\"  >\n                                    <span class=\"icon icon-personal-data icon--sm mr-1\"><\/span>\n                                A minha conta\n                <span class=\"icon icon-chevron-right icon--sm\"><\/span>\n            <\/a>\n        <\/div>\n    <\/div>\n    <div class=\"col-xs-12 col-sm-12 col-md-5 col-md-offset-2\">\n        <div class=\"tpk-faq\">\n            <a  href=\"https:\/\/www.telpark.com\/pt\/faq\/apoio-tecnico\/\"  class=\"tpk-faq__button\"\n               data-id=\"641\"  data-type=\"faqs\" >\n                                    <span class=\"icon icon-chat icon--sm mr-1\"><\/span>\n                                Apoio T\u00e9cnico\n                <span class=\"icon icon-chevron-right icon--sm\"><\/span>\n            <\/a>\n        <\/div>\n    <\/div>\n    <div class=\"col-xs-12 col-sm-12 col-md-5 \">\n        <div class=\"tpk-faq\">\n            <a  href=\"https:\/\/www.telpark.com\/pt\/faq\/avencas\/\"  class=\"tpk-faq__button\"\n               data-id=\"469\"  data-type=\"childs\"  >\n                                    <span class=\"icon icon-bono icon--sm mr-1\"><\/span>\n                                Aven\u00e7as\n                <span class=\"icon icon-chevron-right icon--sm\"><\/span>\n            <\/a>\n        <\/div>\n    <\/div>\n    <div class=\"col-xs-12 col-sm-12 col-md-5 col-md-offset-2\">\n        <div class=\"tpk-faq\">\n            <a  href=\"https:\/\/www.telpark.com\/pt\/faq\/avisos\/\"  class=\"tpk-faq__button\"\n               data-id=\"365\"  data-type=\"childs\"  >\n                                    <span class=\"icon icon-offenses icon--sm mr-1\"><\/span>\n                                Avisos\n                <span class=\"icon icon-chevron-right icon--sm\"><\/span>\n            <\/a>\n        <\/div>\n    <\/div>\n    <div class=\"col-xs-12 col-sm-12 col-md-5 \">\n        <div class=\"tpk-faq\">\n            <a  href=\"https:\/\/www.telpark.com\/pt\/faq\/carga-eletrica\/\"  class=\"tpk-faq__button\"\n               data-id=\"363\"  data-type=\"childs\"  >\n                                    <span class=\"icon icon-car-electric icon--sm mr-1\"><\/span>\n                                Carga el\u00e9trica\n                <span class=\"icon icon-chevron-right icon--sm\"><\/span>\n            <\/a>\n        <\/div>\n    <\/div>\n    <div class=\"col-xs-12 col-sm-12 col-md-5 col-md-offset-2\">\n        <div class=\"tpk-faq\">\n            <a  href=\"https:\/\/www.telpark.com\/pt\/faq\/como_detectar_uma_fraude-pt\/\"  class=\"tpk-faq__button\"\n               data-id=\"3752\"  data-type=\"faqs\" >\n                                    <span class=\"icon icon-alert icon--sm mr-1\"><\/span>\n                                Como detectar uma fraude\n                <span class=\"icon icon-chevron-right icon--sm\"><\/span>\n            <\/a>\n        <\/div>\n    <\/div>\n    <div class=\"col-xs-12 col-sm-12 col-md-5 \">\n        <div class=\"tpk-faq\">\n            <a  href=\"https:\/\/www.telpark.com\/pt\/faq\/entrada-express-pt-pt\/\"  class=\"tpk-faq__button\"\n               data-id=\"368\"  data-type=\"childs\"  >\n                                    <span class=\"icon icon-car-express icon--sm mr-1\"><\/span>\n                                Entrada Express\n                <span class=\"icon icon-chevron-right icon--sm\"><\/span>\n            <\/a>\n        <\/div>\n    <\/div>\n    <div class=\"col-xs-12 col-sm-12 col-md-5 col-md-offset-2\">\n        <div class=\"tpk-faq\">\n            <a  href=\"https:\/\/www.telpark.com\/pt\/faq\/multipass-pt\/\"  class=\"tpk-faq__button\"\n               data-id=\"376\"  data-type=\"faqs\" >\n                                    <span class=\"icon icon-multipass icon--sm mr-1\"><\/span>\n                                Multipass\n                <span class=\"icon icon-chevron-right icon--sm\"><\/span>\n            <\/a>\n        <\/div>\n    <\/div>\n    <div class=\"col-xs-12 col-sm-12 col-md-5 \">\n        <div class=\"tpk-faq\">\n            <a  href=\"https:\/\/www.telpark.com\/pt\/faq\/pagamentos-e-faturamento\/\"  class=\"tpk-faq__button\"\n               data-id=\"378\"  data-type=\"childs\"  >\n                                    <span class=\"icon icon-payments icon--sm mr-1\"><\/span>\n                                Pagamentos e faturamento\n                <span class=\"icon icon-chevron-right icon--sm\"><\/span>\n            <\/a>\n        <\/div>\n    <\/div>\n    <div class=\"col-xs-12 col-sm-12 col-md-5 col-md-offset-2\">\n        <div class=\"tpk-faq\">\n            <a  href=\"https:\/\/www.telpark.com\/pt\/faq\/parquimetro-pt-pt\/\"  class=\"tpk-faq__button\"\n               data-id=\"381\"  data-type=\"childs\"  >\n                                    <span class=\"icon icon-parkimeter icon--sm mr-1\"><\/span>\n                                Parqu\u00edmetro\n                <span class=\"icon icon-chevron-right icon--sm\"><\/span>\n            <\/a>\n        <\/div>\n    <\/div>\n    <div class=\"col-xs-12 col-sm-12 col-md-5 \">\n        <div class=\"tpk-faq\">\n            <a  href=\"https:\/\/www.telpark.com\/pt\/faq\/reservas-pt\/\"  class=\"tpk-faq__button\"\n               data-id=\"386\"  data-type=\"childs\"  >\n                                    <span class=\"icon icon-reserva icon--sm mr-1\"><\/span>\n                                Reservas\n                <span class=\"icon icon-chevron-right icon--sm\"><\/span>\n            <\/a>\n        <\/div>\n    <\/div>\n    <div class=\"col-xs-12 col-sm-12 col-md-5 col-md-offset-2\">\n        <div class=\"tpk-faq\">\n            <a  href=\"https:\/\/www.telpark.com\/pt\/faq\/guia-telpark-pt\/\"  class=\"tpk-faq__button\"\n               data-id=\"391\"  data-type=\"childs\"  >\n                                    <span class=\"icon icon-telpark icon--sm mr-1\"><\/span>\n                                Sobre Telpark\n                <span class=\"icon icon-chevron-right icon--sm\"><\/span>\n            <\/a>\n        <\/div>\n    <\/div>\n    <div class=\"col-xs-12 col-sm-12 col-md-5 \">\n        <div class=\"tpk-faq\">\n            <a  href=\"https:\/\/www.telpark.com\/pt\/faq\/telpark-business-pt-2\/\"  class=\"tpk-faq__button\"\n               data-id=\"3824\"  data-type=\"faqs\" >\n                                    <span class=\"icon icon-city icon--sm mr-1\"><\/span>\n                                telpark Business\n                <span class=\"icon icon-chevron-right icon--sm\"><\/span>\n            <\/a>\n        <\/div>\n    <\/div>\n                        <\/div>\n    <\/section>\n","protected":false},"excerpt":{"rendered":"","protected":false},"author":1,"featured_media":0,"parent":0,"menu_order":0,"comment_status":"closed","ping_status":"closed","template":"template-faqs.php","meta":{"footnotes":""},"yoast_head":"<!-- This site is optimized with the Yoast SEO plugin v20.12 - https:\/\/yoast.com\/wordpress\/plugins\/seo\/ -->\n<title>Ajuda - Perguntas frequentes | telpark<\/title>\n<meta name=\"description\" content=\"Encontra as respostas para tuas perguntas frequentes sobre a Telpark e seus produtos na nossa p\u00e1gina de Perguntas Frequentes. Solu\u00e7\u00f5es r\u00e1pidas e \u00fateis\" \/>\n<meta name=\"robots\" content=\"index, follow, max-snippet:-1, max-image-preview:large, max-video-preview:-1\" \/>\n<link rel=\"canonical\" href=\"https:\/\/www.telpark.com\/pt\/faqs\/\" \/>\n<meta property=\"og:locale\" content=\"pt_PT\" \/>\n<meta property=\"og:type\" content=\"article\" \/>\n<meta property=\"og:title\" content=\"Ajuda - Perguntas frequentes | telpark\" \/>\n<meta property=\"og:description\" content=\"Encontra as respostas para tuas perguntas frequentes sobre a Telpark e seus produtos na nossa p\u00e1gina de Perguntas Frequentes. Solu\u00e7\u00f5es r\u00e1pidas e \u00fateis\" \/>\n<meta property=\"og:url\" content=\"https:\/\/www.telpark.com\/pt\/faqs\/\" \/>\n<meta property=\"og:site_name\" content=\"Telpark\" \/>\n<meta property=\"article:modified_time\" content=\"2024-12-13T10:59:49+00:00\" \/>\n<meta name=\"twitter:card\" content=\"summary_large_image\" \/>\n<meta name=\"twitter:site\" content=\"@telpark_es\" \/>\n<script type=\"application\/ld+json\" class=\"yoast-schema-graph\">{\"@context\":\"https:\/\/schema.org\",\"@graph\":[{\"@type\":\"WebPage\",\"@id\":\"https:\/\/www.telpark.com\/pt\/faqs\/\",\"url\":\"https:\/\/www.telpark.com\/pt\/faqs\/\",\"name\":\"Ajuda - Perguntas frequentes | telpark\",\"isPartOf\":{\"@id\":\"https:\/\/www.telpark.com\/pt\/#website\"},\"datePublished\":\"2023-02-16T09:02:14+00:00\",\"dateModified\":\"2024-12-13T10:59:49+00:00\",\"description\":\"Encontra as respostas para tuas perguntas frequentes sobre a Telpark e seus produtos na nossa p\u00e1gina de Perguntas Frequentes. Solu\u00e7\u00f5es r\u00e1pidas e \u00fateis\",\"breadcrumb\":{\"@id\":\"https:\/\/www.telpark.com\/pt\/faqs\/#breadcrumb\"},\"inLanguage\":\"pt-PT\",\"potentialAction\":[{\"@type\":\"ReadAction\",\"target\":[\"https:\/\/www.telpark.com\/pt\/faqs\/\"]}]},{\"@type\":\"BreadcrumbList\",\"@id\":\"https:\/\/www.telpark.com\/pt\/faqs\/#breadcrumb\",\"itemListElement\":[{\"@type\":\"ListItem\",\"position\":1,\"name\":\"Home\",\"item\":\"https:\/\/www.telpark.com\/pt\/\"},{\"@type\":\"ListItem\",\"position\":2,\"name\":\"Ajuda\"}]},{\"@type\":\"WebSite\",\"@id\":\"https:\/\/www.telpark.com\/pt\/#website\",\"url\":\"https:\/\/www.telpark.com\/pt\/\",\"name\":\"Telpark\",\"description\":\"Reserva tu plaza en los mejores aparcamientos. Descarga la app y olv\u00eddate de cajeros o parqu\u00edmetros en m\u00e1s de 100 ciudades en Espa\u00f1a y Portugal\",\"publisher\":{\"@id\":\"https:\/\/www.telpark.com\/pt\/#organization\"},\"potentialAction\":[{\"@type\":\"SearchAction\",\"target\":{\"@type\":\"EntryPoint\",\"urlTemplate\":\"https:\/\/www.telpark.com\/pt\/?s={search_term_string}\"},\"query-input\":\"required name=search_term_string\"}],\"inLanguage\":\"pt-PT\"},{\"@type\":\"Organization\",\"@id\":\"https:\/\/www.telpark.com\/pt\/#organization\",\"name\":\"Telpark\",\"url\":\"https:\/\/www.telpark.com\/pt\/\",\"logo\":{\"@type\":\"ImageObject\",\"inLanguage\":\"pt-PT\",\"@id\":\"https:\/\/www.telpark.com\/pt\/#\/schema\/logo\/image\/\",\"url\":\"https:\/\/www.telpark.com\/wp-content\/uploads\/2023\/09\/telpark-logo.svg\",\"contentUrl\":\"https:\/\/www.telpark.com\/wp-content\/uploads\/2023\/09\/telpark-logo.svg\",\"width\":128,\"height\":32,\"caption\":\"Telpark\"},\"image\":{\"@id\":\"https:\/\/www.telpark.com\/pt\/#\/schema\/logo\/image\/\"},\"sameAs\":[\"https:\/\/twitter.com\/telpark_es\",\"https:\/\/www.instagram.com\/telpark_app\/\",\"https:\/\/www.youtube.com\/channel\/UCm8sjis_xlHU5VYQ6GslW-Q\"]}]}<\/script>\n<!-- \/ Yoast SEO plugin. -->","yoast_head_json":{"title":"Ajuda - Perguntas frequentes | telpark","description":"Encontra as respostas para tuas perguntas frequentes sobre a Telpark e seus produtos na nossa p\u00e1gina de Perguntas Frequentes. Solu\u00e7\u00f5es r\u00e1pidas e \u00fateis","robots":{"index":"index","follow":"follow","max-snippet":"max-snippet:-1","max-image-preview":"max-image-preview:large","max-video-preview":"max-video-preview:-1"},"canonical":"https:\/\/www.telpark.com\/pt\/faqs\/","og_locale":"pt_PT","og_type":"article","og_title":"Ajuda - Perguntas frequentes | telpark","og_description":"Encontra as respostas para tuas perguntas frequentes sobre a Telpark e seus produtos na nossa p\u00e1gina de Perguntas Frequentes. Solu\u00e7\u00f5es r\u00e1pidas e \u00fateis","og_url":"https:\/\/www.telpark.com\/pt\/faqs\/","og_site_name":"Telpark","article_modified_time":"2024-12-13T10:59:49+00:00","twitter_card":"summary_large_image","twitter_site":"@telpark_es","schema":{"@context":"https:\/\/schema.org","@graph":[{"@type":"WebPage","@id":"https:\/\/www.telpark.com\/pt\/faqs\/","url":"https:\/\/www.telpark.com\/pt\/faqs\/","name":"Ajuda - Perguntas frequentes | telpark","isPartOf":{"@id":"https:\/\/www.telpark.com\/pt\/#website"},"datePublished":"2023-02-16T09:02:14+00:00","dateModified":"2024-12-13T10:59:49+00:00","description":"Encontra as respostas para tuas perguntas frequentes sobre a Telpark e seus produtos na nossa p\u00e1gina de Perguntas Frequentes. Solu\u00e7\u00f5es r\u00e1pidas e \u00fateis","breadcrumb":{"@id":"https:\/\/www.telpark.com\/pt\/faqs\/#breadcrumb"},"inLanguage":"pt-PT","potentialAction":[{"@type":"ReadAction","target":["https:\/\/www.telpark.com\/pt\/faqs\/"]}]},{"@type":"BreadcrumbList","@id":"https:\/\/www.telpark.com\/pt\/faqs\/#breadcrumb","itemListElement":[{"@type":"ListItem","position":1,"name":"Home","item":"https:\/\/www.telpark.com\/pt\/"},{"@type":"ListItem","position":2,"name":"Ajuda"}]},{"@type":"WebSite","@id":"https:\/\/www.telpark.com\/pt\/#website","url":"https:\/\/www.telpark.com\/pt\/","name":"Telpark","description":"Reserva tu plaza en los mejores aparcamientos. Descarga la app y olv\u00eddate de cajeros o parqu\u00edmetros en m\u00e1s de 100 ciudades en Espa\u00f1a y Portugal","publisher":{"@id":"https:\/\/www.telpark.com\/pt\/#organization"},"potentialAction":[{"@type":"SearchAction","target":{"@type":"EntryPoint","urlTemplate":"https:\/\/www.telpark.com\/pt\/?s={search_term_string}"},"query-input":"required name=search_term_string"}],"inLanguage":"pt-PT"},{"@type":"Organization","@id":"https:\/\/www.telpark.com\/pt\/#organization","name":"Telpark","url":"https:\/\/www.telpark.com\/pt\/","logo":{"@type":"ImageObject","inLanguage":"pt-PT","@id":"https:\/\/www.telpark.com\/pt\/#\/schema\/logo\/image\/","url":"https:\/\/www.telpark.com\/wp-content\/uploads\/2023\/09\/telpark-logo.svg","contentUrl":"https:\/\/www.telpark.com\/wp-content\/uploads\/2023\/09\/telpark-logo.svg","width":128,"height":32,"caption":"Telpark"},"image":{"@id":"https:\/\/www.telpark.com\/pt\/#\/schema\/logo\/image\/"},"sameAs":["https:\/\/twitter.com\/telpark_es","https:\/\/www.instagram.com\/telpark_app\/","https:\/\/www.youtube.com\/channel\/UCm8sjis_xlHU5VYQ6GslW-Q"]}]}},"meta_box":[],"_links":{"self":[{"href":"https:\/\/www.telpark.com\/pt\/wp-json\/wp\/v2\/pages\/4757"}],"collection":[{"href":"https:\/\/www.telpark.com\/pt\/wp-json\/wp\/v2\/pages"}],"about":[{"href":"https:\/\/www.telpark.com\/pt\/wp-json\/wp\/v2\/types\/page"}],"author":[{"embeddable":true,"href":"https:\/\/www.telpark.com\/pt\/wp-json\/wp\/v2\/users\/1"}],"replies":[{"embeddable":true,"href":"https:\/\/www.telpark.com\/pt\/wp-json\/wp\/v2\/comments?post=4757"}],"version-history":[{"count":3,"href":"https:\/\/www.telpark.com\/pt\/wp-json\/wp\/v2\/pages\/4757\/revisions"}],"predecessor-version":[{"id":42813,"href":"https:\/\/www.telpark.com\/pt\/wp-json\/wp\/v2\/pages\/4757\/revisions\/42813"}],"wp:attachment":[{"href":"https:\/\/www.telpark.com\/pt\/wp-json\/wp\/v2\/media?parent=4757"}],"curies":[{"name":"wp","href":"https:\/\/api.w.org\/{rel}","templated":true}]}}