{"id":50810,"date":"2026-02-26T09:41:42","date_gmt":"2026-02-26T08:41:42","guid":{"rendered":"https:\/\/www.telpark.com\/particulares\/promocoes\/tyc-semana-santa-2026\/"},"modified":"2026-03-06T09:48:39","modified_gmt":"2026-03-06T08:48:39","slug":"tyc-semana-santa-2026","status":"publish","type":"page","link":"https:\/\/www.telpark.com\/pt\/particulares\/promocoes\/tyc-semana-santa-2026\/","title":{"rendered":"T&#038;C Semana Santa 2026"},"content":{"rendered":"\n<div class=\"wp-block-group is-layout-constrained wp-block-group-is-layout-constrained\"><div class=\"wp-block-group__inner-container\">\n<section class=\"tpk-hero tpk-hero--products                lower\"\n         style=\"\">\n                        <picture >\n\n                    <source srcset=\"https:\/\/www.telpark.com\/wp-content\/uploads\/2026\/03\/Landing-semana-santa-v2-480x464.jpg\" media=\"((min-width: 0rem) and (max-width: 30rem))\">\n                             <source srcset=\"https:\/\/www.telpark.com\/wp-content\/uploads\/2026\/03\/Landing-semana-santa-v2-1024x464.jpg\" media=\"(min-width: 30rem) and (max-width: 64rem)\" >\n                            <source srcset=\"https:\/\/www.telpark.com\/wp-content\/uploads\/2026\/03\/Landing-semana-santa-v2.jpg\" media=\"(min-width: 64rem)\" >\n        \n        \n                                                                                                        \n        <img decoding=\"async\" fetchpriority=\"high\" src=\"https:\/\/www.telpark.com\/wp-content\/uploads\/2026\/03\/Landing-semana-santa-v2.jpg\" alt=\"\"  width=\"1901\" height=\"464\"  loading=\"eager\">\n    <\/picture>\n\n    \n            <div class=\"tpk-breadcrumb wrapper row\">\n    <nav aria-label=\"Breadcrumb\">\n        <ul>\n                            <li>\n                                            <span aria-current=\"page\">T&C Semana Santa 2026<\/span>\n                                    <\/li>\n                    <\/ul>\n    <\/nav>\n<\/div>        <div class=\"tpk-hero__content wrapper row\">\n                    <div class=\"col-xs-12 col-sm-12 pr-h pl-h\">\n                                <header class=\"tpk-head  wrapper\">\n    <p class=\"tpk-head__caption\">Telpark - Semana Santa 2026<\/p>    <h1 class=\"tpk-head__title\">10% de desconto na tua reserva se comprares com, pelo menos, 10 dias de anteced\u00eancia<\/h1>    <\/header>\n                                            <a  class=\"tpk-button tpk-button--primary tpk-button--lg \" href=\"https:\/\/go.telpark.com\/bookings?ecid=1a39fe41a626f2216a690cd243d21975&rt=true&aw=720&utm_source=bbdd_portugal&utm_medium=landing&utm_campaing=semana_santa_2026\"    >\n    <span>Reservar agora<\/span>\n    <\/a>            \n                    <\/div>\n    <\/div>\n            <div class=\"tpk-hero__cards row wrapper\">\n                                                                                        <div class=\"col-xs-12 col-sm-12 col-md-4 mb-1 pl-h pr-h\">\n                                                                    <\/div>\n                    <\/div>\n    <\/section>\n<div class=\"tpk-spinner__wrapper\">\n    <div class=\"tpk-spinner\"><\/div>\n<\/div>\n\n<article class=\"tpk-page\">\n    <div class=\"row wrapper center-xs tpk-page__content\">\n        <div class=\"col-xs-12 col-sm-10 col-md-8 pt-4 pb-4\">\n            <blockquote>\n<h2>Queres estacionar a um pre\u00e7o exclusivo nesta Semana Santa e deixar o teu ve\u00edculo em seguran\u00e7a nos nossos parques de estacionamento?<\/h2>\n<p>Reserva a tua estadia com pelo menos 10 dias de anteced\u00eancia e obt\u00e9m 10% de desconto. <strong>As reservas podem ser feitas online ou atrav\u00e9s do registo na aplica\u00e7\u00e3o telpark.<\/strong><\/p>\n<p>Os parques de estacionamento inclu\u00eddos nesta promo\u00e7\u00e3o s\u00e3o todos os parques Telpark em <strong>Espanha, Portugal e Andorra.<\/strong><\/p>\n<\/blockquote>\n\n        <\/div>\n    <\/div>\n<\/article>\n\n\n<h2 id=\"como-conseguirlo\"><\/h2>\n\n\n\n<section class=\"tpk-banner-app \">\n    <div class=\"row wrapper middle-xs\">\n        <div class=\"col-xs-12 col-sm-6 col-no-gutter tpk-banner-app__picture\">\n                                                <picture class=\"hide-xs show-sm\">\n\n                             <source srcset=\"https:\/\/www.telpark.com\/wp-content\/uploads\/2024\/08\/ReservaPromo50-compressor-1.webp\" media=\"(min-width: 30rem) and (max-width: 64rem)\" >\n                            <source srcset=\"https:\/\/www.telpark.com\/wp-content\/uploads\/2024\/08\/ReservaPromo50-compressor-1.webp\" media=\"(min-width: 64rem)\" >\n        \n        \n                                                                                                        \n        <img decoding=\"async\" src=\"https:\/\/www.telpark.com\/wp-content\/uploads\/2024\/08\/ReservaPromo50-compressor-1.webp\" alt=\"\"  width=\"680\" height=\"680\"  loading=\"lazy\" >\n    <\/picture>\n\n                                                            <picture class=\"hide-sm\">\n\n                    <source srcset=\"https:\/\/www.telpark.com\/wp-content\/uploads\/2024\/08\/ReservaPromo50-compressor-1.webp\" media=\"((min-width: 0rem) and (max-width: 30rem))\">\n                         \n        \n                                                                                                        \n        <img decoding=\"async\" src=\"https:\/\/www.telpark.com\/wp-content\/uploads\/2024\/08\/ReservaPromo50-compressor-1.webp\" alt=\"\"  width=\"916\" height=\"916\"  loading=\"lazy\" >\n    <\/picture>\n\n                    <\/div>\n        <div class=\"col-xs-12 col-sm-6 tpk-banner-app__content\">\n                        <header class=\"tpk-head  wrapper\">\n    <p class=\"tpk-head__caption\">Reserva com 10% de desconto<\/p>    <h2 class=\"tpk-head__title\">Como utilizar o teu desconto \"Reserva\" atrav\u00e9s da aplica\u00e7\u00e3o?<\/h2>    <\/header>\n                            <ul class=\"tpk-banner-app__list\">\n                                            <li>\n                                                            <span class=\"icon icon-flecha-circulo-derecha icon--lg\">\n                                <\/span>\n                                                                                        <p>1. Inicia sess\u00e3o na tua <strong>conta Telpark<\/strong> na aplica\u00e7\u00e3o.<\/p>\n                                                    <\/li>\n                                            <li>\n                                                            <span class=\"icon icon-flecha-circulo-derecha icon--lg\">\n                                <\/span>\n                                                                                        <p>2. Acede a \"<strong>Reservar estacionamento<\/strong>\".<\/p>\n                                                    <\/li>\n                                            <li>\n                                                            <span class=\"icon icon-flecha-circulo-derecha icon--lg\">\n                                <\/span>\n                                                                                        <p>3. Seleciona um <strong>dos parques de estacionamento Telpark dispon\u00edveis<\/strong> no mapa.<\/p>\n                                                    <\/li>\n                                            <li>\n                                                            <span class=\"icon icon-flecha-circulo-derecha icon--lg\">\n                                <\/span>\n                                                                                        <p>4. <strong>Preenche as informa\u00e7\u00f5es<\/strong> e seleciona os dias que pretendes reservar.<\/p>\n                                                    <\/li>\n                                            <li>\n                                                            <span class=\"icon icon-flecha-circulo-derecha icon--lg\">\n                                <\/span>\n                                                                                        <p>5. Confirma o pagamento. <strong>O desconto \u00e9 aplicado automaticamente!<\/strong><\/p>\n                                                    <\/li>\n                                            <li>\n                                                                                        <p>*Se preferires, tamb\u00e9m podes reservar o teu lugar atrav\u00e9s <a href=\"https:\/\/reserva.telpark.com\/pt\">do nosso site.<\/a><\/p>\n                                                    <\/li>\n                                    <\/ul>\n                        <div class=\"tpk-banner-app__buttons\">\n                                                                                                                                                <a href=\"https:\/\/apps.apple.com\/es\/app\/telpark\/id658204860\" class=\"tpk-button tpk-button--app dark\" target=\"_blank\">\n        <svg width=\"25\" height=\"30\" viewBox=\"0 0 25 30\" fill=\"none\" xmlns=\"http:\/\/www.w3.org\/2000\/svg\">\n            <path d=\"M23.643 10.227C23.469 10.362 20.397 12.093 20.397 15.942C20.397 20.394 24.306 21.969 24.423 22.008C24.405 22.104 23.802 24.165 22.362 26.265C21.078 28.113 19.737 29.958 17.697 29.958C15.657 29.958 15.132 28.773 12.777 28.773C10.482 28.773 9.666 29.997 7.8 29.997C5.934 29.997 4.632 28.287 3.135 26.187C1.401 23.721 0 19.89 0 16.254C0 10.422 3.792 7.329 7.524 7.329C9.507 7.329 11.16 8.631 12.405 8.631C13.59 8.631 15.438 7.251 17.694 7.251C18.549 7.251 21.621 7.329 23.643 10.227V10.227ZM16.623 4.782C17.556 3.675 18.216 2.139 18.216 0.603C18.216 0.39 18.198 0.174 18.159 0C16.641 0.057 14.835 1.011 13.746 2.274C12.891 3.246 12.093 4.782 12.093 6.339C12.093 6.573 12.132 6.807 12.15 6.882C12.246 6.9 12.402 6.921 12.558 6.921C13.92 6.921 15.633 6.009 16.623 4.782Z\" fill=\"white\"\/>\n        <\/svg>\n        <div>\n            <span>Dispon\u00edvel em<\/span>\n            Apple Store\n        <\/div>\n    <\/a>\n\n                                                                                                                            \n    <a href=\"https:\/\/play.google.com\/store\/apps\/details?id=com.delaware.empark&hl=es&referrer=%26utm_campaign%3Dnondigital%26utm_source%3Dnondigital%26utm_medium%3Dnondigital&pli=1\" class=\"tpk-button tpk-button--app dark\" target=\"_blank\">\n        <svg width=\"23\" height=\"26\" viewBox=\"0 0 23 26\" fill=\"none\" xmlns=\"http:\/\/www.w3.org\/2000\/svg\">\n            <path fill-rule=\"evenodd\" clip-rule=\"evenodd\" d=\"M0.862422 0.87988C0.581172 1.18175 0.419922 1.64675 0.419922 2.25113V23.7411C0.419922 24.3455 0.581172 24.8105 0.873047 25.1018L0.949297 25.1661L12.9905 13.1249V12.8543L0.938672 0.815505L0.862422 0.87988Z\" fill=\"url(#paint0_linear_9_9)\"\/>\n            <path fill-rule=\"evenodd\" clip-rule=\"evenodd\" d=\"M16.9962 17.1543L12.98 13.1368V12.8556L16.9975 8.83807L17.0843 8.89182L21.8362 11.5924C23.1968 12.3593 23.1968 13.6231 21.8362 14.4006L17.0843 17.1012L16.9962 17.1543Z\" fill=\"url(#paint1_linear_9_9)\"\/>\n            <path fill-rule=\"evenodd\" clip-rule=\"evenodd\" d=\"M17.083 17.1005L12.9799 12.9961L0.862371 25.1136C1.30487 25.5892 2.04987 25.643 2.88237 25.178L17.083 17.1005Z\" fill=\"url(#paint2_linear_9_9)\"\/>\n            <path fill-rule=\"evenodd\" clip-rule=\"evenodd\" d=\"M17.083 8.89304L2.88237 0.82616C2.05112 0.350535 1.30487 0.41491 0.862371 0.890535L12.9786 12.9962L17.083 8.89304Z\" fill=\"url(#paint3_linear_9_9)\"\/>\n            <defs>\n            <linearGradient id=\"paint0_linear_9_9\" x1=\"35.6607\" y1=\"-6.74995\" x2=\"-5.23028\" y2=\"12.2052\" gradientUnits=\"userSpaceOnUse\">\n            <stop stop-color=\"#047ED6\"\/>\n            <stop offset=\"1\" stop-color=\"#50E6FF\"\/>\n            <\/linearGradient>\n            <linearGradient id=\"paint1_linear_9_9\" x1=\"24.5643\" y1=\"12.9971\" x2=\"-6.03917\" y2=\"12.9971\" gradientUnits=\"userSpaceOnUse\">\n            <stop stop-color=\"#FFDA1C\"\/>\n            <stop offset=\"1\" stop-color=\"#FEB705\"\/>\n            <\/linearGradient>\n            <linearGradient id=\"paint2_linear_9_9\" x1=\"19.7657\" y1=\"4.95934\" x2=\"-15.0772\" y2=\"45.5368\" gradientUnits=\"userSpaceOnUse\">\n            <stop stop-color=\"#D9414F\"\/>\n            <stop offset=\"1\" stop-color=\"#8C193F\"\/>\n            <\/linearGradient>\n            <linearGradient id=\"paint3_linear_9_9\" x1=\"-2.18997\" y1=\"-6.27096\" x2=\"4.71665\" y2=\"5.36978\" gradientUnits=\"userSpaceOnUse\">\n            <stop stop-color=\"#33C481\"\/>\n            <stop offset=\"1\" stop-color=\"#61E3A7\"\/>\n            <\/linearGradient>\n            <\/defs>\n            <\/svg>\n        <div>\n            <span>Dispon\u00edvel em<\/span>\n            Google Play\n        <\/div>\n    <\/a>\n                                                                                                <\/div>\n        <\/div>\n    <\/div>\n<\/section>\n\n\n<section class=\"tpk-products \">\n    <div class=\"wrapper pl-1 pr-1 pb-3\">\n                <header class=\"tpk-head  wrapper\">\n    <p class=\"tpk-head__caption\">Campanha Reservas Semana Santa 2026<\/p>    <h2 class=\"tpk-head__title\">Consulta os parques de estacionamento inclu\u00eddos na promo\u00e7\u00e3o<\/h2>    <\/header>    <\/div>\n\n    <div class=\"wrapper tpk-products__cards  \">\n        <input type=\"hidden\" id=\"_wpnonce\" name=\"_wpnonce\" value=\"da840666be\" \/><input type=\"hidden\" name=\"_wp_http_referer\" value=\"\/pt\/wp-json\/wp\/v2\/pages\/50810\" \/>\n                    <div class=\"tpk-card-product  \">\n\n\t<div class=\"tpk-card-product__head\">\n\t\t\t\t\t<span class=\"icon icon-documento icon--lg\"><\/span>\n\t\t\t\t\t<\/div>\n\t<div class=\"tpk-card-product__content\">\n\t\t<h4 class=\"tpk-card-product__content__title\">Parques de estacionamento da campanha<\/h4>\n\t\t\t\t\t<p>Lista de parques de estacionamento<\/p>\n\n\t\t\t<\/div>\n\t\t\t\t\t\t\t\t\t\t\t\t\t\t\t\t\t\t\t\t<a  class=\"tpk-button tpk-button--primary tpk-button--md \" href=\"https:\/\/promotion.telpark.com\/listado-parkings-semana-santa-2026\"    target=\"_blank\" >\n    <span>Ver<\/span>\n            <span class=\"icon icon-arrow-right icon--sm\">\n        <\/span>\n    <\/a>\t\t\t\t\t\t\t\t\t\t\t<\/div>\n            <\/div>\n<\/section>\n\n\n\n<section\n        class=\"tpk-banner-cta tpk-banner-cta--default   negative\"\n        style=\"background-color:#0e8102;\">\n    \n        \n    <div class=\"tpk-banner-cta__content row wrapper middle-xs \">\n        \n                    <div class=\"col-xs-12 col-sm-6 tpk-banner-cta__content__picture\">\n                                                                        <picture >\n\n                    <source srcset=\"https:\/\/www.telpark.com\/wp-content\/uploads\/2026\/03\/img-europcar-landing-460x500.png\" media=\"((min-width: 0rem) and (max-width: 30rem))\">\n                             <source srcset=\"https:\/\/www.telpark.com\/wp-content\/uploads\/2026\/03\/img-europcar-landing-520x500.png\" media=\"(min-width: 30rem) and (max-width: 64rem)\" >\n                            <source srcset=\"https:\/\/www.telpark.com\/wp-content\/uploads\/2026\/03\/img-europcar-landing.png\" media=\"(min-width: 64rem)\" >\n        \n        \n                                                                                                        \n        <img decoding=\"async\" src=\"https:\/\/www.telpark.com\/wp-content\/uploads\/2026\/03\/img-europcar-landing.png\" alt=\"\"  width=\"682\" height=\"500\"  loading=\"lazy\" >\n    <\/picture>\n\n            <\/div>\n            <div class=\"col-xs-12 col-sm-6 tpk-banner-cta__content__text \">\n                \n                                            <header class=\"tpk-head  wrapper\">\n    <p class=\"tpk-head__caption\">E tamb\u00e9m...<\/p>    <h2 class=\"tpk-head__title\">10% de desconto no aluguer de um ve\u00edculo com a Europcar<\/h2>    <p>Por seres cliente da Telpark, tens 10% de desconto no aluguer de um ve\u00edculo na Europcar. <\/p>\n<\/header>                \n                                    <div class=\"tpk-banner-cta__buttons\">\n                                                                                <a  class=\"tpk-button tpk-button--ghost tpk-button--lg \" href=\"https:\/\/www.europcar.pt\/pt-pt\/p\/europcar-partner\/telpark\"    target=\"_blank\" >\n    <span>Sabe mais<\/span>\n    <\/a>                                            <\/div>\n                                        <\/div>\n        <\/div>\n    \n    <\/section>\n\n<article class=\"tpk-page\">\n    <div class=\"row wrapper center-xs tpk-page__content\">\n        <div class=\"col-xs-12 col-sm-10 col-md-8 pt-4 pb-4\">\n            <p><!-- wp:paragraph --><\/p>\n<blockquote>\n<h2>Termos e Condi\u00e7\u00f5es<\/h2>\n<\/blockquote>\n<ul>\n<li><strong>Que \u00e9 necess\u00e1rio para usufruir da promo\u00e7\u00e3o?<\/strong><br \/>Reserva a tua estadia com 10 dias de anteced\u00eancia e obt\u00e9m 10% de desconto. Podes reservar online em reservas.telpark.com ou atrav\u00e9s do registo na aplica\u00e7\u00e3o Telpark.\n<p><\/li>\n<li><strong>Em que parques de estacionamento se aplica a promo\u00e7\u00e3o?<\/strong><br \/>Podes consultar acima a lista dos parques de estacionamento associados \u00e0 promo\u00e7\u00e3o.\n<p><\/li>\n<li><strong>Em que dias se aplica a promo\u00e7\u00e3o?<\/strong><br \/>Os 10% de desconto ser\u00e3o v\u00e1lidos para estadias de 27 de mar\u00e7o a 06 de abril de 2026, se reservado com 10 dias de anteced\u00eancia. As reservas efetuadas ap\u00f3s 28 de mar\u00e7o n\u00e3o beneficiam do desconto.\n<p><\/li>\n<li><strong>Que produto Telpark est\u00e1 sujeito \u00e0 promo\u00e7\u00e3o?<\/strong><br \/>O produto \"Reservas\" est\u00e1 sujeito a esta promo\u00e7\u00e3o.\n<p><\/li>\n<li><strong>Quantas vezes posso utilizar a promo\u00e7\u00e3o?<\/strong><br \/>As vezes que forem necess\u00e1rias.\n<p><\/li>\n<li><strong>Os 10% de desconto garantem o teu lugar de estacionamento?<\/strong><br \/>Os lugares s\u00e3o limitados no parque de estacionamento, uma vez preenchida a quota de lugares, deixar\u00e1 de ser poss\u00edvel efetuar mais reservas de estacionamento.\n<p><\/li>\n<li><strong>Quantos dias posso reservar estacionamento?<\/strong><br \/>Reserva de um dia a um m\u00eas com check-in e check-out ilimitados.\n<\/li>\n<\/ul>\n<h1>Se tiveres d\u00favidas, estamos aqui para ajudar.<\/h1>\n<p>&nbsp;<\/p>\n<p>Se durante a compra tiveres <strong>algum problema<\/strong> ou quiseres partilhar algo que nos ajude a melhorar, envia um email para: <a href=\"mailto:suporte@telpark.com\">soporte@telpark.com<\/a><\/p>\n<p><!-- \/wp:paragraph --><\/p>\n<p><!-- wp:paragraph --><\/p>\n<p><!-- \/wp:paragraph --><\/p>\n\n        <\/div>\n    <\/div>\n<\/article><\/div><\/div>\n","protected":false},"excerpt":{"rendered":"","protected":false},"author":2049,"featured_media":0,"parent":32650,"menu_order":0,"comment_status":"closed","ping_status":"closed","template":"","meta":{"footnotes":""},"yoast_head":"<!-- This site is optimized with the Yoast SEO plugin v20.12 - https:\/\/yoast.com\/wordpress\/plugins\/seo\/ -->\n<title>T&amp;C Semana Santa 2026 | Telpark<\/title>\n<meta name=\"robots\" content=\"noindex, nofollow\" \/>\n<meta property=\"og:locale\" content=\"pt_PT\" \/>\n<meta property=\"og:type\" content=\"article\" \/>\n<meta property=\"og:title\" content=\"T&amp;C Semana Santa 2026 | Telpark\" \/>\n<meta property=\"og:url\" content=\"https:\/\/www.telpark.com\/pt\/particulares\/promocoes\/tyc-semana-santa-2026\/\" \/>\n<meta property=\"og:site_name\" content=\"Telpark\" \/>\n<meta property=\"article:modified_time\" content=\"2026-03-06T08:48:39+00:00\" \/>\n<meta name=\"twitter:card\" content=\"summary_large_image\" \/>\n<meta name=\"twitter:site\" content=\"@telpark_es\" \/>\n<script type=\"application\/ld+json\" class=\"yoast-schema-graph\">{\"@context\":\"https:\/\/schema.org\",\"@graph\":[{\"@type\":\"WebPage\",\"@id\":\"https:\/\/www.telpark.com\/pt\/particulares\/promocoes\/tyc-semana-santa-2026\/\",\"url\":\"https:\/\/www.telpark.com\/pt\/particulares\/promocoes\/tyc-semana-santa-2026\/\",\"name\":\"T&C Semana Santa 2026 | Telpark\",\"isPartOf\":{\"@id\":\"https:\/\/www.telpark.com\/pt\/#website\"},\"datePublished\":\"2026-02-26T08:41:42+00:00\",\"dateModified\":\"2026-03-06T08:48:39+00:00\",\"breadcrumb\":{\"@id\":\"https:\/\/www.telpark.com\/pt\/particulares\/promocoes\/tyc-semana-santa-2026\/#breadcrumb\"},\"inLanguage\":\"pt-PT\",\"potentialAction\":[{\"@type\":\"ReadAction\",\"target\":[\"https:\/\/www.telpark.com\/pt\/particulares\/promocoes\/tyc-semana-santa-2026\/\"]}]},{\"@type\":\"BreadcrumbList\",\"@id\":\"https:\/\/www.telpark.com\/pt\/particulares\/promocoes\/tyc-semana-santa-2026\/#breadcrumb\",\"itemListElement\":[{\"@type\":\"ListItem\",\"position\":1,\"name\":\"Home\",\"item\":\"https:\/\/www.telpark.com\/pt\/\"},{\"@type\":\"ListItem\",\"position\":2,\"name\":\"Particulares\",\"item\":\"https:\/\/www.telpark.com\/pt\/\"},{\"@type\":\"ListItem\",\"position\":3,\"name\":\"Promo\u00e7\u00f5es\",\"item\":\"https:\/\/www.telpark.com\/pt\/particulares\/promocoes\/\"},{\"@type\":\"ListItem\",\"position\":4,\"name\":\"T&#038;C Semana Santa 2026\"}]},{\"@type\":\"WebSite\",\"@id\":\"https:\/\/www.telpark.com\/pt\/#website\",\"url\":\"https:\/\/www.telpark.com\/pt\/\",\"name\":\"Telpark\",\"description\":\"Reserva tu plaza en los mejores aparcamientos. Descarga la app y olv\u00eddate de cajeros o parqu\u00edmetros en m\u00e1s de 100 ciudades en Espa\u00f1a y Portugal\",\"publisher\":{\"@id\":\"https:\/\/www.telpark.com\/pt\/#organization\"},\"potentialAction\":[{\"@type\":\"SearchAction\",\"target\":{\"@type\":\"EntryPoint\",\"urlTemplate\":\"https:\/\/www.telpark.com\/pt\/?s={search_term_string}\"},\"query-input\":\"required name=search_term_string\"}],\"inLanguage\":\"pt-PT\"},{\"@type\":\"Organization\",\"@id\":\"https:\/\/www.telpark.com\/pt\/#organization\",\"name\":\"Telpark\",\"url\":\"https:\/\/www.telpark.com\/pt\/\",\"logo\":{\"@type\":\"ImageObject\",\"inLanguage\":\"pt-PT\",\"@id\":\"https:\/\/www.telpark.com\/pt\/#\/schema\/logo\/image\/\",\"url\":\"https:\/\/www.telpark.com\/wp-content\/uploads\/2023\/09\/telpark-logo.svg\",\"contentUrl\":\"https:\/\/www.telpark.com\/wp-content\/uploads\/2023\/09\/telpark-logo.svg\",\"width\":128,\"height\":32,\"caption\":\"Telpark\"},\"image\":{\"@id\":\"https:\/\/www.telpark.com\/pt\/#\/schema\/logo\/image\/\"},\"sameAs\":[\"https:\/\/twitter.com\/telpark_es\",\"https:\/\/www.instagram.com\/telpark_app\/\",\"https:\/\/www.youtube.com\/channel\/UCm8sjis_xlHU5VYQ6GslW-Q\"]}]}<\/script>\n<!-- \/ Yoast SEO plugin. -->","yoast_head_json":{"title":"T&C Semana Santa 2026 | Telpark","robots":{"index":"noindex","follow":"nofollow"},"og_locale":"pt_PT","og_type":"article","og_title":"T&C Semana Santa 2026 | Telpark","og_url":"https:\/\/www.telpark.com\/pt\/particulares\/promocoes\/tyc-semana-santa-2026\/","og_site_name":"Telpark","article_modified_time":"2026-03-06T08:48:39+00:00","twitter_card":"summary_large_image","twitter_site":"@telpark_es","schema":{"@context":"https:\/\/schema.org","@graph":[{"@type":"WebPage","@id":"https:\/\/www.telpark.com\/pt\/particulares\/promocoes\/tyc-semana-santa-2026\/","url":"https:\/\/www.telpark.com\/pt\/particulares\/promocoes\/tyc-semana-santa-2026\/","name":"T&C Semana Santa 2026 | Telpark","isPartOf":{"@id":"https:\/\/www.telpark.com\/pt\/#website"},"datePublished":"2026-02-26T08:41:42+00:00","dateModified":"2026-03-06T08:48:39+00:00","breadcrumb":{"@id":"https:\/\/www.telpark.com\/pt\/particulares\/promocoes\/tyc-semana-santa-2026\/#breadcrumb"},"inLanguage":"pt-PT","potentialAction":[{"@type":"ReadAction","target":["https:\/\/www.telpark.com\/pt\/particulares\/promocoes\/tyc-semana-santa-2026\/"]}]},{"@type":"BreadcrumbList","@id":"https:\/\/www.telpark.com\/pt\/particulares\/promocoes\/tyc-semana-santa-2026\/#breadcrumb","itemListElement":[{"@type":"ListItem","position":1,"name":"Home","item":"https:\/\/www.telpark.com\/pt\/"},{"@type":"ListItem","position":2,"name":"Particulares","item":"https:\/\/www.telpark.com\/pt\/"},{"@type":"ListItem","position":3,"name":"Promo\u00e7\u00f5es","item":"https:\/\/www.telpark.com\/pt\/particulares\/promocoes\/"},{"@type":"ListItem","position":4,"name":"T&#038;C Semana Santa 2026"}]},{"@type":"WebSite","@id":"https:\/\/www.telpark.com\/pt\/#website","url":"https:\/\/www.telpark.com\/pt\/","name":"Telpark","description":"Reserva tu plaza en los mejores aparcamientos. Descarga la app y olv\u00eddate de cajeros o parqu\u00edmetros en m\u00e1s de 100 ciudades en Espa\u00f1a y Portugal","publisher":{"@id":"https:\/\/www.telpark.com\/pt\/#organization"},"potentialAction":[{"@type":"SearchAction","target":{"@type":"EntryPoint","urlTemplate":"https:\/\/www.telpark.com\/pt\/?s={search_term_string}"},"query-input":"required name=search_term_string"}],"inLanguage":"pt-PT"},{"@type":"Organization","@id":"https:\/\/www.telpark.com\/pt\/#organization","name":"Telpark","url":"https:\/\/www.telpark.com\/pt\/","logo":{"@type":"ImageObject","inLanguage":"pt-PT","@id":"https:\/\/www.telpark.com\/pt\/#\/schema\/logo\/image\/","url":"https:\/\/www.telpark.com\/wp-content\/uploads\/2023\/09\/telpark-logo.svg","contentUrl":"https:\/\/www.telpark.com\/wp-content\/uploads\/2023\/09\/telpark-logo.svg","width":128,"height":32,"caption":"Telpark"},"image":{"@id":"https:\/\/www.telpark.com\/pt\/#\/schema\/logo\/image\/"},"sameAs":["https:\/\/twitter.com\/telpark_es","https:\/\/www.instagram.com\/telpark_app\/","https:\/\/www.youtube.com\/channel\/UCm8sjis_xlHU5VYQ6GslW-Q"]}]}},"meta_box":[],"_links":{"self":[{"href":"https:\/\/www.telpark.com\/pt\/wp-json\/wp\/v2\/pages\/50810"}],"collection":[{"href":"https:\/\/www.telpark.com\/pt\/wp-json\/wp\/v2\/pages"}],"about":[{"href":"https:\/\/www.telpark.com\/pt\/wp-json\/wp\/v2\/types\/page"}],"author":[{"embeddable":true,"href":"https:\/\/www.telpark.com\/pt\/wp-json\/wp\/v2\/users\/2049"}],"replies":[{"embeddable":true,"href":"https:\/\/www.telpark.com\/pt\/wp-json\/wp\/v2\/comments?post=50810"}],"version-history":[{"count":2,"href":"https:\/\/www.telpark.com\/pt\/wp-json\/wp\/v2\/pages\/50810\/revisions"}],"predecessor-version":[{"id":51024,"href":"https:\/\/www.telpark.com\/pt\/wp-json\/wp\/v2\/pages\/50810\/revisions\/51024"}],"up":[{"embeddable":true,"href":"https:\/\/www.telpark.com\/pt\/wp-json\/wp\/v2\/pages\/32650"}],"wp:attachment":[{"href":"https:\/\/www.telpark.com\/pt\/wp-json\/wp\/v2\/media?parent=50810"}],"curies":[{"name":"wp","href":"https:\/\/api.w.org\/{rel}","templated":true}]}}