{"id":51657,"date":"2026-03-25T16:24:50","date_gmt":"2026-03-25T15:24:50","guid":{"rendered":"https:\/\/www.telpark.com\/particulares\/promocoes\/campana-abonos-abril-2026\/"},"modified":"2026-04-01T12:11:47","modified_gmt":"2026-04-01T11:11:47","slug":"campana-abonos-abril-2026","status":"publish","type":"page","link":"https:\/\/www.telpark.com\/pt\/particulares\/promocoes\/campana-abonos-abril-2026\/","title":{"rendered":"Campanha Aven\u00e7as Abril 2026"},"content":{"rendered":"\n<div class=\"wp-block-group is-layout-constrained wp-block-group-is-layout-constrained\"><div class=\"wp-block-group__inner-container\">\n<section class=\"tpk-hero tpk-hero--products                lower\"\n         style=\"background-color:#ff9903\">\n    \n            <div class=\"tpk-breadcrumb wrapper row\">\n    <nav aria-label=\"Breadcrumb\">\n        <ul>\n                            <li>\n                                            <span aria-current=\"page\">Campanha Aven\u00e7as Abril 2026<\/span>\n                                    <\/li>\n                    <\/ul>\n    <\/nav>\n<\/div>        <div class=\"tpk-hero__content wrapper row\">\n                    <div class=\"col-xs-12 col-sm-12 pr-h pl-h\">\n                                <header class=\"tpk-head  wrapper\">\n    <p class=\"tpk-head__caption\">Abril 2026<\/p>    <h1 class=\"tpk-head__title\">Campanha de Abril Espanha e Portugal<\/h1>    <\/header>\n                                            <a  class=\"tpk-button tpk-button--secondary tpk-button--lg \" href=\"https:\/\/go.telpark.com\/subscriptions?ecid=eb9181a3aca4f4dd0597b5efb00562e6&amp;rt=true&amp;aw=720\"    >\n    <span>Consegue a tua Aven\u00e7as<\/span>\n    <\/a>            \n                    <\/div>\n    <\/div>\n            <div class=\"tpk-hero__cards row wrapper\">\n                                                                                        <div class=\"col-xs-12 col-sm-12 col-md-4 mb-1 pl-h pr-h\">\n                                                                    <\/div>\n                    <\/div>\n    <\/section>\n<div class=\"tpk-spinner__wrapper\">\n    <div class=\"tpk-spinner\"><\/div>\n<\/div>\n\n\n<section class=\"tpk-banner-app \">\n    <div class=\"row wrapper middle-xs\">\n        <div class=\"col-xs-12 col-sm-6 col-no-gutter tpk-banner-app__picture\">\n                                                <picture class=\"hide-xs show-sm\">\n\n                             <source srcset=\"https:\/\/www.telpark.com\/wp-content\/uploads\/2023\/09\/Gif_multipass-es.webp\" media=\"(min-width: 30rem) and (max-width: 64rem)\" >\n                            <source srcset=\"https:\/\/www.telpark.com\/wp-content\/uploads\/2023\/09\/Gif_multipass-es.webp\" media=\"(min-width: 64rem)\" >\n        \n        \n                                                                                                        \n        <img decoding=\"async\" src=\"https:\/\/www.telpark.com\/wp-content\/uploads\/2023\/09\/Gif_multipass-es.webp\" alt=\"\"  width=\"454\" height=\"430\"  loading=\"lazy\" >\n    <\/picture>\n\n                                <\/div>\n        <div class=\"col-xs-12 col-sm-6 tpk-banner-app__content\">\n                        <header class=\"tpk-head  wrapper\">\n    <p class=\"tpk-head__caption\">Estacionar com Aven\u00e7as<\/p>    <h2 class=\"tpk-head__title\">Como podes faz\u00ea-lo?<\/h2>    <\/header>\n                            <ul class=\"tpk-banner-app__list\">\n                                            <li>\n                                                            <span class=\"icon icon-flecha-circulo-derecha icon--lg\">\n                                <\/span>\n                                                                                        <p><strong>1.<\/strong> Na <strong>APP telpark<\/strong>, seleciona \"<strong>Aven\u00e7as<\/strong>\" na p\u00e1gina inicial.<\/p>\n                                                    <\/li>\n                                            <li>\n                                                            <span class=\"icon icon-flecha-circulo-derecha icon--lg\">\n                                <\/span>\n                                                                                        <p><strong>2.<\/strong> Clica em \u201c<strong>Comprar Aven\u00e7as<\/strong>\u201d e <strong>encontra<\/strong> o parque de estacionamento.<\/p>\n                                                    <\/li>\n                                            <li>\n                                                            <span class=\"icon icon-flecha-circulo-derecha icon--lg\">\n                                <\/span>\n                                                                                        <p><strong>3. <\/strong>Seleciona a Aven\u00e7a dispon\u00edvel pretendida.<\/p>\n                                                    <\/li>\n                                            <li>\n                                                            <span class=\"icon icon-flecha-circulo-derecha icon--lg\">\n                                <\/span>\n                                                                                        <p><strong>4.<\/strong> Insere a data de in\u00edcio, a matr\u00edcula, o m\u00e9todo de pagamento e <strong>confirma teu pagamento<\/strong>.<\/p>\n                                                    <\/li>\n                                    <\/ul>\n                        <div class=\"tpk-banner-app__buttons\">\n                                                                                                                                                <a href=\"https:\/\/apps.apple.com\/es\/app\/telpark\/id658204860\" class=\"tpk-button tpk-button--app dark\" target=\"_blank\">\n        <svg width=\"25\" height=\"30\" viewBox=\"0 0 25 30\" fill=\"none\" xmlns=\"http:\/\/www.w3.org\/2000\/svg\">\n            <path d=\"M23.643 10.227C23.469 10.362 20.397 12.093 20.397 15.942C20.397 20.394 24.306 21.969 24.423 22.008C24.405 22.104 23.802 24.165 22.362 26.265C21.078 28.113 19.737 29.958 17.697 29.958C15.657 29.958 15.132 28.773 12.777 28.773C10.482 28.773 9.666 29.997 7.8 29.997C5.934 29.997 4.632 28.287 3.135 26.187C1.401 23.721 0 19.89 0 16.254C0 10.422 3.792 7.329 7.524 7.329C9.507 7.329 11.16 8.631 12.405 8.631C13.59 8.631 15.438 7.251 17.694 7.251C18.549 7.251 21.621 7.329 23.643 10.227V10.227ZM16.623 4.782C17.556 3.675 18.216 2.139 18.216 0.603C18.216 0.39 18.198 0.174 18.159 0C16.641 0.057 14.835 1.011 13.746 2.274C12.891 3.246 12.093 4.782 12.093 6.339C12.093 6.573 12.132 6.807 12.15 6.882C12.246 6.9 12.402 6.921 12.558 6.921C13.92 6.921 15.633 6.009 16.623 4.782Z\" fill=\"white\"\/>\n        <\/svg>\n        <div>\n            <span>Dispon\u00edvel em<\/span>\n            Apple Store\n        <\/div>\n    <\/a>\n\n                                                                                                                            \n    <a href=\"https:\/\/play.google.com\/store\/apps\/details?id=com.delaware.empark&hl=es&referrer=%26utm_campaign%3Dnondigital%26utm_source%3Dnondigital%26utm_medium%3Dnondigital&pli=1\" class=\"tpk-button tpk-button--app dark\" target=\"_blank\">\n        <svg width=\"23\" height=\"26\" viewBox=\"0 0 23 26\" fill=\"none\" xmlns=\"http:\/\/www.w3.org\/2000\/svg\">\n            <path fill-rule=\"evenodd\" clip-rule=\"evenodd\" d=\"M0.862422 0.87988C0.581172 1.18175 0.419922 1.64675 0.419922 2.25113V23.7411C0.419922 24.3455 0.581172 24.8105 0.873047 25.1018L0.949297 25.1661L12.9905 13.1249V12.8543L0.938672 0.815505L0.862422 0.87988Z\" fill=\"url(#paint0_linear_9_9)\"\/>\n            <path fill-rule=\"evenodd\" clip-rule=\"evenodd\" d=\"M16.9962 17.1543L12.98 13.1368V12.8556L16.9975 8.83807L17.0843 8.89182L21.8362 11.5924C23.1968 12.3593 23.1968 13.6231 21.8362 14.4006L17.0843 17.1012L16.9962 17.1543Z\" fill=\"url(#paint1_linear_9_9)\"\/>\n            <path fill-rule=\"evenodd\" clip-rule=\"evenodd\" d=\"M17.083 17.1005L12.9799 12.9961L0.862371 25.1136C1.30487 25.5892 2.04987 25.643 2.88237 25.178L17.083 17.1005Z\" fill=\"url(#paint2_linear_9_9)\"\/>\n            <path fill-rule=\"evenodd\" clip-rule=\"evenodd\" d=\"M17.083 8.89304L2.88237 0.82616C2.05112 0.350535 1.30487 0.41491 0.862371 0.890535L12.9786 12.9962L17.083 8.89304Z\" fill=\"url(#paint3_linear_9_9)\"\/>\n            <defs>\n            <linearGradient id=\"paint0_linear_9_9\" x1=\"35.6607\" y1=\"-6.74995\" x2=\"-5.23028\" y2=\"12.2052\" gradientUnits=\"userSpaceOnUse\">\n            <stop stop-color=\"#047ED6\"\/>\n            <stop offset=\"1\" stop-color=\"#50E6FF\"\/>\n            <\/linearGradient>\n            <linearGradient id=\"paint1_linear_9_9\" x1=\"24.5643\" y1=\"12.9971\" x2=\"-6.03917\" y2=\"12.9971\" gradientUnits=\"userSpaceOnUse\">\n            <stop stop-color=\"#FFDA1C\"\/>\n            <stop offset=\"1\" stop-color=\"#FEB705\"\/>\n            <\/linearGradient>\n            <linearGradient id=\"paint2_linear_9_9\" x1=\"19.7657\" y1=\"4.95934\" x2=\"-15.0772\" y2=\"45.5368\" gradientUnits=\"userSpaceOnUse\">\n            <stop stop-color=\"#D9414F\"\/>\n            <stop offset=\"1\" stop-color=\"#8C193F\"\/>\n            <\/linearGradient>\n            <linearGradient id=\"paint3_linear_9_9\" x1=\"-2.18997\" y1=\"-6.27096\" x2=\"4.71665\" y2=\"5.36978\" gradientUnits=\"userSpaceOnUse\">\n            <stop stop-color=\"#33C481\"\/>\n            <stop offset=\"1\" stop-color=\"#61E3A7\"\/>\n            <\/linearGradient>\n            <\/defs>\n            <\/svg>\n        <div>\n            <span>Dispon\u00edvel em<\/span>\n            Google Play\n        <\/div>\n    <\/a>\n                                                                                                <\/div>\n        <\/div>\n    <\/div>\n<\/section>\n\n\n<section class=\"tpk-products \">\n    <div class=\"wrapper pl-1 pr-1 pb-3\">\n                <header class=\"tpk-head  wrapper\">\n        <h2 class=\"tpk-head__title\">Consulta os parques de estacionamento associados \u00e0 campanha de Aven\u00e7as de abril de 2026<\/h2>    <\/header>    <\/div>\n\n    <div class=\"wrapper tpk-products__cards  \">\n        <input type=\"hidden\" id=\"_wpnonce\" name=\"_wpnonce\" value=\"24af842537\" \/><input type=\"hidden\" name=\"_wp_http_referer\" value=\"\/pt\/wp-json\/wp\/v2\/pages\/51657\" \/>\n                    <div class=\"tpk-card-product  \">\n\n\t<div class=\"tpk-card-product__head\">\n\t\t\t\t\t<span class=\"icon icon-documento icon--lg\"><\/span>\n\t\t\t\t\t<\/div>\n\t<div class=\"tpk-card-product__content\">\n\t\t<h4 class=\"tpk-card-product__content__title\">Lista de parques de estacionamento<\/h4>\n\t\t\t\t\t<p>Os parques de estacionamento e os pre\u00e7os associados \u00e0 campanha est\u00e3o limitados a um stock.<\/p>\n\n\t\t\t<\/div>\n\t\t\t\t\t\t\t\t\t\t\t\t\t\t\t\t\t\t\t\t<a  class=\"tpk-button tpk-button--primary tpk-button--lg \" href=\"https:\/\/www.telpark.com\/es\/listado-parkings-campana-abonos-febrero-2026\/\"    target=\"_blank\" >\n    <span>Ver<\/span>\n            <span class=\"icon icon-arrow-right icon--sm\">\n        <\/span>\n    <\/a>\t\t\t\t\t\t\t\t\t\t\t<\/div>\n            <\/div>\n<\/section>\n\n<article class=\"tpk-page\">\n    <div class=\"row wrapper center-xs tpk-page__content\">\n        <div class=\"col-xs-12 col-sm-10 col-md-8 pt-4 pb-4\">\n            <h2>Termos e Condi\u00e7\u00f5es<\/h2>\n<p><!-- wp:paragraph --><\/p>\n<p><!-- \/wp:paragraph --><\/p>\n<p><!-- wp:paragraph --><\/p>\n<blockquote>\n<p>Consulta todos os termos e condi\u00e7oes do produto Aven\u00e7as em: <a href=\"https:\/\/www.telpark.com\/pt\/centro-juridico\/empresas-empark-termos-e-condicoes\/\"><strong>Sociedade Empark - Termos e Condi\u00e7\u00f5es | Telpark<\/strong><\/a><\/p>\n<p data-start=\"0\" data-end=\"190\">Pre\u00e7os e promo\u00e7\u00e3o v\u00e1lidos de 08 de abril a 10 de maio de 2026, inclusive, no produto Aven\u00e7a 24h APP \/ aven\u00e7a noturna APP \/ aven\u00e7a diurna APP ou at\u00e9 esgotar as unidades sujeitas \u00e0 promo\u00e7\u00e3o.<\/p>\n<p data-start=\"192\" data-end=\"315\" data-is-last-node=\"\" data-is-only-node=\"\">Os pre\u00e7os incluem IVA. Em caso de d\u00favida, prevalecer\u00e1 sempre o pre\u00e7o e a disponibilidade em tempo real apresentados na APP.<\/p>\n<\/blockquote>\n<p>Se, durante o processo de compra, <strong>te\u202fdeparares com algum problema<\/strong>\u202fou algo relevante com que possamos aprender ou melhorar o nosso servi\u00e7o, deves <a href=\"https:\/\/www.telpark.com\/pt\/faqs\/fale-connosco\/\" target=\"_blank\" rel=\"noopener\"><b>clicar aqui.<\/b><\/a><\/p>\n<p>&nbsp;<\/p>\n<h3>Preguntas mais frequentes<\/h3>\n<ul>\n<li><strong>Um parque de estacionamento pode deixar de ter esta promo\u00e7\u00e3o entre 8 de abril e 10 de maio de 2026?<\/strong><br \/>Em Espanha e Portugal, a promo\u00e7\u00e3o est\u00e1 sujeita ao stock limitado de lugares de estacionamento por parque, pelo que esta aven\u00e7a j\u00e1 tiver atingido a sua quota, deixar\u00e1 de estar dispon\u00edvel.\n<p><\/li>\n<li><strong>Durante quanto tempo posso estacionar num parque com a Aven\u00e7as 24H?<\/strong><br \/>Desde que a aven\u00e7a esteja ativa, podes estacionar 24 horas por dia, 365 dias por ano.\n<p><\/li>\n<li><strong>Durante quanto tempo podes estacionar num parque de estacionamento com aven\u00e7a diurna\/noturna?<\/strong><br \/>Enquanto tiveres a aven\u00e7a ativa, poder\u00e1s estacionar no hor\u00e1rio especificado na descri\u00e7\u00e3o da tua aven\u00e7a.\n<\/li>\n<li><strong>Qual \u00e9 a validade da minha aven\u00e7a?<\/strong><br \/>A validade \u00e9 mensal, com a mensalidade a ser cobrada periodicamente no primeiro dia do m\u00eas. No primeiro pagamento, pagas a parte proporcional at\u00e9 ao fim do m\u00eas em curso e, no primeiro dia do m\u00eas, \u00e9 cobrado o m\u00eas seguinte completo, a partir desta altura podes cancelaar a aven\u00e7a quando quiseres.\u00a0\n<p><\/li>\n<li><strong>Quais os parques de estacionamento abrangidos por esta campanha?<\/strong><br \/>Podes consultar acima a lista dos parques de estacionamento associados \u00e0 campanha de aven\u00e7as de 2026.\n<p><\/li>\n<li><strong>Posso alterar a matr\u00edcula da minha aven\u00e7as?<\/strong><br \/>Sim, desde que o ve\u00edculo n\u00e3o esteja no parque de estacionamento. A partir da tua app, entra na tua aven\u00e7as e altera a matr\u00edcula associada \u00e0 mesma.\n<p><\/li>\n<li><strong>Nao tenho cart\u00e3o de acesso, como posso aceder ao parque de estacionamento?<\/strong><br \/>O sistema de acesso ao parque de estacionamento contratado funciona exclusivamente com a matr\u00edcula do teu ve\u00edculo.\n<p><\/li>\n<li><strong>Como posso transferir a fatura ou o comprovativo de pagamento?<\/strong><br \/>Durante o processo de registo s\u00e3o solicitados os teus dados de fatura\u00e7\u00e3o. Para transferires a fatura, a partit da app, acede a \"Hist\u00f3rico e recibos\" e podes ver todas as cobran\u00e7as.\n<p><\/li>\n<li><strong>Posso editar os meus dados de fatura\u00e7\u00e3o?<\/strong><br \/>Sim, mas estes s\u00e3o sempre aplicados ao per\u00edodo de fatura\u00e7\u00e3o seguinte. A partir da app Telpark, entra em \"Mais op\u00e7\u00f5es, \"Conta\" e clica em \"Dados de fatura\u00e7\u00e3o\".\n<p><\/li>\n<li><strong>Que tipo de aven\u00e7as est\u00e3o dispon\u00edveis?<\/strong><br \/>Dispomos de uma variedade de aven\u00e7as (24h\/noturnas\/diurnas) na sec\u00e7\u00e3o \u201cAven\u00e7as mensais\u201d; a disponibilidade de cada tipo de produto depende de cada parque de estacionamento.\n<p><\/li>\n<li><strong>O pre\u00e7o ser\u00e1 sempre o mesmo?<\/strong><br \/>O pre\u00e7o da aven\u00e7as \u00e9 o pre\u00e7o estabelecido no formul\u00e1rio de ades\u00e3o para cada parque de estacionamento, por\u00eam, est\u00e1 sujeito a altera\u00e7\u00f5es e pode ser revisto em qualquer altura.\n<p><\/li>\n<li><strong>N\u00e3o consigo concluir a compra - erro do cart\u00e3o banc\u00e1rio, o que posso fazer?<\/strong><br \/>Tens a posibilidade de adicionar outros meios de pagamento v\u00e1lidos.\n<p><\/li>\n<li><strong>Posso interromper temporariamente a minha Aven\u00e7a?<\/strong><br \/>Atualmente, isso n\u00e3o \u00e9 possivel. Se quiseres interromper a tua aven\u00e7as, tens de a cancelar e voltar a registrar mais tarde. N\u00e3o podemos garantir a disponibilidade de lugares quando regressares, nem o pre\u00e7o atual.\n<p><\/li>\n<li><strong>Como posso cancelar a minha aven\u00e7as?<\/strong><br \/>Depois de pagares o primeiro m\u00eas completo, podes utilizar o bot\u00e3o para cancelar a tua avenc\u00e7as no separador da aven\u00e7as na app.\n<p><\/li>\n<li><strong>Tive um problema na renova\u00e7\u00e3o da minha aven\u00e7a, como posso resolv\u00ea-lo?<\/strong><br \/>Tens de adicionar um novo m\u00e9todo de pagamento v\u00e1lido, entrar na ficha da tua aven\u00e7a atrav\u00e9s da app e atualizar o m\u00e9todo de pagamento da aven\u00e7as.\n<p><\/li>\n<li><strong>Apaguei a aplica\u00e7ao, posso continuar aceder ao parque de estacionamento?<\/strong><br \/>Sim, se continuares a pagar a mensalidade e n\u00e3o alterares a tua matr\u00edcula, podes continuar a aceder sem qualquer problema. Se quiseres realizar qualquer altera\u00e7\u00e3o ou cancelamento, tens de reinstalar.\n<p><\/li>\n<li><strong>Enganei-me no parque de estacionamento, posso cancelar a aven\u00e7as?<\/strong><br \/>Caso n\u00e3o tenhas feito qualquer uso da tua ave\u00e7a, podes cancelar a compra dentro do prazo legal, entrando em contacto connosco atrav\u00e9s da app.<\/li>\n<\/ul>\n<p><!-- \/wp:paragraph --><\/p>\n<p><!-- wp:paragraph --><\/p>\n<p><!-- \/wp:paragraph --><\/p>\n\n        <\/div>\n    <\/div>\n<\/article><\/div><\/div>\n","protected":false},"excerpt":{"rendered":"","protected":false},"author":13,"featured_media":0,"parent":32650,"menu_order":0,"comment_status":"closed","ping_status":"closed","template":"","meta":{"footnotes":""},"yoast_head":"<!-- This site is optimized with the Yoast SEO plugin v20.12 - https:\/\/yoast.com\/wordpress\/plugins\/seo\/ -->\n<title>Campanha Aven\u00e7as Abril 2026 | Telpark<\/title>\n<meta name=\"robots\" content=\"noindex, nofollow\" \/>\n<meta property=\"og:locale\" content=\"pt_PT\" \/>\n<meta property=\"og:type\" content=\"article\" \/>\n<meta property=\"og:title\" content=\"Campanha Aven\u00e7as Abril 2026 | Telpark\" \/>\n<meta property=\"og:url\" content=\"https:\/\/www.telpark.com\/pt\/particulares\/promocoes\/campana-abonos-abril-2026\/\" \/>\n<meta property=\"og:site_name\" content=\"Telpark\" \/>\n<meta property=\"article:modified_time\" content=\"2026-04-01T11:11:47+00:00\" \/>\n<meta name=\"twitter:card\" content=\"summary_large_image\" \/>\n<meta name=\"twitter:site\" content=\"@telpark_es\" \/>\n<script type=\"application\/ld+json\" class=\"yoast-schema-graph\">{\"@context\":\"https:\/\/schema.org\",\"@graph\":[{\"@type\":\"WebPage\",\"@id\":\"https:\/\/www.telpark.com\/pt\/particulares\/promocoes\/campana-abonos-abril-2026\/\",\"url\":\"https:\/\/www.telpark.com\/pt\/particulares\/promocoes\/campana-abonos-abril-2026\/\",\"name\":\"Campanha Aven\u00e7as Abril 2026 | Telpark\",\"isPartOf\":{\"@id\":\"https:\/\/www.telpark.com\/pt\/#website\"},\"datePublished\":\"2026-03-25T15:24:50+00:00\",\"dateModified\":\"2026-04-01T11:11:47+00:00\",\"breadcrumb\":{\"@id\":\"https:\/\/www.telpark.com\/pt\/particulares\/promocoes\/campana-abonos-abril-2026\/#breadcrumb\"},\"inLanguage\":\"pt-PT\",\"potentialAction\":[{\"@type\":\"ReadAction\",\"target\":[\"https:\/\/www.telpark.com\/pt\/particulares\/promocoes\/campana-abonos-abril-2026\/\"]}]},{\"@type\":\"BreadcrumbList\",\"@id\":\"https:\/\/www.telpark.com\/pt\/particulares\/promocoes\/campana-abonos-abril-2026\/#breadcrumb\",\"itemListElement\":[{\"@type\":\"ListItem\",\"position\":1,\"name\":\"Home\",\"item\":\"https:\/\/www.telpark.com\/pt\/\"},{\"@type\":\"ListItem\",\"position\":2,\"name\":\"Particulares\",\"item\":\"https:\/\/www.telpark.com\/pt\/\"},{\"@type\":\"ListItem\",\"position\":3,\"name\":\"Promo\u00e7\u00f5es\",\"item\":\"https:\/\/www.telpark.com\/pt\/particulares\/promocoes\/\"},{\"@type\":\"ListItem\",\"position\":4,\"name\":\"Campanha Aven\u00e7as Abril 2026\"}]},{\"@type\":\"WebSite\",\"@id\":\"https:\/\/www.telpark.com\/pt\/#website\",\"url\":\"https:\/\/www.telpark.com\/pt\/\",\"name\":\"Telpark\",\"description\":\"Reserva tu plaza en los mejores aparcamientos. Descarga la app y olv\u00eddate de cajeros o parqu\u00edmetros en m\u00e1s de 100 ciudades en Espa\u00f1a y Portugal\",\"publisher\":{\"@id\":\"https:\/\/www.telpark.com\/pt\/#organization\"},\"potentialAction\":[{\"@type\":\"SearchAction\",\"target\":{\"@type\":\"EntryPoint\",\"urlTemplate\":\"https:\/\/www.telpark.com\/pt\/?s={search_term_string}\"},\"query-input\":\"required name=search_term_string\"}],\"inLanguage\":\"pt-PT\"},{\"@type\":\"Organization\",\"@id\":\"https:\/\/www.telpark.com\/pt\/#organization\",\"name\":\"Telpark\",\"url\":\"https:\/\/www.telpark.com\/pt\/\",\"logo\":{\"@type\":\"ImageObject\",\"inLanguage\":\"pt-PT\",\"@id\":\"https:\/\/www.telpark.com\/pt\/#\/schema\/logo\/image\/\",\"url\":\"https:\/\/www.telpark.com\/wp-content\/uploads\/2023\/09\/telpark-logo.svg\",\"contentUrl\":\"https:\/\/www.telpark.com\/wp-content\/uploads\/2023\/09\/telpark-logo.svg\",\"width\":128,\"height\":32,\"caption\":\"Telpark\"},\"image\":{\"@id\":\"https:\/\/www.telpark.com\/pt\/#\/schema\/logo\/image\/\"},\"sameAs\":[\"https:\/\/twitter.com\/telpark_es\",\"https:\/\/www.instagram.com\/telpark_app\/\",\"https:\/\/www.youtube.com\/channel\/UCm8sjis_xlHU5VYQ6GslW-Q\"]}]}<\/script>\n<!-- \/ Yoast SEO plugin. -->","yoast_head_json":{"title":"Campanha Aven\u00e7as Abril 2026 | Telpark","robots":{"index":"noindex","follow":"nofollow"},"og_locale":"pt_PT","og_type":"article","og_title":"Campanha Aven\u00e7as Abril 2026 | Telpark","og_url":"https:\/\/www.telpark.com\/pt\/particulares\/promocoes\/campana-abonos-abril-2026\/","og_site_name":"Telpark","article_modified_time":"2026-04-01T11:11:47+00:00","twitter_card":"summary_large_image","twitter_site":"@telpark_es","schema":{"@context":"https:\/\/schema.org","@graph":[{"@type":"WebPage","@id":"https:\/\/www.telpark.com\/pt\/particulares\/promocoes\/campana-abonos-abril-2026\/","url":"https:\/\/www.telpark.com\/pt\/particulares\/promocoes\/campana-abonos-abril-2026\/","name":"Campanha Aven\u00e7as Abril 2026 | Telpark","isPartOf":{"@id":"https:\/\/www.telpark.com\/pt\/#website"},"datePublished":"2026-03-25T15:24:50+00:00","dateModified":"2026-04-01T11:11:47+00:00","breadcrumb":{"@id":"https:\/\/www.telpark.com\/pt\/particulares\/promocoes\/campana-abonos-abril-2026\/#breadcrumb"},"inLanguage":"pt-PT","potentialAction":[{"@type":"ReadAction","target":["https:\/\/www.telpark.com\/pt\/particulares\/promocoes\/campana-abonos-abril-2026\/"]}]},{"@type":"BreadcrumbList","@id":"https:\/\/www.telpark.com\/pt\/particulares\/promocoes\/campana-abonos-abril-2026\/#breadcrumb","itemListElement":[{"@type":"ListItem","position":1,"name":"Home","item":"https:\/\/www.telpark.com\/pt\/"},{"@type":"ListItem","position":2,"name":"Particulares","item":"https:\/\/www.telpark.com\/pt\/"},{"@type":"ListItem","position":3,"name":"Promo\u00e7\u00f5es","item":"https:\/\/www.telpark.com\/pt\/particulares\/promocoes\/"},{"@type":"ListItem","position":4,"name":"Campanha Aven\u00e7as Abril 2026"}]},{"@type":"WebSite","@id":"https:\/\/www.telpark.com\/pt\/#website","url":"https:\/\/www.telpark.com\/pt\/","name":"Telpark","description":"Reserva tu plaza en los mejores aparcamientos. Descarga la app y olv\u00eddate de cajeros o parqu\u00edmetros en m\u00e1s de 100 ciudades en Espa\u00f1a y Portugal","publisher":{"@id":"https:\/\/www.telpark.com\/pt\/#organization"},"potentialAction":[{"@type":"SearchAction","target":{"@type":"EntryPoint","urlTemplate":"https:\/\/www.telpark.com\/pt\/?s={search_term_string}"},"query-input":"required name=search_term_string"}],"inLanguage":"pt-PT"},{"@type":"Organization","@id":"https:\/\/www.telpark.com\/pt\/#organization","name":"Telpark","url":"https:\/\/www.telpark.com\/pt\/","logo":{"@type":"ImageObject","inLanguage":"pt-PT","@id":"https:\/\/www.telpark.com\/pt\/#\/schema\/logo\/image\/","url":"https:\/\/www.telpark.com\/wp-content\/uploads\/2023\/09\/telpark-logo.svg","contentUrl":"https:\/\/www.telpark.com\/wp-content\/uploads\/2023\/09\/telpark-logo.svg","width":128,"height":32,"caption":"Telpark"},"image":{"@id":"https:\/\/www.telpark.com\/pt\/#\/schema\/logo\/image\/"},"sameAs":["https:\/\/twitter.com\/telpark_es","https:\/\/www.instagram.com\/telpark_app\/","https:\/\/www.youtube.com\/channel\/UCm8sjis_xlHU5VYQ6GslW-Q"]}]}},"meta_box":[],"_links":{"self":[{"href":"https:\/\/www.telpark.com\/pt\/wp-json\/wp\/v2\/pages\/51657"}],"collection":[{"href":"https:\/\/www.telpark.com\/pt\/wp-json\/wp\/v2\/pages"}],"about":[{"href":"https:\/\/www.telpark.com\/pt\/wp-json\/wp\/v2\/types\/page"}],"author":[{"embeddable":true,"href":"https:\/\/www.telpark.com\/pt\/wp-json\/wp\/v2\/users\/13"}],"replies":[{"embeddable":true,"href":"https:\/\/www.telpark.com\/pt\/wp-json\/wp\/v2\/comments?post=51657"}],"version-history":[{"count":3,"href":"https:\/\/www.telpark.com\/pt\/wp-json\/wp\/v2\/pages\/51657\/revisions"}],"predecessor-version":[{"id":51795,"href":"https:\/\/www.telpark.com\/pt\/wp-json\/wp\/v2\/pages\/51657\/revisions\/51795"}],"up":[{"embeddable":true,"href":"https:\/\/www.telpark.com\/pt\/wp-json\/wp\/v2\/pages\/32650"}],"wp:attachment":[{"href":"https:\/\/www.telpark.com\/pt\/wp-json\/wp\/v2\/media?parent=51657"}],"curies":[{"name":"wp","href":"https:\/\/api.w.org\/{rel}","templated":true}]}}